{"id":505,"date":"2023-03-13T16:26:07","date_gmt":"2023-03-13T18:26:07","guid":{"rendered":"https:\/\/sites.usp.br\/calourofilo\/?page_id=505"},"modified":"2023-03-13T16:26:07","modified_gmt":"2023-03-13T18:26:07","slug":"apresentacao","status":"publish","type":"page","link":"https:\/\/sites.usp.br\/calourofilo\/ffclrp\/apresentacao\/","title":{"rendered":"Apresenta\u00e7\u00e3o"},"content":{"rendered":"<h4><strong>A Faculdade de Filosofia, Ci\u00eancias e Letras de Ribeir\u00e3o Preto da Universidade de S\u00e3o Paulo (FFCLRP\/USP)<\/strong><\/h4>\n<p><strong>ESTRUTURA DA FFCLRP<\/strong><\/p>\n<table width=\"577\">\n<tbody>\n<tr>\n<td width=\"167\"><strong>Departamentos<\/strong><\/td>\n<td width=\"151\"><strong>Cursos<\/strong><\/td>\n<td width=\"151\"><strong>Habilita\u00e7\u00f5es<\/strong><\/td>\n<td width=\"109\"><strong>Vagas em 2019<\/strong><\/td>\n<\/tr>\n<tr>\n<td width=\"167\"><strong>Biologia<\/strong><\/td>\n<td width=\"151\">Ci\u00eancias Biol\u00f3gicas<\/td>\n<td width=\"151\">Bacharelado e Licenciatura<\/td>\n<td width=\"109\">\u00a040<\/td>\n<\/tr>\n<tr>\n<td rowspan=\"2\" width=\"167\"><strong>Computa\u00e7\u00e3o e Matem\u00e1tica<\/strong><\/td>\n<td width=\"151\">Ci\u00eancia da Computa\u00e7\u00e3o<\/td>\n<td width=\"151\">Bacharelado<\/td>\n<td width=\"109\">\u00a020<\/td>\n<\/tr>\n<tr>\n<td width=\"151\">Matem\u00e1tica Aplicada a Neg\u00f3cios<\/td>\n<td width=\"151\">Bacharelado<\/td>\n<td width=\"109\">\u00a045<\/td>\n<\/tr>\n<tr>\n<td rowspan=\"2\" width=\"167\"><strong>Educa\u00e7\u00e3o, Informa\u00e7\u00e3o e Comunica\u00e7\u00e3o<\/strong><\/td>\n<td width=\"151\">Biblioteconomia e Ci\u00eancia da Informa\u00e7\u00e3o<\/td>\n<td width=\"151\">Bacharelado<\/td>\n<td width=\"109\">\u00a040<\/td>\n<\/tr>\n<tr>\n<td width=\"151\">Pedagogia<\/td>\n<td width=\"151\">Licenciatura<\/td>\n<td width=\"109\">\u00a050<\/td>\n<\/tr>\n<tr>\n<td width=\"167\"><strong>Psicologia<\/strong><\/td>\n<td width=\"151\">Psicologia<\/td>\n<td width=\"151\">Bacharelado e Psic\u00f3logo(a)<\/td>\n<td width=\"109\">\u00a040<\/td>\n<\/tr>\n<tr>\n<td width=\"167\"><strong>M\u00fasica<\/strong><\/td>\n<td width=\"151\">M\u00fasica<\/td>\n<td width=\"151\">Bacharelado, Bacharelado com Habilita\u00e7\u00e3o em Canto e Arte L\u00edrica, Bacharelado com Habilita\u00e7\u00e3o em Instrumentos (Flauta, Percuss\u00e3o, Piano, Viola Caipira, Viol\u00e3o ou Violoncelo), Licenciatura em Educa\u00e7\u00e3o Art\u00edstica com Habilita\u00e7\u00e3o em M\u00fasica<\/td>\n<td width=\"109\">\u00a030<\/td>\n<\/tr>\n<tr>\n<td rowspan=\"2\" width=\"167\"><strong>Qu\u00edmica<\/strong><\/td>\n<td rowspan=\"2\" width=\"151\">Qu\u00edmica<\/td>\n<td width=\"151\">Bacharelado, Bacharelado com Habilita\u00e7\u00e3o em Qu\u00edmica Forense, Bacharelado com Habilita\u00e7\u00e3o em Biotecnologia e Agroind\u00fastria<\/td>\n<td width=\"109\">\u00a060<\/td>\n<\/tr>\n<tr>\n<td width=\"151\">Licenciatura (Noturno)<\/td>\n<td width=\"109\">\u00a040<\/td>\n<\/tr>\n<tr>\n<td width=\"167\"><strong>F\u00edsica<\/strong><\/td>\n<td width=\"151\">F\u00edsica M\u00e9dica<\/td>\n<td width=\"151\">Bacharelado<\/td>\n<td width=\"109\">\u00a040<\/td>\n<\/tr>\n<\/tbody>\n<\/table>\n<p>A Faculdade de Filosofia, Ci\u00eancias e Letras de Ribeir\u00e3o Preto (FFCLRP USP) foi criada por uma Lei Estadual em 1959 como Instituto Isolado de Ensino Superior. Suas atividades tiveram in\u00edcio em 1964 com a instala\u00e7\u00e3o dos cursos de Gradua\u00e7\u00e3o em Ci\u00eancias Biol\u00f3gicas, em Psicologia e em Qu\u00edmica. No per\u00edodo de 1967 a 1976 funcionou o curso de Licenciatura em Ci\u00eancias. Em 1975 foi incorporada \u00e0 Universidade de S\u00e3o Paulo, integrando-se ao <em>Campus<\/em> de Ribeir\u00e3o Preto.<\/p>\n<p>A FFCLRP USP tem uma natureza multidisciplinar e por finalidade transmitir e incentivar a cultura e realizar pesquisas nos v\u00e1rios dom\u00ednios do conhecimento, os quais constituem objeto de seu ensino e investiga\u00e7\u00e3o. Alia-se \u00e0 prepara\u00e7\u00e3o de investigadores para o exerc\u00edcio de v\u00e1rias atividades de ensino e pesquisa cientifica e de profissionais para atuar na educa\u00e7\u00e3o b\u00e1sica e nos ensinos m\u00e9dio e superior, al\u00e9m de empresas p\u00fablicas e privadas.<\/p>\n<p>Desde a sua implanta\u00e7\u00e3o esta Faculdade est\u00e1 voltada, pelo Bacharelado, para o aprimoramento e capacita\u00e7\u00e3o do aluno no delineamento, planejamento e produ\u00e7\u00e3o do conhecimento cient\u00edfico e, pela Licenciatura, para a forma\u00e7\u00e3o do professor.<\/p>\n<p>Como parte das atividades de pr\u00e1ticas de ensino dos cursos de licenciatura s\u00e3o oferecidos cursos a alunos da educa\u00e7\u00e3o infantil, ensinos fundamental e m\u00e9dio da rede oficial de ensino. Por esses cursos permite-se, n\u00e3o s\u00f3 despertar nos alunos o interesse pelo estudo das Ci\u00eancias, como tamb\u00e9m objetiva a forma\u00e7\u00e3o dos alunos da gradua\u00e7\u00e3o da FFCLRP USP, tendo como base o contato com a realidade escolar. Al\u00e9m destes cursos tamb\u00e9m s\u00e3o oferecidos, como parte das atividades pr\u00e1ticas e como forma de integrar o aluno com a realidade social, econ\u00f4mica e profissional, programas de inicia\u00e7\u00e3o cient\u00edfica, monitorias, est\u00e1gios nos \u00e2mbitos locais, regionais e no exterior, estudos e projetos e trabalho de conclus\u00e3o de curso.<\/p>\n<p>Esta Unidade preocupa-se, tamb\u00e9m, com o aprimoramento dos profissionais do ensino, promovendo, frequentemente, cursos de atualiza\u00e7\u00e3o para docentes da rede oficial de ensino de Ribeir\u00e3o Preto e regi\u00e3o. Agregam-se ainda as diferentes oportunidades de est\u00e1gios no exterior, em concomit\u00e2ncia com os esfor\u00e7os da USP para se consolidar no cen\u00e1rio internacional.<\/p>\n<p>Al\u00e9m dessas atividades a FFCLRP USP oferece assessoria, consultoria e realiza laudos t\u00e9cnicos correspondentes \u00e0s \u00e1reas Educacional, Biol\u00f3gica, Psicol\u00f3gica, Qu\u00edmica, Psicopedag\u00f3gica, Estat\u00edstica e F\u00edsica.<\/p>\n<p>Soma-se a esta natureza acad\u00eamica, a excel\u00eancia em diferentes \u00e1reas de pesquisa cientifica, desenvolvida pelo qualificado grupo de docentes e discentes vinculados aos sete departamentos e ligados aos programas de p\u00f3s-gradua\u00e7\u00e3o <em>strictu sensu<\/em>. Este perfil cient\u00edfico e tecnol\u00f3gico, subsidiado por importantes ag\u00eancias de fomento \u00e0 pesquisa, coloca a FFCLRP USP em destaque como uma das Unidades mais produtivas da Universidade de S\u00e3o Paulo.<\/p>\n<p>A FFCLRP USP passou por uma significativa expans\u00e3o na Gradua\u00e7\u00e3o nos \u00faltimos 12 anos, \u2013 de 120 para cerca de 500 vagas, o que tamb\u00e9m refletiu na expans\u00e3o do ensino de p\u00f3s-gradua\u00e7\u00e3o. Este crescimento foi norteado a partir de uma reestrutura\u00e7\u00e3o departamental iniciada em 2008 e aprovada em 2010 pelo Conselho Universit\u00e1rio da USP.<\/p>\n<p>Em 2019 a Faculdade de Filosofia, Ci\u00eancias e Letras de Ribeir\u00e3o Preto da Universidade de S\u00e3o Paulo completar\u00e1 55 anos, dedicados ao ensino de gradua\u00e7\u00e3o de qualidade, \u00e0 forma\u00e7\u00e3o de pesquisadores e de not\u00e1veis servi\u00e7os de extens\u00e3o, nos v\u00e1rios campos em que atua. Nesse per\u00edodo o desenvolvimento da FFCLRP USP foi expressivo, gra\u00e7as ao trabalho e colabora\u00e7\u00e3o de muitas pessoas e institui\u00e7\u00f5es. Temos hoje dez cursos de Gradua\u00e7\u00e3o, oferecendo 405 vagas no vestibular sendo 299 via FUVEST e 106 via ENEM\/SISU, oito Programas de P\u00f3s-Gradua\u00e7\u00e3o, todos bem avaliados pela CAPES, em: Biologia Comparada, Entomologia, F\u00edsica Aplicada \u00e0 Medicina e Biologia, Psicobiologia, Psicologia, Qu\u00edmica, Educa\u00e7\u00e3o e Computa\u00e7\u00e3o Aplicada, al\u00e9m do mestrado profissional em Qu\u00edmica (PROFQUI) e uma ampla gama de projetos de pesquisa e de servi\u00e7os de extens\u00e3o. Isto faz com que a nossa Unidade ocupe lugar de destaque no cen\u00e1rio acad\u00eamico por meio dos alunos formados na gradua\u00e7\u00e3o e na p\u00f3s-gradua\u00e7\u00e3o, pela expressiva gera\u00e7\u00e3o e divulga\u00e7\u00e3o de conhecimento por meio de artigos cient\u00edficos, livros e congressos, e pelo n\u00famero de a\u00e7\u00f5es de extens\u00e3o que realiza. Parab\u00e9ns a voc\u00ea calouro(a), por passar a fazer parte da nossa hist\u00f3ria!<\/p>\n<h4>A Comiss\u00e3o de Gradua\u00e7\u00e3o<\/h4>\n<p>A coordena\u00e7\u00e3o das atividades de ensino, no \u00e2mbito de cada Faculdade, \u00e9 realizada pela Comiss\u00e3o de Gradua\u00e7\u00e3o (CG), que, atuando em conjunto com o Servi\u00e7o de Gradua\u00e7\u00e3o, cuida da aplica\u00e7\u00e3o e cumprimento das normas e regulamenta\u00e7\u00f5es que regem as atividades dos cursos da Faculdade. Trata tamb\u00e9m, junto com a Administra\u00e7\u00e3o da Faculdade, da implementa\u00e7\u00e3o das pol\u00edticas gerais estabelecidas pela Pr\u00f3-Reitoria de Gradua\u00e7\u00e3o e pelo Conselho de Gradua\u00e7\u00e3o, que \u00e9 constitu\u00eddo pelos presidentes de todas as Comiss\u00f5es de Gradua\u00e7\u00e3o da USP. Atrav\u00e9s do Servi\u00e7o de Gradua\u00e7\u00e3o, a CG representa um meio de comunica\u00e7\u00e3o do aluno com a Institui\u00e7\u00e3o, nas quest\u00f5es referentes \u00e0s diversas etapas a serem seguidas ao longo de seu percurso escolar na Faculdade.<\/p>\n<p>Cada curso da Faculdade conta tamb\u00e9m com uma Comiss\u00e3o Coordenadora de Curso (CoC) respons\u00e1vel pela organiza\u00e7\u00e3o das diferentes disciplinas na estrutura curricular. A CoC examina as diversas quest\u00f5es relacionadas ao andamento dos cursos, principalmente no que se refere aos aspectos pedag\u00f3gicos. Tendo um contato pr\u00f3ximo com o aluno, a CoC desempenha tamb\u00e9m um importante papel na orienta\u00e7\u00e3o ao longo do curso, bem como na promo\u00e7\u00e3o de atividades acad\u00eamicas extracurriculares que contribuam para a sua forma\u00e7\u00e3o. \u00c9 uma via natural de comunica\u00e7\u00e3o para o di\u00e1logo entre os alunos e o Departamento respons\u00e1vel pelo curso.<\/p>\n<h4>O Servi\u00e7o de Gradua\u00e7\u00e3o<\/h4>\n<ul>\n<li>E-mail: <a href=\"mailto:graduacao@listas.ffclrp.usp.br\">graduacao@listas.ffclrp.usp.br<\/a><\/li>\n<li>Telefones: (16) 3315-3674 \/ 3315-3677 \/ 3315-0086 \/ 3315-4674<\/li>\n<li>Rua Cl\u00f3vis Vieira, Casa 38<\/li>\n<li>Funcionamento: de segunda a sexta, das 8h \u00e0s 19h30<\/li>\n<li>Atendimento online &#8211; formul\u00e1rios\/solicita\u00e7\u00f5es\n<ul>\n<li><a href=\"https:\/\/www.ffclrp.usp.br\/graduacoes\/graduacao-online.php\" target=\"_blank\" rel=\"noopener noreferrer\">https:\/\/www.ffclrp.usp.br\/graduacoes\/graduacao-online.php<\/a><\/li>\n<\/ul>\n<\/li>\n<\/ul>\n","protected":false},"excerpt":{"rendered":"<p>A Faculdade de Filosofia, Ci\u00eancias e Letras de Ribeir\u00e3o Preto da Universidade de S\u00e3o Paulo [&hellip;]<\/p>\n","protected":false},"author":784,"featured_media":0,"parent":501,"menu_order":0,"comment_status":"closed","ping_status":"closed","template":"","meta":{"footnotes":"","_links_to":"","_links_to_target":""},"class_list":["post-505","page","type-page","status-publish","hentry"],"_links":{"self":[{"href":"https:\/\/sites.usp.br\/calourofilo\/wp-json\/wp\/v2\/pages\/505","targetHints":{"allow":["GET"]}}],"collection":[{"href":"https:\/\/sites.usp.br\/calourofilo\/wp-json\/wp\/v2\/pages"}],"about":[{"href":"https:\/\/sites.usp.br\/calourofilo\/wp-json\/wp\/v2\/types\/page"}],"author":[{"embeddable":true,"href":"https:\/\/sites.usp.br\/calourofilo\/wp-json\/wp\/v2\/users\/784"}],"replies":[{"embeddable":true,"href":"https:\/\/sites.usp.br\/calourofilo\/wp-json\/wp\/v2\/comments?post=505"}],"version-history":[{"count":1,"href":"https:\/\/sites.usp.br\/calourofilo\/wp-json\/wp\/v2\/pages\/505\/revisions"}],"predecessor-version":[{"id":507,"href":"https:\/\/sites.usp.br\/calourofilo\/wp-json\/wp\/v2\/pages\/505\/revisions\/507"}],"up":[{"embeddable":true,"href":"https:\/\/sites.usp.br\/calourofilo\/wp-json\/wp\/v2\/pages\/501"}],"wp:attachment":[{"href":"https:\/\/sites.usp.br\/calourofilo\/wp-json\/wp\/v2\/media?parent=505"}],"curies":[{"name":"wp","href":"https:\/\/api.w.org\/{rel}","templated":true}]}}