{"id":79,"date":"2014-02-24T16:51:20","date_gmt":"2014-02-24T18:51:20","guid":{"rendered":"http:\/\/sites.usp.br\/calourofilo\/?page_id=79"},"modified":"2026-02-05T12:28:18","modified_gmt":"2026-02-05T14:28:18","slug":"pagina-inicial","status":"publish","type":"page","link":"https:\/\/sites.usp.br\/calourofilo\/","title":{"rendered":"P\u00e1gina Inicial"},"content":{"rendered":"<p><a href=\"http:\/\/sites.usp.br\/calourofilo\/wp-content\/uploads\/sites\/438\/2026\/02\/2026_campanha_calouros_usp_outdo.png\"><img loading=\"lazy\" decoding=\"async\" class=\"alignnone wp-image-587 \" src=\"http:\/\/sites.usp.br\/calourofilo\/wp-content\/uploads\/sites\/438\/2026\/02\/2026_campanha_calouros_usp_outdo.png\" alt=\"\" width=\"606\" height=\"201\" srcset=\"https:\/\/sites.usp.br\/calourofilo\/wp-content\/uploads\/sites\/438\/2026\/02\/2026_campanha_calouros_usp_outdo.png 1068w, https:\/\/sites.usp.br\/calourofilo\/wp-content\/uploads\/sites\/438\/2026\/02\/2026_campanha_calouros_usp_outdo-300x99.png 300w, https:\/\/sites.usp.br\/calourofilo\/wp-content\/uploads\/sites\/438\/2026\/02\/2026_campanha_calouros_usp_outdo-1024x339.png 1024w, https:\/\/sites.usp.br\/calourofilo\/wp-content\/uploads\/sites\/438\/2026\/02\/2026_campanha_calouros_usp_outdo-768x255.png 768w, https:\/\/sites.usp.br\/calourofilo\/wp-content\/uploads\/sites\/438\/2026\/02\/2026_campanha_calouros_usp_outdo-400x133.png 400w\" sizes=\"auto, (max-width: 606px) 100vw, 606px\" \/><\/a><\/p>\n<hr \/>\n<p>&nbsp;<\/p>\n<p>Caro(a) aluno(a),<\/p>\n<p>Voc\u00ea est\u00e1 ingressando na Faculdade de Filosofia, Ci\u00eancias e Letras de Ribeir\u00e3o Preto, carinhosamente <strong>conhecida como \u201cFil\u00f4\u201d<\/strong>. Ela se destaca pela sua <strong>produ\u00e7\u00e3o cient\u00edfica<\/strong>, pela <strong>qualidade e diversidade de cursos<\/strong> que oferece e pela ampla gama de servi\u00e7os prestados \u00e0 comunidade de Ribeir\u00e3o Preto e regi\u00e3o.<\/p>\n<p>Este manual traz alguns textos sobre a hist\u00f3ria e estrutura da Faculdade de Filosofia, Ci\u00eancias e Letras de Ribeir\u00e3o Preto, bem como informa\u00e7\u00f5es relevantes do curso em que voc\u00ea ingressou e do Departamento respons\u00e1vel pelo seu oferecimento. Al\u00e9m disso, ele tamb\u00e9m cont\u00e9m informa\u00e7\u00f5es dos servi\u00e7os dispon\u00edveis no Campus da USP de Ribeir\u00e3o Preto, tais como: biblioteca, alimenta\u00e7\u00e3o, moradia, atendimento m\u00e9dico e orienta\u00e7\u00e3o psicopedag\u00f3gica.<\/p>\n<p>Fa\u00e7a dele o seu guia de viagem nestas novas trilhas que voc\u00ea vai percorrer. Com este parceiro, esperamos que o seu caminho seja mais suave.\u00a0Para isso,\u00a0utilize o menu superior\u00a0para navegar entre as p\u00e1ginas do site.<\/p>\n<p>Seja bem-vindo(a)!<\/p>\n<p>Para acessar o\u00a0<strong>Manual do Calouro geral da USP<\/strong>, aplic\u00e1vel a todos os Campi, <a href=\"http:\/\/www.usp.br\/manualdocalouro\/\" target=\"_blank\" rel=\"noopener noreferrer\">clique aqui<\/a>.<\/p>\n<p><strong>Outros links importantes<\/strong><\/p>\n<ul>\n<li><a href=\"https:\/\/www.ffclrp.usp.br\/\">Site da FFCLRP<\/a><\/li>\n<li><a href=\"https:\/\/uspdigital.usp.br\/\">Sistemas USP<\/a><\/li>\n<li><a href=\"https:\/\/uspdigital.usp.br\/jupiterweb\">Sistema J\u00fapiter<\/a><\/li>\n<\/ul>\n","protected":false},"excerpt":{"rendered":"<p>&nbsp; Caro(a) aluno(a), Voc\u00ea est\u00e1 ingressando na Faculdade de Filosofia, Ci\u00eancias e Letras de Ribeir\u00e3o [&hellip;]<\/p>\n","protected":false},"author":1,"featured_media":0,"parent":0,"menu_order":0,"comment_status":"closed","ping_status":"closed","template":"","meta":{"footnotes":"","_links_to":"","_links_to_target":""},"class_list":["post-79","page","type-page","status-publish","hentry"],"_links":{"self":[{"href":"https:\/\/sites.usp.br\/calourofilo\/wp-json\/wp\/v2\/pages\/79","targetHints":{"allow":["GET"]}}],"collection":[{"href":"https:\/\/sites.usp.br\/calourofilo\/wp-json\/wp\/v2\/pages"}],"about":[{"href":"https:\/\/sites.usp.br\/calourofilo\/wp-json\/wp\/v2\/types\/page"}],"author":[{"embeddable":true,"href":"https:\/\/sites.usp.br\/calourofilo\/wp-json\/wp\/v2\/users\/1"}],"replies":[{"embeddable":true,"href":"https:\/\/sites.usp.br\/calourofilo\/wp-json\/wp\/v2\/comments?post=79"}],"version-history":[{"count":5,"href":"https:\/\/sites.usp.br\/calourofilo\/wp-json\/wp\/v2\/pages\/79\/revisions"}],"predecessor-version":[{"id":588,"href":"https:\/\/sites.usp.br\/calourofilo\/wp-json\/wp\/v2\/pages\/79\/revisions\/588"}],"wp:attachment":[{"href":"https:\/\/sites.usp.br\/calourofilo\/wp-json\/wp\/v2\/media?parent=79"}],"curies":[{"name":"wp","href":"https:\/\/api.w.org\/{rel}","templated":true}]}}