{"id":265,"date":"2020-02-10T17:01:15","date_gmt":"2020-02-10T19:01:15","guid":{"rendered":"https:\/\/sites.usp.br\/calourosforp\/?page_id=265"},"modified":"2026-02-10T10:43:53","modified_gmt":"2026-02-10T13:43:53","slug":"calouros-2020","status":"publish","type":"page","link":"https:\/\/sites.usp.br\/calourosforp\/","title":{"rendered":"Calouros 2026"},"content":{"rendered":"<div id=\"pl-265\"  class=\"panel-layout\" ><div id=\"pg-265-0\"  class=\"panel-grid panel-has-style\" ><div class=\"siteorigin-panels-stretch panel-row-style panel-row-style-for-265-0\" data-stretch-type=\"full-width-stretch\" ><div id=\"pgc-265-0-0\"  class=\"panel-grid-cell\" ><div id=\"panel-265-0-0-0\" class=\"so-panel widget widget_sow-headline panel-first-child panel-last-child\" data-index=\"0\" ><div class=\"panel-widget-style panel-widget-style-for-265-0-0-0\" ><div\n\t\t\t\n\t\t\tclass=\"so-widget-sow-headline so-widget-sow-headline-default-997efae6eebe-265 so-widget-fittext-wrapper\"\n\t\t\t data-fit-text-compressor=\"0.85\"\n\t\t><div class=\"sow-headline-container \">\n\t\t\t\t\t\t\t<h1 class=\"sow-headline\">\n\t\t\t\t\t\t<strong>Calouros 2026<\/strong>\t\t\t\t\t\t<\/h1>\n\t\t\t\t\t\t\t\t\t\t\t\t<h3 class=\"sow-sub-headline\">\n\t\t\t\t\t\t<strong>Sejam bem-vindos \u00e0 FORP!<\/strong>\t\t\t\t\t\t<\/h3>\n\t\t\t\t\t\t<\/div>\n<\/div><\/div><\/div><\/div><\/div><\/div><div id=\"pg-265-1\"  class=\"panel-grid panel-has-style\" ><div class=\"siteorigin-panels-stretch panel-row-style panel-row-style-for-265-1\" data-stretch-type=\"full-width-stretch\" ><div id=\"pgc-265-1-0\"  class=\"panel-grid-cell\" ><div id=\"panel-265-1-0-0\" class=\"so-panel widget widget_sow-features panel-first-child\" data-index=\"1\" ><div\n\t\t\t\n\t\t\tclass=\"so-widget-sow-features so-widget-sow-features-default-e0a1c574fd14-265\"\n\t\t\t\n\t\t><ul\n\tclass=\"sow-features-list\n\tsow-features-responsive\">\n\n\t\t\t<li\n\t\t\tclass=\"sow-features-feature sow-icon-container-position-top\"\n\t\t\tstyle=\"display: flex; flex-direction: column; width: calc(33.333% - 25px);\"\n\t\t>\n\t\t\t\n\t\t\t\t\t\t<a\t\t\t\tclass=\"sow-icon-container sow-container-sticker\"\n\t\t\t\tstyle=\"color: #fcb421; \"\n\t\t\t\t\n\t\t\t\t\t\t\t\t\thref=\"https:\/\/sites.usp.br\/calourosforp\/matricula\/\"\n\t\t\t\t\ttarget=\"_blank\" rel=\"noopener noreferrer\"\t\t\t>\n\t\t\t\t<span class=\"sow-icon-fontawesome sow-fas\" data-sow-icon=\"&#xf109;\"\n\t\tstyle=\"font-size: 70px; color: #FFFFFF\" \n\t\taria-hidden=\"true\"><\/span>\t\t\t<\/a>\n\n\t\t\t<div class=\"textwidget\">\n\t\t\t\t\n\t\t\t\t\t\t\t\t\t<h5 class=\"sow-features-feature-title\">\n\t\t\t\t\t\tMatr\u00edcula\t\t\t\t\t<\/h5>\n\t\t\t\t\n\t\t\t\t\t\t\t\t\t<div class=\"sow-features-feature-text\">\n\t\t\t\t\t<p style=\"text-align: center\">Orienta\u00e7\u00f5es a respeito do processo de matr\u00edcula dos ingressantes.<\/p>\n\t\t\t\t\t<\/div>\n\t\t\t\t\t\t\t\t<\/div>\n\t\t\t\t\t\t\t\t<\/li>\n\n\t\t\t<li\n\t\t\tclass=\"sow-features-feature sow-icon-container-position-top\"\n\t\t\tstyle=\"display: flex; flex-direction: column; width: calc(33.333% - 25px);\"\n\t\t>\n\t\t\t\n\t\t\t\t\t\t<a\t\t\t\tclass=\"sow-icon-container sow-container-sticker\"\n\t\t\t\tstyle=\"color: #fcb421; \"\n\t\t\t\t\n\t\t\t\t\t\t\t\t\thref=\"https:\/\/sites.usp.br\/calourosforp\/semana-de-recepcao-aos-calouros\/\"\n\t\t\t\t\ttarget=\"_blank\" rel=\"noopener noreferrer\"\t\t\t>\n\t\t\t\t<span class=\"sow-icon-fontawesome sow-fas\" data-sow-icon=\"&#xf0c0;\"\n\t\tstyle=\"font-size: 70px; color: #FFFFFF\" \n\t\taria-hidden=\"true\"><\/span>\t\t\t<\/a>\n\n\t\t\t<div class=\"textwidget\">\n\t\t\t\t\n\t\t\t\t\t\t\t\t\t<h5 class=\"sow-features-feature-title\">\n\t\t\t\t\t\tSemana de Recep\u00e7\u00e3o\t\t\t\t\t<\/h5>\n\t\t\t\t\n\t\t\t\t\t\t\t\t\t<div class=\"sow-features-feature-text\">\n\t\t\t\t\t<p style=\"text-align: center\">Atividades de integra\u00e7\u00e3o dos novos alunos com a comunidade forpiana.<\/p>\n\t\t\t\t\t<\/div>\n\t\t\t\t\t\t\t\t<\/div>\n\t\t\t\t\t\t\t\t<\/li>\n\n\t\t\t<li\n\t\t\tclass=\"sow-features-feature sow-icon-container-position-top\"\n\t\t\tstyle=\"display: flex; flex-direction: column; width: calc(33.333% - 25px);\"\n\t\t>\n\t\t\t\n\t\t\t\t\t\t<a\t\t\t\tclass=\"sow-icon-container sow-container-sticker\"\n\t\t\t\tstyle=\"color: #fcb421; \"\n\t\t\t\ttitle=\"Curso de Odontologia\"\n\t\t\t\t\t\t\t\t\thref=\"https:\/\/sites.usp.br\/calourosforp\/curso-de-odontologia\/\"\n\t\t\t\t\ttarget=\"_blank\" rel=\"noopener noreferrer\"\t\t\t>\n\t\t\t\t<span class=\"sow-icon-fontawesome sow-fas\" data-sow-icon=\"&#xf5c9;\"\n\t\tstyle=\"font-size: 70px; color: #FFFFFF\" \n\t\taria-hidden=\"true\"><\/span>\t\t\t<\/a>\n\n\t\t\t<div class=\"textwidget\">\n\t\t\t\t\n\t\t\t\t\t\t\t\t\t<h5 class=\"sow-features-feature-title\">\n\t\t\t\t\t\tCurso de Odontologia\t\t\t\t\t<\/h5>\n\t\t\t\t\n\t\t\t\t\t\t\t\t\t<div class=\"sow-features-feature-text\">\n\t\t\t\t\t<p style=\"text-align: center\">Informa\u00e7\u00f5es sobre o Curso de Gradua\u00e7\u00e3o em Odontologia oferecido pela FORP.<\/p>\n\t\t\t\t\t<\/div>\n\t\t\t\t\t\t\t\t<\/div>\n\t\t\t\t\t\t\t\t<\/li>\n\n\t<\/ul>\n<\/div><\/div><div id=\"panel-265-1-0-1\" class=\"so-panel widget widget_sow-features\" data-index=\"2\" ><div\n\t\t\t\n\t\t\tclass=\"so-widget-sow-features so-widget-sow-features-default-e0a1c574fd14-265\"\n\t\t\t\n\t\t><ul\n\tclass=\"sow-features-list\n\tsow-features-responsive\">\n\n\t\t\t<li\n\t\t\tclass=\"sow-features-feature sow-icon-container-position-top\"\n\t\t\tstyle=\"display: flex; flex-direction: column; width: calc(33.333% - 25px);\"\n\t\t>\n\t\t\t\n\t\t\t\t\t\t<a\t\t\t\tclass=\"sow-icon-container sow-container-sticker\"\n\t\t\t\tstyle=\"color: #fcb421; \"\n\t\t\t\t\n\t\t\t\t\t\t\t\t\thref=\"https:\/\/sites.usp.br\/calourosforp\/infraestrutura\/\"\n\t\t\t\t\ttarget=\"_blank\" rel=\"noopener noreferrer\"\t\t\t>\n\t\t\t\t<span class=\"sow-icon-fontawesome sow-fas\" data-sow-icon=\"&#xf0f8;\"\n\t\tstyle=\"font-size: 70px; color: #FFFFFF\" \n\t\taria-hidden=\"true\"><\/span>\t\t\t<\/a>\n\n\t\t\t<div class=\"textwidget\">\n\t\t\t\t\n\t\t\t\t\t\t\t\t\t<h5 class=\"sow-features-feature-title\">\n\t\t\t\t\t\tInfraestrutura\t\t\t\t\t<\/h5>\n\t\t\t\t\n\t\t\t\t\t\t\t\t\t<div class=\"sow-features-feature-text\">\n\t\t\t\t\t<p style=\"text-align: center\">Conhe\u00e7a a infraestrutura oferecida pelo Campus USP e pela FORP.<\/p>\n\t\t\t\t\t<\/div>\n\t\t\t\t\t\t\t\t<\/div>\n\t\t\t\t\t\t\t\t<\/li>\n\n\t\t\t<li\n\t\t\tclass=\"sow-features-feature sow-icon-container-position-top\"\n\t\t\tstyle=\"display: flex; flex-direction: column; width: calc(33.333% - 25px);\"\n\t\t>\n\t\t\t\n\t\t\t\t\t\t<a\t\t\t\tclass=\"sow-icon-container sow-container-sticker\"\n\t\t\t\tstyle=\"color: #fcb421; \"\n\t\t\t\t\n\t\t\t\t\t\t\t\t\thref=\"https:\/\/sites.usp.br\/calourosforp\/servicos-de-apoio\/\"\n\t\t\t\t\ttarget=\"_blank\" rel=\"noopener noreferrer\"\t\t\t>\n\t\t\t\t<span class=\"sow-icon-fontawesome sow-fas\" data-sow-icon=\"&#xf4c4;\"\n\t\tstyle=\"font-size: 70px; color: #FFFFFF\" \n\t\taria-hidden=\"true\"><\/span>\t\t\t<\/a>\n\n\t\t\t<div class=\"textwidget\">\n\t\t\t\t\n\t\t\t\t\t\t\t\t\t<h5 class=\"sow-features-feature-title\">\n\t\t\t\t\t\tServi\u00e7os de Apoio\t\t\t\t\t<\/h5>\n\t\t\t\t\n\t\t\t\t\t\t\t\t\t<div class=\"sow-features-feature-text\">\n\t\t\t\t\t<p style=\"text-align: center\">Saiba mais sobre os Programas e Servi\u00e7os de Perman\u00eancia Estudantil.<\/p>\n\t\t\t\t\t<\/div>\n\t\t\t\t\t\t\t\t<\/div>\n\t\t\t\t\t\t\t\t<\/li>\n\n\t\t\t<li\n\t\t\tclass=\"sow-features-feature sow-icon-container-position-top\"\n\t\t\tstyle=\"display: flex; flex-direction: column; width: calc(33.333% - 25px);\"\n\t\t>\n\t\t\t\n\t\t\t\t\t\t<a\t\t\t\tclass=\"sow-icon-container sow-container-sticker\"\n\t\t\t\tstyle=\"color: #fcb421; \"\n\t\t\t\t\n\t\t\t\t\t\t\t\t\thref=\"https:\/\/sites.usp.br\/calourosforp\/outras-informacoes\/\"\n\t\t\t\t\ttarget=\"_blank\" rel=\"noopener noreferrer\"\t\t\t>\n\t\t\t\t<span class=\"sow-icon-fontawesome sow-fas\" data-sow-icon=\"&#xf00e;\"\n\t\tstyle=\"font-size: 70px; color: #FFFFFF\" \n\t\taria-hidden=\"true\"><\/span>\t\t\t<\/a>\n\n\t\t\t<div class=\"textwidget\">\n\t\t\t\t\n\t\t\t\t\t\t\t\t\t<h5 class=\"sow-features-feature-title\">\n\t\t\t\t\t\tOutras informa\u00e7\u00f5es\t\t\t\t\t<\/h5>\n\t\t\t\t\n\t\t\t\t\t\t\t\t\t<div class=\"sow-features-feature-text\">\n\t\t\t\t\t<p style=\"text-align: center\">Acesse outras informa\u00e7\u00f5es pertinentes ao curso de Gradua\u00e7\u00e3o da FORP.<\/p>\n\t\t\t\t\t<\/div>\n\t\t\t\t\t\t\t\t<\/div>\n\t\t\t\t\t\t\t\t<\/li>\n\n\t<\/ul>\n<\/div><\/div><div id=\"panel-265-1-0-2\" class=\"so-panel widget widget_sow-headline panel-last-child panel-has-overlay\" data-index=\"3\" ><div class=\"panel-widget-style panel-widget-style-for-265-1-0-2\" >\t\t\t\t<div\n\t\t\t\t\tclass=\"panel-background-overlay\"\n\t\t\t\t\t\t\t\t\t\t\tstyle=\"background-image:url(https:\/\/sites.usp.br\/calourosforp\/wp-content\/uploads\/sites\/694\/2020\/02\/WhatsApp-Image-2020-02-20-at-13.15.26-e1583151889384.jpeg);background-position:center center;background-size:cover;opacity:0.50;\"\n\t\t\t\t\t\t\t\t\t>\n\t\t\t\t\t\t\t\t\t<\/div>\n\t\t\t\t<div\n\t\t\t\n\t\t\tclass=\"so-widget-sow-headline so-widget-sow-headline-default-bfcd882b528f-265\"\n\t\t\t\n\t\t><div class=\"sow-headline-container \">\n\t\t\t\t\t\t\t<h2 class=\"sow-headline\">\n\t\t\t\t\t\t\t\t\t\t\t\t\t<a href=\"https:\/\/sites.usp.br\/calourosforp\/manual-do-calouro\/\" target=\"_blank\" rel=\"noopener noreferrer\">\n\t\t\t\t\t\t\t\tManual do Calouro USP 2026<\/a>\t\t\t\t\t\t<\/h2>\n\t\t\t\t\t\t\t\t\t\t\t<div class=\"decoration\">\n\t\t\t\t\t\t<div class=\"decoration-inside\"><\/div>\n\t\t\t\t\t<\/div>\n\t\t\t\t\t<\/div>\n<\/div><\/div><\/div><\/div><\/div><\/div><\/div>","protected":false},"excerpt":{"rendered":"<p>Calouros 2026 Sejam bem-vindos \u00e0 FORP! Matr\u00edcula Orienta\u00e7\u00f5es a respeito do processo de matr\u00edcula dos ingressantes. Semana de Recep\u00e7\u00e3o Atividades de integra\u00e7\u00e3o dos novos alunos com a comunidade forpiana. Curso de Odontologia Informa\u00e7\u00f5es sobre o Curso de Gradua\u00e7\u00e3o em Odontologia oferecido pela FORP. Infraestrutura Conhe\u00e7a a infraestrutura oferecida pelo Campus USP e pela FORP. Servi\u00e7os<a href=\"https:\/\/sites.usp.br\/calourosforp\/\">[&#8230;]<\/a><\/p>\n","protected":false},"author":1343,"featured_media":0,"parent":0,"menu_order":0,"comment_status":"closed","ping_status":"closed","template":"template-fullwidth-no-title.php","meta":{"footnotes":"","_links_to":"","_links_to_target":""},"class_list":["post-265","page","type-page","status-publish","hentry"],"_links":{"self":[{"href":"https:\/\/sites.usp.br\/calourosforp\/wp-json\/wp\/v2\/pages\/265","targetHints":{"allow":["GET"]}}],"collection":[{"href":"https:\/\/sites.usp.br\/calourosforp\/wp-json\/wp\/v2\/pages"}],"about":[{"href":"https:\/\/sites.usp.br\/calourosforp\/wp-json\/wp\/v2\/types\/page"}],"author":[{"embeddable":true,"href":"https:\/\/sites.usp.br\/calourosforp\/wp-json\/wp\/v2\/users\/1343"}],"replies":[{"embeddable":true,"href":"https:\/\/sites.usp.br\/calourosforp\/wp-json\/wp\/v2\/comments?post=265"}],"version-history":[{"count":4,"href":"https:\/\/sites.usp.br\/calourosforp\/wp-json\/wp\/v2\/pages\/265\/revisions"}],"predecessor-version":[{"id":376,"href":"https:\/\/sites.usp.br\/calourosforp\/wp-json\/wp\/v2\/pages\/265\/revisions\/376"}],"wp:attachment":[{"href":"https:\/\/sites.usp.br\/calourosforp\/wp-json\/wp\/v2\/media?parent=265"}],"curies":[{"name":"wp","href":"https:\/\/api.w.org\/{rel}","templated":true}]}}