{"id":296,"date":"2020-06-09T15:57:08","date_gmt":"2020-06-09T17:57:08","guid":{"rendered":"https:\/\/sites.usp.br\/cardec\/?page_id=296"},"modified":"2020-06-16T22:49:21","modified_gmt":"2020-06-17T00:49:21","slug":"info","status":"publish","type":"page","link":"https:\/\/sites.usp.br\/cardec\/info\/","title":{"rendered":"Informa\u00e7\u00f5es \u00fateis"},"content":{"rendered":"","protected":false},"excerpt":{"rendered":"","protected":false},"author":21882,"featured_media":0,"parent":0,"menu_order":35,"comment_status":"closed","ping_status":"closed","template":"","meta":{"footnotes":"","_links_to":"","_links_to_target":""},"class_list":["post-296","page","type-page","status-publish","hentry","entry"],"_links":{"self":[{"href":"https:\/\/sites.usp.br\/cardec\/wp-json\/wp\/v2\/pages\/296","targetHints":{"allow":["GET"]}}],"collection":[{"href":"https:\/\/sites.usp.br\/cardec\/wp-json\/wp\/v2\/pages"}],"about":[{"href":"https:\/\/sites.usp.br\/cardec\/wp-json\/wp\/v2\/types\/page"}],"author":[{"embeddable":true,"href":"https:\/\/sites.usp.br\/cardec\/wp-json\/wp\/v2\/users\/21882"}],"replies":[{"embeddable":true,"href":"https:\/\/sites.usp.br\/cardec\/wp-json\/wp\/v2\/comments?post=296"}],"version-history":[{"count":2,"href":"https:\/\/sites.usp.br\/cardec\/wp-json\/wp\/v2\/pages\/296\/revisions"}],"predecessor-version":[{"id":696,"href":"https:\/\/sites.usp.br\/cardec\/wp-json\/wp\/v2\/pages\/296\/revisions\/696"}],"wp:attachment":[{"href":"https:\/\/sites.usp.br\/cardec\/wp-json\/wp\/v2\/media?parent=296"}],"curies":[{"name":"wp","href":"https:\/\/api.w.org\/{rel}","templated":true}]}}