{"id":430,"date":"2020-06-09T23:09:22","date_gmt":"2020-06-10T01:09:22","guid":{"rendered":"https:\/\/sites.usp.br\/cardec\/?page_id=430"},"modified":"2020-08-18T15:42:35","modified_gmt":"2020-08-18T17:42:35","slug":"pasta-guedes-com-e-sem-antibiotico-em-endodontia-de-deciduos","status":"publish","type":"page","link":"https:\/\/sites.usp.br\/cardec\/pesquisas-de-tratamento\/endodontia-em-deciduos\/pasta-guedes-com-e-sem-antibiotico-em-endodontia-de-deciduos\/","title":{"rendered":"Pasta guedes com e sem antibi\u00f3tico em endodontia de dec\u00edduos"},"content":{"rendered":"<h1><span style=\"color: #12a182;\"><strong>Tratamento endod\u00f4ntico de dentes dec\u00edduos com a Pasta Guedes sem o antibi\u00f3tico: ensaio cl\u00ednico randomizado de n\u00e3o inferioridade<\/strong><\/span><\/h1>\n<p>&nbsp;<\/p>\n<h3><span style=\"color: #33cccc;\"><strong>OBJETIVO<\/strong><\/span><\/h3>\n<h4>O objetivo deste ensaio cl\u00ednico randomizado de n\u00e3o inferioridade foi avaliar o sucesso do tratamento endod\u00f4ntico radical (pulpectomia) em molares dec\u00edduos realizados com a Pasta Guedes-Pinto (PGP) sem o antibi\u00f3tico rifamicina, comparado ao tratamento realizado com a PGP convencional contendo antibi\u00f3tico.<\/h4>\n<h4><div class=\"su-list\" style=\"margin-left:-4px\"><\/h4>\n<ul>\n<li><i class=\"sui sui-arrow-circle-right\" style=\"color:#27cb88\"><\/i> <strong>P:<\/strong> Crian\u00e7as entre 4 e 8 aos com necessidade de tratamento endodontico em molares dec\u00edduos<\/li>\n<li><i class=\"sui sui-arrow-circle-right\" style=\"color:#27cb88\"><\/i> <strong>I:<\/strong> Pulpectomia em molares dec\u00edduos obturados com PGP sem antibi\u00f3tico<\/li>\n<li><i class=\"sui sui-arrow-circle-right\" style=\"color:#27cb88\"><\/i> <strong>C:<\/strong> Pulpectomia em molares dec\u00edduos obturados com PGP convencional<\/li>\n<li><i class=\"sui sui-arrow-circle-right\" style=\"color:#27cb88\"><\/i> <strong>O:<\/strong> Sucesso de pulpectomias em molares dec\u00edduos em 1 ano<\/li>\n<\/ul>\n<h4><\/div><\/h4>\n<p>&nbsp;<\/p>\n<div class=\"su-list\" style=\"margin-left:-4px\">\n<ul>\n<li><i class=\"sui sui-check\" style=\"color:#229e9f\"><\/i> <a href=\"https:\/\/sites.usp.br\/cardec\/pesquisas-de-tratamento\/endodontia-em-deciduos\/pasta-guedes-com-e-sem-antibiotico-em-endodontia-de-deciduos\/registros-e-aspectos-eticos\/\">Registros e Aspectos \u00e9ticos<\/a><\/li>\n<li><i class=\"sui sui-check\" style=\"color:#229e9f\"><\/i> <a href=\"https:\/\/sites.usp.br\/cardec\/pesquisas-de-tratamento\/endodontia-em-deciduos\/pasta-guedes-com-e-sem-antibiotico-em-endodontia-de-deciduos\/grupo-de-colaboradores-3\/\">Grupo de colaboradores<\/a><\/li>\n<li><i class=\"sui sui-check\" style=\"color:#229e9f\"><\/i> <a href=\"https:\/\/sites.usp.br\/cardec\/pesquisas-de-tratamento\/endodontia-em-deciduos\/pasta-guedes-com-e-sem-antibiotico-em-endodontia-de-deciduos\/status-da-pesquisa\/\">Status da pesquisa<\/a><\/li>\n<\/ul>\n<\/div>\n<h4><\/h4>\n<p>&nbsp;<\/p>\n<p>&nbsp;<\/p>\n<p>&nbsp;<\/p>\n","protected":false},"excerpt":{"rendered":"<p>Tratamento endod\u00f4ntico de dentes dec\u00edduos com a Pasta Guedes sem o antibi\u00f3tico: ensaio cl\u00ednico randomizado de n\u00e3o inferioridade &nbsp; OBJETIVO O objetivo deste ensaio cl\u00ednico randomizado de n\u00e3o inferioridade foi avaliar o sucesso do tratamento endod\u00f4ntico radical (pulpectomia) em molares dec\u00edduos realizados com a Pasta Guedes-Pinto (PGP) sem o antibi\u00f3tico rifamicina, comparado ao tratamento realizado [&hellip;]<\/p>\n","protected":false},"author":21882,"featured_media":0,"parent":896,"menu_order":0,"comment_status":"closed","ping_status":"closed","template":"","meta":{"footnotes":"","_links_to":"","_links_to_target":""},"class_list":["post-430","page","type-page","status-publish","hentry","entry"],"_links":{"self":[{"href":"https:\/\/sites.usp.br\/cardec\/wp-json\/wp\/v2\/pages\/430","targetHints":{"allow":["GET"]}}],"collection":[{"href":"https:\/\/sites.usp.br\/cardec\/wp-json\/wp\/v2\/pages"}],"about":[{"href":"https:\/\/sites.usp.br\/cardec\/wp-json\/wp\/v2\/types\/page"}],"author":[{"embeddable":true,"href":"https:\/\/sites.usp.br\/cardec\/wp-json\/wp\/v2\/users\/21882"}],"replies":[{"embeddable":true,"href":"https:\/\/sites.usp.br\/cardec\/wp-json\/wp\/v2\/comments?post=430"}],"version-history":[{"count":4,"href":"https:\/\/sites.usp.br\/cardec\/wp-json\/wp\/v2\/pages\/430\/revisions"}],"predecessor-version":[{"id":979,"href":"https:\/\/sites.usp.br\/cardec\/wp-json\/wp\/v2\/pages\/430\/revisions\/979"}],"up":[{"embeddable":true,"href":"https:\/\/sites.usp.br\/cardec\/wp-json\/wp\/v2\/pages\/896"}],"wp:attachment":[{"href":"https:\/\/sites.usp.br\/cardec\/wp-json\/wp\/v2\/media?parent=430"}],"curies":[{"name":"wp","href":"https:\/\/api.w.org\/{rel}","templated":true}]}}