{"id":560,"date":"2020-06-15T17:36:48","date_gmt":"2020-06-15T19:36:48","guid":{"rendered":"https:\/\/sites.usp.br\/cardec\/?page_id=560"},"modified":"2020-06-15T18:22:52","modified_gmt":"2020-06-15T20:22:52","slug":"principais-achados-para-os-pacientes","status":"publish","type":"page","link":"https:\/\/sites.usp.br\/cardec\/pesquisas-de-tratamento\/tratamento-operatorio-em-dentes-deciduos\/o-selante-e-uma-alternativa-as-restauracoes-para-lesoes-de-carie-moderada-na-superficie-oclusal-de-dentes-deciduos\/principais-achados-para-os-pacientes\/","title":{"rendered":"Principais achados para os pacientes"},"content":{"rendered":"<ul>\n<li>\n<h4>Restaura\u00e7\u00f5es e selantes usando cimento de ion\u00f4mero de vidro de alta viscosidade podem ser usados \u200b\u200bpara paralisar a progress\u00e3o de les\u00e3o de c\u00e1rie moderada em dentes dec\u00edduos, ap\u00f3s 2 anos de acompanhamento, mas com um n\u00famero maior de falhas no selante (tratamento menos invasivo) o que pode exigir mais reinterven\u00e7\u00f5es. Por\u00e9m, ao se considerar, na tomada de decis\u00e3o, seu impacto para o paciente, o selamento de les\u00f5es de c\u00e1rie moderadas com CIV pode ser uma op\u00e7\u00e3o vi\u00e1vel em alternativa a restaura\u00e7\u00e3o.<\/h4>\n<\/li>\n<\/ul>\n","protected":false},"excerpt":{"rendered":"<p>Restaura\u00e7\u00f5es e selantes usando cimento de ion\u00f4mero de vidro de alta viscosidade podem ser usados \u200b\u200bpara paralisar a progress\u00e3o de les\u00e3o de c\u00e1rie moderada em dentes dec\u00edduos, ap\u00f3s 2 anos de acompanhamento, mas com um n\u00famero maior de falhas no selante (tratamento menos invasivo) o que pode exigir mais reinterven\u00e7\u00f5es. Por\u00e9m, ao se considerar, na [&hellip;]<\/p>\n","protected":false},"author":21882,"featured_media":0,"parent":555,"menu_order":24,"comment_status":"closed","ping_status":"closed","template":"","meta":{"footnotes":"","_links_to":"","_links_to_target":""},"class_list":["post-560","page","type-page","status-publish","hentry","entry"],"_links":{"self":[{"href":"https:\/\/sites.usp.br\/cardec\/wp-json\/wp\/v2\/pages\/560","targetHints":{"allow":["GET"]}}],"collection":[{"href":"https:\/\/sites.usp.br\/cardec\/wp-json\/wp\/v2\/pages"}],"about":[{"href":"https:\/\/sites.usp.br\/cardec\/wp-json\/wp\/v2\/types\/page"}],"author":[{"embeddable":true,"href":"https:\/\/sites.usp.br\/cardec\/wp-json\/wp\/v2\/users\/21882"}],"replies":[{"embeddable":true,"href":"https:\/\/sites.usp.br\/cardec\/wp-json\/wp\/v2\/comments?post=560"}],"version-history":[{"count":3,"href":"https:\/\/sites.usp.br\/cardec\/wp-json\/wp\/v2\/pages\/560\/revisions"}],"predecessor-version":[{"id":583,"href":"https:\/\/sites.usp.br\/cardec\/wp-json\/wp\/v2\/pages\/560\/revisions\/583"}],"up":[{"embeddable":true,"href":"https:\/\/sites.usp.br\/cardec\/wp-json\/wp\/v2\/pages\/555"}],"wp:attachment":[{"href":"https:\/\/sites.usp.br\/cardec\/wp-json\/wp\/v2\/media?parent=560"}],"curies":[{"name":"wp","href":"https:\/\/api.w.org\/{rel}","templated":true}]}}