{"id":612,"date":"2020-06-15T19:46:16","date_gmt":"2020-06-15T21:46:16","guid":{"rendered":"https:\/\/sites.usp.br\/cardec\/?page_id=612"},"modified":"2020-06-15T20:36:26","modified_gmt":"2020-06-15T22:36:26","slug":"grupo-de-colaboradores","status":"publish","type":"page","link":"https:\/\/sites.usp.br\/cardec\/pesquisas_de_diagnostico\/cardec-twins\/influencia-da-gemelaridade-nas-condicoes-de-saude-bucal-e-comportamento-durante-o-atendimento\/grupo-de-colaboradores\/","title":{"rendered":"Grupo de Colaboradores"},"content":{"rendered":"<p><strong>School of Dentistry, University of S\u00e3o Paulo, S\u00e3o Paulo, Brazil<\/strong><\/p>\n<p>Annelry Costa Serra (secretary)<\/p>\n<p>Ant\u00f4nio Carlos Frias (researcher)<\/p>\n<p>Antonio Carlos Lopes Silva (technician)<\/p>\n<p>Ana Laura P\u00e1ssaro (PhD Student)<\/p>\n<p>Bruna Brondani (PhD student)<\/p>\n<p>Bruna Lorena Pereira Moro (PhD student)<\/p>\n<p>Carolina de Picoli Acosta (dentist)<\/p>\n<p>Caroline Laux (PhD student)<\/p>\n<p>Claudio Mendes Pannuti (researcher)<\/p>\n<p>Daniela Pr\u00f3cida Raggio (researcher)<\/p>\n<p>Edgard Michel-Crosato (researcher)<\/p>\n<p>Fausto Medeiros Mendes (researcher)<\/p>\n<p>Haline Cunha Medeiros Maia (Msc student)<\/p>\n<p>Jos\u00e9 Carlos P. Imparato (researcher)<\/p>\n<p>Julia Gomes Freitas (PhD student)<\/p>\n<p>Jonathan Rafael Garbim (Msc student)<\/p>\n<p>Laura Regina Antunes Pontes (researcher)<\/p>\n<p>Marcelo Bonecker (researcher)<\/p>\n<p>Marcia Turolla Wanderley (researcher)<\/p>\n<p>Mariana Minatel Braga (researcher)<\/p>\n<p>Nathalia Matsuda (dentist)<\/p>\n<p>Thais Gimenez (researcher)<\/p>\n<p>Raiza Dias Freitas (PhD student)<\/p>\n<p>Renata Marques Samuel (PhD student)<\/p>\n<p>&nbsp;<\/p>\n<p><strong>\u00a0<\/strong><\/p>\n<p><strong>School of Dentistry, Universidade Federal de Goi\u00e1s, Goi\u00e1s, Brazil<\/strong><\/p>\n<p>Luciane Rezende Ribeiro Sucasas da Costa (researcher)<\/p>\n<p><em><strong>\u00a0<\/strong><\/em><\/p>\n<p><em><strong>Institute<\/strong><\/em><strong>\u00a0of\u00a0<em>Psychology, <\/em><\/strong><strong>University of S\u00e3o Paulo, S\u00e3o Paulo, Brazil<\/strong><\/p>\n<p>Emma Otta (researcher)<\/p>\n<p>Tania Kiehl Lucci (PhD student)<\/p>\n<p>Vinicius Frayze David (PhD student)<\/p>\n","protected":false},"excerpt":{"rendered":"<p>School of Dentistry, University of S\u00e3o Paulo, S\u00e3o Paulo, Brazil Annelry Costa Serra (secretary) Ant\u00f4nio Carlos Frias (researcher) Antonio Carlos Lopes Silva (technician) Ana Laura P\u00e1ssaro (PhD Student) Bruna Brondani (PhD student) Bruna Lorena Pereira Moro (PhD student) Carolina de Picoli Acosta (dentist) Caroline Laux (PhD student) Claudio Mendes Pannuti (researcher) Daniela Pr\u00f3cida Raggio (researcher) [&hellip;]<\/p>\n","protected":false},"author":21882,"featured_media":0,"parent":614,"menu_order":21,"comment_status":"closed","ping_status":"closed","template":"","meta":{"footnotes":"","_links_to":"","_links_to_target":""},"class_list":["post-612","page","type-page","status-publish","hentry","entry"],"_links":{"self":[{"href":"https:\/\/sites.usp.br\/cardec\/wp-json\/wp\/v2\/pages\/612","targetHints":{"allow":["GET"]}}],"collection":[{"href":"https:\/\/sites.usp.br\/cardec\/wp-json\/wp\/v2\/pages"}],"about":[{"href":"https:\/\/sites.usp.br\/cardec\/wp-json\/wp\/v2\/types\/page"}],"author":[{"embeddable":true,"href":"https:\/\/sites.usp.br\/cardec\/wp-json\/wp\/v2\/users\/21882"}],"replies":[{"embeddable":true,"href":"https:\/\/sites.usp.br\/cardec\/wp-json\/wp\/v2\/comments?post=612"}],"version-history":[{"count":2,"href":"https:\/\/sites.usp.br\/cardec\/wp-json\/wp\/v2\/pages\/612\/revisions"}],"predecessor-version":[{"id":631,"href":"https:\/\/sites.usp.br\/cardec\/wp-json\/wp\/v2\/pages\/612\/revisions\/631"}],"up":[{"embeddable":true,"href":"https:\/\/sites.usp.br\/cardec\/wp-json\/wp\/v2\/pages\/614"}],"wp:attachment":[{"href":"https:\/\/sites.usp.br\/cardec\/wp-json\/wp\/v2\/media?parent=612"}],"curies":[{"name":"wp","href":"https:\/\/api.w.org\/{rel}","templated":true}]}}