{"id":657,"date":"2020-06-16T22:03:25","date_gmt":"2020-06-17T00:03:25","guid":{"rendered":"https:\/\/sites.usp.br\/cardec\/?page_id=657"},"modified":"2020-06-24T20:50:55","modified_gmt":"2020-06-24T22:50:55","slug":"influencia-da-personalidade-do-cirurgiao-dentista-no-diagnostico-e-decisao-de-tratamento-de-carie","status":"publish","type":"page","link":"https:\/\/sites.usp.br\/cardec\/pesquisas_de_diagnostico\/cardec-psycho\/influencia-da-personalidade-do-cirurgiao-dentista-no-diagnostico-e-decisao-de-tratamento-de-carie\/","title":{"rendered":"Influ\u00eancia da personalidade do cirurgi\u00e3o-dentista no diagn\u00f3stico e decis\u00e3o de tratamento de c\u00e1rie"},"content":{"rendered":"<h1><span style=\"color: #12a182;\"><strong>Influ\u00eancia da personalidade do cirurgi\u00e3o-dentista no diagn\u00f3stico e decis\u00e3o de tratamento de c\u00e1rie <\/strong><\/span><\/h1>\n<p>&nbsp;<\/p>\n<h3><span style=\"color: #33cccc;\"><strong>OBJETIVO<\/strong><\/span><\/h3>\n<h4>O\u00a0 objetivo desse estudo \u00e9 avaliar a influ\u00eancia da personalidade do cirurgi\u00e3o-dentista no diagn\u00f3stico de c\u00e1rie e decis\u00e3o de tratamento.<\/h4>\n<h4><div class=\"su-list\" style=\"margin-left:-4px\"><\/h4>\n<ul>\n<li><i class=\"sui sui-arrow-circle-right\" style=\"color:#27cb88\"><\/i> <strong>P:<\/strong> Cirurgi\u00f5es-dentistas cursando especializa\u00e7\u00e3o em Odontopediatria e alunos de gradua\u00e7\u00e3o em Odontologia<\/li>\n<li><i class=\"sui sui-arrow-circle-right\" style=\"color:#27cb88\"><\/i> <strong>I:<\/strong> Menores \u00edndices de perfeccionismo e tra\u00e7os de personalidade<\/li>\n<li><i class=\"sui sui-arrow-circle-right\" style=\"color:#27cb88\"><\/i> <strong>C:<\/strong> Maiores \u00edndices de perfeccionismo e tra\u00e7os de personalidade<\/li>\n<li><i class=\"sui sui-arrow-circle-right\" style=\"color:#27cb88\"><\/i> <strong>O:<\/strong> Diagn\u00f3stico e Decis\u00e3o de tratamento<\/div><\/li>\n<\/ul>\n<p>&nbsp;<\/p>\n<div class=\"su-list\" style=\"margin-left:-4px\">\n<ul>\n<li><i class=\"sui sui-check\" style=\"color:#229e9f\"><\/i> <a href=\"https:\/\/sites.usp.br\/cardec\/pesquisas_de_diagnostico\/cardec-psycho\/influencia-da-personalidade-do-cirurgiao-dentista-no-diagnostico-e-decisao-de-tratamento-de-carie\/registros-e-aspectos-eticos\/\">Registros e Aspectos \u00e9ticos<\/a><\/li>\n<li><i class=\"sui sui-check\" style=\"color:#229e9f\"><\/i> <a href=\"https:\/\/sites.usp.br\/cardec\/pesquisas_de_diagnostico\/cardec-psycho\/influencia-da-personalidade-do-cirurgiao-dentista-no-diagnostico-e-decisao-de-tratamento-de-carie\/grupo-de-colaboradores\/\">Grupo de colaboradores<\/a><\/li>\n<li><i class=\"sui sui-check\" style=\"color:#229e9f\"><\/i> <a href=\"https:\/\/sites.usp.br\/cardec\/pesquisas_de_diagnostico\/cardec-psycho\/influencia-da-personalidade-do-cirurgiao-dentista-no-diagnostico-e-decisao-de-tratamento-de-carie\/status-da-pesquisa\/\">Status da pesquisa<\/a><\/li>\n<\/ul>\n<\/div>\n<h4><\/h4>\n","protected":false},"excerpt":{"rendered":"<p>Influ\u00eancia da personalidade do cirurgi\u00e3o-dentista no diagn\u00f3stico e decis\u00e3o de tratamento de c\u00e1rie &nbsp; OBJETIVO O\u00a0 objetivo desse estudo \u00e9 avaliar a influ\u00eancia da personalidade do cirurgi\u00e3o-dentista no diagn\u00f3stico de c\u00e1rie e decis\u00e3o de tratamento. &nbsp;<\/p>\n","protected":false},"author":21882,"featured_media":0,"parent":679,"menu_order":0,"comment_status":"closed","ping_status":"closed","template":"","meta":{"footnotes":"","_links_to":"","_links_to_target":""},"class_list":["post-657","page","type-page","status-publish","hentry","entry"],"_links":{"self":[{"href":"https:\/\/sites.usp.br\/cardec\/wp-json\/wp\/v2\/pages\/657","targetHints":{"allow":["GET"]}}],"collection":[{"href":"https:\/\/sites.usp.br\/cardec\/wp-json\/wp\/v2\/pages"}],"about":[{"href":"https:\/\/sites.usp.br\/cardec\/wp-json\/wp\/v2\/types\/page"}],"author":[{"embeddable":true,"href":"https:\/\/sites.usp.br\/cardec\/wp-json\/wp\/v2\/users\/21882"}],"replies":[{"embeddable":true,"href":"https:\/\/sites.usp.br\/cardec\/wp-json\/wp\/v2\/comments?post=657"}],"version-history":[{"count":3,"href":"https:\/\/sites.usp.br\/cardec\/wp-json\/wp\/v2\/pages\/657\/revisions"}],"predecessor-version":[{"id":787,"href":"https:\/\/sites.usp.br\/cardec\/wp-json\/wp\/v2\/pages\/657\/revisions\/787"}],"up":[{"embeddable":true,"href":"https:\/\/sites.usp.br\/cardec\/wp-json\/wp\/v2\/pages\/679"}],"wp:attachment":[{"href":"https:\/\/sites.usp.br\/cardec\/wp-json\/wp\/v2\/media?parent=657"}],"curies":[{"name":"wp","href":"https:\/\/api.w.org\/{rel}","templated":true}]}}