{"id":678,"date":"2020-06-16T22:26:09","date_gmt":"2020-06-17T00:26:09","guid":{"rendered":"https:\/\/sites.usp.br\/cardec\/?page_id=678"},"modified":"2020-06-24T20:54:17","modified_gmt":"2020-06-24T22:54:17","slug":"cardec-twins","status":"publish","type":"page","link":"https:\/\/sites.usp.br\/cardec\/pesquisas_de_diagnostico\/cardec-twins\/","title":{"rendered":"CARDEC Twins"},"content":{"rendered":"<div class=\"oceanwp-oembed-wrap clr\">\n<blockquote class=\"wp-embedded-content\" data-secret=\"WpoR9LmtoF\"><p><a href=\"https:\/\/sites.usp.br\/cardec\/pesquisas_de_diagnostico\/cardec-twins\/influencia-da-gemelaridade-nas-condicoes-de-saude-bucal-e-comportamento-durante-o-atendimento\/\">Influ\u00eancia da Gemelaridade nas condi\u00e7\u00f5es de sa\u00fade bucal e comportamento durante o atendimento<\/a><\/p><\/blockquote>\n<p><iframe loading=\"lazy\" title=\"&#8220;Influ\u00eancia da Gemelaridade nas condi\u00e7\u00f5es de sa\u00fade bucal e comportamento durante o atendimento&#8221; &#8212; CARDEC Trials\" class=\"wp-embedded-content\" sandbox=\"allow-scripts\" security=\"restricted\" style=\"position: absolute; clip: rect(1px, 1px, 1px, 1px);\" src=\"https:\/\/sites.usp.br\/cardec\/pesquisas_de_diagnostico\/cardec-twins\/influencia-da-gemelaridade-nas-condicoes-de-saude-bucal-e-comportamento-durante-o-atendimento\/embed\/#?secret=WpoR9LmtoF\" data-secret=\"WpoR9LmtoF\" width=\"600\" height=\"338\" frameborder=\"0\" marginwidth=\"0\" marginheight=\"0\" scrolling=\"no\"><\/iframe><\/div>\n","protected":false},"excerpt":{"rendered":"<p>Influ\u00eancia da Gemelaridade nas condi\u00e7\u00f5es de sa\u00fade bucal e comportamento durante o atendimento<\/p>\n","protected":false},"author":21882,"featured_media":0,"parent":62,"menu_order":53,"comment_status":"closed","ping_status":"closed","template":"","meta":{"footnotes":"","_links_to":"","_links_to_target":""},"class_list":["post-678","page","type-page","status-publish","hentry","entry"],"_links":{"self":[{"href":"https:\/\/sites.usp.br\/cardec\/wp-json\/wp\/v2\/pages\/678","targetHints":{"allow":["GET"]}}],"collection":[{"href":"https:\/\/sites.usp.br\/cardec\/wp-json\/wp\/v2\/pages"}],"about":[{"href":"https:\/\/sites.usp.br\/cardec\/wp-json\/wp\/v2\/types\/page"}],"author":[{"embeddable":true,"href":"https:\/\/sites.usp.br\/cardec\/wp-json\/wp\/v2\/users\/21882"}],"replies":[{"embeddable":true,"href":"https:\/\/sites.usp.br\/cardec\/wp-json\/wp\/v2\/comments?post=678"}],"version-history":[{"count":3,"href":"https:\/\/sites.usp.br\/cardec\/wp-json\/wp\/v2\/pages\/678\/revisions"}],"predecessor-version":[{"id":792,"href":"https:\/\/sites.usp.br\/cardec\/wp-json\/wp\/v2\/pages\/678\/revisions\/792"}],"up":[{"embeddable":true,"href":"https:\/\/sites.usp.br\/cardec\/wp-json\/wp\/v2\/pages\/62"}],"wp:attachment":[{"href":"https:\/\/sites.usp.br\/cardec\/wp-json\/wp\/v2\/media?parent=678"}],"curies":[{"name":"wp","href":"https:\/\/api.w.org\/{rel}","templated":true}]}}