{"id":697,"date":"2020-06-16T23:02:23","date_gmt":"2020-06-17T01:02:23","guid":{"rendered":"https:\/\/sites.usp.br\/cardec\/?page_id=697"},"modified":"2020-08-20T17:57:44","modified_gmt":"2020-08-20T19:57:44","slug":"registros-e-aspectos-eticos","status":"publish","type":"page","link":"https:\/\/sites.usp.br\/cardec\/info\/grupos_parceiros\/cacia-trial-1\/registros-e-aspectos-eticos\/","title":{"rendered":"Registros e aspectos \u00e9ticos"},"content":{"rendered":"<h3><span style=\"color: #008080;\">Certificado de Apresenta\u00e7\u00e3o para Aprecia\u00e7\u00e3o \u00c9tica (CAAE) 53463316.1.0000.5318:\u00a0 (06.07.2016)<\/span><\/h3>\n<p>&nbsp;<\/p>\n<h3 class=\"tr-h1 ct-sans-serif\">Caries Cognition and Identification in Adults (CaCIA):<\/h3>\n<h3 class=\"tr-h1 ct-sans-serif tr-solo_record\"><a href=\"https:\/\/clinicaltrials.gov\/ct2\/show\/NCT03108586?term=NCT03108586&amp;draw=2&amp;rank=1\">Clinical Trials: NCT03108586 <\/a>\u00a0(11.04.2017)<\/h3>\n","protected":false},"excerpt":{"rendered":"<p>Certificado de Apresenta\u00e7\u00e3o para Aprecia\u00e7\u00e3o \u00c9tica (CAAE) 53463316.1.0000.5318:\u00a0 (06.07.2016) &nbsp; Caries Cognition and Identification in Adults (CaCIA): Clinical Trials: NCT03108586 \u00a0(11.04.2017)<\/p>\n","protected":false},"author":21882,"featured_media":0,"parent":186,"menu_order":15,"comment_status":"closed","ping_status":"closed","template":"","meta":{"footnotes":"","_links_to":"","_links_to_target":""},"class_list":["post-697","page","type-page","status-publish","hentry","entry"],"_links":{"self":[{"href":"https:\/\/sites.usp.br\/cardec\/wp-json\/wp\/v2\/pages\/697","targetHints":{"allow":["GET"]}}],"collection":[{"href":"https:\/\/sites.usp.br\/cardec\/wp-json\/wp\/v2\/pages"}],"about":[{"href":"https:\/\/sites.usp.br\/cardec\/wp-json\/wp\/v2\/types\/page"}],"author":[{"embeddable":true,"href":"https:\/\/sites.usp.br\/cardec\/wp-json\/wp\/v2\/users\/21882"}],"replies":[{"embeddable":true,"href":"https:\/\/sites.usp.br\/cardec\/wp-json\/wp\/v2\/comments?post=697"}],"version-history":[{"count":3,"href":"https:\/\/sites.usp.br\/cardec\/wp-json\/wp\/v2\/pages\/697\/revisions"}],"predecessor-version":[{"id":1077,"href":"https:\/\/sites.usp.br\/cardec\/wp-json\/wp\/v2\/pages\/697\/revisions\/1077"}],"up":[{"embeddable":true,"href":"https:\/\/sites.usp.br\/cardec\/wp-json\/wp\/v2\/pages\/186"}],"wp:attachment":[{"href":"https:\/\/sites.usp.br\/cardec\/wp-json\/wp\/v2\/media?parent=697"}],"curies":[{"name":"wp","href":"https:\/\/api.w.org\/{rel}","templated":true}]}}