{"id":79,"date":"2020-06-06T16:51:20","date_gmt":"2020-06-06T18:51:20","guid":{"rendered":"http:\/\/sites.usp.br\/cardec\/?page_id=79"},"modified":"2020-07-01T17:02:50","modified_gmt":"2020-07-01T19:02:50","slug":"pagina-inicial","status":"publish","type":"page","link":"https:\/\/sites.usp.br\/cardec\/","title":{"rendered":""},"content":{"rendered":"<h4><strong>Quem somos&#8230;<\/strong><\/h4>\n<p><a href=\"https:\/\/sites.usp.br\/cardec\/wp-content\/uploads\/sites\/749\/2020\/06\/cardec.jpeg\"><img loading=\"lazy\" decoding=\"async\" class=\"alignright wp-image-143\" src=\"https:\/\/sites.usp.br\/cardec\/wp-content\/uploads\/sites\/749\/2020\/06\/cardec.jpeg\" alt=\"\" width=\"234\" height=\"150\" srcset=\"https:\/\/sites.usp.br\/cardec\/wp-content\/uploads\/sites\/749\/2020\/06\/cardec.jpeg 358w, https:\/\/sites.usp.br\/cardec\/wp-content\/uploads\/sites\/749\/2020\/06\/cardec-300x193.jpeg 300w\" sizes=\"auto, (max-width: 234px) 100vw, 234px\" \/><\/a><\/p>\n<p>A iniciativa <strong>CARies DEtection in Children &#8211; CARDEC<\/strong> surgiu em 2012 com a proposta de realiza\u00e7\u00e3o de estudos de diagn\u00f3stico de c\u00e1rie em dentes dec\u00edduos (dentes de leite).<\/p>\n<p>Nossas primeiras a\u00e7\u00f5es foram os estudos CARDEC \u2013 01 realizado na Faculdade de Odontologia da Universidade de S\u00e3o Paulo, tendo o Professor Fausto Medeiros Mendes como respons\u00e1vel principal e o CARDEC \u2013 02 realizado em uma unidade de atendimento m\u00f3vel (trailer) que est\u00e1 situado na cidade de Barueri \u2013 S\u00e3o Paulo, que conta com a Professora Mariana Minatel Braga como respons\u00e1vel principal pelo estudo.<\/p>\n<p>Diversas pesquisas foram realizadas dentro dessas iniciativas pioneiras, contando tamb\u00e9m com a participa\u00e7\u00e3o de coordena\u00e7\u00e3o da Professora Daniela Pr\u00f3cida Raggio.<\/p>\n<p>Atualmente, o CARDEC integra uma s\u00e9rie de estudos cl\u00ednicos em diversos temas relacionados ao diagn\u00f3stico e ao tratamento da c\u00e1rie em crian\u00e7as.<\/p>\n<p>&nbsp;<\/p>\n<p>&nbsp;<\/p>\n\r\n\t<div class=\"slideshow_container slideshow_container_style-light\" style=\"height: 292px; \" data-slideshow-id=\"215\" data-style-name=\"style-light\" data-style-version=\"2.3.1\" >\r\n\r\n\t\t\t\t\t<div class=\"slideshow_loading_icon\"><\/div>\r\n\t\t\r\n\t\t<div class=\"slideshow_content\" style=\"display: none;\">\r\n\r\n\t\t\t<div class=\"slideshow_view\">\r\n\t\t\t\t<div class=\"slideshow_slide slideshow_slide_image\">\r\n\t\t\t\t\t\t\t\t\t\t\t<img src=\"https:\/\/sites.usp.br\/cardec\/wp-content\/uploads\/sites\/749\/2020\/06\/cardec.jpeg\" alt=\"cardec\" width=\"358\" height=\"230\" \/>\r\n\t\t\t\t\t\t\t\t\t\t<div class=\"slideshow_description_box slideshow_transparent\">\r\n\t\t\t\t\t\t<div class=\"slideshow_title\">cardec<\/div>\t\t\t\t\t\t\t\t\t\t\t<\/div>\r\n\t\t\t\t<\/div>\r\n\r\n\t\t\t\t\t\t<div style=\"clear: both;\"><\/div><\/div><div class=\"slideshow_view\">\r\n\t\t\t\t<div class=\"slideshow_slide slideshow_slide_image\">\r\n\t\t\t\t\t\t\t\t\t\t\t<img src=\"https:\/\/sites.usp.br\/cardec\/wp-content\/uploads\/sites\/749\/2014\/09\/usp-fotos-historicas-2.jpg\" alt=\"usp-fotos-historicas-2\" width=\"940\" height=\"292\" \/>\r\n\t\t\t\t\t\t\t\t\t\t<div class=\"slideshow_description_box slideshow_transparent\">\r\n\t\t\t\t\t\t<div class=\"slideshow_title\">usp-fotos-historicas-2<\/div>\t\t\t\t\t\t\t\t\t\t\t<\/div>\r\n\t\t\t\t<\/div>\r\n\r\n\t\t\t\t\t\t<div style=\"clear: both;\"><\/div><\/div><div class=\"slideshow_view\">\r\n\t\t\t\t<div class=\"slideshow_slide slideshow_slide_image\">\r\n\t\t\t\t\t\t\t\t\t\t\t<img src=\"https:\/\/sites.usp.br\/cardec\/wp-content\/uploads\/sites\/749\/2020\/06\/Fousp.jpg\" alt=\"Fousp\" width=\"512\" height=\"291\" \/>\r\n\t\t\t\t\t\t\t\t\t\t<div class=\"slideshow_description_box slideshow_transparent\">\r\n\t\t\t\t\t\t<div class=\"slideshow_title\">Fousp<\/div>\t\t\t\t\t\t\t\t\t\t\t<\/div>\r\n\t\t\t\t<\/div>\r\n\r\n\t\t\t\t\t\t<div style=\"clear: both;\"><\/div><\/div>\r\n\t\t<\/div>\r\n\r\n\t\t<div class=\"slideshow_controlPanel slideshow_transparent\" style=\"display: none;\"><ul><li class=\"slideshow_togglePlay\" data-play-text=\"Acionar\" data-pause-text=\"Pausar\"><\/li><\/ul><\/div>\r\n\r\n\t\t<div class=\"slideshow_button slideshow_previous slideshow_transparent\" role=\"button\" data-previous-text=\"Anterior\" style=\"display: none;\"><\/div>\r\n\t\t<div class=\"slideshow_button slideshow_next slideshow_transparent\" role=\"button\" data-next-text=\"Pr\u00f3ximo\" style=\"display: none;\"><\/div>\r\n\r\n\t\t<div class=\"slideshow_pagination\" style=\"display: none;\" data-go-to-text=\"Ir para o slide\"><div class=\"slideshow_pagination_center\"><\/div><\/div>\r\n\r\n\t\t<!-- WordPress Slideshow Version 2.3.1 -->\r\n\r\n\t\t\t<\/div>\r\n\r\n\n","protected":false},"excerpt":{"rendered":"<p>Quem somos&#8230; A iniciativa CARies DEtection in Children &#8211; CARDEC surgiu em 2012 com a proposta de realiza\u00e7\u00e3o de estudos de diagn\u00f3stico de c\u00e1rie em dentes dec\u00edduos (dentes de leite). Nossas primeiras a\u00e7\u00f5es foram os estudos CARDEC \u2013 01 realizado na Faculdade de Odontologia da Universidade de S\u00e3o Paulo, tendo o Professor Fausto Medeiros Mendes [&hellip;]<\/p>\n","protected":false},"author":21888,"featured_media":143,"parent":0,"menu_order":71,"comment_status":"closed","ping_status":"closed","template":"","meta":{"footnotes":"","_links_to":"","_links_to_target":""},"class_list":["post-79","page","type-page","status-publish","has-post-thumbnail","hentry","entry","has-media"],"_links":{"self":[{"href":"https:\/\/sites.usp.br\/cardec\/wp-json\/wp\/v2\/pages\/79","targetHints":{"allow":["GET"]}}],"collection":[{"href":"https:\/\/sites.usp.br\/cardec\/wp-json\/wp\/v2\/pages"}],"about":[{"href":"https:\/\/sites.usp.br\/cardec\/wp-json\/wp\/v2\/types\/page"}],"author":[{"embeddable":true,"href":"https:\/\/sites.usp.br\/cardec\/wp-json\/wp\/v2\/users\/21888"}],"replies":[{"embeddable":true,"href":"https:\/\/sites.usp.br\/cardec\/wp-json\/wp\/v2\/comments?post=79"}],"version-history":[{"count":4,"href":"https:\/\/sites.usp.br\/cardec\/wp-json\/wp\/v2\/pages\/79\/revisions"}],"predecessor-version":[{"id":911,"href":"https:\/\/sites.usp.br\/cardec\/wp-json\/wp\/v2\/pages\/79\/revisions\/911"}],"wp:featuredmedia":[{"embeddable":true,"href":"https:\/\/sites.usp.br\/cardec\/wp-json\/wp\/v2\/media\/143"}],"wp:attachment":[{"href":"https:\/\/sites.usp.br\/cardec\/wp-json\/wp\/v2\/media?parent=79"}],"curies":[{"name":"wp","href":"https:\/\/api.w.org\/{rel}","templated":true}]}}