{"id":805,"date":"2020-06-26T11:50:09","date_gmt":"2020-06-26T13:50:09","guid":{"rendered":"https:\/\/sites.usp.br\/cardec\/?page_id=805"},"modified":"2020-06-26T12:02:57","modified_gmt":"2020-06-26T14:02:57","slug":"principais-achados-para-os-pacientes","status":"publish","type":"page","link":"https:\/\/sites.usp.br\/cardec\/pesquisas_de_diagnostico\/cardec-03\/impacto-de-duas-estrategias-de-diagnostico-de-lesoes-de-carie-ao-redor-de-restauracoes-em-dentes-deciduos\/principais-achados-para-os-pacientes\/","title":{"rendered":"Principais achados para os pacientes"},"content":{"rendered":"<p>Crian\u00e7as que n\u00e3o controlam a doen\u00e7a c\u00e1rie, por meio da escova\u00e7\u00e3o e controle do consumo de a\u00e7\u00facar, ir\u00e3o apresentar mais falhas nas restaura\u00e7\u00f5es. Como consequ\u00eancia, teremos que trocar mais vezes as restaura\u00e7\u00f5es dessas crian\u00e7as, levando ao enfraquecimento da estrutura do dente.<\/p>\n","protected":false},"excerpt":{"rendered":"<p>Crian\u00e7as que n\u00e3o controlam a doen\u00e7a c\u00e1rie, por meio da escova\u00e7\u00e3o e controle do consumo de a\u00e7\u00facar, ir\u00e3o apresentar mais falhas nas restaura\u00e7\u00f5es. Como consequ\u00eancia, teremos que trocar mais vezes as restaura\u00e7\u00f5es dessas crian\u00e7as, levando ao enfraquecimento da estrutura do dente.<\/p>\n","protected":false},"author":21882,"featured_media":0,"parent":799,"menu_order":10,"comment_status":"closed","ping_status":"closed","template":"","meta":{"footnotes":"","_links_to":"","_links_to_target":""},"class_list":["post-805","page","type-page","status-publish","hentry","entry"],"_links":{"self":[{"href":"https:\/\/sites.usp.br\/cardec\/wp-json\/wp\/v2\/pages\/805","targetHints":{"allow":["GET"]}}],"collection":[{"href":"https:\/\/sites.usp.br\/cardec\/wp-json\/wp\/v2\/pages"}],"about":[{"href":"https:\/\/sites.usp.br\/cardec\/wp-json\/wp\/v2\/types\/page"}],"author":[{"embeddable":true,"href":"https:\/\/sites.usp.br\/cardec\/wp-json\/wp\/v2\/users\/21882"}],"replies":[{"embeddable":true,"href":"https:\/\/sites.usp.br\/cardec\/wp-json\/wp\/v2\/comments?post=805"}],"version-history":[{"count":3,"href":"https:\/\/sites.usp.br\/cardec\/wp-json\/wp\/v2\/pages\/805\/revisions"}],"predecessor-version":[{"id":826,"href":"https:\/\/sites.usp.br\/cardec\/wp-json\/wp\/v2\/pages\/805\/revisions\/826"}],"up":[{"embeddable":true,"href":"https:\/\/sites.usp.br\/cardec\/wp-json\/wp\/v2\/pages\/799"}],"wp:attachment":[{"href":"https:\/\/sites.usp.br\/cardec\/wp-json\/wp\/v2\/media?parent=805"}],"curies":[{"name":"wp","href":"https:\/\/api.w.org\/{rel}","templated":true}]}}