{"id":839,"date":"2020-06-26T18:54:04","date_gmt":"2020-06-26T20:54:04","guid":{"rendered":"https:\/\/sites.usp.br\/cardec\/?page_id=839"},"modified":"2020-07-01T17:06:47","modified_gmt":"2020-07-01T19:06:47","slug":"eficacia-do-art-e-do-tratamento-convencional-com-resina-composta-sob-isolamento-absoluto-em-molares-deciduos","status":"publish","type":"page","link":"https:\/\/sites.usp.br\/cardec\/pesquisas-de-tratamento\/tratamento-operatorio-em-dentes-deciduos\/eficacia-do-art-e-do-tratamento-convencional-com-resina-composta-sob-isolamento-absoluto-em-molares-deciduos\/","title":{"rendered":"Efic\u00e1cia do ART e do tratamento convencional com resina composta sob isolamento absoluto em molares dec\u00edduos"},"content":{"rendered":"<h1><span style=\"color: #12a182;\">Efic\u00e1cia do ART e do tratamento convencional com resina composta sob isolamento absoluto em molares dec\u00edduos: estudo cl\u00ednico randomizado e revis\u00e3o sistem\u00e1tica com metan\u00e1lise<\/span><\/h1>\n<p>&nbsp;<\/p>\n<h3><span style=\"color: #33cccc;\"><strong>OBJETIVO<\/strong><\/span><\/h3>\n<h4>Identificar, analisar e sintetizar evid\u00eancias cient\u00edficas quanto \u00e0 efic\u00e1cia do Tratamento Convencional (TC) e do Tratamento Restaurador Atraum\u00e1tico (ART) em molares dec\u00edduos considerando os par\u00e2metros de longevidade, custo, aceitabilidade e desfechos reportados pelo paciente.<\/h4>\n<h4><div class=\"su-list\" style=\"margin-left:-4px\"><\/h4>\n<ul>\n<li><i class=\"sui sui-arrow-circle-right\" style=\"color:#27cb88\"><\/i> <strong>P:<\/strong> crian\u00e7as entre 3-6 anos com pelo menos uma cavidade oclusal e\/ou oclusoproximal em molar dec\u00edduo sem envolvimento pulpar<\/li>\n<li><i class=\"sui sui-arrow-circle-right\" style=\"color:#27cb88\"><\/i> <strong>I:<\/strong> restaura\u00e7\u00e3o com resina composta (sistema adesivo de condicionamento total de tr\u00eas passos e resina de inser\u00e7\u00e3o incremental) sob isolamento absoluto e anestesia local<\/li>\n<li><i class=\"sui sui-arrow-circle-right\" style=\"color:#27cb88\"><\/i> <strong>C:<\/strong> tratamento restaurador atraum\u00e1tico com cimento de ion\u00f4mero de vidro de alta viscosidade (Fuji IX)<\/li>\n<li><i class=\"sui sui-arrow-circle-right\" style=\"color:#27cb88\"><\/i> <strong>O:<\/strong> longevidade ap\u00f3s 24 meses de acompanhamento (custo-efic\u00e1cia e desconforto como secund\u00e1rios)<\/li>\n<\/ul>\n<h4><\/div><\/h4>\n<p>&nbsp;<\/p>\n<div class=\"su-list\" style=\"margin-left:-4px\">\n<ul>\n<li><i class=\"sui sui-check\" style=\"color:#229e9f\"><\/i> <a href=\"https:\/\/sites.usp.br\/cardec\/pesquisas-de-tratamento\/eficacia-do-art-e-do-tratamento-convencional-com-resina-composta-sob-isolamento-absoluto-em-molares-deciduos\/registros-e-aspectos-eticos\/\">Registros e Aspectos \u00e9ticos<\/a><\/li>\n<li><i class=\"sui sui-check\" style=\"color:#229e9f\"><\/i> <a href=\"https:\/\/sites.usp.br\/cardec\/pesquisas-de-tratamento\/eficacia-do-art-e-do-tratamento-convencional-com-resina-composta-sob-isolamento-absoluto-em-molares-deciduos\/grupo-de-colaboradores\/\">Grupo de colaboradores<\/a><\/li>\n<li><i class=\"sui sui-check\" style=\"color:#229e9f\"><\/i> <a href=\"https:\/\/sites.usp.br\/cardec\/pesquisas-de-tratamento\/eficacia-do-art-e-do-tratamento-convencional-com-resina-composta-sob-isolamento-absoluto-em-molares-deciduos\/status-da-pesquisa\/\">Status da pesquisa<\/a><\/li>\n<li><i class=\"sui sui-check\" style=\"color:#229e9f\"><\/i> <a href=\"https:\/\/sites.usp.br\/cardec\/pesquisas-de-tratamento\/eficacia-do-art-e-do-tratamento-convencional-com-resina-composta-sob-isolamento-absoluto-em-molares-deciduos\/principais-achados-para-os-pacientes\/\">Principais achados para os pacientes<\/a><\/li>\n<li><i class=\"sui sui-check\" style=\"color:#229e9f\"><\/i> <a href=\"https:\/\/sites.usp.br\/cardec\/pesquisas-de-tratamento\/eficacia-do-art-e-do-tratamento-convencional-com-resina-composta-sob-isolamento-absoluto-em-molares-deciduos\/principais-achados-para-os-profissionais\/\">Principais achados para os profissionais<\/a><\/li>\n<li><i class=\"sui sui-check\" style=\"color:#229e9f\"><\/i> <a href=\"https:\/\/sites.usp.br\/cardec\/pesquisas-de-tratamento\/eficacia-do-art-e-do-tratamento-convencional-com-resina-composta-sob-isolamento-absoluto-em-molares-deciduos\/publicacoes\/\">Publica\u00e7\u00f5es<\/a><\/li>\n<\/ul>\n<\/div>\n","protected":false},"excerpt":{"rendered":"<p>Efic\u00e1cia do ART e do tratamento convencional com resina composta sob isolamento absoluto em molares dec\u00edduos: estudo cl\u00ednico randomizado e revis\u00e3o sistem\u00e1tica com metan\u00e1lise &nbsp; OBJETIVO Identificar, analisar e sintetizar evid\u00eancias cient\u00edficas quanto \u00e0 efic\u00e1cia do Tratamento Convencional (TC) e do Tratamento Restaurador Atraum\u00e1tico (ART) em molares dec\u00edduos considerando os par\u00e2metros de longevidade, custo, aceitabilidade [&hellip;]<\/p>\n","protected":false},"author":21882,"featured_media":0,"parent":898,"menu_order":0,"comment_status":"closed","ping_status":"closed","template":"","meta":{"footnotes":"","_links_to":"","_links_to_target":""},"class_list":["post-839","page","type-page","status-publish","hentry","entry"],"_links":{"self":[{"href":"https:\/\/sites.usp.br\/cardec\/wp-json\/wp\/v2\/pages\/839","targetHints":{"allow":["GET"]}}],"collection":[{"href":"https:\/\/sites.usp.br\/cardec\/wp-json\/wp\/v2\/pages"}],"about":[{"href":"https:\/\/sites.usp.br\/cardec\/wp-json\/wp\/v2\/types\/page"}],"author":[{"embeddable":true,"href":"https:\/\/sites.usp.br\/cardec\/wp-json\/wp\/v2\/users\/21882"}],"replies":[{"embeddable":true,"href":"https:\/\/sites.usp.br\/cardec\/wp-json\/wp\/v2\/comments?post=839"}],"version-history":[{"count":2,"href":"https:\/\/sites.usp.br\/cardec\/wp-json\/wp\/v2\/pages\/839\/revisions"}],"predecessor-version":[{"id":875,"href":"https:\/\/sites.usp.br\/cardec\/wp-json\/wp\/v2\/pages\/839\/revisions\/875"}],"up":[{"embeddable":true,"href":"https:\/\/sites.usp.br\/cardec\/wp-json\/wp\/v2\/pages\/898"}],"wp:attachment":[{"href":"https:\/\/sites.usp.br\/cardec\/wp-json\/wp\/v2\/media?parent=839"}],"curies":[{"name":"wp","href":"https:\/\/api.w.org\/{rel}","templated":true}]}}