{"id":25,"date":"2026-04-28T17:54:09","date_gmt":"2026-04-28T20:54:09","guid":{"rendered":"https:\/\/sites.usp.br\/care\/?page_id=25"},"modified":"2026-04-28T18:49:04","modified_gmt":"2026-04-28T21:49:04","slug":"pesquisas","status":"publish","type":"page","link":"https:\/\/sites.usp.br\/care\/pesquisas\/","title":{"rendered":"Pesquisas"},"content":{"rendered":"\t\t<div data-elementor-type=\"wp-page\" data-elementor-id=\"25\" class=\"elementor elementor-25\">\n\t\t\t\t\t\t<section class=\"elementor-section elementor-top-section elementor-element elementor-element-1dc1dd6 elementor-section-boxed elementor-section-height-default elementor-section-height-default\" data-id=\"1dc1dd6\" data-element_type=\"section\">\n\t\t\t\t\t\t<div class=\"elementor-container elementor-column-gap-default\">\n\t\t\t\t\t<div class=\"elementor-column elementor-col-100 elementor-top-column elementor-element elementor-element-86e6750\" data-id=\"86e6750\" data-element_type=\"column\">\n\t\t\t<div class=\"elementor-widget-wrap elementor-element-populated\">\n\t\t\t\t\t\t<div class=\"elementor-element elementor-element-9069d06 elementor-widget elementor-widget-image\" data-id=\"9069d06\" data-element_type=\"widget\" data-widget_type=\"image.default\">\n\t\t\t\t<div class=\"elementor-widget-container\">\n\t\t\t\t\t\t\t\t\t\t\t\t\t<img fetchpriority=\"high\" decoding=\"async\" width=\"525\" height=\"350\" src=\"https:\/\/sites.usp.br\/care\/wp-content\/uploads\/sites\/1819\/2026\/04\/ChatGPT-Image-28-de-abr.-de-2026-18_30_27-1024x683.png\" class=\"attachment-large size-large wp-image-78\" alt=\"\" srcset=\"https:\/\/sites.usp.br\/care\/wp-content\/uploads\/sites\/1819\/2026\/04\/ChatGPT-Image-28-de-abr.-de-2026-18_30_27-1024x683.png 1024w, https:\/\/sites.usp.br\/care\/wp-content\/uploads\/sites\/1819\/2026\/04\/ChatGPT-Image-28-de-abr.-de-2026-18_30_27-300x200.png 300w, https:\/\/sites.usp.br\/care\/wp-content\/uploads\/sites\/1819\/2026\/04\/ChatGPT-Image-28-de-abr.-de-2026-18_30_27-768x512.png 768w, https:\/\/sites.usp.br\/care\/wp-content\/uploads\/sites\/1819\/2026\/04\/ChatGPT-Image-28-de-abr.-de-2026-18_30_27.png 1536w\" sizes=\"100vw\" \/>\t\t\t\t\t\t\t\t\t\t\t\t\t<\/div>\n\t\t\t\t<\/div>\n\t\t\t\t\t<\/div>\n\t\t<\/div>\n\t\t\t\t\t<\/div>\n\t\t<\/section>\n\t\t\t\t<section class=\"elementor-section elementor-top-section elementor-element elementor-element-fd327b8 elementor-section-full_width elementor-section-height-default elementor-section-height-default\" data-id=\"fd327b8\" data-element_type=\"section\">\n\t\t\t\t\t\t<div class=\"elementor-container elementor-column-gap-default\">\n\t\t\t\t\t<div class=\"elementor-column elementor-col-100 elementor-top-column elementor-element elementor-element-9b1cdbd\" data-id=\"9b1cdbd\" data-element_type=\"column\">\n\t\t\t<div class=\"elementor-widget-wrap elementor-element-populated\">\n\t\t\t\t\t\t<div class=\"elementor-element elementor-element-e1e9ff7 elementor-widget__width-initial elementor-widget elementor-widget-text-editor\" data-id=\"e1e9ff7\" data-element_type=\"widget\" data-widget_type=\"text-editor.default\">\n\t\t\t\t<div class=\"elementor-widget-container\">\n\t\t\t\t\t\t\t<h3 data-start=\"473\" data-end=\"492\"><strong>Sistemas de PAI<\/strong><\/h3><p data-start=\"494\" data-end=\"1098\">Esta linha investiga o uso da <strong data-start=\"524\" data-end=\"553\">press\u00e3o arterial invasiva<\/strong> como fonte de informa\u00e7\u00e3o para monitoramento hemodin\u00e2mico avan\u00e7ado em UTIs. Os projetos envolvem caracteriza\u00e7\u00e3o din\u00e2mica de cateteres, detec\u00e7\u00e3o autom\u00e1tica de flushs, avalia\u00e7\u00e3o da qualidade do sinal, simula\u00e7\u00f5es de sistemas cateter-transdutor e desenvolvimento de algoritmos capazes de estimar par\u00e2metros como frequ\u00eancia natural e amortecimento. O objetivo \u00e9 transformar a PAI, j\u00e1 amplamente dispon\u00edvel no ambiente cl\u00ednico, em uma ferramenta mais robusta para avalia\u00e7\u00e3o da confiabilidade do sinal e extra\u00e7\u00e3o de informa\u00e7\u00f5es fisiol\u00f3gicas relevantes.<\/p><p data-start=\"2817\" data-end=\"3310\" data-is-last-node=\"\" data-is-only-node=\"\">\u00a0<\/p>\t\t\t\t\t\t<\/div>\n\t\t\t\t<\/div>\n\t\t\t\t\t<\/div>\n\t\t<\/div>\n\t\t\t\t\t<\/div>\n\t\t<\/section>\n\t\t\t\t<section class=\"elementor-section elementor-top-section elementor-element elementor-element-9bcb27a elementor-section-boxed elementor-section-height-default elementor-section-height-default\" data-id=\"9bcb27a\" data-element_type=\"section\">\n\t\t\t\t\t\t<div class=\"elementor-container elementor-column-gap-default\">\n\t\t\t\t\t<div class=\"elementor-column elementor-col-100 elementor-top-column elementor-element elementor-element-196aaa7\" data-id=\"196aaa7\" data-element_type=\"column\">\n\t\t\t<div class=\"elementor-widget-wrap elementor-element-populated\">\n\t\t\t\t\t\t<div class=\"elementor-element elementor-element-03441a7 elementor-widget elementor-widget-image\" data-id=\"03441a7\" data-element_type=\"widget\" data-widget_type=\"image.default\">\n\t\t\t\t<div class=\"elementor-widget-container\">\n\t\t\t\t\t\t\t\t\t\t\t\t\t<img decoding=\"async\" width=\"525\" height=\"350\" src=\"https:\/\/sites.usp.br\/care\/wp-content\/uploads\/sites\/1819\/2026\/04\/ChatGPT-Image-28-de-abr.-de-2026-18_37_23-1024x683.png\" class=\"attachment-large size-large wp-image-79\" alt=\"\" srcset=\"https:\/\/sites.usp.br\/care\/wp-content\/uploads\/sites\/1819\/2026\/04\/ChatGPT-Image-28-de-abr.-de-2026-18_37_23-1024x683.png 1024w, https:\/\/sites.usp.br\/care\/wp-content\/uploads\/sites\/1819\/2026\/04\/ChatGPT-Image-28-de-abr.-de-2026-18_37_23-300x200.png 300w, https:\/\/sites.usp.br\/care\/wp-content\/uploads\/sites\/1819\/2026\/04\/ChatGPT-Image-28-de-abr.-de-2026-18_37_23-768x512.png 768w, https:\/\/sites.usp.br\/care\/wp-content\/uploads\/sites\/1819\/2026\/04\/ChatGPT-Image-28-de-abr.-de-2026-18_37_23.png 1536w\" sizes=\"100vw\" \/>\t\t\t\t\t\t\t\t\t\t\t\t\t<\/div>\n\t\t\t\t<\/div>\n\t\t\t\t\t<\/div>\n\t\t<\/div>\n\t\t\t\t\t<\/div>\n\t\t<\/section>\n\t\t\t\t<section class=\"elementor-section elementor-top-section elementor-element elementor-element-c39bebd elementor-section-boxed elementor-section-height-default elementor-section-height-default\" data-id=\"c39bebd\" data-element_type=\"section\">\n\t\t\t\t\t\t<div class=\"elementor-container elementor-column-gap-default\">\n\t\t\t\t\t<div class=\"elementor-column elementor-col-100 elementor-top-column elementor-element elementor-element-9d2857a\" data-id=\"9d2857a\" data-element_type=\"column\">\n\t\t\t<div class=\"elementor-widget-wrap elementor-element-populated\">\n\t\t\t\t\t\t<div class=\"elementor-element elementor-element-273d96c elementor-widget elementor-widget-text-editor\" data-id=\"273d96c\" data-element_type=\"widget\" data-widget_type=\"text-editor.default\">\n\t\t\t\t<div class=\"elementor-widget-container\">\n\t\t\t\t\t\t\t<h3 class=\"western\"><strong>Tecnologias cordless<\/strong><\/h3><p>Esta linha explora tecnologias de monitoramento <strong>sem contato ou com m\u00ednima instrumenta\u00e7\u00e3o<\/strong>, voltadas a reduzir cabos, sensores aderidos ao paciente e interfer\u00eancias no cuidado cl\u00ednico. Inclui estudos com fotopletismografia remota por v\u00eddeo, an\u00e1lise de regi\u00f5es de interesse faciais, estimativa de frequ\u00eancia respirat\u00f3ria, avalia\u00e7\u00e3o de seda\u00e7\u00e3o por imagem, termografia e sensores baseados em radar ou outras tecnologias \u00f3pticas. A proposta \u00e9 investigar quais m\u00e9todos s\u00e3o tecnicamente vi\u00e1veis, clinicamente \u00fateis e suficientemente robustos para uso em pacientes cr\u00edticos.<\/p>\t\t\t\t\t\t<\/div>\n\t\t\t\t<\/div>\n\t\t\t\t\t<\/div>\n\t\t<\/div>\n\t\t\t\t\t<\/div>\n\t\t<\/section>\n\t\t\t\t<section class=\"elementor-section elementor-top-section elementor-element elementor-element-fa048a1 elementor-section-boxed elementor-section-height-default elementor-section-height-default\" data-id=\"fa048a1\" data-element_type=\"section\">\n\t\t\t\t\t\t<div class=\"elementor-container elementor-column-gap-default\">\n\t\t\t\t\t<div class=\"elementor-column elementor-col-100 elementor-top-column elementor-element elementor-element-eb00fd3\" data-id=\"eb00fd3\" data-element_type=\"column\">\n\t\t\t<div class=\"elementor-widget-wrap elementor-element-populated\">\n\t\t\t\t\t\t<div class=\"elementor-element elementor-element-6911721 elementor-widget elementor-widget-image\" data-id=\"6911721\" data-element_type=\"widget\" data-widget_type=\"image.default\">\n\t\t\t\t<div class=\"elementor-widget-container\">\n\t\t\t\t\t\t\t\t\t\t\t\t\t<img decoding=\"async\" width=\"525\" height=\"350\" src=\"https:\/\/sites.usp.br\/care\/wp-content\/uploads\/sites\/1819\/2026\/04\/ChatGPT-Image-28-de-abr.-de-2026-18_38_41-1024x683.png\" class=\"attachment-large size-large wp-image-80\" alt=\"\" srcset=\"https:\/\/sites.usp.br\/care\/wp-content\/uploads\/sites\/1819\/2026\/04\/ChatGPT-Image-28-de-abr.-de-2026-18_38_41-1024x683.png 1024w, https:\/\/sites.usp.br\/care\/wp-content\/uploads\/sites\/1819\/2026\/04\/ChatGPT-Image-28-de-abr.-de-2026-18_38_41-300x200.png 300w, https:\/\/sites.usp.br\/care\/wp-content\/uploads\/sites\/1819\/2026\/04\/ChatGPT-Image-28-de-abr.-de-2026-18_38_41-768x512.png 768w, https:\/\/sites.usp.br\/care\/wp-content\/uploads\/sites\/1819\/2026\/04\/ChatGPT-Image-28-de-abr.-de-2026-18_38_41.png 1536w\" sizes=\"100vw\" \/>\t\t\t\t\t\t\t\t\t\t\t\t\t<\/div>\n\t\t\t\t<\/div>\n\t\t\t\t\t<\/div>\n\t\t<\/div>\n\t\t\t\t\t<\/div>\n\t\t<\/section>\n\t\t\t\t<section class=\"elementor-section elementor-top-section elementor-element elementor-element-98f631e elementor-section-boxed elementor-section-height-default elementor-section-height-default\" data-id=\"98f631e\" data-element_type=\"section\">\n\t\t\t\t\t\t<div class=\"elementor-container elementor-column-gap-default\">\n\t\t\t\t\t<div class=\"elementor-column elementor-col-100 elementor-top-column elementor-element elementor-element-0da71ad\" data-id=\"0da71ad\" data-element_type=\"column\">\n\t\t\t<div class=\"elementor-widget-wrap elementor-element-populated\">\n\t\t\t\t\t\t<div class=\"elementor-element elementor-element-22cd6ea elementor-widget elementor-widget-text-editor\" data-id=\"22cd6ea\" data-element_type=\"widget\" data-widget_type=\"text-editor.default\">\n\t\t\t\t<div class=\"elementor-widget-container\">\n\t\t\t\t\t\t\t<h3 class=\"western\"><strong>Modelos computacionais<\/strong><\/h3><p>Esta linha desenvolve modelos matem\u00e1ticos e computacionais do sistema cardiovascular e de condi\u00e7\u00f5es cl\u00ednicas cr\u00edticas, como o choque s\u00e9ptico. O foco \u00e9 simular altera\u00e7\u00f5es hemodin\u00e2micas, distribui\u00e7\u00e3o de fluxo sangu\u00edneo, resposta a interven\u00e7\u00f5es terap\u00eauticas e efeitos de drogas vasoativas. Esses modelos permitem testar hip\u00f3teses fisiol\u00f3gicas, explorar cen\u00e1rios que seriam dif\u00edceis de estudar diretamente em pacientes e apoiar o desenvolvimento de ferramentas computacionais para ensino, pesquisa e tomada de decis\u00e3o cl\u00ednica.<\/p>\t\t\t\t\t\t<\/div>\n\t\t\t\t<\/div>\n\t\t\t\t\t<\/div>\n\t\t<\/div>\n\t\t\t\t\t<\/div>\n\t\t<\/section>\n\t\t\t\t<section class=\"elementor-section elementor-top-section elementor-element elementor-element-cfbae79 elementor-section-boxed elementor-section-height-default elementor-section-height-default\" data-id=\"cfbae79\" data-element_type=\"section\">\n\t\t\t\t\t\t<div class=\"elementor-container elementor-column-gap-default\">\n\t\t\t\t\t<div class=\"elementor-column elementor-col-100 elementor-top-column elementor-element elementor-element-dd0c415\" data-id=\"dd0c415\" data-element_type=\"column\">\n\t\t\t<div class=\"elementor-widget-wrap elementor-element-populated\">\n\t\t\t\t\t\t<div class=\"elementor-element elementor-element-68ba61e elementor-widget elementor-widget-image\" data-id=\"68ba61e\" data-element_type=\"widget\" data-widget_type=\"image.default\">\n\t\t\t\t<div class=\"elementor-widget-container\">\n\t\t\t\t\t\t\t\t\t\t\t\t\t<img loading=\"lazy\" decoding=\"async\" width=\"525\" height=\"350\" src=\"https:\/\/sites.usp.br\/care\/wp-content\/uploads\/sites\/1819\/2026\/04\/ChatGPT-Image-28-de-abr.-de-2026-18_40_57-1024x683.png\" class=\"attachment-large size-large wp-image-81\" alt=\"\" srcset=\"https:\/\/sites.usp.br\/care\/wp-content\/uploads\/sites\/1819\/2026\/04\/ChatGPT-Image-28-de-abr.-de-2026-18_40_57-1024x683.png 1024w, https:\/\/sites.usp.br\/care\/wp-content\/uploads\/sites\/1819\/2026\/04\/ChatGPT-Image-28-de-abr.-de-2026-18_40_57-300x200.png 300w, https:\/\/sites.usp.br\/care\/wp-content\/uploads\/sites\/1819\/2026\/04\/ChatGPT-Image-28-de-abr.-de-2026-18_40_57-768x512.png 768w, https:\/\/sites.usp.br\/care\/wp-content\/uploads\/sites\/1819\/2026\/04\/ChatGPT-Image-28-de-abr.-de-2026-18_40_57.png 1536w\" sizes=\"100vw\" \/>\t\t\t\t\t\t\t\t\t\t\t\t\t<\/div>\n\t\t\t\t<\/div>\n\t\t\t\t\t<\/div>\n\t\t<\/div>\n\t\t\t\t\t<\/div>\n\t\t<\/section>\n\t\t\t\t<section class=\"elementor-section elementor-top-section elementor-element elementor-element-cc6920c elementor-section-boxed elementor-section-height-default elementor-section-height-default\" data-id=\"cc6920c\" data-element_type=\"section\">\n\t\t\t\t\t\t<div class=\"elementor-container elementor-column-gap-default\">\n\t\t\t\t\t<div class=\"elementor-column elementor-col-100 elementor-top-column elementor-element elementor-element-6f661bf\" data-id=\"6f661bf\" data-element_type=\"column\">\n\t\t\t<div class=\"elementor-widget-wrap elementor-element-populated\">\n\t\t\t\t\t\t<div class=\"elementor-element elementor-element-d9a3b6d elementor-widget elementor-widget-text-editor\" data-id=\"d9a3b6d\" data-element_type=\"widget\" data-widget_type=\"text-editor.default\">\n\t\t\t\t<div class=\"elementor-widget-container\">\n\t\t\t\t\t\t\t<h3 class=\"western\"><strong>LLMs em UTIs<\/strong><\/h3><p>Esta linha avalia o potencial de <strong>modelos de linguagem de grande escala<\/strong> no contexto da terapia intensiva. Os projetos investigam a capacidade desses modelos de interpretar informa\u00e7\u00f5es cl\u00ednicas, apoiar racioc\u00ednio diagn\u00f3stico, sugerir condutas e auxiliar na organiza\u00e7\u00e3o de dados complexos da UTI. O foco n\u00e3o \u00e9 substituir a equipe cl\u00ednica, mas estudar de forma cr\u00edtica, validada e segura como essas ferramentas podem contribuir para an\u00e1lise, triagem, documenta\u00e7\u00e3o, educa\u00e7\u00e3o e suporte \u00e0 decis\u00e3o em ambientes de alta complexidade.<\/p>\t\t\t\t\t\t<\/div>\n\t\t\t\t<\/div>\n\t\t\t\t\t<\/div>\n\t\t<\/div>\n\t\t\t\t\t<\/div>\n\t\t<\/section>\n\t\t\t\t<section class=\"elementor-section elementor-top-section elementor-element elementor-element-c948b2a elementor-section-boxed elementor-section-height-default elementor-section-height-default\" data-id=\"c948b2a\" data-element_type=\"section\">\n\t\t\t\t\t\t<div class=\"elementor-container elementor-column-gap-default\">\n\t\t\t\t\t<div class=\"elementor-column elementor-col-100 elementor-top-column elementor-element elementor-element-dc11416\" data-id=\"dc11416\" data-element_type=\"column\">\n\t\t\t<div class=\"elementor-widget-wrap elementor-element-populated\">\n\t\t\t\t\t\t<div class=\"elementor-element elementor-element-d7afc3a elementor-widget elementor-widget-image\" data-id=\"d7afc3a\" data-element_type=\"widget\" data-widget_type=\"image.default\">\n\t\t\t\t<div class=\"elementor-widget-container\">\n\t\t\t\t\t\t\t\t\t\t\t\t\t<img loading=\"lazy\" decoding=\"async\" width=\"525\" height=\"350\" src=\"https:\/\/sites.usp.br\/care\/wp-content\/uploads\/sites\/1819\/2026\/04\/ChatGPT-Image-28-de-abr.-de-2026-18_47_10-1024x683.png\" class=\"attachment-large size-large wp-image-89\" alt=\"\" srcset=\"https:\/\/sites.usp.br\/care\/wp-content\/uploads\/sites\/1819\/2026\/04\/ChatGPT-Image-28-de-abr.-de-2026-18_47_10-1024x683.png 1024w, https:\/\/sites.usp.br\/care\/wp-content\/uploads\/sites\/1819\/2026\/04\/ChatGPT-Image-28-de-abr.-de-2026-18_47_10-300x200.png 300w, https:\/\/sites.usp.br\/care\/wp-content\/uploads\/sites\/1819\/2026\/04\/ChatGPT-Image-28-de-abr.-de-2026-18_47_10-768x512.png 768w, https:\/\/sites.usp.br\/care\/wp-content\/uploads\/sites\/1819\/2026\/04\/ChatGPT-Image-28-de-abr.-de-2026-18_47_10.png 1536w\" sizes=\"100vw\" \/>\t\t\t\t\t\t\t\t\t\t\t\t\t<\/div>\n\t\t\t\t<\/div>\n\t\t\t\t\t<\/div>\n\t\t<\/div>\n\t\t\t\t\t<\/div>\n\t\t<\/section>\n\t\t\t\t<section class=\"elementor-section elementor-top-section elementor-element elementor-element-f92ba1d elementor-section-boxed elementor-section-height-default elementor-section-height-default\" data-id=\"f92ba1d\" data-element_type=\"section\">\n\t\t\t\t\t\t<div class=\"elementor-container elementor-column-gap-default\">\n\t\t\t\t\t<div class=\"elementor-column elementor-col-100 elementor-top-column elementor-element elementor-element-0f5a964\" data-id=\"0f5a964\" data-element_type=\"column\">\n\t\t\t<div class=\"elementor-widget-wrap elementor-element-populated\">\n\t\t\t\t\t\t<div class=\"elementor-element elementor-element-b396f40 elementor-widget elementor-widget-text-editor\" data-id=\"b396f40\" data-element_type=\"widget\" data-widget_type=\"text-editor.default\">\n\t\t\t\t<div class=\"elementor-widget-container\">\n\t\t\t\t\t\t\t<h3 class=\"western\"><strong>Banco de dados<\/strong><\/h3><p>Esta linha estrutura a cria\u00e7\u00e3o, curadoria e an\u00e1lise de bancos de dados fisiol\u00f3gicos e cl\u00ednicos de pacientes cr\u00edticos. Envolve dados coletados no Hospital Universit\u00e1rio, bases p\u00fablicas como VitalDB e MIMIC, al\u00e9m de bancos sint\u00e9ticos gerados por simula\u00e7\u00f5es computacionais. O objetivo \u00e9 construir datasets confi\u00e1veis para treinamento e valida\u00e7\u00e3o de algoritmos, estudos de sinais fisiol\u00f3gicos, detec\u00e7\u00e3o autom\u00e1tica de eventos e desenvolvimento de modelos preditivos ou explicativos aplicados \u00e0 UTI.<\/p>\t\t\t\t\t\t<\/div>\n\t\t\t\t<\/div>\n\t\t\t\t\t<\/div>\n\t\t<\/div>\n\t\t\t\t\t<\/div>\n\t\t<\/section>\n\t\t\t\t<\/div>\n\t\t","protected":false},"excerpt":{"rendered":"<p>Sistemas de PAI Esta linha investiga o uso da press\u00e3o arterial invasiva como fonte de informa\u00e7\u00e3o para monitoramento hemodin\u00e2mico avan\u00e7ado em UTIs. Os projetos envolvem caracteriza\u00e7\u00e3o din\u00e2mica de cateteres, detec\u00e7\u00e3o autom\u00e1tica de flushs, avalia\u00e7\u00e3o da qualidade do sinal, simula\u00e7\u00f5es de sistemas cateter-transdutor e desenvolvimento de algoritmos capazes de estimar par\u00e2metros como frequ\u00eancia natural e amortecimento. &hellip; <\/p>\n<p class=\"link-more\"><a href=\"https:\/\/sites.usp.br\/care\/pesquisas\/\" class=\"more-link\">Continue lendo<span class=\"screen-reader-text\"> &#8220;Pesquisas&#8221;<\/span><\/a><\/p>\n","protected":false},"author":25236,"featured_media":0,"parent":0,"menu_order":0,"comment_status":"closed","ping_status":"closed","template":"","meta":{"footnotes":"","_links_to":"","_links_to_target":""},"class_list":["post-25","page","type-page","status-publish","hentry"],"_links":{"self":[{"href":"https:\/\/sites.usp.br\/care\/wp-json\/wp\/v2\/pages\/25","targetHints":{"allow":["GET"]}}],"collection":[{"href":"https:\/\/sites.usp.br\/care\/wp-json\/wp\/v2\/pages"}],"about":[{"href":"https:\/\/sites.usp.br\/care\/wp-json\/wp\/v2\/types\/page"}],"author":[{"embeddable":true,"href":"https:\/\/sites.usp.br\/care\/wp-json\/wp\/v2\/users\/25236"}],"replies":[{"embeddable":true,"href":"https:\/\/sites.usp.br\/care\/wp-json\/wp\/v2\/comments?post=25"}],"version-history":[{"count":4,"href":"https:\/\/sites.usp.br\/care\/wp-json\/wp\/v2\/pages\/25\/revisions"}],"predecessor-version":[{"id":95,"href":"https:\/\/sites.usp.br\/care\/wp-json\/wp\/v2\/pages\/25\/revisions\/95"}],"wp:attachment":[{"href":"https:\/\/sites.usp.br\/care\/wp-json\/wp\/v2\/media?parent=25"}],"curies":[{"name":"wp","href":"https:\/\/api.w.org\/{rel}","templated":true}]}}