{"id":43,"date":"2026-04-28T18:07:52","date_gmt":"2026-04-28T21:07:52","guid":{"rendered":"https:\/\/sites.usp.br\/care\/?page_id=43"},"modified":"2026-04-29T11:45:59","modified_gmt":"2026-04-29T14:45:59","slug":"inicio","status":"publish","type":"page","link":"https:\/\/sites.usp.br\/care\/","title":{"rendered":"In\u00edcio"},"content":{"rendered":"\t\t<div data-elementor-type=\"wp-page\" data-elementor-id=\"43\" class=\"elementor elementor-43\">\n\t\t\t\t\t\t<section class=\"elementor-section elementor-top-section elementor-element elementor-element-3e894b6 elementor-section-boxed elementor-section-height-default elementor-section-height-default\" data-id=\"3e894b6\" data-element_type=\"section\">\n\t\t\t\t\t\t<div class=\"elementor-container elementor-column-gap-default\">\n\t\t\t\t\t<div class=\"elementor-column elementor-col-100 elementor-top-column elementor-element elementor-element-c9d814e\" data-id=\"c9d814e\" data-element_type=\"column\">\n\t\t\t<div class=\"elementor-widget-wrap elementor-element-populated\">\n\t\t\t\t\t\t<div class=\"elementor-element elementor-element-0054b22 elementor-widget elementor-widget-text-editor\" data-id=\"0054b22\" data-element_type=\"widget\" data-widget_type=\"text-editor.default\">\n\t\t\t\t<div class=\"elementor-widget-container\">\n\t\t\t\t\t\t\t<p style=\"text-align: left;\" data-start=\"39\" data-end=\"212\"><strong data-start=\"39\" data-end=\"60\">Critical CARE USP<\/strong> \u00e9 um grupo de pesquisa em tecnologias para cuidados intensivos da <strong data-start=\"137\" data-end=\"211\">Engenharia El\u00e9trica da Escola Polit\u00e9cnica da Universidade de S\u00e3o Paulo (USP)<\/strong>.<\/p><p style=\"text-align: left;\" data-start=\"214\" data-end=\"540\">Pertencemos ao <strong data-start=\"229\" data-end=\"292\">Departamento de Engenharia de Comunica\u00e7\u00f5es e Controle (PTC)<\/strong> e integramos o <strong data-start=\"308\" data-end=\"347\">Laborat\u00f3rio de Engenharia Biom\u00e9dica (LEB)<\/strong>. Nossa atua\u00e7\u00e3o combina engenharia, instrumenta\u00e7\u00e3o biom\u00e9dica, processamento de sinais fisiol\u00f3gicos, ci\u00eancia de dados e colabora\u00e7\u00e3o cl\u00ednica para desenvolver solu\u00e7\u00f5es voltadas ao ambiente de UTI.<\/p><p style=\"text-align: left;\" data-start=\"542\" data-end=\"941\">O grupo tem como foco o estudo, desenvolvimento e valida\u00e7\u00e3o de tecnologias capazes de melhorar o monitoramento de pacientes cr\u00edticos. Trabalhamos com press\u00e3o arterial invasiva, tecnologias sem contato, modelos computacionais, modelos de linguagem, intelig\u00eancia artificial e bancos de dados cl\u00ednicos, sempre buscando aproximar a pesquisa acad\u00eamica dos desafios reais encontrados no cuidado intensivo.<\/p><p style=\"text-align: left;\" data-start=\"943\" data-end=\"1336\" data-is-last-node=\"\" data-is-only-node=\"\">Nossa miss\u00e3o \u00e9 formar alunos, produzir conhecimento cient\u00edfico e desenvolver ferramentas tecnol\u00f3gicas que contribuam para uma UTI mais monitorada, inteligente, segura e orientada por dados. O <strong data-start=\"1135\" data-end=\"1156\">Critical CARE USP<\/strong> nasce da integra\u00e7\u00e3o entre engenharia e medicina, com o objetivo de transformar sinais fisiol\u00f3gicos e dados cl\u00ednicos em conhecimento \u00fatil para pesquisa, ensino e inova\u00e7\u00e3o em sa\u00fade.<\/p>\t\t\t\t\t\t<\/div>\n\t\t\t\t<\/div>\n\t\t\t\t\t<\/div>\n\t\t<\/div>\n\t\t\t\t\t<\/div>\n\t\t<\/section>\n\t\t\t\t<section class=\"elementor-section elementor-top-section elementor-element elementor-element-89345d6 elementor-section-boxed elementor-section-height-default elementor-section-height-default\" data-id=\"89345d6\" data-element_type=\"section\">\n\t\t\t\t\t\t<div class=\"elementor-container elementor-column-gap-default\">\n\t\t\t\t\t<div class=\"elementor-column elementor-col-100 elementor-top-column elementor-element elementor-element-76a3405\" data-id=\"76a3405\" data-element_type=\"column\">\n\t\t\t<div class=\"elementor-widget-wrap elementor-element-populated\">\n\t\t\t\t\t\t<div class=\"elementor-element elementor-element-d14a9ff elementor-widget elementor-widget-image\" data-id=\"d14a9ff\" data-element_type=\"widget\" data-widget_type=\"image.default\">\n\t\t\t\t<div class=\"elementor-widget-container\">\n\t\t\t\t\t\t\t\t\t\t\t\t\t\t<a href=\"https:\/\/www.poli.usp.br\/\">\n\t\t\t\t\t\t\t<img decoding=\"async\" width=\"525\" height=\"94\" src=\"https:\/\/sites.usp.br\/care\/wp-content\/uploads\/sites\/1819\/2026\/04\/EP-Escrita-1024x184.jpg\" class=\"attachment-large size-large wp-image-106\" alt=\"\" srcset=\"https:\/\/sites.usp.br\/care\/wp-content\/uploads\/sites\/1819\/2026\/04\/EP-Escrita-1024x184.jpg 1024w, https:\/\/sites.usp.br\/care\/wp-content\/uploads\/sites\/1819\/2026\/04\/EP-Escrita-300x54.jpg 300w, https:\/\/sites.usp.br\/care\/wp-content\/uploads\/sites\/1819\/2026\/04\/EP-Escrita-768x138.jpg 768w, https:\/\/sites.usp.br\/care\/wp-content\/uploads\/sites\/1819\/2026\/04\/EP-Escrita.jpg 1516w\" sizes=\"100vw\" \/>\t\t\t\t\t\t\t\t<\/a>\n\t\t\t\t\t\t\t\t\t\t\t\t\t<\/div>\n\t\t\t\t<\/div>\n\t\t\t\t\t<\/div>\n\t\t<\/div>\n\t\t\t\t\t<\/div>\n\t\t<\/section>\n\t\t\t\t<section class=\"elementor-section elementor-top-section elementor-element elementor-element-4de7fd9 elementor-section-boxed elementor-section-height-default elementor-section-height-default\" data-id=\"4de7fd9\" data-element_type=\"section\">\n\t\t\t\t\t\t<div class=\"elementor-container elementor-column-gap-default\">\n\t\t\t\t\t<div class=\"elementor-column elementor-col-100 elementor-top-column elementor-element elementor-element-a4f0a59\" data-id=\"a4f0a59\" data-element_type=\"column\">\n\t\t\t<div class=\"elementor-widget-wrap elementor-element-populated\">\n\t\t\t\t\t\t<div class=\"elementor-element elementor-element-b0a3943 elementor-widget elementor-widget-image\" data-id=\"b0a3943\" data-element_type=\"widget\" data-widget_type=\"image.default\">\n\t\t\t\t<div class=\"elementor-widget-container\">\n\t\t\t\t\t\t\t\t\t\t\t\t\t\t<a href=\"https:\/\/sites.usp.br\/leb\/\">\n\t\t\t\t\t\t\t<img fetchpriority=\"high\" decoding=\"async\" width=\"525\" height=\"462\" src=\"https:\/\/sites.usp.br\/care\/wp-content\/uploads\/sites\/1819\/2026\/04\/LogoLEB-1024x901.png\" class=\"attachment-large size-large wp-image-119\" alt=\"\" srcset=\"https:\/\/sites.usp.br\/care\/wp-content\/uploads\/sites\/1819\/2026\/04\/LogoLEB-1024x901.png 1024w, https:\/\/sites.usp.br\/care\/wp-content\/uploads\/sites\/1819\/2026\/04\/LogoLEB-300x264.png 300w, https:\/\/sites.usp.br\/care\/wp-content\/uploads\/sites\/1819\/2026\/04\/LogoLEB-768x676.png 768w, https:\/\/sites.usp.br\/care\/wp-content\/uploads\/sites\/1819\/2026\/04\/LogoLEB-1536x1352.png 1536w, https:\/\/sites.usp.br\/care\/wp-content\/uploads\/sites\/1819\/2026\/04\/LogoLEB-2048x1803.png 2048w\" sizes=\"100vw\" \/>\t\t\t\t\t\t\t\t<\/a>\n\t\t\t\t\t\t\t\t\t\t\t\t\t<\/div>\n\t\t\t\t<\/div>\n\t\t\t\t\t<\/div>\n\t\t<\/div>\n\t\t\t\t\t<\/div>\n\t\t<\/section>\n\t\t\t\t<section class=\"elementor-section elementor-top-section elementor-element elementor-element-212f568 elementor-section-boxed elementor-section-height-default elementor-section-height-default\" data-id=\"212f568\" data-element_type=\"section\">\n\t\t\t\t\t\t<div class=\"elementor-container elementor-column-gap-default\">\n\t\t\t\t\t<div class=\"elementor-column elementor-col-100 elementor-top-column elementor-element elementor-element-12eba16\" data-id=\"12eba16\" data-element_type=\"column\">\n\t\t\t<div class=\"elementor-widget-wrap elementor-element-populated\">\n\t\t\t\t\t\t<div class=\"elementor-element elementor-element-50fe48c elementor-widget elementor-widget-text-editor\" data-id=\"50fe48c\" data-element_type=\"widget\" data-widget_type=\"text-editor.default\">\n\t\t\t\t<div class=\"elementor-widget-container\">\n\t\t\t\t\t\t\t<p><em>Nossas redes:<\/em><\/p>\t\t\t\t\t\t<\/div>\n\t\t\t\t<\/div>\n\t\t\t\t\t<\/div>\n\t\t<\/div>\n\t\t\t\t\t<\/div>\n\t\t<\/section>\n\t\t\t\t<section class=\"elementor-section elementor-top-section elementor-element elementor-element-c83aede elementor-section-boxed elementor-section-height-default elementor-section-height-default\" data-id=\"c83aede\" data-element_type=\"section\">\n\t\t\t\t\t\t<div class=\"elementor-container elementor-column-gap-default\">\n\t\t\t\t\t<div class=\"elementor-column elementor-col-100 elementor-top-column elementor-element elementor-element-0310c6b\" data-id=\"0310c6b\" data-element_type=\"column\">\n\t\t\t<div class=\"elementor-widget-wrap elementor-element-populated\">\n\t\t\t\t\t\t<div class=\"elementor-element elementor-element-5cd232d elementor-widget elementor-widget-image\" data-id=\"5cd232d\" data-element_type=\"widget\" data-widget_type=\"image.default\">\n\t\t\t\t<div class=\"elementor-widget-container\">\n\t\t\t\t\t\t\t\t\t\t\t\t\t\t<a href=\"https:\/\/www.instagram.com\/monitorcare\/\">\n\t\t\t\t\t\t\t<img decoding=\"async\" width=\"225\" height=\"225\" src=\"https:\/\/sites.usp.br\/care\/wp-content\/uploads\/sites\/1819\/2026\/04\/Sem-titulo.jpg\" class=\"attachment-large size-large wp-image-136\" alt=\"\" srcset=\"https:\/\/sites.usp.br\/care\/wp-content\/uploads\/sites\/1819\/2026\/04\/Sem-titulo.jpg 225w, https:\/\/sites.usp.br\/care\/wp-content\/uploads\/sites\/1819\/2026\/04\/Sem-titulo-150x150.jpg 150w, https:\/\/sites.usp.br\/care\/wp-content\/uploads\/sites\/1819\/2026\/04\/Sem-titulo-100x100.jpg 100w, https:\/\/sites.usp.br\/care\/wp-content\/uploads\/sites\/1819\/2026\/04\/Sem-titulo-45x45.jpg 45w\" sizes=\"100vw\" \/>\t\t\t\t\t\t\t\t<\/a>\n\t\t\t\t\t\t\t\t\t\t\t\t\t<\/div>\n\t\t\t\t<\/div>\n\t\t\t\t\t<\/div>\n\t\t<\/div>\n\t\t\t\t\t<\/div>\n\t\t<\/section>\n\t\t\t\t<\/div>\n\t\t","protected":false},"excerpt":{"rendered":"<p>Critical CARE USP \u00e9 um grupo de pesquisa em tecnologias para cuidados intensivos da Engenharia El\u00e9trica da Escola Polit\u00e9cnica da Universidade de S\u00e3o Paulo (USP). Pertencemos ao Departamento de Engenharia de Comunica\u00e7\u00f5es e Controle (PTC) e integramos o Laborat\u00f3rio de Engenharia Biom\u00e9dica (LEB). Nossa atua\u00e7\u00e3o combina engenharia, instrumenta\u00e7\u00e3o biom\u00e9dica, processamento de sinais fisiol\u00f3gicos, ci\u00eancia de &hellip; <\/p>\n<p class=\"link-more\"><a href=\"https:\/\/sites.usp.br\/care\/\" class=\"more-link\">Continue lendo<span class=\"screen-reader-text\"> &#8220;In\u00edcio&#8221;<\/span><\/a><\/p>\n","protected":false},"author":25236,"featured_media":0,"parent":0,"menu_order":0,"comment_status":"closed","ping_status":"closed","template":"","meta":{"footnotes":"","_links_to":"","_links_to_target":""},"class_list":["post-43","page","type-page","status-publish","hentry"],"_links":{"self":[{"href":"https:\/\/sites.usp.br\/care\/wp-json\/wp\/v2\/pages\/43","targetHints":{"allow":["GET"]}}],"collection":[{"href":"https:\/\/sites.usp.br\/care\/wp-json\/wp\/v2\/pages"}],"about":[{"href":"https:\/\/sites.usp.br\/care\/wp-json\/wp\/v2\/types\/page"}],"author":[{"embeddable":true,"href":"https:\/\/sites.usp.br\/care\/wp-json\/wp\/v2\/users\/25236"}],"replies":[{"embeddable":true,"href":"https:\/\/sites.usp.br\/care\/wp-json\/wp\/v2\/comments?post=43"}],"version-history":[{"count":4,"href":"https:\/\/sites.usp.br\/care\/wp-json\/wp\/v2\/pages\/43\/revisions"}],"predecessor-version":[{"id":140,"href":"https:\/\/sites.usp.br\/care\/wp-json\/wp\/v2\/pages\/43\/revisions\/140"}],"wp:attachment":[{"href":"https:\/\/sites.usp.br\/care\/wp-json\/wp\/v2\/media?parent=43"}],"curies":[{"name":"wp","href":"https:\/\/api.w.org\/{rel}","templated":true}]}}