{"id":51,"date":"2026-04-28T18:13:52","date_gmt":"2026-04-28T21:13:52","guid":{"rendered":"https:\/\/sites.usp.br\/care\/?page_id=51"},"modified":"2026-04-28T19:55:44","modified_gmt":"2026-04-28T22:55:44","slug":"parcerias","status":"publish","type":"page","link":"https:\/\/sites.usp.br\/care\/parcerias\/","title":{"rendered":"Parcerias"},"content":{"rendered":"\t\t<div data-elementor-type=\"wp-page\" data-elementor-id=\"51\" class=\"elementor elementor-51\">\n\t\t\t\t\t\t<section class=\"elementor-section elementor-top-section elementor-element elementor-element-8df22b9 elementor-section-boxed elementor-section-height-default elementor-section-height-default\" data-id=\"8df22b9\" data-element_type=\"section\">\n\t\t\t\t\t\t<div class=\"elementor-container elementor-column-gap-default\">\n\t\t\t\t\t<div class=\"elementor-column elementor-col-100 elementor-top-column elementor-element elementor-element-69013d9\" data-id=\"69013d9\" data-element_type=\"column\">\n\t\t\t<div class=\"elementor-widget-wrap elementor-element-populated\">\n\t\t\t\t\t\t<div class=\"elementor-element elementor-element-84c827d elementor-widget elementor-widget-image\" data-id=\"84c827d\" data-element_type=\"widget\" data-widget_type=\"image.default\">\n\t\t\t\t<div class=\"elementor-widget-container\">\n\t\t\t\t\t\t\t\t\t\t\t\t\t<img fetchpriority=\"high\" decoding=\"async\" width=\"240\" height=\"240\" src=\"https:\/\/sites.usp.br\/care\/wp-content\/uploads\/sites\/1819\/2026\/04\/e8731037-a7da-47f3-8d93-c91119e68a43.jpg\" class=\"attachment-large size-large wp-image-96\" alt=\"\" srcset=\"https:\/\/sites.usp.br\/care\/wp-content\/uploads\/sites\/1819\/2026\/04\/e8731037-a7da-47f3-8d93-c91119e68a43.jpg 240w, https:\/\/sites.usp.br\/care\/wp-content\/uploads\/sites\/1819\/2026\/04\/e8731037-a7da-47f3-8d93-c91119e68a43-150x150.jpg 150w, https:\/\/sites.usp.br\/care\/wp-content\/uploads\/sites\/1819\/2026\/04\/e8731037-a7da-47f3-8d93-c91119e68a43-100x100.jpg 100w, https:\/\/sites.usp.br\/care\/wp-content\/uploads\/sites\/1819\/2026\/04\/e8731037-a7da-47f3-8d93-c91119e68a43-45x45.jpg 45w\" sizes=\"100vw\" \/>\t\t\t\t\t\t\t\t\t\t\t\t\t<\/div>\n\t\t\t\t<\/div>\n\t\t\t\t\t<\/div>\n\t\t<\/div>\n\t\t\t\t\t<\/div>\n\t\t<\/section>\n\t\t\t\t<section class=\"elementor-section elementor-top-section elementor-element elementor-element-7abb704 elementor-section-boxed elementor-section-height-default elementor-section-height-default\" data-id=\"7abb704\" data-element_type=\"section\">\n\t\t\t\t\t\t<div class=\"elementor-container elementor-column-gap-default\">\n\t\t\t\t\t<div class=\"elementor-column elementor-col-100 elementor-top-column elementor-element elementor-element-0b798f4\" data-id=\"0b798f4\" data-element_type=\"column\">\n\t\t\t<div class=\"elementor-widget-wrap elementor-element-populated\">\n\t\t\t\t\t\t<div class=\"elementor-element elementor-element-4a0ecdb elementor-widget elementor-widget-text-editor\" data-id=\"4a0ecdb\" data-element_type=\"widget\" data-widget_type=\"text-editor.default\">\n\t\t\t\t<div class=\"elementor-widget-container\">\n\t\t\t\t\t\t\t<p data-start=\"37\" data-end=\"547\">O <strong data-start=\"39\" data-end=\"60\">Critical CARE USP<\/strong> mant\u00e9m uma rela\u00e7\u00e3o muito pr\u00f3xima com o <strong data-start=\"100\" data-end=\"155\">Hospital Universit\u00e1rio da Universidade de S\u00e3o Paulo (HU-USP)<\/strong>, especialmente por meio da parceria com o <strong data-start=\"198\" data-end=\"237\">Prof. Dr. Paolo Jos\u00e9 Cesare Biselli<\/strong>. Essa colabora\u00e7\u00e3o \u00e9 central para o grupo, pois permite que nossas pesquisas sejam orientadas por problemas reais do cuidado intensivo, aproximando a engenharia da pr\u00e1tica cl\u00ednica e favorecendo o desenvolvimento de tecnologias com maior relev\u00e2ncia para o ambiente hospitalar.<\/p><p data-start=\"549\" data-end=\"844\">\u00a0<\/p>\t\t\t\t\t\t<\/div>\n\t\t\t\t<\/div>\n\t\t\t\t\t<\/div>\n\t\t<\/div>\n\t\t\t\t\t<\/div>\n\t\t<\/section>\n\t\t\t\t<section class=\"elementor-section elementor-top-section elementor-element elementor-element-b4e3dc5 elementor-section-boxed elementor-section-height-default elementor-section-height-default\" data-id=\"b4e3dc5\" data-element_type=\"section\">\n\t\t\t\t\t\t<div class=\"elementor-container elementor-column-gap-default\">\n\t\t\t\t\t<div class=\"elementor-column elementor-col-100 elementor-top-column elementor-element elementor-element-1d7f46c\" data-id=\"1d7f46c\" data-element_type=\"column\">\n\t\t\t<div class=\"elementor-widget-wrap elementor-element-populated\">\n\t\t\t\t\t\t<div class=\"elementor-element elementor-element-fda18b6 elementor-widget elementor-widget-image\" data-id=\"fda18b6\" data-element_type=\"widget\" data-widget_type=\"image.default\">\n\t\t\t\t<div class=\"elementor-widget-container\">\n\t\t\t\t\t\t\t\t\t\t\t\t\t<img decoding=\"async\" width=\"525\" height=\"296\" src=\"https:\/\/sites.usp.br\/care\/wp-content\/uploads\/sites\/1819\/2026\/04\/70b856_aeb27a999985470faaabcd7361647682mv2-1024x577.png\" class=\"attachment-large size-large wp-image-97\" alt=\"\" srcset=\"https:\/\/sites.usp.br\/care\/wp-content\/uploads\/sites\/1819\/2026\/04\/70b856_aeb27a999985470faaabcd7361647682mv2-1024x577.png 1024w, https:\/\/sites.usp.br\/care\/wp-content\/uploads\/sites\/1819\/2026\/04\/70b856_aeb27a999985470faaabcd7361647682mv2-300x169.png 300w, https:\/\/sites.usp.br\/care\/wp-content\/uploads\/sites\/1819\/2026\/04\/70b856_aeb27a999985470faaabcd7361647682mv2-768x433.png 768w, https:\/\/sites.usp.br\/care\/wp-content\/uploads\/sites\/1819\/2026\/04\/70b856_aeb27a999985470faaabcd7361647682mv2-1536x866.png 1536w, https:\/\/sites.usp.br\/care\/wp-content\/uploads\/sites\/1819\/2026\/04\/70b856_aeb27a999985470faaabcd7361647682mv2-2048x1154.png 2048w, https:\/\/sites.usp.br\/care\/wp-content\/uploads\/sites\/1819\/2026\/04\/70b856_aeb27a999985470faaabcd7361647682mv2-310x174.png 310w\" sizes=\"100vw\" \/>\t\t\t\t\t\t\t\t\t\t\t\t\t<\/div>\n\t\t\t\t<\/div>\n\t\t\t\t\t<\/div>\n\t\t<\/div>\n\t\t\t\t\t<\/div>\n\t\t<\/section>\n\t\t\t\t<section class=\"elementor-section elementor-top-section elementor-element elementor-element-0f0d776 elementor-section-boxed elementor-section-height-default elementor-section-height-default\" data-id=\"0f0d776\" data-element_type=\"section\">\n\t\t\t\t\t\t<div class=\"elementor-container elementor-column-gap-default\">\n\t\t\t\t\t<div class=\"elementor-column elementor-col-100 elementor-top-column elementor-element elementor-element-7de439b\" data-id=\"7de439b\" data-element_type=\"column\">\n\t\t\t<div class=\"elementor-widget-wrap elementor-element-populated\">\n\t\t\t\t\t\t<div class=\"elementor-element elementor-element-6572be8 elementor-widget elementor-widget-text-editor\" data-id=\"6572be8\" data-element_type=\"widget\" data-widget_type=\"text-editor.default\">\n\t\t\t\t<div class=\"elementor-widget-container\">\n\t\t\t\t\t\t\t<p>As atividades do grupo contam ainda com o apoio do <strong data-start=\"897\" data-end=\"933\">Fundo Patrimonial Amigos da Poli<\/strong>, que tem contribu\u00eddo para viabilizar o avan\u00e7o das nossas pesquisas, especialmente na estrutura\u00e7\u00e3o de infraestrutura, coleta de dados, desenvolvimento tecnol\u00f3gico e forma\u00e7\u00e3o de alunos. Esse apoio \u00e9 essencial para transformar ideias de pesquisa em projetos concretos, capazes de aproximar universidade, hospital e sociedade.<\/p>\t\t\t\t\t\t<\/div>\n\t\t\t\t<\/div>\n\t\t\t\t\t<\/div>\n\t\t<\/div>\n\t\t\t\t\t<\/div>\n\t\t<\/section>\n\t\t\t\t<\/div>\n\t\t","protected":false},"excerpt":{"rendered":"<p>O Critical CARE USP mant\u00e9m uma rela\u00e7\u00e3o muito pr\u00f3xima com o Hospital Universit\u00e1rio da Universidade de S\u00e3o Paulo (HU-USP), especialmente por meio da parceria com o Prof. Dr. Paolo Jos\u00e9 Cesare Biselli. Essa colabora\u00e7\u00e3o \u00e9 central para o grupo, pois permite que nossas pesquisas sejam orientadas por problemas reais do cuidado intensivo, aproximando a engenharia &hellip; <\/p>\n<p class=\"link-more\"><a href=\"https:\/\/sites.usp.br\/care\/parcerias\/\" class=\"more-link\">Continue lendo<span class=\"screen-reader-text\"> &#8220;Parcerias&#8221;<\/span><\/a><\/p>\n","protected":false},"author":25236,"featured_media":0,"parent":0,"menu_order":0,"comment_status":"closed","ping_status":"closed","template":"","meta":{"footnotes":"","_links_to":"","_links_to_target":""},"class_list":["post-51","page","type-page","status-publish","hentry"],"_links":{"self":[{"href":"https:\/\/sites.usp.br\/care\/wp-json\/wp\/v2\/pages\/51","targetHints":{"allow":["GET"]}}],"collection":[{"href":"https:\/\/sites.usp.br\/care\/wp-json\/wp\/v2\/pages"}],"about":[{"href":"https:\/\/sites.usp.br\/care\/wp-json\/wp\/v2\/types\/page"}],"author":[{"embeddable":true,"href":"https:\/\/sites.usp.br\/care\/wp-json\/wp\/v2\/users\/25236"}],"replies":[{"embeddable":true,"href":"https:\/\/sites.usp.br\/care\/wp-json\/wp\/v2\/comments?post=51"}],"version-history":[{"count":4,"href":"https:\/\/sites.usp.br\/care\/wp-json\/wp\/v2\/pages\/51\/revisions"}],"predecessor-version":[{"id":125,"href":"https:\/\/sites.usp.br\/care\/wp-json\/wp\/v2\/pages\/51\/revisions\/125"}],"wp:attachment":[{"href":"https:\/\/sites.usp.br\/care\/wp-json\/wp\/v2\/media?parent=51"}],"curies":[{"name":"wp","href":"https:\/\/api.w.org\/{rel}","templated":true}]}}