{"id":337,"date":"2019-11-28T13:27:52","date_gmt":"2019-11-28T15:27:52","guid":{"rendered":"https:\/\/sites.usp.br\/carreiralab\/?page_id=337"},"modified":"2020-01-27T11:08:17","modified_gmt":"2020-01-27T13:08:17","slug":"graduandos","status":"publish","type":"page","link":"https:\/\/sites.usp.br\/carreiralab\/graduandos\/","title":{"rendered":"Graduandos"},"content":{"rendered":"<p>Programa Unificado de Bolsas (PUB\/USP):<\/p>\n<p><img loading=\"lazy\" decoding=\"async\" class=\"alignleft wp-image-493\" src=\"https:\/\/sites.usp.br\/carreiralab\/wp-content\/uploads\/sites\/629\/2020\/01\/20190921_104410.jpg\" alt=\"\" width=\"118\" height=\"140\" srcset=\"https:\/\/sites.usp.br\/carreiralab\/wp-content\/uploads\/sites\/629\/2020\/01\/20190921_104410.jpg 1706w, https:\/\/sites.usp.br\/carreiralab\/wp-content\/uploads\/sites\/629\/2020\/01\/20190921_104410-253x300.jpg 253w, https:\/\/sites.usp.br\/carreiralab\/wp-content\/uploads\/sites\/629\/2020\/01\/20190921_104410-862x1024.jpg 862w, https:\/\/sites.usp.br\/carreiralab\/wp-content\/uploads\/sites\/629\/2020\/01\/20190921_104410-768x912.jpg 768w, https:\/\/sites.usp.br\/carreiralab\/wp-content\/uploads\/sites\/629\/2020\/01\/20190921_104410-1293x1536.jpg 1293w, https:\/\/sites.usp.br\/carreiralab\/wp-content\/uploads\/sites\/629\/2020\/01\/20190921_104410-400x475.jpg 400w\" sizes=\"auto, (max-width: 118px) 100vw, 118px\" \/><\/p>\n<p>&nbsp;<\/p>\n<p>&nbsp;<\/p>\n<p>&nbsp;<\/p>\n<p>&nbsp;<\/p>\n<p>Eduardo William Pereira de Souza &#8211; Cultura e extens\u00e3o: Orienta\u00e7\u00e3o e informa\u00e7\u00e3o profissional. In\u00edcio: 2019.<\/p>\n<p><img loading=\"lazy\" decoding=\"async\" class=\"alignleft wp-image-494\" src=\"https:\/\/sites.usp.br\/carreiralab\/wp-content\/uploads\/sites\/629\/2020\/01\/isabelle.jpg\" alt=\"\" width=\"130\" height=\"130\" srcset=\"https:\/\/sites.usp.br\/carreiralab\/wp-content\/uploads\/sites\/629\/2020\/01\/isabelle.jpg 355w, https:\/\/sites.usp.br\/carreiralab\/wp-content\/uploads\/sites\/629\/2020\/01\/isabelle-300x300.jpg 300w, https:\/\/sites.usp.br\/carreiralab\/wp-content\/uploads\/sites\/629\/2020\/01\/isabelle-150x150.jpg 150w, https:\/\/sites.usp.br\/carreiralab\/wp-content\/uploads\/sites\/629\/2020\/01\/isabelle-160x160.jpg 160w, https:\/\/sites.usp.br\/carreiralab\/wp-content\/uploads\/sites\/629\/2020\/01\/isabelle-320x320.jpg 320w, https:\/\/sites.usp.br\/carreiralab\/wp-content\/uploads\/sites\/629\/2020\/01\/isabelle-45x45.jpg 45w, https:\/\/sites.usp.br\/carreiralab\/wp-content\/uploads\/sites\/629\/2020\/01\/isabelle-200x200.jpg 200w\" sizes=\"auto, (max-width: 130px) 100vw, 130px\" \/><\/p>\n<p>&nbsp;<\/p>\n<p>&nbsp;<\/p>\n<p>&nbsp;<\/p>\n<p>&nbsp;<\/p>\n<p>Isabelle Ribeiro Rodrigues &#8211; Inicia\u00e7\u00e3o Cient\u00edfica: Caracteriza\u00e7\u00e3o de programas de desenvolvimento de compet\u00eancias socioemocionais e de carreira. In\u00edcio: 2019.<\/p>\n<p>&nbsp;<\/p>\n","protected":false},"excerpt":{"rendered":"<p>Programa Unificado de Bolsas (PUB\/USP): &nbsp; &nbsp; &nbsp; &nbsp; Eduardo William Pereira de Souza &#8211; Cultura e extens\u00e3o: Orienta\u00e7\u00e3o e&#46;&#46;&#46;<\/p>\n","protected":false},"author":472,"featured_media":0,"parent":0,"menu_order":0,"comment_status":"closed","ping_status":"closed","template":"","meta":{"footnotes":"","_links_to":"","_links_to_target":""},"class_list":["post-337","page","type-page","status-publish","hentry"],"_links":{"self":[{"href":"https:\/\/sites.usp.br\/carreiralab\/wp-json\/wp\/v2\/pages\/337","targetHints":{"allow":["GET"]}}],"collection":[{"href":"https:\/\/sites.usp.br\/carreiralab\/wp-json\/wp\/v2\/pages"}],"about":[{"href":"https:\/\/sites.usp.br\/carreiralab\/wp-json\/wp\/v2\/types\/page"}],"author":[{"embeddable":true,"href":"https:\/\/sites.usp.br\/carreiralab\/wp-json\/wp\/v2\/users\/472"}],"replies":[{"embeddable":true,"href":"https:\/\/sites.usp.br\/carreiralab\/wp-json\/wp\/v2\/comments?post=337"}],"version-history":[{"count":5,"href":"https:\/\/sites.usp.br\/carreiralab\/wp-json\/wp\/v2\/pages\/337\/revisions"}],"predecessor-version":[{"id":501,"href":"https:\/\/sites.usp.br\/carreiralab\/wp-json\/wp\/v2\/pages\/337\/revisions\/501"}],"wp:attachment":[{"href":"https:\/\/sites.usp.br\/carreiralab\/wp-json\/wp\/v2\/media?parent=337"}],"curies":[{"name":"wp","href":"https:\/\/api.w.org\/{rel}","templated":true}]}}