{"id":398,"date":"2019-11-28T14:27:43","date_gmt":"2019-11-28T16:27:43","guid":{"rendered":"https:\/\/sites.usp.br\/carreiralab\/?page_id=398"},"modified":"2024-06-06T13:02:11","modified_gmt":"2024-06-06T15:02:11","slug":"mestrado","status":"publish","type":"page","link":"https:\/\/sites.usp.br\/carreiralab\/mestrado\/","title":{"rendered":"Mestrado"},"content":{"rendered":"<p>Ana Paula Resende Augusto. Impactos da pandemia na carreira de mulheres com filhos na primeira inf\u00e2ncia. In\u00edcio: 2020. Disserta\u00e7\u00e3o (Mestrado profissional em Psicologia) &#8211; Universidade de S\u00e3o Paulo. (Orientador).<\/p>\n<p>J\u00e9ssica Pierazzo de Oliveira Rodrigues. Rela\u00e7\u00f5es entre Compet\u00eancias Socioemocionais e Projetos de Vida de Adolescentes. In\u00edcio: 2022. Disserta\u00e7\u00e3o (Mestrado em Psicologia) &#8211; Universidade de S\u00e3o Paulo. (Orientador).<\/p>\n<p>Jo\u00e3o Gabriel de Paula. A rela\u00e7\u00e3o entre Projeto de Vida e o rendimento acad\u00eamico de alunos do Ensino M\u00e9dio. In\u00edcio: 2022. Disserta\u00e7\u00e3o (Mestrado em Psicologia) &#8211; Universidade de S\u00e3o Paulo. (Orientador).<\/p>\n<p>Caroline Okubo Barbosa de Morais. Trajet\u00f3rias de carreira em ocupa\u00e7\u00f5es mediadas pela tecnologia: Marketing, vendas e conte\u00fado. In\u00edcio: 2022. Disserta\u00e7\u00e3o (Mestrado em Psicologia) &#8211; Universidade de S\u00e3o Paulo. (Orientador).<\/p>\n<p>&nbsp;<\/p>\n<p>&nbsp;<\/p>\n","protected":false},"excerpt":{"rendered":"<p>Ana Paula Resende Augusto. Impactos da pandemia na carreira de mulheres com filhos na primeira inf\u00e2ncia. In\u00edcio: 2020. Disserta\u00e7\u00e3o (Mestrado&#46;&#46;&#46;<\/p>\n","protected":false},"author":472,"featured_media":0,"parent":0,"menu_order":0,"comment_status":"closed","ping_status":"closed","template":"","meta":{"footnotes":"","_links_to":"","_links_to_target":""},"class_list":["post-398","page","type-page","status-publish","hentry"],"_links":{"self":[{"href":"https:\/\/sites.usp.br\/carreiralab\/wp-json\/wp\/v2\/pages\/398","targetHints":{"allow":["GET"]}}],"collection":[{"href":"https:\/\/sites.usp.br\/carreiralab\/wp-json\/wp\/v2\/pages"}],"about":[{"href":"https:\/\/sites.usp.br\/carreiralab\/wp-json\/wp\/v2\/types\/page"}],"author":[{"embeddable":true,"href":"https:\/\/sites.usp.br\/carreiralab\/wp-json\/wp\/v2\/users\/472"}],"replies":[{"embeddable":true,"href":"https:\/\/sites.usp.br\/carreiralab\/wp-json\/wp\/v2\/comments?post=398"}],"version-history":[{"count":4,"href":"https:\/\/sites.usp.br\/carreiralab\/wp-json\/wp\/v2\/pages\/398\/revisions"}],"predecessor-version":[{"id":705,"href":"https:\/\/sites.usp.br\/carreiralab\/wp-json\/wp\/v2\/pages\/398\/revisions\/705"}],"wp:attachment":[{"href":"https:\/\/sites.usp.br\/carreiralab\/wp-json\/wp\/v2\/media?parent=398"}],"curies":[{"name":"wp","href":"https:\/\/api.w.org\/{rel}","templated":true}]}}