{"id":401,"date":"2019-11-28T14:27:43","date_gmt":"2019-11-28T16:27:43","guid":{"rendered":"https:\/\/sites.usp.br\/carreiralab\/?page_id=401"},"modified":"2024-06-06T12:55:23","modified_gmt":"2024-06-06T14:55:23","slug":"mestrado-2","status":"publish","type":"page","link":"https:\/\/sites.usp.br\/carreiralab\/mestrado-2\/","title":{"rendered":"Mestrado"},"content":{"rendered":"<p>Amanda Espagolla Santos. O papel da adaptabilidade de carreira na rela\u00e7\u00e3o entre compet\u00eancias e habilidades socioemocionais e engajamento com a carreira em estagi\u00e1rios universit\u00e1rios. 2023. Disserta\u00e7\u00e3o (Mestrado em Psicologia) &#8211; Universidade de S\u00e3o Paulo, . Orientador: Lucy Leal Melo-Silva.<\/p>\n<p><a href=\"https:\/\/www.teses.usp.br\/teses\/disponiveis\/59\/59141\/tde-17072023-085540\/pt-br.php\" target=\"_blank\" rel=\"noopener\">https:\/\/www.teses.usp.br\/teses\/disponiveis\/59\/59141\/tde-17072023-085540\/pt-br.php<\/a><\/p>\n<p>&nbsp;<\/p>\n<p>Marcela de Moura Franco Barbosa. Rela\u00e7\u00f5es entre compet\u00eancias e habilidades socioemocionais, adaptabilidade de carreira e empregabilidade em estagi\u00e1rios do ensino superior. 2023. Disserta\u00e7\u00e3o (Mestrado em Psicologia) &#8211; Universidade de S\u00e3o Paulo, . Orientador: Lucy Leal Melo-Silva.<\/p>\n<p><a href=\"https:\/\/www.teses.usp.br\/teses\/disponiveis\/59\/59141\/tde-17072023-141759\/pt-br.php\" target=\"_blank\" rel=\"noopener\">https:\/\/www.teses.usp.br\/teses\/disponiveis\/59\/59141\/tde-17072023-141759\/pt-br.php<\/a><\/p>\n<p>&nbsp;<\/p>\n<p>Fab\u00edola Aparecida Molina Costa. Autoefic\u00e1cia na transi\u00e7\u00e3o escola-trabalho e a rela\u00e7\u00e3o com vari\u00e1veis socioemocionais e adaptabilidade de carreira. 2023. Disserta\u00e7\u00e3o (Mestrado em Psicologia) &#8211; Universidade de S\u00e3o Paulo, . Orientador: Lucy Leal Melo-Silva.<\/p>\n<p><a href=\"https:\/\/www.teses.usp.br\/teses\/disponiveis\/59\/59141\/tde-05022024-085908\/pt-br.php\" target=\"_blank\" rel=\"noopener\">https:\/\/www.teses.usp.br\/teses\/disponiveis\/59\/59141\/tde-05022024-085908\/pt-br.php<\/a><\/p>\n<p>&nbsp;<\/p>\n<p>Raquel Atique Ferraz. Est\u00e1gio no ensino superior: compet\u00eancias transversais, socioemocionais e de carreira. 2022. Disserta\u00e7\u00e3o (Mestrado em Psicologia) &#8211; Universidade de S\u00e3o Paulo, . Orientador: Lucy Leal Melo-Silva.<\/p>\n<p><a href=\"https:\/\/abraopc.org.br\/site2022\/wp-content\/uploads\/2023\/08\/a04v24n1-1.pdf\" target=\"_blank\" rel=\"noopener\">https:\/\/abraopc.org.br\/site2022\/wp-content\/uploads\/2023\/08\/a04v24n1-1.pdf<\/a><\/p>\n<p>&nbsp;<\/p>\n<p>Carlos Renato Nakamura. Identidade profissional do psic\u00f3logo com atua\u00e7\u00e3o no Poder Judici\u00e1rio. 2022. Disserta\u00e7\u00e3o (Mestrado em Psicologia) &#8211; Universidade de S\u00e3o Paulo, . Orientador: Lucy Leal Melo-Silva.<\/p>\n<p><a href=\"https:\/\/www.teses.usp.br\/teses\/disponiveis\/59\/59141\/tde-06012023-162237\/pt-br.php\" target=\"_blank\" rel=\"noopener\">https:\/\/www.teses.usp.br\/teses\/disponiveis\/59\/59141\/tde-06012023-162237\/pt-br.php<\/a><\/p>\n<p>&nbsp;<\/p>\n<p>Dayane Barbosa. Interven\u00e7\u00e3o em educa\u00e7\u00e3o para a carreira no ensino fundamental. 2021. Disserta\u00e7\u00e3o (Mestrado em Psicologia) &#8211; Universidade de S\u00e3o Paulo, Coordena\u00e7\u00e3o de Aperfei\u00e7oamento de Pessoal de N\u00edvel Superior. Orientador: Lucy Leal Melo-Silva.<\/p>\n<p><a href=\"https:\/\/www.teses.usp.br\/teses\/disponiveis\/59\/59141\/tde-10012022-091926\/pt-br.php\" target=\"_blank\" rel=\"noopener\">https:\/\/www.teses.usp.br\/teses\/disponiveis\/59\/59141\/tde-10012022-091926\/pt-br.php<\/a><\/p>\n<p>&nbsp;<\/p>\n<p>Isabela Rigo Caldeira Martins. Autoefic\u00e1cia e adaptabilidade de carreira na transi\u00e7\u00e3o universidade-trabalho. In\u00edcio: 2017. Disserta\u00e7\u00e3o (Mestrado profissional em Psicologia) &#8211; Universidade de S\u00e3o Paulo. Orientadora: Prof\u00aa. Dr\u00aa. Lucy Leal Melo-Silva.<\/p>\n<p><a href=\"https:\/\/www.teses.usp.br\/teses\/disponiveis\/59\/59141\/tde-20112019-214750\/pt-br.php\">https:\/\/www.teses.usp.br\/teses\/disponiveis\/59\/59141\/tde-20112019-214750\/pt-br.php<\/a><\/p>\n<p>&nbsp;<\/p>\n<p>Manoella Fiochi Marques. Sali\u00eancia de pap\u00e9is de vida e carreira em atletas universit\u00e1rios brasileiros. In\u00edcio: 2017. Disserta\u00e7\u00e3o (Mestrado profissional em Psicologia) &#8211; Universidade de S\u00e3o Paulo. Orientadora: Prof\u00aa. Dr\u00aa. Lucy Leal Melo-Silva.<\/p>\n<p><a href=\"https:\/\/teses.usp.br\/teses\/disponiveis\/59\/59141\/tde-25112019-194206\/publico\/Manoella_FiochiMarques_Dissertacao.pdf\" target=\"_blank\" rel=\"noopener\">https:\/\/teses.usp.br\/teses\/disponiveis\/59\/59141\/tde-25112019-194206\/publico\/Manoella_FiochiMarques_Dissertacao.pdf<\/a><\/p>\n<p><a href=\"https:\/\/revistas.pucsp.br\/psicorevista\/article\/view\/37919\">https:\/\/revistas.pucsp.br\/psicorevista\/article\/view\/37919<\/a><\/p>\n<p>&nbsp;<\/p>\n<p>Pedro Alves Zanoto. Adaptabilidade de carreira e sali\u00eancia de pap\u00e9is em processos acad\u00eamicos de mobilidade internacional. 2018. Disserta\u00e7\u00e3o (Mestrado em Psicologia) &#8211; Universidade de S\u00e3o Paulo. Orientadora: Prof\u00aa. Dr\u00aa. Lucy Leal Melo-Silva.<\/p>\n<p><a href=\"https:\/\/repositorio.usp.br\/item\/002945863\">https:\/\/repositorio.usp.br\/item\/002945863<\/a><\/p>\n<p>&nbsp;<\/p>\n<p>Aliene Lago. Compet\u00eancias de Carreira e compet\u00eancias socioemocionais em alunos do 1\u00b0 ano do Ensino M\u00e9dio. 2017. Disserta\u00e7\u00e3o (Mestrado em Psicologia) &#8211; Universidade de S\u00e3o Paulo. Orientadora: Prof\u00aa. Dr\u00aa. Lucy Leal Melo-Silva.<\/p>\n<p><a href=\"https:\/\/www.teses.usp.br\/teses\/disponiveis\/59\/59141\/tde-26112019-214946\/pt-br.php\">https:\/\/www.teses.usp.br\/teses\/disponiveis\/59\/59141\/tde-26112019-214946\/pt-br.php<\/a><\/p>\n<p>&nbsp;<\/p>\n<p>Ana Cristina Braz. Interfaces entre compet\u00eancias socioemocionais e de carreira e desenvolvimento vocacional em alunos do 6\u00ba ano. 2017. Disserta\u00e7\u00e3o (Mestrado em Psicologia) &#8211; Universidade de S\u00e3o Paulo.Orientadora: Prof\u00aa. Dr\u00aa. Lucy Leal Melo-Silva.<\/p>\n<p><a href=\"https:\/\/bdpi.usp.br\/item\/002883484\">https:\/\/bdpi.usp.br\/item\/002883484<\/a><\/p>\n<p>&nbsp;<\/p>\n<p>Mariana Vannuchi Tomazini. Constru\u00e7\u00e3o da Vida em surfistas profissionais brasileiros. 2017. Disserta\u00e7\u00e3o (Mestrado em Psicologia) &#8211; Universidade de S\u00e3o Paulo. Orientadora: Prof\u00aa. Dr\u00aa. Lucy Leal Melo-Silva.<\/p>\n<p><a href=\"https:\/\/bdpi.usp.br\/item\/002883695\">https:\/\/bdpi.usp.br\/item\/002883695<\/a><\/p>\n<p>&nbsp;<\/p>\n<p>Laura de Oliveira Marangoni. Constru\u00e7\u00e3o da carreira de egressos de um servi\u00e7o de orienta\u00e7\u00e3o profissional: um estudo de acompanhamento. 2017. Disserta\u00e7\u00e3o (Mestrado em Psicologia) &#8211; Universidade de S\u00e3o Paulo, Coordena\u00e7\u00e3o de Aperfei\u00e7oamento de Pessoal de N\u00edvel Superior. Orientadora: Prof\u00aa. Dr\u00aa. Lucy Leal Melo-Silva.<\/p>\n<p><a href=\"https:\/\/teses.usp.br\/teses\/disponiveis\/59\/59141\/tde-18092017-232600\/pt-br.php\">https:\/\/teses.usp.br\/teses\/disponiveis\/59\/59141\/tde-18092017-232600\/pt-br.php<\/a><\/p>\n<p>&nbsp;<\/p>\n<p>Nerielen Martins Neto Fracalozzi. Educa\u00e7\u00e3o para a carreira e interesses profissionais em estudantes do ensino m\u00e9dio regular e t\u00e9cnico. 2014. Disserta\u00e7\u00e3o (Mestrado em Psicologia) &#8211; Universidade de S\u00e3o Paulo, Coordena\u00e7\u00e3o de Aperfei\u00e7oamento de Pessoal de N\u00edvel Superior. Orientadora: Prof\u00aa. Dr\u00aa. Lucy Leal Melo-Silva.<\/p>\n<p><a href=\"https:\/\/teses.usp.br\/teses\/disponiveis\/59\/59137\/tde-22052014-200338\/pt-br.php\">https:\/\/teses.usp.br\/teses\/disponiveis\/59\/59137\/tde-22052014-200338\/pt-br.php<\/a><\/p>\n<p>&nbsp;<\/p>\n<p>Daniele Pena da Silva. Interesses profissionais em jovens de ensino m\u00e9dio: um estudo comparativo entre a AIP e o BBT-Br. 2014. Disserta\u00e7\u00e3o (Mestrado em Psicologia) &#8211; Universidade de S\u00e3o Paulo, Coordena\u00e7\u00e3o de Aperfei\u00e7oamento de Pessoal de N\u00edvel Superior. Orientadora: Prof\u00aa. Dr\u00aa. Lucy Leal Melo-Silva.<\/p>\n<p><a href=\"https:\/\/www.teses.usp.br\/teses\/disponiveis\/59\/59137\/tde-09022015-181020\/pt-br.php\">https:\/\/www.teses.usp.br\/teses\/disponiveis\/59\/59137\/tde-09022015-181020\/pt-br.php<\/a><\/p>\n<p>&nbsp;<\/p>\n<p>Mara de Souza Leal. Autoefic\u00e1cia percebida em desenvolvimento de carreira e interesses profissionais em estudantes do ensino m\u00e9dio regular e t\u00e9cnico. 2013. Disserta\u00e7\u00e3o (Mestrado em Psicologia) &#8211; Universidade de S\u00e3o Paulo, Coordena\u00e7\u00e3o de Aperfei\u00e7oamento de Pessoal de N\u00edvel Superior. Orientadora: Prof\u00aa. Dr\u00aa. Lucy Leal Melo-Silva.<\/p>\n<p><a href=\"https:\/\/teses.usp.br\/teses\/disponiveis\/59\/59137\/tde-26092013-111136\/pt-br.php\">https:\/\/teses.usp.br\/teses\/disponiveis\/59\/59137\/tde-26092013-111136\/pt-br.php<\/a><\/p>\n<p>&nbsp;<\/p>\n<p>Juliana Maria Cava. Decis\u00e3o de carreira na transi\u00e7\u00e3o da universidade para o mercado de trabalho: valida\u00e7\u00e3o de instrumento de medida .. 2012. Disserta\u00e7\u00e3o (Mestrado em Psicologia) &#8211; Universidade de S\u00e3o Paulo. Orientadora: Prof\u00aa. Dr\u00aa. Lucy Leal Melo-Silva.<\/p>\n<p><a href=\"https:\/\/teses.usp.br\/teses\/disponiveis\/59\/59137\/tde-10102013-155234\/pt-br.php\">https:\/\/teses.usp.br\/teses\/disponiveis\/59\/59137\/tde-10102013-155234\/pt-br.php<\/a><\/p>\n<p>&nbsp;<\/p>\n<p>Milena Shimada. O BBT-Br em contexto interventivo: um estudo com adolescentes em processo de orienta\u00e7\u00e3o vocacional. 2011. Disserta\u00e7\u00e3o (Mestrado em Psicologia) &#8211; Universidade de S\u00e3o Paulo, Funda\u00e7\u00e3o de Amparo \u00e0 Pesquisa do Estado de S\u00e3o Paulo. Orientadora: Prof\u00aa. Dr\u00aa. Lucy Leal Melo-Silva.<\/p>\n<p><a href=\"https:\/\/teses.usp.br\/teses\/disponiveis\/59\/59137\/tde-01082011-140910\/pt-br.php\">https:\/\/teses.usp.br\/teses\/disponiveis\/59\/59137\/tde-01082011-140910\/pt-br.php<\/a><\/p>\n<p>&nbsp;<\/p>\n<p>Maria Luiza Junqueira. Maturidade para a escolha da carreira em adolescentes de um servi\u00e7o de orienta\u00e7\u00e3o profissional. 2010. Disserta\u00e7\u00e3o (Mestrado em Psicologia) &#8211; Universidade de S\u00e3o Paulo. Orientadora: Prof\u00aa. Dr\u00aa. Lucy Leal Melo-Silva.<\/p>\n<p><a href=\"https:\/\/teses.usp.br\/teses\/disponiveis\/59\/59137\/tde-29032011-210529\/pt-br.php\">https:\/\/teses.usp.br\/teses\/disponiveis\/59\/59137\/tde-29032011-210529\/pt-br.php<\/a><\/p>\n<p>&nbsp;<\/p>\n<p>Juliana Bannwart Antunes. Qualifica\u00e7\u00e3o e indicadores de compet\u00eancia do orientador profissional: perspectivas de docentes e profissionais. 2010. Disserta\u00e7\u00e3o (Mestrado em Psicologia) &#8211; Universidade de S\u00e3o Paulo. Orientadora: Prof\u00aa. Dr\u00aa. Lucy Leal Melo-Silva.<\/p>\n<p><a href=\"https:\/\/teses.usp.br\/teses\/disponiveis\/59\/59137\/tde-23102013-165027\/pt-br.php\">https:\/\/teses.usp.br\/teses\/disponiveis\/59\/59137\/tde-23102013-165027\/pt-br.php<\/a><\/p>\n<p>&nbsp;<\/p>\n<p>Fabiana Hil\u00e1rio de Almeida. Orienta\u00e7\u00e3o de pais com filhos em processo de escolha profissional: uma interven\u00e7\u00e3o em grupo operativo. 2009. Disserta\u00e7\u00e3o (Mestrado em Psicologia) &#8211; Universidade de S\u00e3o Paulo, Coordena\u00e7\u00e3o de Aperfei\u00e7oamento de Pessoal de N\u00edvel Superior. Orientadora: Prof\u00aa. Dr\u00aa. Lucy Leal Melo-Silva.<\/p>\n<p><a href=\"https:\/\/teses.usp.br\/teses\/disponiveis\/59\/59137\/tde-03082009-143254\/pt-br.php\">https:\/\/teses.usp.br\/teses\/disponiveis\/59\/59137\/tde-03082009-143254\/pt-br.php<\/a><\/p>\n<p>&nbsp;<\/p>\n<p>Fernanda Vieira Guarnieri. Cotas universit\u00e1rias: Perspectivas de estudantes em situa\u00e7\u00e3o de vestibular. 2008. Disserta\u00e7\u00e3o (Mestrado em Psicologia) &#8211; Universidade de S\u00e3o Paulo, Funda\u00e7\u00e3o de Amparo \u00e0 Pesquisa do Estado de S\u00e3o Paulo. Orientadora: Prof\u00aa. Dr\u00aa. Lucy Leal Melo-Silva.<\/p>\n<p><a href=\"https:\/\/teses.usp.br\/teses\/disponiveis\/59\/59137\/tde-05112009-202847\/pt-br.php\">https:\/\/teses.usp.br\/teses\/disponiveis\/59\/59137\/tde-05112009-202847\/pt-br.php<\/a><\/p>\n<p>&nbsp;<\/p>\n<p>Marystella Carvalho Esbrogeo. Avalia\u00e7\u00e3o da Orienta\u00e7\u00e3o Profissional em grupo: o papel da informa\u00e7\u00e3o no desenvolvimento da maturidade para a escolha da carreira. 2008. Disserta\u00e7\u00e3o (Mestrado em Psicologia) &#8211; Universidade de S\u00e3o Paulo. Orientadora: Prof\u00aa. Dr\u00aa. Lucy Leal Melo-Silva.<\/p>\n<p><a href=\"https:\/\/teses.usp.br\/teses\/disponiveis\/59\/59137\/tde-20052009-215340\/pt-br.php\">https:\/\/teses.usp.br\/teses\/disponiveis\/59\/59137\/tde-20052009-215340\/pt-br.php<\/a><\/p>\n<p>&nbsp;<\/p>\n<p>Camila Vianna Duarte. Identidade e expectativas diante da aposentadoria: fim da trajet\u00f3ria profissional ou novo projeto de vida?. 2005. Disserta\u00e7\u00e3o (Mestrado em Psicologia) &#8211; Universidade de S\u00e3o Paulo, Funda\u00e7\u00e3o de Amparo \u00e0 Pesquisa do Estado de S\u00e3o Paulo. Orientadora: Prof\u00aa. Dr\u00aa. Lucy Leal Melo-Silva.<\/p>\n<p><a href=\"https:\/\/repositorio.usp.br\/item\/001499109\">https:\/\/repositorio.usp.br\/item\/001499109<\/a><\/p>\n","protected":false},"excerpt":{"rendered":"<p>Amanda Espagolla Santos. O papel da adaptabilidade de carreira na rela\u00e7\u00e3o entre compet\u00eancias e habilidades socioemocionais e engajamento com a&#46;&#46;&#46;<\/p>\n","protected":false},"author":472,"featured_media":0,"parent":0,"menu_order":0,"comment_status":"closed","ping_status":"closed","template":"","meta":{"footnotes":"","_links_to":"","_links_to_target":""},"class_list":["post-401","page","type-page","status-publish","hentry"],"_links":{"self":[{"href":"https:\/\/sites.usp.br\/carreiralab\/wp-json\/wp\/v2\/pages\/401","targetHints":{"allow":["GET"]}}],"collection":[{"href":"https:\/\/sites.usp.br\/carreiralab\/wp-json\/wp\/v2\/pages"}],"about":[{"href":"https:\/\/sites.usp.br\/carreiralab\/wp-json\/wp\/v2\/types\/page"}],"author":[{"embeddable":true,"href":"https:\/\/sites.usp.br\/carreiralab\/wp-json\/wp\/v2\/users\/472"}],"replies":[{"embeddable":true,"href":"https:\/\/sites.usp.br\/carreiralab\/wp-json\/wp\/v2\/comments?post=401"}],"version-history":[{"count":5,"href":"https:\/\/sites.usp.br\/carreiralab\/wp-json\/wp\/v2\/pages\/401\/revisions"}],"predecessor-version":[{"id":704,"href":"https:\/\/sites.usp.br\/carreiralab\/wp-json\/wp\/v2\/pages\/401\/revisions\/704"}],"wp:attachment":[{"href":"https:\/\/sites.usp.br\/carreiralab\/wp-json\/wp\/v2\/media?parent=401"}],"curies":[{"name":"wp","href":"https:\/\/api.w.org\/{rel}","templated":true}]}}