{"id":402,"date":"2019-11-28T14:27:43","date_gmt":"2019-11-28T16:27:43","guid":{"rendered":"https:\/\/sites.usp.br\/carreiralab\/?page_id=402"},"modified":"2020-01-27T12:07:23","modified_gmt":"2020-01-27T14:07:23","slug":"doutorado-2","status":"publish","type":"page","link":"https:\/\/sites.usp.br\/carreiralab\/doutorado-2\/","title":{"rendered":"Doutorado"},"content":{"rendered":"<p>Mara de Souza Leal. Desenvolvimento de compet\u00eancias socioemocionais e de carreira: avalia\u00e7\u00e3o do programa Edu-Car. 2019. Tese (Doutorado em Psicologia) &#8211; Universidade de S\u00e3o Paulo, Funda\u00e7\u00e3o de Amparo \u00e0 Pesquisa do Estado de S\u00e3o. Orientadora: Prof\u00aa. Dr\u00aa. Lucy Leal Melo-Silva.<\/p>\n<p><a href=\"https:\/\/teses.usp.br\/teses\/disponiveis\/59\/59141\/tde-07112019-114445\/publico\/tesemara_parcial.pdf\">https:\/\/teses.usp.br\/teses\/disponiveis\/59\/59141\/tde-07112019-114445\/publico\/tesemara_parcial.pdf<\/a><\/p>\n<p>&nbsp;<\/p>\n<p>Mar\u00edlia Cammarosano. Valores relativos ao trabalho e a adaptabilidade de carreira de brasileiros com educa\u00e7\u00e3o superior. 2017. Tese (Doutorado em Psicologia) &#8211; Universidade de S\u00e3o Paulo. Orientadora: Prof\u00aa. Dr\u00aa. Lucy Leal Melo-Silva.<\/p>\n<p><a href=\"https:\/\/teses.usp.br\/teses\/disponiveis\/18\/18157\/tde-15012013-102058\/pt-br.php\">https:\/\/teses.usp.br\/teses\/disponiveis\/18\/18157\/tde-15012013-102058\/pt-br.php<\/a><\/p>\n<p>&nbsp;<\/p>\n<p>Marlize Paulo da Silva. Invent\u00e1rio de transi\u00e7\u00f5es de carreira: estudo com profissionais graduados. 2017. Tese (Doutorado em Psicologia) &#8211; Universidade de S\u00e3o Paulo. Orientadora: Prof\u00aa. Dr\u00aa. Lucy Leal Melo-Silva.<\/p>\n<p><a href=\"https:\/\/teses.usp.br\/teses\/disponiveis\/59\/59141\/tde-13122017-135309\/pt-br.php\">https:\/\/teses.usp.br\/teses\/disponiveis\/59\/59141\/tde-13122017-135309\/pt-br.php<\/a><\/p>\n<p>&nbsp;<\/p>\n<p>Milena Shimada. Evid\u00eancias de validade concorrente entre o BBT-Br e a BFP: um estudo com universit\u00e1rios. 2016. Tese (Doutorado em Psicologia) &#8211; Universidade de S\u00e3o Paulo, Funda\u00e7\u00e3o de Amparo \u00e0 Pesquisa do Estado de S\u00e3o Paulo. Orientadora: Prof\u00aa. Dr\u00aa. Lucy Leal Melo-Silva.<\/p>\n<p><a href=\"https:\/\/teses.usp.br\/teses\/disponiveis\/59\/59137\/tde-11052016-111950\/pt-br.php\">https:\/\/teses.usp.br\/teses\/disponiveis\/59\/59137\/tde-11052016-111950\/pt-br.php<\/a><\/p>\n<p>&nbsp;<\/p>\n<p>Maria Luisa Lopes Chicote Agibo. Interven\u00e7\u00e3o e avalia\u00e7\u00e3o em orienta\u00e7\u00e3o profissional: narrativas de adolescentes mo\u00e7ambicanos sobre a escolha da profiss\u00e3o e a influ\u00eancia parental. 2016. Tese (Doutorado em Psicologia) &#8211; Universidade de S\u00e3o Paulo, Coordena\u00e7\u00e3o de Aperfei\u00e7oamento de Pessoal de N\u00edvel Superior. Orientadora: Prof\u00aa. Dr\u00aa. Lucy Leal Melo-Silva.<\/p>\n<p><a href=\"https:\/\/teses.usp.br\/teses\/disponiveis\/59\/59141\/tde-19012017-151935\/pt-br.php\">https:\/\/teses.usp.br\/teses\/disponiveis\/59\/59141\/tde-19012017-151935\/pt-br.php<\/a><\/p>\n<p>&nbsp;<\/p>\n<p>Marina Cardoso de Oliveira. Sucesso na carreira depois da gradua\u00e7\u00e3o: estudo longitudinal prospectivo da transi\u00e7\u00e3o universidade-trabalho. 2014. Tese (Doutorado em Psicologia) &#8211; Universidade de S\u00e3o Paulo, . Orientadora: Prof\u00aa. Dr\u00aa. Lucy Leal Melo-Silva.<\/p>\n<p><a href=\"https:\/\/www.teses.usp.br\/teses\/disponiveis\/59\/59137\/tde-13112014-101423\/pt-br.php\">https:\/\/www.teses.usp.br\/teses\/disponiveis\/59\/59137\/tde-13112014-101423\/pt-br.php<\/a><\/p>\n<p>&nbsp;<\/p>\n<p>Fabiana Hil\u00e1rio de Almeida. A viv\u00eancia do spais frente \u00e1s trajet\u00f3rias de carreira dos filhos: quatro anos ap\u00f3s o grupo de oreinta\u00e7\u00e3o de pais. 2014. Tese (Doutorado em Psicologia) &#8211; Universidade de S\u00e3o Paulo, . Orientadora: Prof\u00aa. Dr\u00aa. Lucy Leal Melo-Silva.<\/p>\n<p><a href=\"https:\/\/teses.usp.br\/teses\/disponiveis\/59\/59137\/tde-21102014-083329\/pt-br.php\">https:\/\/teses.usp.br\/teses\/disponiveis\/59\/59137\/tde-21102014-083329\/pt-br.php<\/a><\/p>\n<p>&nbsp;<\/p>\n<p>Fernanda Aguillera. Projeto de vida e prepara\u00e7\u00e3o para carreira: da realidade \u00e0 interven\u00e7\u00e3o?. 2013. Tese (Doutorado em Psicologia) &#8211; Universidade de S\u00e3o Paulo. Orientadora: Prof\u00aa. Dr\u00aa. Lucy Leal Melo-Silva.<\/p>\n<p><a href=\"https:\/\/www.teses.usp.br\/teses\/disponiveis\/59\/59137\/tde-02092013-161555\/en.php\">https:\/\/www.teses.usp.br\/teses\/disponiveis\/59\/59137\/tde-02092013-161555\/en.php<\/a><\/p>\n<p>&nbsp;<\/p>\n<p>Izildinha Maria Silva Munhoz. Educa\u00e7\u00e3o para a carreira e representa\u00e7\u00f5es sociais de professores: limites e possibilidades. 2010. Tese (Doutorado em Psicologia) &#8211; Universidade de S\u00e3o Paulo. Orientadora: Prof\u00aa. Dr\u00aa. Lucy Leal Melo-Silva.<\/p>\n<p><a href=\"https:\/\/www.teses.usp.br\/teses\/disponiveis\/59\/59137\/tde-18112010-200456\/pt-br.php\">https:\/\/www.teses.usp.br\/teses\/disponiveis\/59\/59137\/tde-18112010-200456\/pt-br.php<\/a><\/p>\n<p>&nbsp;<\/p>\n<p>&nbsp;<\/p>\n","protected":false},"excerpt":{"rendered":"<p>Mara de Souza Leal. Desenvolvimento de compet\u00eancias socioemocionais e de carreira: avalia\u00e7\u00e3o do programa Edu-Car. 2019. Tese (Doutorado em Psicologia)&#46;&#46;&#46;<\/p>\n","protected":false},"author":472,"featured_media":0,"parent":0,"menu_order":0,"comment_status":"closed","ping_status":"closed","template":"","meta":{"footnotes":"","_links_to":"","_links_to_target":""},"class_list":["post-402","page","type-page","status-publish","hentry"],"_links":{"self":[{"href":"https:\/\/sites.usp.br\/carreiralab\/wp-json\/wp\/v2\/pages\/402","targetHints":{"allow":["GET"]}}],"collection":[{"href":"https:\/\/sites.usp.br\/carreiralab\/wp-json\/wp\/v2\/pages"}],"about":[{"href":"https:\/\/sites.usp.br\/carreiralab\/wp-json\/wp\/v2\/types\/page"}],"author":[{"embeddable":true,"href":"https:\/\/sites.usp.br\/carreiralab\/wp-json\/wp\/v2\/users\/472"}],"replies":[{"embeddable":true,"href":"https:\/\/sites.usp.br\/carreiralab\/wp-json\/wp\/v2\/comments?post=402"}],"version-history":[{"count":4,"href":"https:\/\/sites.usp.br\/carreiralab\/wp-json\/wp\/v2\/pages\/402\/revisions"}],"predecessor-version":[{"id":536,"href":"https:\/\/sites.usp.br\/carreiralab\/wp-json\/wp\/v2\/pages\/402\/revisions\/536"}],"wp:attachment":[{"href":"https:\/\/sites.usp.br\/carreiralab\/wp-json\/wp\/v2\/media?parent=402"}],"curies":[{"name":"wp","href":"https:\/\/api.w.org\/{rel}","templated":true}]}}