{"id":405,"date":"2019-11-28T14:27:43","date_gmt":"2019-11-28T16:27:43","guid":{"rendered":"https:\/\/sites.usp.br\/carreiralab\/?page_id=405"},"modified":"2024-06-06T11:13:06","modified_gmt":"2024-06-06T13:13:06","slug":"livros","status":"publish","type":"page","link":"https:\/\/sites.usp.br\/carreiralab\/livros\/","title":{"rendered":"Livros"},"content":{"rendered":"<h2>Obras dispon\u00edveis para download gratuito<\/h2>\n<p><em>Clique na respectiva capa para fazer o download<\/em><\/p>\n<p><a href=\"https:\/\/pedroejoaoeditores.com.br\/2022\/wp-content\/uploads\/2023\/05\/EBOOK_Dos-contextos-educativos-e-formativos-ao-mundo-do-trabalho.pdf\" target=\"_blank\" rel=\"noopener\"><img loading=\"lazy\" decoding=\"async\" class=\"alignnone wp-image-688\" src=\"https:\/\/sites.usp.br\/carreiralab\/wp-content\/uploads\/sites\/629\/2024\/06\/Capa_Lucy.png\" alt=\"\" width=\"130\" height=\"187\" srcset=\"https:\/\/sites.usp.br\/carreiralab\/wp-content\/uploads\/sites\/629\/2024\/06\/Capa_Lucy.png 486w, https:\/\/sites.usp.br\/carreiralab\/wp-content\/uploads\/sites\/629\/2024\/06\/Capa_Lucy-208x300.png 208w, https:\/\/sites.usp.br\/carreiralab\/wp-content\/uploads\/sites\/629\/2024\/06\/Capa_Lucy-400x576.png 400w\" sizes=\"auto, (max-width: 130px) 100vw, 130px\" \/><\/a><\/p>\n<p><a href=\"https:\/\/abraopc.org.br\/site2022\/wp-content\/uploads\/2022\/11\/Investigacao-e-Praticas-em-Orientacao-de-Carreira.pdf\" target=\"_blank\" rel=\"noopener\"><img loading=\"lazy\" decoding=\"async\" class=\"alignnone wp-image-686\" src=\"https:\/\/sites.usp.br\/carreiralab\/wp-content\/uploads\/sites\/629\/2024\/06\/capa-livro-abraopc2021.png\" alt=\"\" width=\"130\" height=\"183\" srcset=\"https:\/\/sites.usp.br\/carreiralab\/wp-content\/uploads\/sites\/629\/2024\/06\/capa-livro-abraopc2021.png 510w, https:\/\/sites.usp.br\/carreiralab\/wp-content\/uploads\/sites\/629\/2024\/06\/capa-livro-abraopc2021-213x300.png 213w, https:\/\/sites.usp.br\/carreiralab\/wp-content\/uploads\/sites\/629\/2024\/06\/capa-livro-abraopc2021-400x562.png 400w\" sizes=\"auto, (max-width: 130px) 100vw, 130px\" \/><\/a><\/p>\n<p><a href=\"https:\/\/abraopc.org.br\/site2022\/wp-content\/uploads\/2022\/07\/ABOP_2020_v3.pdf\" target=\"_blank\" rel=\"noopener\"><img loading=\"lazy\" decoding=\"async\" class=\"alignnone wp-image-685\" src=\"https:\/\/sites.usp.br\/carreiralab\/wp-content\/uploads\/sites\/629\/2024\/06\/desafios-e-oportunidades.jpg\" alt=\"\" width=\"130\" height=\"185\" srcset=\"https:\/\/sites.usp.br\/carreiralab\/wp-content\/uploads\/sites\/629\/2024\/06\/desafios-e-oportunidades.jpg 265w, https:\/\/sites.usp.br\/carreiralab\/wp-content\/uploads\/sites\/629\/2024\/06\/desafios-e-oportunidades-211x300.jpg 211w\" sizes=\"auto, (max-width: 130px) 100vw, 130px\" \/><\/a><\/p>\n<p><a href=\"https:\/\/abraopc.org.br\/site2022\/wp-content\/uploads\/2022\/07\/2018-Livro-eletronico-ABOP.pdf\" target=\"_blank\" rel=\"noopener\"><img loading=\"lazy\" decoding=\"async\" class=\"wp-image-684 alignnone\" src=\"https:\/\/sites.usp.br\/carreiralab\/wp-content\/uploads\/sites\/629\/2024\/06\/investigacao-e-pratica-na-orientacao-de-carreira.jpg\" alt=\"\" width=\"130\" height=\"182\" srcset=\"https:\/\/sites.usp.br\/carreiralab\/wp-content\/uploads\/sites\/629\/2024\/06\/investigacao-e-pratica-na-orientacao-de-carreira.jpg 401w, https:\/\/sites.usp.br\/carreiralab\/wp-content\/uploads\/sites\/629\/2024\/06\/investigacao-e-pratica-na-orientacao-de-carreira-214x300.jpg 214w\" sizes=\"auto, (max-width: 130px) 100vw, 130px\" \/><\/a><\/p>\n<p><a href=\"https:\/\/abraopc.org.br\/site2022\/wp-content\/uploads\/2022\/07\/2015_E-book_ABOP.pdf\" target=\"_blank\" rel=\"noopener\"><img loading=\"lazy\" decoding=\"async\" class=\"wp-image-562 alignnone\" src=\"https:\/\/sites.usp.br\/carreiralab\/wp-content\/uploads\/sites\/629\/2020\/01\/bg1.png\" alt=\"\" width=\"130\" height=\"182\" srcset=\"https:\/\/sites.usp.br\/carreiralab\/wp-content\/uploads\/sites\/629\/2020\/01\/bg1.png 1134w, https:\/\/sites.usp.br\/carreiralab\/wp-content\/uploads\/sites\/629\/2020\/01\/bg1-214x300.png 214w, https:\/\/sites.usp.br\/carreiralab\/wp-content\/uploads\/sites\/629\/2020\/01\/bg1-732x1024.png 732w, https:\/\/sites.usp.br\/carreiralab\/wp-content\/uploads\/sites\/629\/2020\/01\/bg1-768x1075.png 768w, https:\/\/sites.usp.br\/carreiralab\/wp-content\/uploads\/sites\/629\/2020\/01\/bg1-1098x1536.png 1098w, https:\/\/sites.usp.br\/carreiralab\/wp-content\/uploads\/sites\/629\/2020\/01\/bg1-400x560.png 400w\" sizes=\"auto, (max-width: 130px) 100vw, 130px\" \/><\/a><\/p>\n<p>&nbsp;<\/p>\n<h2>Publica\u00e7\u00f5es Impressas<\/h2>\n<p><a href=\"http:\/\/lattes.cnpq.br\/5898356598304740\">LASSANCE, M. C. P.<\/a>\u00a0(Org.); LEVENFUS, R. S. (Org.); MELO-SILVA, L. L.\u00a0(Org.). Orienta\u00e7\u00e3o de carreira: investiga\u00e7\u00e3o e pr\u00e1ticas. 1. ed. Porto Alegre, RS: ABOP, 2015. v. 1., p. 365.<\/p>\n<p>RIBEIRO, M. A. (Org.);\u00a0<a href=\"http:\/\/lattes.cnpq.br\/1041574665110656\">MELO-SILVA, L. L.<\/a>\u00a0(Org.). Comp\u00eandio de Orienta\u00e7\u00e3o Profissional e de Carreira: perspectivas hist\u00f3ricas e enfoques cl\u00e1ssicos e modernos (Vol 1). 1. ed. S\u00e3o Paulo: Vetor, 2011. v. 2., p. 226.<\/p>\n<p>RIBEIRO, M. A. (Org.);\u00a0<a href=\"http:\/\/lattes.cnpq.br\/1041574665110656\">MELO-SILVA, L. L<\/a><strong><a href=\"http:\/\/lattes.cnpq.br\/1041574665110656\">. <\/a><\/strong>(Org.). Comp\u00eandio de Orienta\u00e7\u00e3o Profissional e de Carreira: enfoques te\u00f3ricos contempor\u00e2neos e modelos de interven\u00e7\u00e3o (Vol. 2). 1\u00aa. ed. S\u00e3o Paulo: Vetor Editora, 2011. v. 2, p. 220.<\/p>\n<p>SANTOS, M. A. (Org.); SIMON, C. P. (Org.);\u00a0<a href=\"http:\/\/lattes.cnpq.br\/1041574665110656\">MELO-SILVA, L. L.<\/a>\u00a0(Org.). Forma\u00e7\u00e3o em Psicologia: processos cl\u00ednicos. S\u00e3o Paulo: Vetor Editora, 2005., p. 442.<\/p>\n<p>SIMON, C. P. (Org.);\u00a0<a href=\"http:\/\/lattes.cnpq.br\/1041574665110656\">MELO-SILVA, L. L. <\/a>(Org.); SANTOS, M. A. (Org.). Forma\u00e7\u00e3o em Psicologia: desafios da diversidade na pesquisa e na pr\u00e1tica. S\u00e3o Paulo: Vetor Editora, 2005, p. 489.<\/p>\n<p><a href=\"http:\/\/lattes.cnpq.br\/1041574665110656\">MELO-SILVA, L. L.<\/a>; SANTOS, M. A. (Org.); SIMON, C. P. (Org.). Forma\u00e7\u00e3o em Psicologia: servi\u00e7os-escola em debate. 1. ed. S\u00e3o Paulo: Vetor Editora, 2005, p. 484.<\/p>\n<p><a href=\"http:\/\/lattes.cnpq.br\/1041574665110656\">MELO-SILVA, L. L.<\/a>; SANTOS, M. A. (Org.); SIM\u00c3O, J. T. (Org.); AVI, M. C. (Org.). Arquitetura de uma ocupa\u00e7\u00e3o &#8211; Orienta\u00e7\u00e3o Profissional: teoria e pr\u00e1tica, v.1. 1\u00aa. ed. S\u00e3o Paulo: Vetor, 2003. v. 1. p. 449.<\/p>\n<p><a href=\"http:\/\/lattes.cnpq.br\/1041574665110656\">MELO-SILVA, L. L.<\/a>;\u00a0<a href=\"http:\/\/lattes.cnpq.br\/4705002312216120\">JACQUEMIN, A.<\/a> Interven\u00e7\u00e3o em orienta\u00e7\u00e3o vocacional \/ profissional: avaliando resultados e processos. 1. ed. S\u00e3o Paulo: Vetor Psico-Pedag\u00f3gica, 2001. v. 1, p. 251.<\/p>\n<p><a href=\"http:\/\/lattes.cnpq.br\/1041574665110656\">MELO-SILVA, L. L<\/a><strong><a href=\"http:\/\/lattes.cnpq.br\/1041574665110656\">.<\/a><\/strong>; DIAS, T. R. S. Guia de Servi\u00e7os de Orienta\u00e7\u00e3o, Capacita\u00e7\u00e3o e Coloca\u00e7\u00e3o Profissional. 1. ed. Ribeir\u00e3o Preto: Cop-Tec, 1996. v. 1, p. 153.<\/p>\n","protected":false},"excerpt":{"rendered":"<p>Obras dispon\u00edveis para download gratuito Clique na respectiva capa para fazer o download &nbsp; Publica\u00e7\u00f5es Impressas LASSANCE, M. C. P.\u00a0(Org.);&#46;&#46;&#46;<\/p>\n","protected":false},"author":472,"featured_media":0,"parent":0,"menu_order":0,"comment_status":"closed","ping_status":"closed","template":"","meta":{"footnotes":"","_links_to":"","_links_to_target":""},"class_list":["post-405","page","type-page","status-publish","hentry"],"_links":{"self":[{"href":"https:\/\/sites.usp.br\/carreiralab\/wp-json\/wp\/v2\/pages\/405","targetHints":{"allow":["GET"]}}],"collection":[{"href":"https:\/\/sites.usp.br\/carreiralab\/wp-json\/wp\/v2\/pages"}],"about":[{"href":"https:\/\/sites.usp.br\/carreiralab\/wp-json\/wp\/v2\/types\/page"}],"author":[{"embeddable":true,"href":"https:\/\/sites.usp.br\/carreiralab\/wp-json\/wp\/v2\/users\/472"}],"replies":[{"embeddable":true,"href":"https:\/\/sites.usp.br\/carreiralab\/wp-json\/wp\/v2\/comments?post=405"}],"version-history":[{"count":4,"href":"https:\/\/sites.usp.br\/carreiralab\/wp-json\/wp\/v2\/pages\/405\/revisions"}],"predecessor-version":[{"id":690,"href":"https:\/\/sites.usp.br\/carreiralab\/wp-json\/wp\/v2\/pages\/405\/revisions\/690"}],"wp:attachment":[{"href":"https:\/\/sites.usp.br\/carreiralab\/wp-json\/wp\/v2\/media?parent=405"}],"curies":[{"name":"wp","href":"https:\/\/api.w.org\/{rel}","templated":true}]}}