{"id":513,"date":"2020-01-27T11:27:43","date_gmt":"2020-01-27T13:27:43","guid":{"rendered":"https:\/\/sites.usp.br\/carreiralab\/?page_id=513"},"modified":"2020-01-27T12:05:55","modified_gmt":"2020-01-27T14:05:55","slug":"pos-doutorado","status":"publish","type":"page","link":"https:\/\/sites.usp.br\/carreiralab\/pos-doutorado\/","title":{"rendered":"P\u00f3s-doutorado"},"content":{"rendered":"<p>Jos\u00e9 Eg\u00eddio Barbosa Oliveira. 2017. Gest\u00e3o da incerteza e adaptabilidade profissional: os desafios da transi\u00e7\u00e3o para o mundo do trabalho na adultez emergente. Universidade de S\u00e3o Paulo, Coordena\u00e7\u00e3o de Aperfei\u00e7oamento de Pessoal de N\u00edvel Superior. Orientadora: Prof\u00aa. Dr\u00aa. Lucy Leal Melo-Silva.<\/p>\n","protected":false},"excerpt":{"rendered":"<p>Jos\u00e9 Eg\u00eddio Barbosa Oliveira. 2017. Gest\u00e3o da incerteza e adaptabilidade profissional: os desafios da transi\u00e7\u00e3o para o mundo do trabalho&#46;&#46;&#46;<\/p>\n","protected":false},"author":472,"featured_media":0,"parent":0,"menu_order":0,"comment_status":"closed","ping_status":"closed","template":"","meta":{"footnotes":"","_links_to":"","_links_to_target":""},"class_list":["post-513","page","type-page","status-publish","hentry"],"_links":{"self":[{"href":"https:\/\/sites.usp.br\/carreiralab\/wp-json\/wp\/v2\/pages\/513","targetHints":{"allow":["GET"]}}],"collection":[{"href":"https:\/\/sites.usp.br\/carreiralab\/wp-json\/wp\/v2\/pages"}],"about":[{"href":"https:\/\/sites.usp.br\/carreiralab\/wp-json\/wp\/v2\/types\/page"}],"author":[{"embeddable":true,"href":"https:\/\/sites.usp.br\/carreiralab\/wp-json\/wp\/v2\/users\/472"}],"replies":[{"embeddable":true,"href":"https:\/\/sites.usp.br\/carreiralab\/wp-json\/wp\/v2\/comments?post=513"}],"version-history":[{"count":4,"href":"https:\/\/sites.usp.br\/carreiralab\/wp-json\/wp\/v2\/pages\/513\/revisions"}],"predecessor-version":[{"id":535,"href":"https:\/\/sites.usp.br\/carreiralab\/wp-json\/wp\/v2\/pages\/513\/revisions\/535"}],"wp:attachment":[{"href":"https:\/\/sites.usp.br\/carreiralab\/wp-json\/wp\/v2\/media?parent=513"}],"curies":[{"name":"wp","href":"https:\/\/api.w.org\/{rel}","templated":true}]}}