{"id":514,"date":"2020-01-27T11:27:43","date_gmt":"2020-01-27T13:27:43","guid":{"rendered":"https:\/\/sites.usp.br\/carreiralab\/?page_id=514"},"modified":"2024-06-06T13:38:26","modified_gmt":"2024-06-06T15:38:26","slug":"iniciacao-cientifica","status":"publish","type":"page","link":"https:\/\/sites.usp.br\/carreiralab\/iniciacao-cientifica\/","title":{"rendered":"Inicia\u00e7\u00e3o cient\u00edfica"},"content":{"rendered":"<div class=\"layout-cell layout-cell-1 text-align-right\">\n<div class=\"layout-cell-pad-6 text-align-right\"><strong>Isabelle Ribeiro Rodrigues<\/strong>. Projetos de vidas de alunos da rede estadual de um munic\u00edpio paulista. 2022. Inicia\u00e7\u00e3o Cient\u00edfica. (Graduando em Psicologia [Rib. Preto]) &#8211; Universidade de S\u00e3o Paulo, Conselho Nacional de Desenvolvimento Cient\u00edfico e Tecnol\u00f3gico. Orientador: Lucy Leal Melo-Silva.<\/div>\n<\/div>\n<div class=\"layout-cell layout-cell-1 text-align-right\">\n<div class=\"layout-cell-pad-6 text-align-right\"><\/div>\n<\/div>\n<div class=\"layout-cell layout-cell-11\"><span class=\"transform\"><strong>Isabelle Ribeiro Rodrigues.<\/strong> Desenvolvimento de compet\u00eancias socioemocionais e de carreira e o Programa INOVA Educa\u00e7\u00e3o. 2021. Inicia\u00e7\u00e3o Cient\u00edfica. (Graduando em Pedagogia [Rib. Preto]) &#8211; Universidade de S\u00e3o Paulo, Universidade de S\u00e3o Paulo \/ Programa Unificado de bolsas. Orientador: Lucy Leal Melo-Silva.<\/span><\/div>\n<div class=\"layout-cell layout-cell-1 text-align-right\">\n<div class=\"layout-cell-pad-6 text-align-right\"><\/div>\n<\/div>\n<div class=\"layout-cell layout-cell-11\"><span class=\"transform\"><strong>Isabelle Ribeiro Rodrigues<\/strong>. Caracteriza\u00e7\u00e3o de programas de desenvolvimento de compet\u00eancias socioemocionais e de carreira. 2020. Inicia\u00e7\u00e3o Cient\u00edfica. (Graduando em Psicologia [Rib. Preto]) &#8211; Universidade de S\u00e3o Paulo, Universidade de S\u00e3o Paulo \/ Programa Unificado de bolsas. Orientador: Lucy Leal Melo-Silva.<\/span><\/div>\n<div><\/div>\n<div class=\"layout-cell layout-cell-11\"><span class=\"transform\"><strong>Isabelli Julia Callej\u00e3o Sabino<\/strong>. Educa\u00e7\u00e3o para a Carreira no Ensino Fundamental: revis\u00e3o da literatura. 2019. Inicia\u00e7\u00e3o Cient\u00edfica. (Graduando em Psicologia [Rib. Preto]) &#8211; Universidade de S\u00e3o Paulo, USP (Universidade de S\u00e3o Paulo &#8211; Programa Unificado). Orientador: Lucy Leal Melo-Silva.<\/span><\/div>\n<p><strong>Carolina Mikaela Silva Kato<\/strong>. Gest\u00e3o da incerteza e adaptabilidade profissional: revis\u00e3o da literatura. 2018. Inicia\u00e7\u00e3o Cient\u00edfica. (Graduando em Psicologia [Rib. Preto]) &#8211; Universidade de S\u00e3o Paulo, USP (Universidade de S\u00e3o Paulo &#8211; Programa Unificado). Orientadora: Prof\u00aa. Dr\u00aa. Lucy Leal Melo-Silva.<\/p>\n<p><strong>Dayane Barbosa<\/strong>. Maturidade para a escolha da carreira e a ordem de nascimento em adolescentes. 2017. Inicia\u00e7\u00e3o Cient\u00edfica. (Graduando em Psicologia [Rib. Preto]) &#8211; Universidade de S\u00e3o Paulo, Funda\u00e7\u00e3o de Amparo \u00e0 Pesquisa do Estado de S\u00e3o Paulo. Orientadora: Prof\u00aa. Dr\u00aa. Lucy Leal Melo-Silva.<\/p>\n<p><strong>Dayane Barbosa<\/strong>. Maturidade Profissional e a EMEP. 2016. Inicia\u00e7\u00e3o Cient\u00edfica. (Graduando em Psicologia [Rib. Preto]) &#8211; Universidade de S\u00e3o Paulo, USP (Universidade de S\u00e3o Paulo &#8211; Programa Unificado). Orientadora: Prof\u00aa. Dr\u00aa. Lucy Leal Melo-Silva.<\/p>\n<p><strong>Dayane Barbosa<\/strong>. Rela\u00e7\u00e3o entre n\u00edvel de maturidade para a escolha da carreira e ordem de nascimento em adolescentes atendidos em Orienta\u00e7\u00e3o Profissional. 2016. Inicia\u00e7\u00e3o Cient\u00edfica. (Graduando em Psicologia [Rib. Preto]) &#8211; Universidade de S\u00e3o Paulo, Conselho Nacional de Desenvolvimento Cient\u00edfico e Tecnol\u00f3gico. Orientadora: Prof\u00aa. Dr\u00aa. Lucy Leal Melo-Silva.<\/p>\n<p><strong>Ana Maria Cancian de Souza<\/strong>. Interesses em universit\u00e1rios dos cursos de gradua\u00e7\u00e3o da \u00e1rea de Biol\u00f3gicas. 2015. Inicia\u00e7\u00e3o Cient\u00edfica. (Graduando em Psicologia [Rib. Preto]) &#8211; Universidade de S\u00e3o Paulo, Funda\u00e7\u00e3o de Amparo \u00e0 Pesquisa do Estado de S\u00e3o Paulo. Orientadora: Prof\u00aa. Dr\u00aa. Lucy Leal Melo-Silva.<\/p>\n<p><strong>Amanda Gonzalez de Toledo<\/strong>. Interesses em universit\u00e1rios de cursos de gradua\u00e7\u00e3o da \u00e1rea de Exatas. 2015. Inicia\u00e7\u00e3o Cient\u00edfica. (Graduando em Psicologia [Rib. Preto]) &#8211; Universidade de S\u00e3o Paulo. Orientadora: Prof\u00aa. Dr\u00aa. Lucy Leal Melo-Silva.<\/p>\n<p><strong>Ana Clara Rodrigues Almeida<\/strong>. Interesse em universit\u00e1rios de cursos de gradua\u00e7\u00e3o da \u00e1rea de ci\u00eancias humanas: estudo com BBT-Br. 2015. Inicia\u00e7\u00e3o Cient\u00edfica. (Graduando em Psicologia [Rib. Preto]) &#8211; Universidade de S\u00e3o Paulo, Conselho Nacional de Desenvolvimento Cient\u00edfico e Tecnol\u00f3gico. Orientadora: Prof\u00aa. Dr\u00aa. Lucy Leal Melo-Silva.<\/p>\n<p><strong>Maria Julia Del Bianco Rodrigues.<\/strong> Responsabilidade em estudantes do ensino m\u00e9dio. 2015. Inicia\u00e7\u00e3o Cient\u00edfica. (Graduando em Pedagogia [Rib. Preto]) &#8211; Universidade de S\u00e3o Paulo, Universidade de S\u00e3o Paulo \/ Programa Unificado de bolsas. Orientadora: Prof\u00aa. Dr\u00aa. Lucy Leal Melo-Silva.<\/p>\n<p><strong>Tatiana Aparecida Pezetta Ferreira.<\/strong> Amabilidade e extrovers\u00e3o em estudantes do ensino m\u00e9dio. 2015. Inicia\u00e7\u00e3o Cient\u00edfica. (Graduando em Pedagogia [Rib. Preto]) &#8211; Universidade de S\u00e3o Paulo, Universidade de S\u00e3o Paulo \/ Programa Unificado de bolsas. Orientadora: Prof\u00aa. Dr\u00aa. Lucy Leal Melo-Silva.<\/p>\n<p><strong>Paloma Pereira de Morais<\/strong>. Abertura ao novo em estudantes do ensino m\u00e9dio. 2015. Inicia\u00e7\u00e3o Cient\u00edfica. (Graduando em Psicologia [Rib. Preto]) &#8211; Universidade de S\u00e3o Paulo, Universidade de S\u00e3o Paulo \/ Programa Unificado de bolsas. Orientadora: Prof\u00aa. Dr\u00aa. Lucy Leal Melo-Silva.<\/p>\n<p><strong>Larissa Chaves da Silva<\/strong>. Estabilidade emocional e locus de controle em estudantes do ensino m\u00e9dio. 2015. Inicia\u00e7\u00e3o Cient\u00edfica. (Graduando em Psicologia [Rib. Preto]) &#8211; Universidade de S\u00e3o Paulo, Universidade de S\u00e3o Paulo \/ Programa Unificado de bolsas. Orientadora: Prof\u00aa. Dr\u00aa. Lucy Leal Melo-Silva.<\/p>\n<p><strong>Pedro Alves Zanoto<\/strong>. Valores realtivos ao trabalho de professores universit\u00e1rios. 2014. Inicia\u00e7\u00e3o Cient\u00edfica. (Graduando em Psicologia [Rib. Preto]) &#8211; Universidade de S\u00e3o Paulo, Conselho Nacional de Desenvolvimento Cient\u00edfico e Tecnol\u00f3gico. Orientadora: Prof\u00aa. Dr\u00aa. Lucy Leal Melo-Silva.<\/p>\n<p><strong>Ana Cristina Braz<\/strong>. Interesse em universit\u00e1rios de cursos de gradua\u00e7\u00e3o da \u00e1rea de ci\u00eancias sociais aplicadas: estudo com BBT-Br. 2014. Inicia\u00e7\u00e3o Cient\u00edfica. (Graduando em Psicologia [Rib. Preto]) &#8211; Universidade de S\u00e3o Paulo, Universidade de S\u00e3o Paulo \/ RUSP-Institucional. Orientadora: Prof\u00aa. Dr\u00aa. Lucy Leal Melo-Silva.<\/p>\n<p><strong>\u00a0Ana Cristina Braz<\/strong>. Interesse em universit\u00e1rios de cursos de gradua\u00e7\u00e3o da \u00e1rea de ci\u00eancias sociais aplicadas: estudo com BBT-Br. 2013. Inicia\u00e7\u00e3o Cient\u00edfica. (Graduando em Psicologia) &#8211; Universidade de S\u00e3o Paulo, Universidade de S\u00e3o Paulo \/ RUSP-Institucional. Orientadora: Prof\u00aa. Dr\u00aa. Lucy Leal Melo-Silva.<\/p>\n<p><strong>Wadson do Carmo Alonso<\/strong>. Avalia\u00e7\u00e3o da interven\u00e7\u00e3o em um servi\u00e7o de orienta\u00e7\u00e3o profissional; perspectivas dos ex-estagi\u00e1rios. 2010. Inicia\u00e7\u00e3o Cient\u00edfica. (Graduando em Psicologia [Rib. Preto]) &#8211; Universidade de S\u00e3o Paulo, Funda\u00e7\u00e3o de Amparo \u00e0 Pesquisa do Estado de S\u00e3o Paulo. Orientadora: Prof\u00aa. Dr\u00aa. Lucy Leal Melo-Silva.<\/p>\n<p><strong>Marina Noronha Ferraz de Arruda<\/strong>. Inputs, Processo e resultados: avalia\u00e7\u00e3o de um servi\u00e7o de orienta\u00e7\u00e3o profisisonal sob a perspectiva de ex-clientes. 2009. Inicia\u00e7\u00e3o Cient\u00edfica. (Graduando em Psicologia [Rib. Preto]) &#8211; Universidade de S\u00e3o Paulo, Funda\u00e7\u00e3o de Amparo \u00e0 Pesquisa do Estado de S\u00e3o Paulo. Orientadora: Prof\u00aa. Dr\u00aa. Lucy Leal Melo-Silva.<\/p>\n<p><strong>Leandro Miranda Tokoyama<\/strong>. Orienta\u00e7\u00e3o Profissional em um servi\u00e7o-escola na perspectiva dos familiares dos ex-clientes: avalia\u00e7\u00e3o do per\u00edodo 2001-2006. 2009. Inicia\u00e7\u00e3o Cient\u00edfica. (Graduando em Psicologia [Rib. Preto]) &#8211; Universidade de S\u00e3o Paulo, Funda\u00e7\u00e3o de Amparo \u00e0 Pesquisa do Estado de S\u00e3o Paulo. Orientadora: Prof\u00aa. Dr\u00aa. Lucy Leal Melo-Silva.<\/p>\n<p><strong>Melina Del\u00b4Arco de Oliveira<\/strong>. Egressos de Ensino M\u00e9dio P\u00fablico e Privado: Algumas Trajet\u00f3rias na Carreira Universit\u00e1ria. 2005. 104 f. Inicia\u00e7\u00e3o Cient\u00edfica. (Graduando em Psicologia [Rib. Preto]) &#8211; Universidade de S\u00e3o Paulo. Orientadora: Prof\u00aa. Dr\u00aa. Lucy Leal Melo-Silva.<\/p>\n<p><strong>L\u00edvia Loosli<\/strong>. Orienta\u00e7\u00e3o profissional: avalia\u00e7\u00e3o do atendimento na vis\u00e3o dos familiares de ex-clientes.. 2003. 90 f. Inicia\u00e7\u00e3o Cient\u00edfica. (Graduando em Psicologia [Rib. Preto]) &#8211; Universidade de S\u00e3o Paulo, Funda\u00e7\u00e3o de Amparo \u00e0 Pesquisa do Estado de S\u00e3o Paulo. Orientadora: Prof\u00aa. Dr\u00aa. Lucy Leal Melo-Silva.<\/p>\n<p><strong>Fabiana Hil\u00e1rio de Almeida<\/strong>. Avalia\u00e7\u00e3o da interven\u00e7\u00e3o em orienta\u00e7\u00e3o profissional em uma cl\u00ednica-escola na vis\u00e3ode ex-clientes. 2003. 88 f. Inicia\u00e7\u00e3o Cient\u00edfica. (Graduando em Psicologia [Rib. Preto]) &#8211; Universidade de S\u00e3o Paulo, Funda\u00e7\u00e3o de Amparo \u00e0 Pesquisa do Estado de S\u00e3o Paulo. Orientadora: Prof\u00aa. Dr\u00aa. Lucy Leal Melo-Silva.<\/p>\n<p><strong>Lorena Barbosa Fraga<\/strong>. Avalia\u00e7\u00e3o da interven\u00e7\u00e3o em orienta\u00e7\u00e3o profissional numa cl\u00ednica-escola sob a perspectiva do ex-estagi\u00e1rio.. 2003. 68 f. Inicia\u00e7\u00e3o Cient\u00edfica. (Graduando em Psicologia [Rib. Preto]) &#8211; Universidade de S\u00e3o Paulo, Funda\u00e7\u00e3o de Amparo \u00e0 Pesquisa do Estado de S\u00e3o Paulo. Orientadora: Prof\u00aa. Dr\u00aa. Lucy Leal Melo-Silva.<\/p>\n","protected":false},"excerpt":{"rendered":"<p>Isabelle Ribeiro Rodrigues. Projetos de vidas de alunos da rede estadual de um munic\u00edpio paulista. 2022. Inicia\u00e7\u00e3o Cient\u00edfica. (Graduando em&#46;&#46;&#46;<\/p>\n","protected":false},"author":472,"featured_media":0,"parent":0,"menu_order":0,"comment_status":"closed","ping_status":"closed","template":"","meta":{"footnotes":"","_links_to":"","_links_to_target":""},"class_list":["post-514","page","type-page","status-publish","hentry"],"_links":{"self":[{"href":"https:\/\/sites.usp.br\/carreiralab\/wp-json\/wp\/v2\/pages\/514","targetHints":{"allow":["GET"]}}],"collection":[{"href":"https:\/\/sites.usp.br\/carreiralab\/wp-json\/wp\/v2\/pages"}],"about":[{"href":"https:\/\/sites.usp.br\/carreiralab\/wp-json\/wp\/v2\/types\/page"}],"author":[{"embeddable":true,"href":"https:\/\/sites.usp.br\/carreiralab\/wp-json\/wp\/v2\/users\/472"}],"replies":[{"embeddable":true,"href":"https:\/\/sites.usp.br\/carreiralab\/wp-json\/wp\/v2\/comments?post=514"}],"version-history":[{"count":4,"href":"https:\/\/sites.usp.br\/carreiralab\/wp-json\/wp\/v2\/pages\/514\/revisions"}],"predecessor-version":[{"id":713,"href":"https:\/\/sites.usp.br\/carreiralab\/wp-json\/wp\/v2\/pages\/514\/revisions\/713"}],"wp:attachment":[{"href":"https:\/\/sites.usp.br\/carreiralab\/wp-json\/wp\/v2\/media?parent=514"}],"curies":[{"name":"wp","href":"https:\/\/api.w.org\/{rel}","templated":true}]}}