{"id":458,"date":"2025-12-19T11:03:03","date_gmt":"2025-12-19T14:03:03","guid":{"rendered":"https:\/\/sites.usp.br\/cba2026\/?page_id=458"},"modified":"2026-04-06T09:51:38","modified_gmt":"2026-04-06T12:51:38","slug":"submissao-de-minicursos","status":"publish","type":"page","link":"https:\/\/sites.usp.br\/cba2026\/submissao-de-minicursos\/","title":{"rendered":"Submiss\u00e3o de minicursos"},"content":{"rendered":"\t\t<div data-elementor-type=\"wp-page\" data-elementor-id=\"458\" class=\"elementor elementor-458\" data-elementor-post-type=\"page\">\n\t\t\t\t<div class=\"elementor-element elementor-element-dca87d9 e-con-full e-flex e-con e-parent\" data-id=\"dca87d9\" data-element_type=\"container\">\n\t\t<div class=\"elementor-element elementor-element-ee665ed e-con-full e-flex e-con e-child\" data-id=\"ee665ed\" data-element_type=\"container\">\n\t\t\t\t<div class=\"elementor-element elementor-element-7c0d9c9 elementor-widget__width-initial elementor-widget elementor-widget-heading\" data-id=\"7c0d9c9\" data-element_type=\"widget\" data-widget_type=\"heading.default\">\n\t\t\t\t<div class=\"elementor-widget-container\">\n\t\t\t<h1 class=\"elementor-heading-title elementor-size-default\">submiss\u00e3o de minicursos <\/h1>\t\t<\/div>\n\t\t\t\t<\/div>\n\t\t\t\t<div class=\"elementor-element elementor-element-63352e2 elementor-widget__width-initial elementor-widget elementor-widget-heading\" data-id=\"63352e2\" data-element_type=\"widget\" data-widget_type=\"heading.default\">\n\t\t\t\t<div class=\"elementor-widget-container\">\n\t\t\t<p class=\"elementor-heading-title elementor-size-default\"> Os minicursos do <b>CBA 2026<\/b> constituem uma oportunidade privilegiada para promover um ambiente de aprendizado altamente interativo, estimulando a troca de experi\u00eancias entre ministrantes e participantes. Essas atividades t\u00eam como foco a dissemina\u00e7\u00e3o de conhecimento por meio da apresenta\u00e7\u00e3o e demonstra\u00e7\u00e3o de t\u00e9cnicas, metodologias, ferramentas e aplica\u00e7\u00f5es relevantes \u00e0s \u00e1reas de interesse do congresso.<br><br>\nO <b>CBA 2026<\/b> convida a comunidade acad\u00eamica e profissional a submeter propostas de minicursos a serem ministrados em <b>portugu\u00eas ou ingl\u00eas<\/b>, contemplando objetivos de aprendizagem bem definidos e direcionados a um p\u00fablico-alvo espec\u00edfico, em qualquer um dos temas relacionados ao escopo do congresso.<br><br>\nAs propostas submetidas ser\u00e3o avaliadas pela Comiss\u00e3o T\u00e9cnica e pelo Comit\u00ea Organizador, que selecionar\u00e1 aquelas consideradas mais relevantes, atuais e alinhadas aos temas do evento.<br><br>\nA submiss\u00e3o deve ser realizada por meio de um arquivo <b>PDF<\/b>, com <b>at\u00e9 3.000 caracteres<\/b>, contendo obrigatoriamente as seguintes informa\u00e7\u00f5es:<br><br>\n\u2022 T\u00edtulo do minicurso;<br>\n\u2022 Nome dos autores (m\u00e1ximo de dois ministrantes por minicurso);<br>\n\u2022 Minicurr\u00edculo dos autores;<br>\n\u2022 Indica\u00e7\u00e3o do p\u00fablico-alvo;<br>\n\u2022 N\u00famero de vagas oferecidas;<br>\n\u2022Pr\u00e9-requisitos (se houver);<br>\n\u2022 Ementa do minicurso;<br>\n\u2022 Justificativa, destacando a relev\u00e2ncia do curso e as raz\u00f5es pelas quais ele deve atrair o p\u00fablico-alvo;<br>\n\u2022 Objetivos do minicurso;<br>\n\u2022 Materiais e\/ou recursos computacionais necess\u00e1rios (sujeitos \u00e0 disponibilidade da Comiss\u00e3o Organizadora).<br><br>\nOs ministrantes selecionados ter\u00e3o direito \u00e0 <b>inscri\u00e7\u00e3o gratuita no evento<\/b>, al\u00e9m de <b>certificado de participa\u00e7\u00e3o.<\/b><br><br><b>Email para submiss\u00e3o das propostas: cba2026@usp.br<br>\nPrazo final para submiss\u00e3o: <span style=\"color: #F71371\"><s>06\/04\/2026<\/s><\/span>&nbsp;20\/04\/2026<\/b><\/p>\t\t<\/div>\n\t\t\t\t<\/div>\n\t\t\t\t<\/div>\n\t\t\t\t<div class=\"elementor-element elementor-element-b8f3327 elementor-align-center elementor-widget elementor-widget-button\" data-id=\"b8f3327\" data-element_type=\"widget\" data-widget_type=\"button.default\">\n\t\t\t\t<div class=\"elementor-widget-container\">\n\t\t\t\t\t\t\t<div class=\"elementor-button-wrapper\">\n\t\t\t\t\t<a class=\"elementor-button elementor-button-link elementor-size-sm\" href=\"mailto:cba2026@usp.br\" target=\"_blank\">\n\t\t\t\t\t\t<span class=\"elementor-button-content-wrapper\">\n\t\t\t\t\t\t\t\t\t<span class=\"elementor-button-text\">Submeta seu minicurso<\/span>\n\t\t\t\t\t<\/span>\n\t\t\t\t\t<\/a>\n\t\t\t\t<\/div>\n\t\t\t\t\t\t<\/div>\n\t\t\t\t<\/div>\n\t\t\t\t<\/div>\n\t\t<div class=\"elementor-element elementor-element-4d56203 e-con-full e-flex e-con e-parent\" data-id=\"4d56203\" data-element_type=\"container\" data-settings=\"{&quot;background_background&quot;:&quot;classic&quot;}\">\n\t\t<div class=\"elementor-element elementor-element-1f588ec e-con-full e-flex e-con e-child\" data-id=\"1f588ec\" data-element_type=\"container\">\n\t\t\t\t<div class=\"elementor-element elementor-element-ab8d9ff elementor-widget__width-initial elementor-widget elementor-widget-heading\" data-id=\"ab8d9ff\" data-element_type=\"widget\" data-widget_type=\"heading.default\">\n\t\t\t\t<div class=\"elementor-widget-container\">\n\t\t\t<h1 class=\"elementor-heading-title elementor-size-default\">datas importantes<\/h1>\t\t<\/div>\n\t\t\t\t<\/div>\n\t\t<div class=\"elementor-element elementor-element-cef5bcf e-con-full e-flex e-con e-child\" data-id=\"cef5bcf\" data-element_type=\"container\">\n\t\t<div class=\"elementor-element elementor-element-b247aba e-con-full e-flex e-con e-child\" data-id=\"b247aba\" data-element_type=\"container\">\n\t\t\t\t<div class=\"elementor-element elementor-element-725a1a1 elementor-view-default elementor-widget elementor-widget-icon\" data-id=\"725a1a1\" data-element_type=\"widget\" data-widget_type=\"icon.default\">\n\t\t\t\t<div class=\"elementor-widget-container\">\n\t\t\t\t\t<div class=\"elementor-icon-wrapper\">\n\t\t\t<div class=\"elementor-icon\">\n\t\t\t<i aria-hidden=\"true\" class=\"far fa-calendar-alt\"><\/i>\t\t\t<\/div>\n\t\t<\/div>\n\t\t\t\t<\/div>\n\t\t\t\t<\/div>\n\t\t\t\t<div class=\"elementor-element elementor-element-0173b38 elementor-widget elementor-widget-heading\" data-id=\"0173b38\" data-element_type=\"widget\" data-widget_type=\"heading.default\">\n\t\t\t\t<div class=\"elementor-widget-container\">\n\t\t\t<h2 class=\"elementor-heading-title elementor-size-default\">Data limite para proposta de sess\u00e3o especial:<\/h2>\t\t<\/div>\n\t\t\t\t<\/div>\n\t\t\t\t<div class=\"elementor-element elementor-element-b572358 elementor-widget elementor-widget-heading\" data-id=\"b572358\" data-element_type=\"widget\" data-widget_type=\"heading.default\">\n\t\t\t\t<div class=\"elementor-widget-container\">\n\t\t\t<h1 class=\"elementor-heading-title elementor-size-default\">28\/02\/2026<\/h1>\t\t<\/div>\n\t\t\t\t<\/div>\n\t\t\t\t<\/div>\n\t\t<div class=\"elementor-element elementor-element-541515c e-con-full e-flex e-con e-child\" data-id=\"541515c\" data-element_type=\"container\">\n\t\t\t\t<div class=\"elementor-element elementor-element-bc6ee4b elementor-widget-mobile__width-initial elementor-view-default elementor-widget elementor-widget-icon\" data-id=\"bc6ee4b\" data-element_type=\"widget\" data-widget_type=\"icon.default\">\n\t\t\t\t<div class=\"elementor-widget-container\">\n\t\t\t\t\t<div class=\"elementor-icon-wrapper\">\n\t\t\t<div class=\"elementor-icon\">\n\t\t\t<i aria-hidden=\"true\" class=\"far fa-calendar-alt\"><\/i>\t\t\t<\/div>\n\t\t<\/div>\n\t\t\t\t<\/div>\n\t\t\t\t<\/div>\n\t\t\t\t<div class=\"elementor-element elementor-element-d23dbe7 elementor-widget-mobile__width-initial elementor-widget elementor-widget-heading\" data-id=\"d23dbe7\" data-element_type=\"widget\" data-widget_type=\"heading.default\">\n\t\t\t\t<div class=\"elementor-widget-container\">\n\t\t\t<h2 class=\"elementor-heading-title elementor-size-default\">Previs\u00e3o de resposta de aceite de sess\u00e3o especial:<\/h2>\t\t<\/div>\n\t\t\t\t<\/div>\n\t\t\t\t<div class=\"elementor-element elementor-element-b23c61b elementor-widget elementor-widget-heading\" data-id=\"b23c61b\" data-element_type=\"widget\" data-widget_type=\"heading.default\">\n\t\t\t\t<div class=\"elementor-widget-container\">\n\t\t\t<h1 class=\"elementor-heading-title elementor-size-default\">03\/03\/2026<\/h1>\t\t<\/div>\n\t\t\t\t<\/div>\n\t\t\t\t<\/div>\n\t\t\t\t<\/div>\n\t\t<div class=\"elementor-element elementor-element-35422ca e-con-full e-flex e-con e-child\" data-id=\"35422ca\" data-element_type=\"container\">\n\t\t<div class=\"elementor-element elementor-element-8cf32c1 e-con-full e-flex e-con e-child\" data-id=\"8cf32c1\" data-element_type=\"container\">\n\t\t\t\t<div class=\"elementor-element elementor-element-64fe89b elementor-view-default elementor-widget elementor-widget-icon\" data-id=\"64fe89b\" data-element_type=\"widget\" data-widget_type=\"icon.default\">\n\t\t\t\t<div class=\"elementor-widget-container\">\n\t\t\t\t\t<div class=\"elementor-icon-wrapper\">\n\t\t\t<div class=\"elementor-icon\">\n\t\t\t<i aria-hidden=\"true\" class=\"far fa-calendar-alt\"><\/i>\t\t\t<\/div>\n\t\t<\/div>\n\t\t\t\t<\/div>\n\t\t\t\t<\/div>\n\t\t\t\t<div class=\"elementor-element elementor-element-451d9b5 elementor-widget elementor-widget-heading\" data-id=\"451d9b5\" data-element_type=\"widget\" data-widget_type=\"heading.default\">\n\t\t\t\t<div class=\"elementor-widget-container\">\n\t\t\t<h2 class=\"elementor-heading-title elementor-size-default\">Data limite para submiss\u00e3o de artigos:<\/h2>\t\t<\/div>\n\t\t\t\t<\/div>\n\t\t\t\t<div class=\"elementor-element elementor-element-1127ee6 elementor-widget elementor-widget-heading\" data-id=\"1127ee6\" data-element_type=\"widget\" data-widget_type=\"heading.default\">\n\t\t\t\t<div class=\"elementor-widget-container\">\n\t\t\t<h1 class=\"elementor-heading-title elementor-size-default\"><span style=\"color: #F71371\"><s>06\/04\/2026<\/s><\/span>&nbsp;20\/04\/2026<\/h1>\t\t<\/div>\n\t\t\t\t<\/div>\n\t\t\t\t<\/div>\n\t\t<div class=\"elementor-element elementor-element-3e60ccd e-con-full e-flex e-con e-child\" data-id=\"3e60ccd\" data-element_type=\"container\">\n\t\t\t\t<div class=\"elementor-element elementor-element-829e155 elementor-widget-mobile__width-initial elementor-view-default elementor-widget elementor-widget-icon\" data-id=\"829e155\" data-element_type=\"widget\" data-widget_type=\"icon.default\">\n\t\t\t\t<div class=\"elementor-widget-container\">\n\t\t\t\t\t<div class=\"elementor-icon-wrapper\">\n\t\t\t<div class=\"elementor-icon\">\n\t\t\t<i aria-hidden=\"true\" class=\"far fa-calendar-alt\"><\/i>\t\t\t<\/div>\n\t\t<\/div>\n\t\t\t\t<\/div>\n\t\t\t\t<\/div>\n\t\t\t\t<div class=\"elementor-element elementor-element-c72e42f elementor-widget-mobile__width-initial elementor-widget elementor-widget-heading\" data-id=\"c72e42f\" data-element_type=\"widget\" data-widget_type=\"heading.default\">\n\t\t\t\t<div class=\"elementor-widget-container\">\n\t\t\t<h2 class=\"elementor-heading-title elementor-size-default\">Data limite para submiss\u00e3o de minicursos:<\/h2>\t\t<\/div>\n\t\t\t\t<\/div>\n\t\t\t\t<div class=\"elementor-element elementor-element-c683490 elementor-widget elementor-widget-heading\" data-id=\"c683490\" data-element_type=\"widget\" data-widget_type=\"heading.default\">\n\t\t\t\t<div class=\"elementor-widget-container\">\n\t\t\t<h1 class=\"elementor-heading-title elementor-size-default\"><span style=\"color: #F71371\"><s>06\/04\/2026<\/s><\/span>&nbsp;20\/04\/2026<\/h1>\t\t<\/div>\n\t\t\t\t<\/div>\n\t\t\t\t<\/div>\n\t\t\t\t<\/div>\n\t\t<div class=\"elementor-element elementor-element-748c5ee e-con-full e-flex e-con e-child\" data-id=\"748c5ee\" data-element_type=\"container\">\n\t\t<div class=\"elementor-element elementor-element-2c7e913 e-con-full e-flex e-con e-child\" data-id=\"2c7e913\" data-element_type=\"container\">\n\t\t\t\t<div class=\"elementor-element elementor-element-1bc6928 elementor-view-default elementor-widget elementor-widget-icon\" data-id=\"1bc6928\" data-element_type=\"widget\" data-widget_type=\"icon.default\">\n\t\t\t\t<div class=\"elementor-widget-container\">\n\t\t\t\t\t<div class=\"elementor-icon-wrapper\">\n\t\t\t<div class=\"elementor-icon\">\n\t\t\t<i aria-hidden=\"true\" class=\"far fa-calendar-alt\"><\/i>\t\t\t<\/div>\n\t\t<\/div>\n\t\t\t\t<\/div>\n\t\t\t\t<\/div>\n\t\t\t\t<div class=\"elementor-element elementor-element-554ebcc elementor-widget elementor-widget-heading\" data-id=\"554ebcc\" data-element_type=\"widget\" data-widget_type=\"heading.default\">\n\t\t\t\t<div class=\"elementor-widget-container\">\n\t\t\t<h2 class=\"elementor-heading-title elementor-size-default\">Previs\u00e3o de resposta sobre aceite:<\/h2>\t\t<\/div>\n\t\t\t\t<\/div>\n\t\t\t\t<div class=\"elementor-element elementor-element-92700fb elementor-widget elementor-widget-heading\" data-id=\"92700fb\" data-element_type=\"widget\" data-widget_type=\"heading.default\">\n\t\t\t\t<div class=\"elementor-widget-container\">\n\t\t\t<h1 class=\"elementor-heading-title elementor-size-default\">26\/06\/2026 a 02\/07\/2026<\/h1>\t\t<\/div>\n\t\t\t\t<\/div>\n\t\t\t\t<\/div>\n\t\t<div class=\"elementor-element elementor-element-a52d42c e-con-full e-flex e-con e-child\" data-id=\"a52d42c\" data-element_type=\"container\">\n\t\t\t\t<div class=\"elementor-element elementor-element-7492548 elementor-widget-mobile__width-initial elementor-view-default elementor-widget elementor-widget-icon\" data-id=\"7492548\" data-element_type=\"widget\" data-widget_type=\"icon.default\">\n\t\t\t\t<div class=\"elementor-widget-container\">\n\t\t\t\t\t<div class=\"elementor-icon-wrapper\">\n\t\t\t<div class=\"elementor-icon\">\n\t\t\t<i aria-hidden=\"true\" class=\"far fa-calendar-alt\"><\/i>\t\t\t<\/div>\n\t\t<\/div>\n\t\t\t\t<\/div>\n\t\t\t\t<\/div>\n\t\t\t\t<div class=\"elementor-element elementor-element-b6f59c6 elementor-widget-mobile__width-initial elementor-widget elementor-widget-heading\" data-id=\"b6f59c6\" data-element_type=\"widget\" data-widget_type=\"heading.default\">\n\t\t\t\t<div class=\"elementor-widget-container\">\n\t\t\t<h2 class=\"elementor-heading-title elementor-size-default\">Data limite para submiss\u00e3o da vers\u00e3o final dos artigos:<\/h2>\t\t<\/div>\n\t\t\t\t<\/div>\n\t\t\t\t<div class=\"elementor-element elementor-element-fcc3817 elementor-widget elementor-widget-heading\" data-id=\"fcc3817\" data-element_type=\"widget\" data-widget_type=\"heading.default\">\n\t\t\t\t<div class=\"elementor-widget-container\">\n\t\t\t<h1 class=\"elementor-heading-title elementor-size-default\">03\/08\/2026<\/h1>\t\t<\/div>\n\t\t\t\t<\/div>\n\t\t\t\t<\/div>\n\t\t\t\t<\/div>\n\t\t<div class=\"elementor-element elementor-element-03ab9c9 e-con-full e-flex e-con e-child\" data-id=\"03ab9c9\" data-element_type=\"container\">\n\t\t<div class=\"elementor-element elementor-element-7ee0cb0 e-con-full e-flex e-con e-child\" data-id=\"7ee0cb0\" data-element_type=\"container\">\n\t\t\t\t<div class=\"elementor-element elementor-element-e23b373 elementor-widget-mobile__width-initial elementor-view-default elementor-widget elementor-widget-icon\" data-id=\"e23b373\" data-element_type=\"widget\" data-widget_type=\"icon.default\">\n\t\t\t\t<div class=\"elementor-widget-container\">\n\t\t\t\t\t<div class=\"elementor-icon-wrapper\">\n\t\t\t<div class=\"elementor-icon\">\n\t\t\t<i aria-hidden=\"true\" class=\"far fa-calendar-alt\"><\/i>\t\t\t<\/div>\n\t\t<\/div>\n\t\t\t\t<\/div>\n\t\t\t\t<\/div>\n\t\t\t\t<div class=\"elementor-element elementor-element-6e78b9e elementor-widget-mobile__width-initial elementor-widget elementor-widget-heading\" data-id=\"6e78b9e\" data-element_type=\"widget\" data-widget_type=\"heading.default\">\n\t\t\t\t<div class=\"elementor-widget-container\">\n\t\t\t<h2 class=\"elementor-heading-title elementor-size-default\">Data limite para inscri\u00e7\u00e3o com desconto:<\/h2>\t\t<\/div>\n\t\t\t\t<\/div>\n\t\t\t\t<div class=\"elementor-element elementor-element-95f4723 elementor-widget elementor-widget-heading\" data-id=\"95f4723\" data-element_type=\"widget\" data-widget_type=\"heading.default\">\n\t\t\t\t<div class=\"elementor-widget-container\">\n\t\t\t<h1 class=\"elementor-heading-title elementor-size-default\">03\/08\/2026<\/h1>\t\t<\/div>\n\t\t\t\t<\/div>\n\t\t\t\t<\/div>\n\t\t<div class=\"elementor-element elementor-element-cc78846 e-con-full e-flex e-con e-child\" data-id=\"cc78846\" data-element_type=\"container\">\n\t\t\t\t<div class=\"elementor-element elementor-element-312ea8d elementor-widget-mobile__width-initial elementor-view-default elementor-widget elementor-widget-icon\" data-id=\"312ea8d\" data-element_type=\"widget\" data-widget_type=\"icon.default\">\n\t\t\t\t<div class=\"elementor-widget-container\">\n\t\t\t\t\t<div class=\"elementor-icon-wrapper\">\n\t\t\t<div class=\"elementor-icon\">\n\t\t\t<i aria-hidden=\"true\" class=\"far fa-calendar-alt\"><\/i>\t\t\t<\/div>\n\t\t<\/div>\n\t\t\t\t<\/div>\n\t\t\t\t<\/div>\n\t\t\t\t<div class=\"elementor-element elementor-element-544a015 elementor-widget-mobile__width-initial elementor-widget elementor-widget-heading\" data-id=\"544a015\" data-element_type=\"widget\" data-widget_type=\"heading.default\">\n\t\t\t\t<div class=\"elementor-widget-container\">\n\t\t\t<h2 class=\"elementor-heading-title elementor-size-default\">Data limite para inscri\u00e7\u00e3o com artigo nos anais:<\/h2>\t\t<\/div>\n\t\t\t\t<\/div>\n\t\t\t\t<div class=\"elementor-element elementor-element-ff9fb33 elementor-widget elementor-widget-heading\" data-id=\"ff9fb33\" data-element_type=\"widget\" data-widget_type=\"heading.default\">\n\t\t\t\t<div class=\"elementor-widget-container\">\n\t\t\t<h1 class=\"elementor-heading-title elementor-size-default\">22\/08\/2026<\/h1>\t\t<\/div>\n\t\t\t\t<\/div>\n\t\t\t\t<\/div>\n\t\t\t\t<\/div>\n\t\t\t\t<\/div>\n\t\t\t\t<\/div>\n\t\t\t\t<\/div>\n\t\t","protected":false},"excerpt":{"rendered":"<p>submiss\u00e3o de minicursos Os minicursos do CBA 2026 constituem uma oportunidade privilegiada para promover um ambiente de aprendizado altamente interativo, estimulando a troca de experi\u00eancias entre ministrantes e participantes. Essas atividades t\u00eam como foco a dissemina\u00e7\u00e3o de conhecimento por meio da apresenta\u00e7\u00e3o e demonstra\u00e7\u00e3o de t\u00e9cnicas, metodologias, ferramentas e aplica\u00e7\u00f5es relevantes \u00e0s \u00e1reas de interesse [&hellip;]<\/p>\n","protected":false},"author":24531,"featured_media":0,"parent":0,"menu_order":0,"comment_status":"closed","ping_status":"closed","template":"elementor_header_footer","meta":{"footnotes":"","_links_to":"","_links_to_target":""},"class_list":["post-458","page","type-page","status-publish","hentry"],"_links":{"self":[{"href":"https:\/\/sites.usp.br\/cba2026\/wp-json\/wp\/v2\/pages\/458","targetHints":{"allow":["GET"]}}],"collection":[{"href":"https:\/\/sites.usp.br\/cba2026\/wp-json\/wp\/v2\/pages"}],"about":[{"href":"https:\/\/sites.usp.br\/cba2026\/wp-json\/wp\/v2\/types\/page"}],"author":[{"embeddable":true,"href":"https:\/\/sites.usp.br\/cba2026\/wp-json\/wp\/v2\/users\/24531"}],"replies":[{"embeddable":true,"href":"https:\/\/sites.usp.br\/cba2026\/wp-json\/wp\/v2\/comments?post=458"}],"version-history":[{"count":4,"href":"https:\/\/sites.usp.br\/cba2026\/wp-json\/wp\/v2\/pages\/458\/revisions"}],"predecessor-version":[{"id":795,"href":"https:\/\/sites.usp.br\/cba2026\/wp-json\/wp\/v2\/pages\/458\/revisions\/795"}],"wp:attachment":[{"href":"https:\/\/sites.usp.br\/cba2026\/wp-json\/wp\/v2\/media?parent=458"}],"curies":[{"name":"wp","href":"https:\/\/api.w.org\/{rel}","templated":true}]}}