{"id":1411,"date":"2024-04-09T21:05:48","date_gmt":"2024-04-09T23:05:48","guid":{"rendered":"https:\/\/sites.usp.br\/cbfdpg\/?page_id=1411"},"modified":"2025-05-21T11:30:26","modified_gmt":"2025-05-21T13:30:26","slug":"ies-integrantes","status":"publish","type":"page","link":"https:\/\/sites.usp.br\/cbfdpg\/ies-integrantes\/","title":{"rendered":"Cursos e Faculdades de Direito P\u00fablicas"},"content":{"rendered":"\t\t<div data-elementor-type=\"wp-page\" data-elementor-id=\"1411\" class=\"elementor elementor-1411\" data-elementor-post-type=\"page\">\n\t\t\t\t<div class=\"elementor-element elementor-element-95ff57a e-flex e-con-boxed e-con e-parent\" data-id=\"95ff57a\" data-element_type=\"container\">\n\t\t\t\t\t<div class=\"e-con-inner\">\n\t\t\t\t<div class=\"elementor-element elementor-element-9afd081 elementor-widget elementor-widget-text-editor\" data-id=\"9afd081\" data-element_type=\"widget\" data-widget_type=\"text-editor.default\">\n\t\t\t\t<div class=\"elementor-widget-container\">\n\t\t\t\t\t\t\t<p><a style=\"background-color: #ffffff; color: #113212; box-shadow: #081708 0px -1px 0px inset;\" href=\"https:\/\/portal.ufgd.edu.br\/\">Universidade Federal da Grande Dourados&nbsp;<\/a><\/p>\n<p><a href=\"https:\/\/vilhena.unir.br\/homepage\">Universidade Federal de Rond\u00f4nia &#8211; Vilhena&nbsp;<\/a><\/p>\n<p><a href=\"https:\/\/campuscacoal.unir.br\/homepage\">Universidade Federal&nbsp; de Rond\u00f4nia &#8211;&nbsp; Cacoal&nbsp;<\/a><\/p>\n<p><a href=\"https:\/\/www.unir.br\/homepage\">Universidade Federal de Rond\u00f4nia&nbsp;&#8211; Porto Velho&nbsp;<\/a><\/p>\n<p><a href=\"https:\/\/unipampa.edu.br\/livramento\/\">Universidade Federal&nbsp; do Pampa &#8211; Santana do Livramento&nbsp;<\/a><\/p>\n<p><a href=\"https:\/\/unipampa.edu.br\/saoborja\/\">Universidade Federal&nbsp; do Pampa &#8211; S\u00e3o Borja<\/a><\/p>\n<p><a href=\"https:\/\/ww2.uft.edu.br\/index.php\/arraias\/cursos-arraias-2\/70-campus-universitarios\/campus-de-arraias#:~:text=Endere%C3%A7o%20e%20Contatos,%2D3400%20Unidade%20CentroAvenida...\">Universidade Federal do Tocantins &#8211; Arraias&nbsp;<\/a><\/p>\n<p><a href=\"https:\/\/ww2.uft.edu.br\/index.php\/palmas\">Universidade Federal&nbsp; do Tocantins &#8211;&nbsp; Palmas&nbsp;<\/a><\/p>\n<p><a href=\"https:\/\/ifpr.edu.br\/palmas\/\"><span style=\"white-space-collapse: preserve;\">Instituto Federal de Educa\u00e7\u00e3o, Ci\u00eancia e Tecnologia do Paran\u00e1 &#8211; Palmas <\/span><\/a><\/p>\n<p><span style=\"white-space-collapse: preserve;\"><a href=\"https:\/\/www.ifsudestemg.edu.br\/\">Instituto Federal de Educa\u00e7\u00e3o, Ci\u00eancia e Tecnologia do Sudeste de Minas Gerais<\/a> <br><\/span><\/p>\n<p><span style=\"white-space-collapse: preserve;\"><a href=\"https:\/\/www.unb.br\/\">Universidade de Bras\u00edlia<\/a> <\/span><\/p>\n<p><span style=\"white-space-collapse: preserve;\"><a href=\"https:\/\/www.upe.br\/estrutura-multicampi2.html?view=article&amp;id=464:campus-arcoverde&amp;catid=122:estrutura-multicampi\">Universidade de Pernambuco &#8211; Arcoverde<\/a> <\/span><\/p>\n<p><a href=\"https:\/\/www.upe.br\/institucional\/estrutura-multicampi.html?view=article&amp;id=465:campus-benfica&amp;catid=122:estrutura-multicampi\">Unversidade de Pernambuco &#8211; Benfica&nbsp;<\/a><\/p>\n<p><i><span style=\"font-weight: 400;\"><a href=\"https:\/\/portal.uneb.br\/campus-jacobina\/\">Universidade do Estado da Bahia &#8211; Jacobina<\/a>&nbsp;<\/span><\/i><\/p>\n<p><i><span style=\"font-weight: 400;\"><a href=\"https:\/\/portal.uneb.br\/campus-brumado\/\">Universidade do Estado da Bahia &#8211; Brumado<\/a>&nbsp;<\/span><\/i><\/p>\n<p><a href=\"https:\/\/portal.uneb.br\/campus-itaberaba\/\"><i><span style=\"font-weight: 400;\">Universidade do Estado da Bahia &#8211; Itaberaba&nbsp;<\/span><\/i><\/a><\/p>\n<p><a href=\"https:\/\/portal.uneb.br\/campus-camacari\/\"><i><span style=\"font-weight: 400;\">Universidade do Estado da Bahia &#8211; Cama\u00e7ari&nbsp;<\/span><\/i><\/a><\/p>\n<p><a href=\"https:\/\/portal.uneb.br\/campus-juazeiro\/\"><i><span style=\"font-weight: 400;\">Universidade do Estado da Bahia &#8211; Juazeiro&nbsp;<\/span><\/i><\/a><\/p>\n<p><a href=\"https:\/\/portal.uneb.br\/campus-paulo-afonso\/\"><i><span style=\"font-weight: 400;\">Universidade do Estado da Bahia &#8211; Paulo Afonso&nbsp;<\/span><\/i><\/a><\/p>\n<p><a href=\"https:\/\/portal.uneb.br\/campus-%20salvador%20\/\"><i><span style=\"font-weight: 400;\">Universidade do Estado da Bahia &#8211; Salvador <\/span><\/i><\/a><\/p>\n<p><a href=\"https:\/\/portal.uneb.br\/campus-valenca\/\"><i><span style=\"font-weight: 400;\">Universidade do Estado da Bahia &#8211; Valen\u00e7a&nbsp;<\/span><\/i><\/a><\/p>\n<p><a href=\"https:\/\/altafloresta.unemat.br\/\"><i><span style=\"font-weight: 400;\">Universidade do Estado do Mato Grosso Carlos Alberto Reyes Maldonado &#8211; Alta Floresta&nbsp;&nbsp;<\/span><\/i><\/a><\/p>\n<p><a href=\"https:\/\/barradobugres.unemat.br\/\"><i><span style=\"font-weight: 400;\">Universidade do&nbsp; Estado do Mato Grosso Carlos Alberto Reyes Maldonado &#8211; Barra do Bugres&nbsp;<\/span><\/i><\/a><\/p>\n<p><a href=\"https:\/\/caceres.unemat.br\/\"><i><span style=\"font-weight: 400;\">Universidade do&nbsp; Estado do Mato Grosso Carlos Alberto Reyes Maldonado &#8211; C\u00e1ceres&nbsp;<\/span><\/i><\/a><\/p>\n<p><a href=\"https:\/\/diamantino.unemat.br\/\"><i><span style=\"font-weight: 400;\">Universidade do&nbsp; Estado do Mato Grosso Carlos Alberto Reyes Maldonado &#8211; Diamantino&nbsp;<\/span><\/i><\/a><\/p>\n<p><a href=\"https:\/\/ponteselacerda.unemat.br\/\"><i><span style=\"font-weight: 400;\">Universidade do&nbsp; Estado do Mato Grosso Carlos Alberto Reyes Maldonado &#8211; Pontes e Lacerda<\/span><\/i><\/a><\/p>\n<p><a href=\"https:\/\/www.uemg.br\/claudio\"><i><span style=\"font-weight: 400;\">Universidade do Estado de Minas Gerais &#8211; Cl\u00e1udio&nbsp;&nbsp;<\/span><\/i><\/a><\/p>\n<p><a href=\"http:\/\/2018.uemg.br\/unidade.php?id=8\"><i><span style=\"font-weight: 400;\">Universidade do Estado de Minas Gerais &#8211; Diamantina&nbsp;<\/span><\/i><\/a><\/p>\n<p><a href=\"http:\/\/2018.uemg.br\/unidade.php?id=11\"><i><span style=\"font-weight: 400;\">Universidade do Estado de Minas Gerais &#8211; Frutal&nbsp;<\/span><\/i><\/a><\/p>\n<p><a href=\"https:\/\/www.uemg.br\/unidades-2019\/15350-unidade-guanhaes\"><i><span style=\"font-weight: 400;\">Universidade do Estado de&nbsp; Minas Gerais &#8211; Guanh\u00e3es<\/span><\/i><\/a><\/p>\n<p><a href=\"http:\/\/2018.uemg.br\/unidade.php?id=16\"><i><span style=\"font-weight: 400;\">Universidade do Estado de Minas Gerais &#8211; Ituiutaba&nbsp;<\/span><\/i><\/a><\/p>\n<p><a href=\"http:\/\/2018.uemg.br\/unidade.php?id=18\"><i><span style=\"font-weight: 400;\">Universidade do Estado de Minas Gerais &#8211; Passos&nbsp;<\/span><\/i><\/a><\/p>\n<p><a href=\"https:\/\/www1.uea.edu.br\/\"><i><span style=\"font-weight: 400;\">Universidade do Estado do Amazonas<\/span><\/i><\/a><\/p>\n<p><a href=\"https:\/\/www.uerj.br\/\"><i><span style=\"font-weight: 400;\">Universidade do Estado do Rio de Janeiro&nbsp;<\/span><\/i><\/a><\/p>\n<p><a href=\"https:\/\/www.uern.br\/campus\/servico.asp?item=mossoro\"><i><span style=\"font-weight: 400;\">Universidade do Estado do Rio Grande do Norte &#8211; Mossor\u00f3<\/span><\/i><\/a><\/p>\n<p><a href=\"https:\/\/ufrn.br\/\"><i><span style=\"font-weight: 400;\">Universidade do Estado do Rio Grande do Norte &#8211; Natal&nbsp;<\/span><\/i><\/a><\/p>\n<p><a href=\"https:\/\/uepb.edu.br\/\"><i><span style=\"font-weight: 400;\">Universidade do Estadual da Para\u00edba<\/span><\/i><\/a><\/p>\n<p><a href=\"https:\/\/www.uemasul.edu.br\/portal\/\"><i><span style=\"font-weight: 400;\">Universidade Estadual da Regi\u00e3o Tocantina do Maranh\u00e3o<\/span><\/i><\/a><\/p>\n<p><a href=\"https:\/\/www.uneal.edu.br\/institucional\/campi\/arapiraca\"><i><span style=\"font-weight: 400;\">Universidade Estadual de Alagoas &#8211; Arapiraca<\/span><\/i><\/a><\/p>\n<p><a href=\"https:\/\/www.uneal.edu.br\/institucional\/campi\/maceio\"><i><span style=\"font-weight: 400;\">Universidade Estadual&nbsp; de Alagoas &#8211; Macei\u00f3<\/span><\/i><\/a><\/p>\n<p><a href=\"https:\/\/www.uefs.br\/\"><i><span style=\"font-weight: 400;\">Universidade Estadual de Feira de Santana&nbsp;<\/span><\/i><\/a><\/p>\n<p><a href=\"https:\/\/ueg.br\/campusmetropolitano\/\"><i><span style=\"font-weight: 400;\">Universidade Estadual de Goi\u00e1s &#8211; Campus Metropolitano &#8211; Aparecida de Goi\u00e2nia&nbsp;<\/span><\/i><\/a><\/p>\n<p><a href=\"https:\/\/ueg.br\/campusoeste\/\"><i><span style=\"font-weight: 400;\">Universidade Estadual de Goi\u00e1s &#8211; Campus Oeste &#8211; S\u00e3o Lu\u00eds de Montes Belos&nbsp;&nbsp;<\/span><\/i><\/a><\/p>\n<p><i><span style=\"font-weight: 400;\"><a href=\"https:\/\/ueg.br\/campussul\/\">Universidade Estadual de Goi\u00e1s &#8211; Campus Sul &#8211; Morrinhos<\/a>&nbsp;<\/span><\/i><\/p>\n<p><a href=\"https:\/\/ueg.br\/palmeiras\/\"><i><span style=\"font-weight: 400;\">Universidade Estadual&nbsp; de Goi\u00e1s &#8211; Campus Oeste &#8211; Unidade Universit\u00e1ria de Palmeiras de Goi\u00e1s&nbsp;<\/span><\/i><\/a><\/p>\n<p><a href=\"https:\/\/www.ueg.br\/piresdorio\/\"><i><span style=\"font-weight: 400;\">Universidade Estadual de Goi\u00e1s &#8211; Campus Sul &#8211; Unidade Universit\u00e1ria de Pires do Rio&nbsp;<\/span><\/i><\/a><\/p>\n<p><a href=\"https:\/\/www.ueg.br\/campusnorte\/\"><i><span style=\"font-weight: 400;\">Universidade Estadual de Goi\u00e1s &#8211;&nbsp; Campus Norte &#8211; Urua\u00e7u&nbsp;<\/span><\/i><\/a><\/p>\n<p><a href=\"https:\/\/portal.uel.br\/home\/\"><i><span style=\"font-weight: 400;\">Universidade Estadual&nbsp; de Londrina&nbsp;<\/span><\/i><\/a><\/p>\n<p><a href=\"http:\/\/www.uem.br\/\"><i><span style=\"font-weight: 400;\">Universidade Estadual de Maring\u00e1&nbsp;<\/span><\/i><\/a><\/p>\n<p><a href=\"https:\/\/portal.uems.br\/dourados\"><i><span style=\"font-weight: 400;\">Universidade Estadual de Mato Grosso do Sul &#8211; Dourados<\/span><\/i><\/a><\/p>\n<p><a href=\"https:\/\/portal.uems.br\/navirai\"><i><span style=\"font-weight: 400;\">Universidade Estadual de Mato Grosso do Sul &#8211; Navira\u00ed&nbsp;<\/span><\/i><\/a><\/p>\n<p><a href=\"https:\/\/portal.uems.br\/paranaiba\"><i><span style=\"font-weight: 400;\">Universidade Estadual de Mato Grosso do Sul &#8211; Parana\u00edba&nbsp;<\/span><\/i><\/a><\/p>\n<p><a href=\"https:\/\/unimontes.br\/\"><i><span style=\"font-weight: 400;\">Universidade Estadual de Montes Claros&nbsp;<\/span><\/i><\/a><\/p>\n<p><a href=\"https:\/\/www.uepg.br\/\"><i><span style=\"font-weight: 400;\">Universidade Estadual de Ponta Grossa&nbsp;<\/span><\/i><\/a><\/p>\n<p><a href=\"https:\/\/www.uerr.edu.br\/\"><i><span style=\"font-weight: 400;\">Universidade Estadual de Roraima&nbsp;<\/span><\/i><\/a><\/p>\n<p><a href=\"http:\/\/www.uesc.br\/\"><i><span style=\"font-weight: 400;\">Universidade Estadual de Santa Cruz&nbsp;<\/span><\/i><\/a><\/p>\n<p><a href=\"https:\/\/www.prog.uema.br\/bacabal\/\"><i><span style=\"font-weight: 400;\">Universidade Estadual do Maranh\u00e3o &#8211; Bacabal&nbsp;&nbsp;<\/span><\/i><\/a><\/p>\n<p><a href=\"https:\/\/www.prog.uema.br\/codo\/\"><i><span style=\"font-weight: 400;\">Universidade Estadual do Maranh\u00e3o &#8211; Cod\u00f3<\/span><\/i><\/a><\/p>\n<p><a href=\"https:\/\/www.prog.uema.br\/sao-bento\/\"><i><span style=\"font-weight: 400;\">Universidade Estadual do Maranh\u00e3o &#8211; S\u00e3o Bento&nbsp;<\/span><\/i><\/a><\/p>\n<p><i><span style=\"font-weight: 400;\"><a href=\"https:\/\/www.prog.uema.br\/sao-luis\/\">Universidade Estadual do Maranh\u00e3o &#8211; S\u00e3o Luis<\/a>&nbsp;<\/span><\/i><\/p>\n<p><a href=\"https:\/\/uenp.edu.br\/\"><i><span style=\"font-weight: 400;\">Universidade Estadual do Norte do Paran\u00e1&nbsp;<\/span><\/i><\/a><\/p>\n<p><a href=\"https:\/\/www.unioeste.br\/portal\/campus-marechal-candido-rondon\/\"><i><span style=\"font-weight: 400;\">Universidade Estadual do Oeste do Paran\u00e1 &#8211; Marechal C\u00e2ndido Rondon<\/span><\/i><\/a><\/p>\n<p><a href=\"https:\/\/www.unioeste.br\/portal\/campus-francisco-beltrao\/\"><i><span style=\"font-weight: 400;\">Universidade Estadual do Oeste do Paran\u00e1 &#8211;&nbsp; Francisco Beltr\u00e3o&nbsp;<\/span><\/i><\/a><\/p>\n<p><a href=\"https:\/\/www.unioeste.br\/portal\/campus-foz-do-iguacu\/\"><i><span style=\"font-weight: 400;\">Universidade Estadual do Oeste do Paran\u00e1 &#8211; Foz do Igua\u00e7u<\/span><\/i><\/a><\/p>\n<p><a href=\"https:\/\/apucarana.unespar.edu.br\/\"><i><span style=\"font-weight: 400;\">Universidade Estadual do Paran\u00e1 &#8211; Apucarana&nbsp;<\/span><\/i><\/a><\/p>\n<p><a href=\"https:\/\/paranavai.unespar.edu.br\/\"><i><span style=\"font-weight: 400;\">Universidade Estadual do Paran\u00e1 &#8211; Paranava\u00ed&nbsp;<\/span><\/i><\/a><\/p>\n<p><a href=\"https:\/\/uniaodavitoria.unespar.edu.br\/\"><i><span style=\"font-weight: 400;\">Universidade Estadual do Paran\u00e1 &#8211; Uni\u00e3o da Vit\u00f3ria<\/span><\/i><\/a><\/p>\n<p><a href=\"https:\/\/uespi.br\/\"><i><span style=\"font-weight: 400;\">Universidade Estadual do Piau\u00ed &#8211; Poeta Torquato Neto &#8211; Teresina&nbsp;<\/span><\/i><\/a><\/p>\n<p><a href=\"https:\/\/uespi.br\/tag\/clovis-moura\/\"><i><span style=\"font-weight: 400;\">Universidade Estadual do Piau\u00ed &#8211; Cl\u00f3vis Moura &#8211; Teresina&nbsp;<\/span><\/i><\/a><\/p>\n<p><a href=\"https:\/\/uespi.br\/tag\/bom-jesus\/\"><i><span style=\"font-weight: 400;\">Universidade Estadual do Piau\u00ed &#8211; Dom Jos\u00e9 Vasquez &#8211; Bom Jesus&nbsp;<\/span><\/i><\/a><\/p>\n<p><a href=\"https:\/\/uespi.br\/tag\/corrente\/\"><i><span style=\"font-weight: 400;\">Universidade Estadual do Piau\u00ed &#8211; Jesualdo Cavalcanti &#8211; Corrente&nbsp;<\/span><\/i><\/a><\/p>\n<p><a href=\"https:\/\/uespi.br\/tag\/floriano\/\"><i><span style=\"font-weight: 400;\">Universidade Estadual do Piau\u00ed &#8211; Josefina Demes &#8211; Floriano&nbsp;<\/span><\/i><\/a><\/p>\n<p><a href=\"https:\/\/uespi.br\/tag\/piripiri\/\"><i><span style=\"font-weight: 400;\">Universidade Estadual do Piau\u00ed &#8211; Prof. Ant\u00f4nio Giovanni Alves de Sousa &#8211; Piripiri<\/span><\/i><\/a><\/p>\n<p><a href=\"https:\/\/uespi.br\/tag\/parnaiba\/\"><i><span style=\"font-weight: 400;\">Universidade Estadual do Piau\u00ed &#8211; Professor Alexandre Alves &#8211; Parna\u00edba<\/span><\/i><\/a><\/p>\n<p><a href=\"https:\/\/uespi.br\/tag\/picos\/\"><i><span style=\"font-weight: 400;\">Universidade Estadual do Piau\u00ed &#8211; Professor Barros Ara\u00fajo- Picos&nbsp;<\/span><\/i><\/a><\/p>\n<p><a href=\"http:\/\/www.uesb.br\/\"><i><span style=\"font-weight: 400;\">Universidade Estadual do Sudoeste da Bahia<\/span><\/i><\/a><\/p>\n<p><a href=\"https:\/\/www.unitins.br\/nPortal\/campus-palmas\"><i><span style=\"font-weight: 400;\">Universidade Estadual do Tocantins &#8211; Palmas&nbsp;<\/span><\/i><\/a><\/p>\n<p><a href=\"https:\/\/www.unitins.br\/nPortal\/campus-augustinopolis\"><i><span style=\"font-weight: 400;\">Universidade Estadual&nbsp; do Tocantins &#8211; Augustin\u00f3polis&nbsp;<\/span><\/i><\/a><\/p>\n<p><a href=\"https:\/\/www.unitins.br\/nPortal\/campus-dianopolis\"><i><span style=\"font-weight: 400;\">Universidade Estadual do Tocantins &#8211; Dian\u00f3polis<\/span><\/i><\/a><\/p>\n<p><a href=\"https:\/\/www.unitins.br\/nPortal\/campus-paraiso\"><i><span style=\"font-weight: 400;\">Universidade Estadual do Tocantins &#8211; Para\u00edso&nbsp;<\/span><\/i><\/a><\/p>\n<p><a href=\"https:\/\/www2.unesp.br\/\"><i><span style=\"font-weight: 400;\">Universidade Estadual Paulista J\u00falio de Mesquita Filho &#8211; Franca<\/span><\/i><\/a><\/p>\n<p><a href=\"https:\/\/www.uva.ce.gov.br\/\"><i><span style=\"font-weight: 400;\">Universidade Estadual Vale do Acara\u00fa&nbsp;<\/span><\/i><\/a><\/p>\n<p><a href=\"https:\/\/www.ufba.br\/\"><i><span style=\"font-weight: 400;\">Universidade Federal da Bahia&nbsp;<\/span><\/i><\/a><\/p>\n<p><a href=\"https:\/\/www.ufpb.br\/\"><i><span style=\"font-weight: 400;\">Universidade Federal da Para\u00edba<\/span><\/i><\/a><\/p>\n<p><a href=\"https:\/\/ufal.br\/\"><i><span style=\"font-weight: 400;\">Universidade Federal de Alagoas<\/span><\/i><\/a><\/p>\n<p><a href=\"https:\/\/portal.ufcg.edu.br\/\"><i><span style=\"font-weight: 400;\">Universidade Federal de Campina Grande<\/span><\/i><\/a><\/p>\n<p><a href=\"https:\/\/www.ufc.br\/\"><i><span style=\"font-weight: 400;\"> Universidade Federal do Cear\u00e1&nbsp;<\/span><\/i><\/a><\/p>\n<p><a href=\"https:\/\/ufg.br\/\"><i><span style=\"font-weight: 400;\">Universidade Federal de Goi\u00e1s&nbsp;<\/span><\/i><\/a><\/p>\n<p><a href=\"https:\/\/portalufj.jatai.ufg.br\/\"><i><span style=\"font-weight: 400;\">Universidade Federal de Jata\u00ed&nbsp;<\/span><\/i><\/a><\/p>\n<p><a href=\"https:\/\/www2.ufjf.br\/ufjf\/\"><i><span style=\"font-weight: 400;\">Universidade Federal de Juiz de Fora<\/span><\/i><\/a><\/p>\n<p><a href=\"https:\/\/ufla.br\/\"><i><span style=\"font-weight: 400;\">Universidade Federal de Lavras&nbsp;<\/span><\/i><\/a><\/p>\n<p><a href=\"https:\/\/www.ufmt.br\/campus\/araguaia\"><i><span style=\"font-weight: 400;\">Universidade Federal de Mato Grosso &#8211; Araguaia&nbsp;<\/span><\/i><\/a><\/p>\n<p><a href=\"https:\/\/www.ufmt.br\/campus\/cuiaba\"><i><span style=\"font-weight: 400;\">Universidade Federal de Mato Grosso &#8211; Cuiab\u00e1&nbsp;<\/span><\/i><\/a><\/p>\n<p><a href=\"https:\/\/cptl.ufms.br\/\"><i><span style=\"font-weight: 400;\">Universidade Federal de Mato Grosso do Sul &#8211; Tr\u00eas Lagoas&nbsp;<\/span><\/i><\/a><\/p>\n<p><a href=\"https:\/\/fadir.ufms.br\/\"><i><span style=\"font-weight: 400;\">Universidade Federal de Mato Grosso do Sul &#8211; Faculdade de Direito Prof. Nelson Trad<\/span><\/i><\/a><\/p>\n<p><a href=\"https:\/\/cpcx.ufms.br\/\"><i><span style=\"font-weight: 400;\">Universidade Federal de Mato Grosso do Sul &#8211; Coxim<\/span><\/i><\/a><\/p>\n<p><a href=\"https:\/\/cpan.ufms.br\/\"><i><span style=\"font-weight: 400;\">Universidade Federal de Mato Grosso do Sul &#8211;&nbsp; Pantanal<\/span><\/i><\/a><\/p>\n<p><a href=\"https:\/\/ufmg.br\/\"><i><span style=\"font-weight: 400;\">Universidade Federal de Minas Gerais&nbsp;<\/span><\/i><\/a><\/p>\n<p><a href=\"https:\/\/ufop.br\/\"><i><span style=\"font-weight: 400;\">Universidade Federal de Ouro Preto&nbsp;<\/span><\/i><\/a><\/p>\n<p><a href=\"https:\/\/portal.ufpel.edu.br\/\"><i><span style=\"font-weight: 400;\">Universidade Federal de Pelotas&nbsp;<\/span><\/i><\/a><\/p>\n<p><a href=\"https:\/\/www.ufpe.br\/\"><i><span style=\"font-weight: 400;\">Universidade Federal de Pernambuco&nbsp;<\/span><\/i><\/a><\/p>\n<p><a href=\"https:\/\/ufrr.br\/\"><i><span style=\"font-weight: 400;\">Universidade Federal de Roraima&nbsp;<\/span><\/i><\/a><\/p>\n<p><a href=\"https:\/\/ufsc.br\/\"><i><span style=\"font-weight: 400;\">Universidade Federal de Santa Catarina&nbsp;<\/span><\/i><\/a><\/p>\n<p><a href=\"https:\/\/www.ufsm.br\/cursos\/graduacao\/santa-maria\/direito\"><i><span style=\"font-weight: 400;\">Universidade Federal de Santa Maria &#8211; Santa Maria&nbsp;<\/span><\/i><\/a><\/p>\n<p><a href=\"https:\/\/unifesp.br\/campus\/osa2\/\"><i><span style=\"font-weight: 400;\">Universidade Federal de S\u00e3o Paulo &#8211; Osasco&nbsp;<\/span><\/i><\/a><\/p>\n<p><a href=\"https:\/\/www.ufs.br\/\"><i><span style=\"font-weight: 400;\">Universidade Federal de Sergipe&nbsp;<\/span><\/i><\/a><\/p>\n<p><a href=\"https:\/\/ufu.br\/\"><i><span style=\"font-weight: 400;\">Universidade Federal de Uberl\u00e2ndia&nbsp;<\/span><\/i><\/a><\/p>\n<p><a href=\"https:\/\/www.ufv.br\/\"><i><span style=\"font-weight: 400;\">Universidade Federal de Vi\u00e7osa<\/span><\/i><\/a><\/p>\n<p><a href=\"https:\/\/www.ufac.br\/\"><i><span style=\"font-weight: 400;\">Universidade Federal do Acre<\/span><\/i><\/a><\/p>\n<p><a href=\"https:\/\/www.unifap.br\/\"><i><span style=\"font-weight: 400;\">Universidade Federal do Amap\u00e1<\/span><\/i><\/a><\/p>\n<p><a href=\"https:\/\/ufam.edu.br\/\"><i><span style=\"font-weight: 400;\">Universidade Federal do Amazonas&nbsp;<\/span><\/i><\/a><\/p>\n<p><a href=\"https:\/\/www.ufes.br\/\"><i><span style=\"font-weight: 400;\">Universidade Federal do Esp\u00edrito Santo&nbsp;<\/span><\/i><\/a><\/p>\n<p><a href=\"https:\/\/www.unirio.br\/\"><i><span style=\"font-weight: 400;\">Universidade Federal do Estado do Rio de Janeiro<\/span><\/i><\/a><\/p>\n<p><a href=\"https:\/\/portalpadrao.ufma.br\/\"><i><span style=\"font-weight: 400;\">Universidade Federal do Maranh\u00e3o&nbsp;<\/span><\/i><\/a><\/p>\n<p><a href=\"https:\/\/portais.ufma.br\/PortalUnidade\/imperatriz\/\"><i><span style=\"font-weight: 400;\">Universidade Federal&nbsp; do Maranh\u00e3o &#8211;&nbsp; Imperatriz&nbsp;<\/span><\/i><\/a><\/p>\n<p><a href=\"https:\/\/ufob.edu.br\/\"><i><span style=\"font-weight: 400;\">Universidade Federal do Oeste da Bahia&nbsp;<\/span><\/i><\/a><\/p>\n<p><a href=\"https:\/\/www.ufopa.edu.br\/ufopa\/\"><i><span style=\"font-weight: 400;\">Universidade Federal do Oeste do Par\u00e1&nbsp;<\/span><\/i><\/a><\/p>\n<p><a href=\"https:\/\/ufpa.br\/\"><i><span style=\"font-weight: 400;\">Universidade Federal&nbsp; do Par\u00e1&nbsp;<\/span><\/i><\/a><\/p>\n<p><a href=\"https:\/\/ufpr.br\/\"><i><span style=\"font-weight: 400;\">Universidade Federal do Paran\u00e1&nbsp;<\/span><\/i><\/a><\/p>\n<p><a href=\"https:\/\/ufpi.br\/\"><i><span style=\"font-weight: 400;\">Universidade Federal do Piau\u00ed<\/span><\/i><\/a><\/p>\n<p><a href=\"https:\/\/ufrj.br\/\"><i><span style=\"font-weight: 400;\"> Universidade Federal do Rio de Janeiro&nbsp;<\/span><\/i><\/a><\/p>\n<p><a href=\"https:\/\/www.furg.br\/\"><i><span style=\"font-weight: 400;\">Universidade Federal do Rio Grande&nbsp;<\/span><\/i><\/a><\/p>\n<p><a href=\"https:\/\/www.ufrn.br\/\"><i><span style=\"font-weight: 400;\">Universidade Federal do Rio Grande do Norte &#8211;<\/span><\/i><\/a><a href=\"https:\/\/www.ufrn.br\/\"><i><span style=\"font-weight: 400;\"> Natal&nbsp; <\/span><\/i><\/a><\/p>\n<p><a href=\"https:\/\/www.ufrn.br\/\"><i><span style=\"font-weight: 400;\">Universidade Federal do Rio Grande do Norte &#8211; Caic\u00f3<\/span><\/i><\/a><\/p>\n<p><a href=\"http:\/\/www.ufrgs.br\/ufrgs\/inicial\"><i><span style=\"font-weight: 400;\">Universidade Federal do Rio Grande do Sul&nbsp;<\/span><\/i><\/a><\/p>\n<p><a href=\"https:\/\/ufsb.edu.br\/\"><i><span style=\"font-weight: 400;\">Universidade Federal do Sul da Bahia&nbsp;<\/span><\/i><\/a><\/p>\n<p><a href=\"https:\/\/www.unifesspa.edu.br\/\"><i><span style=\"font-weight: 400;\">Universidade Federal do Sul e Sudeste do Par\u00e1&nbsp;<\/span><\/i><\/a><\/p>\n<p><a href=\"https:\/\/www.uff.br\/?q=cidade\/volta-redonda\"><i><span style=\"font-weight: 400;\">Universidade Federal Fluminense &#8211; Volta Redonda<\/span><\/i><\/a><\/p>\n<p><a href=\"https:\/\/www.uff.br\/?q=cidade\/macae\"><i><span style=\"font-weight: 400;\">Universidade Federal Fluminense &#8211; Maca\u00e9<\/span><\/i><\/a><\/p>\n<p><a href=\"https:\/\/www.uff.br\/?q=cidade\/niteroi\"><i><span style=\"font-weight: 400;\">Universidade Federal Fluminense &#8211; Niter\u00f3i<\/span><\/i><\/a><\/p>\n<p><a href=\"https:\/\/www.ni.ufrrj.br\/\"><i><span style=\"font-weight: 400;\">Universidade Federal Rural do Rio de Janeiro &#8211; Nova Igua\u00e7u&nbsp;&nbsp;<\/span><\/i><\/a><\/p>\n<p><a href=\"https:\/\/portal.ufrrj.br\/\"><i><span style=\"font-weight: 400;\">Universidade Federal Rural do Rio de Janeiro &#8211; Serop\u00e9dica&nbsp;<\/span><\/i><\/a><\/p>\n<p><a href=\"https:\/\/itr.ufrrj.br\/portal\/\"><i><span style=\"font-weight: 400;\">Universidade Federal Rural do Rio de Janeiro &#8211; Tr\u00eas Rios&nbsp;<\/span><\/i><\/a><\/p>\n<p><a href=\"https:\/\/ufersa.edu.br\/\"><i><span style=\"font-weight: 400;\">Universidade Federal Rural do Semi-\u00c1rido&nbsp;<\/span><\/i><\/a><\/p>\n<p><a href=\"http:\/\/www.urca.br\/portal2\/\"><i><span style=\"font-weight: 400;\">Universidade Regional do Cariri <\/span><\/i><\/a><\/p>\t\t\t\t\t\t<\/div>\n\t\t\t\t<\/div>\n\t\t\t\t\t<\/div>\n\t\t\t\t<\/div>\n\t\t\t\t<\/div>\n\t\t","protected":false},"excerpt":{"rendered":"<p>Universidade Federal da Grande Dourados&nbsp; Universidade Federal de Rond\u00f4nia &#8211; Vilhena&nbsp; Universidade Federal&nbsp; de Rond\u00f4nia &#8211;&nbsp; Cacoal&nbsp; Universidade Federal de Rond\u00f4nia&nbsp;&#8211; Porto Velho&nbsp; Universidade Federal&nbsp; do Pampa &#8211; Santana do Livramento&nbsp; Universidade Federal&nbsp; do Pampa &#8211; S\u00e3o Borja Universidade Federal do Tocantins &#8211; Arraias&nbsp; Universidade Federal&nbsp; do Tocantins &#8211;&nbsp; Palmas&nbsp; Instituto Federal de Educa\u00e7\u00e3o, Ci\u00eancia &hellip; <\/p>\n<p class=\"link-more\"><a href=\"https:\/\/sites.usp.br\/cbfdpg\/ies-integrantes\/\" class=\"more-link\">Continue lendo<span class=\"screen-reader-text\"> &#8220;Cursos e Faculdades de Direito P\u00fablicas&#8221;<\/span><\/a><\/p>\n","protected":false},"author":23953,"featured_media":0,"parent":0,"menu_order":0,"comment_status":"closed","ping_status":"closed","template":"","meta":{"footnotes":"","_links_to":"","_links_to_target":""},"class_list":["post-1411","page","type-page","status-publish","hentry"],"_links":{"self":[{"href":"https:\/\/sites.usp.br\/cbfdpg\/wp-json\/wp\/v2\/pages\/1411","targetHints":{"allow":["GET"]}}],"collection":[{"href":"https:\/\/sites.usp.br\/cbfdpg\/wp-json\/wp\/v2\/pages"}],"about":[{"href":"https:\/\/sites.usp.br\/cbfdpg\/wp-json\/wp\/v2\/types\/page"}],"author":[{"embeddable":true,"href":"https:\/\/sites.usp.br\/cbfdpg\/wp-json\/wp\/v2\/users\/23953"}],"replies":[{"embeddable":true,"href":"https:\/\/sites.usp.br\/cbfdpg\/wp-json\/wp\/v2\/comments?post=1411"}],"version-history":[{"count":4,"href":"https:\/\/sites.usp.br\/cbfdpg\/wp-json\/wp\/v2\/pages\/1411\/revisions"}],"predecessor-version":[{"id":2265,"href":"https:\/\/sites.usp.br\/cbfdpg\/wp-json\/wp\/v2\/pages\/1411\/revisions\/2265"}],"wp:attachment":[{"href":"https:\/\/sites.usp.br\/cbfdpg\/wp-json\/wp\/v2\/media?parent=1411"}],"curies":[{"name":"wp","href":"https:\/\/api.w.org\/{rel}","templated":true}]}}