{"id":1746,"date":"2025-02-25T16:06:26","date_gmt":"2025-02-25T18:06:26","guid":{"rendered":"https:\/\/sites.usp.br\/cbfdpg\/?page_id=1746"},"modified":"2025-02-26T16:02:01","modified_gmt":"2025-02-26T18:02:01","slug":"conselho-fiscal","status":"publish","type":"page","link":"https:\/\/sites.usp.br\/cbfdpg\/conselho-fiscal\/","title":{"rendered":"Conselho Fiscal"},"content":{"rendered":"<p style=\"text-align: justify;\"><span style=\"color: #000000;\">Composto por 3 (tr\u00eas) membros titulares e 3 (tr\u00eas) suplentes, eleitos pela Assembleia Geral para um mandato de 1 (um) ano, permitida a reelei\u00e7\u00e3o.<\/span><\/p>\n<p style=\"text-align: justify;\"><span style=\"color: #000000;\">O Conselho Fiscal pode ser composto por membros da Associa\u00e7\u00e3o que sejam ou n\u00e3o dirigentes de Cursos, Departamentos ou Faculdades de Direito de IES p\u00fablicas e gratuitas<\/span><\/p>\n<p style=\"text-align: justify;\"><span style=\"color: #000000;\"><strong>Composi\u00e7\u00e3o do Conselho Fiscal <\/strong>(<u>Mandato 11\/10\/2024 a 10\/10\/2025<\/u>)<strong>:<\/strong><\/span><\/p>\n<p style=\"text-align: justify;\"><span style=\"color: #000000;\"><strong>Membros Titulares<\/strong><\/span><\/p>\n<p style=\"text-align: justify;\"><span style=\"color: #000000;\">M\u00e1rcia Costa Misi, Coordenadora do Colegiado do Curso de Direito da Universidade Estadual de Feira de Santana (UEFS)<\/span><\/p>\n<p style=\"text-align: justify;\"><span style=\"color: #000000;\">M\u00f4nica Neves Aguiar da Silva, Vice-Diretora da Universidade Federal da Bahia (UFBA)<\/span><\/p>\n<p style=\"text-align: justify;\"><span style=\"color: #000000;\">Matheus Falk, docente da Universidade Estadual do Paran\u00e1 (UNESPAR)<\/span><\/p>\n<p style=\"text-align: justify;\"><span style=\"color: #000000;\"><strong>Membros Suplentes<\/strong><\/span><\/p>\n<p style=\"text-align: justify;\"><span style=\"color: #000000;\">Cl\u00f3vis dos Santos Ara\u00fajo, docente da Universidade do Estado da Bahia (UNEB)<\/span><\/p>\n<p style=\"text-align: justify;\"><span style=\"color: #000000;\">Eunadson Donato de Barros, Coordenador do Colegiado de Direito da Universidade do Estado da Bahia (UNEB)<\/span><\/p>\n<p style=\"text-align: justify;\"><span style=\"color: #000000;\">Maryny Dyellen Barbosa Alves Brand\u00e3o, Coordenadora da Universidade do Estado de Alagoas (UNEAL)<\/span><\/p>\n","protected":false},"excerpt":{"rendered":"<p>Composto por 3 (tr\u00eas) membros titulares e 3 (tr\u00eas) suplentes, eleitos pela Assembleia Geral para um mandato de 1 (um) ano, permitida a reelei\u00e7\u00e3o. O Conselho Fiscal pode ser composto por membros da Associa\u00e7\u00e3o que sejam ou n\u00e3o dirigentes de Cursos, Departamentos ou Faculdades de Direito de IES p\u00fablicas e gratuitas Composi\u00e7\u00e3o do Conselho Fiscal &hellip; <\/p>\n<p class=\"link-more\"><a href=\"https:\/\/sites.usp.br\/cbfdpg\/conselho-fiscal\/\" class=\"more-link\">Continue lendo<span class=\"screen-reader-text\"> &#8220;Conselho Fiscal&#8221;<\/span><\/a><\/p>\n","protected":false},"author":24557,"featured_media":0,"parent":0,"menu_order":0,"comment_status":"closed","ping_status":"closed","template":"","meta":{"footnotes":"","_links_to":"","_links_to_target":""},"class_list":["post-1746","page","type-page","status-publish","hentry"],"_links":{"self":[{"href":"https:\/\/sites.usp.br\/cbfdpg\/wp-json\/wp\/v2\/pages\/1746","targetHints":{"allow":["GET"]}}],"collection":[{"href":"https:\/\/sites.usp.br\/cbfdpg\/wp-json\/wp\/v2\/pages"}],"about":[{"href":"https:\/\/sites.usp.br\/cbfdpg\/wp-json\/wp\/v2\/types\/page"}],"author":[{"embeddable":true,"href":"https:\/\/sites.usp.br\/cbfdpg\/wp-json\/wp\/v2\/users\/24557"}],"replies":[{"embeddable":true,"href":"https:\/\/sites.usp.br\/cbfdpg\/wp-json\/wp\/v2\/comments?post=1746"}],"version-history":[{"count":3,"href":"https:\/\/sites.usp.br\/cbfdpg\/wp-json\/wp\/v2\/pages\/1746\/revisions"}],"predecessor-version":[{"id":1796,"href":"https:\/\/sites.usp.br\/cbfdpg\/wp-json\/wp\/v2\/pages\/1746\/revisions\/1796"}],"wp:attachment":[{"href":"https:\/\/sites.usp.br\/cbfdpg\/wp-json\/wp\/v2\/media?parent=1746"}],"curies":[{"name":"wp","href":"https:\/\/api.w.org\/{rel}","templated":true}]}}