{"id":1747,"date":"2025-02-25T16:06:27","date_gmt":"2025-02-25T18:06:27","guid":{"rendered":"https:\/\/sites.usp.br\/cbfdpg\/?page_id=1747"},"modified":"2025-02-26T16:01:05","modified_gmt":"2025-02-26T18:01:05","slug":"conselho-consultivo","status":"publish","type":"page","link":"https:\/\/sites.usp.br\/cbfdpg\/conselho-consultivo\/","title":{"rendered":"Conselho consultivo"},"content":{"rendered":"<p style=\"text-align: justify;\"><span style=\"color: #000000;\">Ser\u00e1 composto por membros indicados pelo Conselho Diretivo com mandato de 1 (um) ano, permitida a reelei\u00e7\u00e3o. Pode ser composto por membros da Associa\u00e7\u00e3o que sejam ou n\u00e3o dirigentes de Cursos, Departamentos e\/ou Faculdades de Direito de IES p\u00fablicas e gratuitas. Os membros dos Comit\u00eas Tem\u00e1ticos Especializados poder\u00e3o compor o Conselho Consultivo.<\/span><\/p>\n","protected":false},"excerpt":{"rendered":"<p>Ser\u00e1 composto por membros indicados pelo Conselho Diretivo com mandato de 1 (um) ano, permitida a reelei\u00e7\u00e3o. Pode ser composto por membros da Associa\u00e7\u00e3o que sejam ou n\u00e3o dirigentes de Cursos, Departamentos e\/ou Faculdades de Direito de IES p\u00fablicas e gratuitas. Os membros dos Comit\u00eas Tem\u00e1ticos Especializados poder\u00e3o compor o Conselho Consultivo.<\/p>\n","protected":false},"author":24557,"featured_media":0,"parent":0,"menu_order":0,"comment_status":"closed","ping_status":"closed","template":"","meta":{"footnotes":"","_links_to":"","_links_to_target":""},"class_list":["post-1747","page","type-page","status-publish","hentry"],"_links":{"self":[{"href":"https:\/\/sites.usp.br\/cbfdpg\/wp-json\/wp\/v2\/pages\/1747","targetHints":{"allow":["GET"]}}],"collection":[{"href":"https:\/\/sites.usp.br\/cbfdpg\/wp-json\/wp\/v2\/pages"}],"about":[{"href":"https:\/\/sites.usp.br\/cbfdpg\/wp-json\/wp\/v2\/types\/page"}],"author":[{"embeddable":true,"href":"https:\/\/sites.usp.br\/cbfdpg\/wp-json\/wp\/v2\/users\/24557"}],"replies":[{"embeddable":true,"href":"https:\/\/sites.usp.br\/cbfdpg\/wp-json\/wp\/v2\/comments?post=1747"}],"version-history":[{"count":3,"href":"https:\/\/sites.usp.br\/cbfdpg\/wp-json\/wp\/v2\/pages\/1747\/revisions"}],"predecessor-version":[{"id":1795,"href":"https:\/\/sites.usp.br\/cbfdpg\/wp-json\/wp\/v2\/pages\/1747\/revisions\/1795"}],"wp:attachment":[{"href":"https:\/\/sites.usp.br\/cbfdpg\/wp-json\/wp\/v2\/media?parent=1747"}],"curies":[{"name":"wp","href":"https:\/\/api.w.org\/{rel}","templated":true}]}}