{"id":1755,"date":"2025-02-25T16:19:00","date_gmt":"2025-02-25T18:19:00","guid":{"rendered":"https:\/\/sites.usp.br\/cbfdpg\/?page_id=1755"},"modified":"2026-04-16T13:31:58","modified_gmt":"2026-04-16T15:31:58","slug":"membros-do-conselho-diretivo","status":"publish","type":"page","link":"https:\/\/sites.usp.br\/cbfdpg\/membros-do-conselho-diretivo\/","title":{"rendered":"Membros do Conselho Diretivo"},"content":{"rendered":"<p>Composto por um Presidente, um Vice-Presidente, um Secret\u00e1rio Geral, um Tesoureiro e por 10 (dez) Diretores Regionais, sendo todos os membros eleitos pela Assembleia Geral para mandato de 1 (um) ano, inadmitida a reelei\u00e7\u00e3o.<\/p>\n<p>O Conselho Diretivo e as Diretorias Regionais poder\u00e3o constituir <strong>Comit\u00eas Tem\u00e1ticos Especializados<\/strong>, de car\u00e1ter tempor\u00e1rio, para abordar estudos e pareceres sobre quest\u00f5es espec\u00edficas, os quais poder\u00e3o ser compostos por especialistas das institui\u00e7\u00f5es participantes e\/ou pessoas externas, sendo dispens\u00e1vel a exig\u00eancia de que sejam dirigentes de institui\u00e7\u00e3o de ensino.<\/p>\n<p><strong>Composi\u00e7\u00e3o do Conselho Diretivo <\/strong>(<u>Mandato 11\/10\/2025 a 10\/10\/2026<\/u>)<strong>:<\/strong><\/p>\n<p><strong>Presidente: <\/strong>Celso Fernandes Campilongo, Diretor da Faculdade de Direito da Universidade de S\u00e3o Paulo (FD\/USP).<\/p>\n<p><strong>Vice-Presidente: <\/strong>Elaine Cristina Pimentel Costa (UFAL), Diretora da Faculdade de Direito de Alagoas.<\/p>\n<p><strong>Secret\u00e1rio Geral: <\/strong>Nuno Manuel Morgadinho dos Santos Coelho, Diretor da Faculdade de Direito de Ribeir\u00e3o Preto da Universidade de S\u00e3o Paulo (FDRP\/USP).<\/p>\n<p><strong>Tesoureiro: <\/strong>Adriano Fernandes Ferreira (UFAM)<\/p>\n<p><strong>Composi\u00e7\u00e3o das Diretorias Regionais <\/strong>(<u>Mandato 11\/10\/2025 a 10\/10\/2026<\/u>)<strong>:<\/strong><\/p>\n<p><strong>Diretora da Diretoria Regional Norte<\/strong><\/p>\n<p>Sabrina Cassol (UFAC).<\/p>\n<p><strong>Diretores da Diretoria Regional Nordeste<\/strong><\/p>\n<p>Anne Augusta Alencar Leite (UFPB).<\/p>\n<p><strong>Diretores da Diretoria Regional Centro-Oeste<\/strong><\/p>\n<p>Jos\u00e9 Querino Tavares Neto (UFG).<\/p>\n<p><strong>Diretores da Diretoria Regional Sudeste<\/strong><\/p>\n<p>Luciana Zacharias Gomes Ferreira Coelho, Diretora da Universidade Federal de Uberl\u00e2ndia (UFU).<\/p>\n<p>Paulo C\u00e9sar Corr\u00eaa Borges (UNESP).<\/p>\n<p><strong>Diretores da Diretoria Regional Sul<\/strong><\/p>\n<p>Matheus Falk (UNESPAR).<\/p>\n<p>Tula Wesendock (UFRGS).<\/p>\n<p><strong>Composi\u00e7\u00e3o dos Comit\u00eas Tem\u00e1ticos Especializados<\/strong> (<u>Mandato 11\/10\/2025 a 10\/10\/2026<\/u>):<\/p>\n<p><strong>Comit\u00ea de <\/strong><strong>Diversidade e Combate a Todas as Formas de Discrimina\u00e7\u00e3o<\/strong><\/p>\n<p>Carolina Medeiros Bahia (UFSC).<\/p>\n<p><strong>Comit\u00ea de <\/strong><strong>Capta\u00e7\u00e3o de Recursos<\/strong><\/p>\n<p>Fredson Timbira Dias dos Santos (UNEB).<\/p>\n<p><strong>Comit\u00ea de <\/strong><strong>Rela\u00e7\u00f5es Institucionais<\/strong><\/p>\n<p>Nuno Manuel Morgadinho dos Santos Coelho (FDRP\/USP).<\/p>\n<p><strong>Comit\u00ea de <\/strong><strong>Ensino<\/strong><\/p>\n<p>Cristiana Menezes Santos, Coordenadora do Curso de Direito da Universidade Federal da Bahia (UFBA)<\/p>\n<p><strong>Comit\u00ea de <\/strong><strong>Pesquisa<\/strong><\/p>\n<p>Julio Cesar de S\u00e1 Rocha (UFBA).<\/p>\n<p><strong>Comit\u00ea de <\/strong><strong>Extens\u00e3o<\/strong><\/p>\n<p>Murilo Gaspardo (UNESP).<\/p>\n<p><strong>Comit\u00ea de <\/strong><strong>P\u00f3s-Gradua\u00e7\u00e3o<\/strong><\/p>\n<p>Luciana Gaspar Melqu\u00edades Duarte, docente da Universidade Federal de Juiz de Fora (UFJF).<\/p>\n<p><strong>Membros das Assessorias Especiais <\/strong>(<u>Mandato 11\/10\/2025 a 10\/10\/2026<\/u>):<\/p>\n<p><strong>Assessoria Especial de Mobilidade Acad\u00eamica<\/strong><\/p>\n<p>Murilo Gaspardo (UNESP).<\/p>\n<p><strong>Assessoria Especial de Internacionaliza\u00e7\u00e3o<\/strong><\/p>\n<p>Gabriella de Camargo Hizume (UNIOESTE).<\/p>\n","protected":false},"excerpt":{"rendered":"<p>Composto por um Presidente, um Vice-Presidente, um Secret\u00e1rio Geral, um Tesoureiro e por 10 (dez) Diretores Regionais, sendo todos os membros eleitos pela Assembleia Geral para mandato de 1 (um) ano, inadmitida a reelei\u00e7\u00e3o. O Conselho Diretivo e as Diretorias Regionais poder\u00e3o constituir Comit\u00eas Tem\u00e1ticos Especializados, de car\u00e1ter tempor\u00e1rio, para abordar estudos e pareceres sobre &hellip; <\/p>\n<p class=\"link-more\"><a href=\"https:\/\/sites.usp.br\/cbfdpg\/membros-do-conselho-diretivo\/\" class=\"more-link\">Continue lendo<span class=\"screen-reader-text\"> &#8220;Membros do Conselho Diretivo&#8221;<\/span><\/a><\/p>\n","protected":false},"author":24557,"featured_media":0,"parent":0,"menu_order":0,"comment_status":"closed","ping_status":"closed","template":"","meta":{"footnotes":"","_links_to":"","_links_to_target":""},"class_list":["post-1755","page","type-page","status-publish","hentry"],"_links":{"self":[{"href":"https:\/\/sites.usp.br\/cbfdpg\/wp-json\/wp\/v2\/pages\/1755","targetHints":{"allow":["GET"]}}],"collection":[{"href":"https:\/\/sites.usp.br\/cbfdpg\/wp-json\/wp\/v2\/pages"}],"about":[{"href":"https:\/\/sites.usp.br\/cbfdpg\/wp-json\/wp\/v2\/types\/page"}],"author":[{"embeddable":true,"href":"https:\/\/sites.usp.br\/cbfdpg\/wp-json\/wp\/v2\/users\/24557"}],"replies":[{"embeddable":true,"href":"https:\/\/sites.usp.br\/cbfdpg\/wp-json\/wp\/v2\/comments?post=1755"}],"version-history":[{"count":4,"href":"https:\/\/sites.usp.br\/cbfdpg\/wp-json\/wp\/v2\/pages\/1755\/revisions"}],"predecessor-version":[{"id":2450,"href":"https:\/\/sites.usp.br\/cbfdpg\/wp-json\/wp\/v2\/pages\/1755\/revisions\/2450"}],"wp:attachment":[{"href":"https:\/\/sites.usp.br\/cbfdpg\/wp-json\/wp\/v2\/media?parent=1755"}],"curies":[{"name":"wp","href":"https:\/\/api.w.org\/{rel}","templated":true}]}}