{"id":1874,"date":"2025-03-12T09:45:33","date_gmt":"2025-03-12T11:45:33","guid":{"rendered":"https:\/\/sites.usp.br\/cbfdpg\/?page_id=1874"},"modified":"2025-03-19T09:41:52","modified_gmt":"2025-03-19T11:41:52","slug":"membros-eleitos","status":"publish","type":"page","link":"https:\/\/sites.usp.br\/cbfdpg\/membros-eleitos\/","title":{"rendered":"Membros eleitos"},"content":{"rendered":"\t\t<div data-elementor-type=\"wp-page\" data-elementor-id=\"1874\" class=\"elementor elementor-1874\" data-elementor-post-type=\"page\">\n\t\t\t\t<div class=\"elementor-element elementor-element-443ec9c e-flex e-con-boxed e-con e-parent\" data-id=\"443ec9c\" data-element_type=\"container\">\n\t\t\t\t\t<div class=\"e-con-inner\">\n\t\t\t\t<div class=\"elementor-element elementor-element-8a93a41 elementor-widget elementor-widget-text-editor\" data-id=\"8a93a41\" data-element_type=\"widget\" data-widget_type=\"text-editor.default\">\n\t\t\t\t<div class=\"elementor-widget-container\">\n\t\t\t\t\t\t\t<p>RELA\u00c7\u00c3O DE MEMBROS ELEITOS PARA A DIRETORIA E CONSELHO FISCAL ASSOCIA\u00c7\u00c3O DO COL\u00c9GIO BRASILEIRO DE FACULDADES DE DIREITO P\u00daBLICAS E GRATUITAS<\/p><p>Abaixo, segue a rela\u00e7\u00e3o dos membros eleitos para o Conselho Diretivo, as Diretorias Regionais, os Comit\u00eas Tem\u00e1ticos Especializados e o Conselho Fiscal da Associa\u00e7\u00e3o do Col\u00e9gio Brasileiro de Faculdades de Direito P\u00fablicas e Gratuitas, conforme elei\u00e7\u00e3o realizada na Assembleia Geral de Constitui\u00e7\u00e3o, realizada na data de 11 de outubro de 2024.<\/p><p>CONSELHO DIRETIVO<\/p><p><strong>Presidente<\/strong><\/p><p>Nome: Celso Fernandes Campilongo.<\/p><p>Institui\u00e7\u00e3o de Ensino Superior: Faculdade de Direito da Universidade de S\u00e3o Paulo (FD\/USP).<\/p><p>Cargo\/Fun\u00e7\u00e3o: Diretor.<\/p><p><strong>Vice-Presidente<\/strong><\/p><p>Nome: Ainah Hohenfeld Angelini Neta.<\/p><p>Institui\u00e7\u00e3o de Ensino Superior: Universidade do Estado da Bahia (UNEB).<\/p><p>Cargo\/Fun\u00e7\u00e3o: Coordenadora.<\/p><p><strong> Secret\u00e1rio Geral<\/strong><\/p><p>Nome: Nuno Manuel Morgadinho dos Santos Coelho.<\/p><p>Institui\u00e7\u00e3o de Ensino Superior: Faculdade de Direito de Ribeir\u00e3o Preto da Universidade de S\u00e3o Paulo (FDRP\/USP).<\/p><p>Cargo\/Fun\u00e7\u00e3o: Diretor.<\/p><p><strong>Tesoureiro<\/strong><\/p><p>Nome: Carolina Medeiros Bahia.<\/p><p>Institui\u00e7\u00e3o de Ensino Superior: Universidade Federal de Santa Cataria (UFSC).<\/p><p>Cargo\/Fun\u00e7\u00e3o: Diretora.<\/p><p><strong>DIRETORIAS REGIONAIS<\/strong><\/p><p><strong>Diretores da Diretoria Regional Norte<\/strong><\/p><p>Nome: Adriano Fernandes Ferreira.<\/p><p>Institui\u00e7\u00e3o de Ensino Superior: Universidade Federal do Amazonas (UFAM).<\/p><p>Cargo\/Fun\u00e7\u00e3o: Diretor.<\/p><p>Nome: Livia Dutra Barreto<\/p><p>Institui\u00e7\u00e3o de Ensino Superior: Universidade Federal de Roraima (UFRR)<\/p><p>Cargo\/Fun\u00e7\u00e3o: Diretora<\/p><p><strong>Diretores da Diretoria Regional Nordeste<\/strong><\/p><p>Nome: Elaine Cristina Pimentel Costa.<\/p><p>Institui\u00e7\u00e3o de Ensino Superior: Universidade Federal do Alagoas (UFAL).<\/p><p>Cargo\/Fun\u00e7\u00e3o: Diretora.<\/p><p>Nome: J\u00falio C\u00e9sar de S\u00e1 da Rocha<\/p><p>Institui\u00e7\u00e3o de Ensino Superior: Universidade Federal da Bahia (UFBA)<\/p><p>Cargo\/Fun\u00e7\u00e3o: Diretor<\/p><p><strong>Diretores da Diretoria Regional Centro-Oeste<\/strong><\/p><p>Nome: Alexandre Bernardino Costa.<\/p><p>Institui\u00e7\u00e3o de Ensino Superior: Universidade de Bras\u00edlia (UnB)<\/p><p>Cargo\/Fun\u00e7\u00e3o: Diretor.<\/p><p>Nome: Carlos Eduardo Silva e Souza<\/p><p>Institui\u00e7\u00e3o de Ensino Superior: Universidade Federal de Mato Grosso (UFMT)<\/p><p>Cargo\/Fun\u00e7\u00e3o: Docente<\/p><p><strong>Diretores da Diretoria Regional Sudeste<\/strong><\/p><p>Nome: Luciana Zacharias Gomes Ferreira Coelho<\/p><p>Institui\u00e7\u00e3o de Ensino Superior: Universidade Federal de Uberl\u00e2ndia (UFU)<\/p><p>Cargo\/Fun\u00e7\u00e3o: Diretora<\/p><p>Nome: Cleyson de Moraes Mello<\/p><p>Institui\u00e7\u00e3o de Ensino Superior: Universidade Estadual do Rio de Janeiro (UERJ)<\/p><p>Cargo\/Fun\u00e7\u00e3o: Coordenador<\/p><p><strong>Diretores da Diretoria Regional Sul<\/strong><\/p><p>Nome: Melina Fachin<\/p><p>Institui\u00e7\u00e3o de Ensino Superior: Universidade Federal do Paran\u00e1 (UFPR)<\/p><p>Cargo\/Fun\u00e7\u00e3o: Diretora<\/p><p>Nome: Gabriella de Camargo Hizume<\/p><p>Institui\u00e7\u00e3o de Ensino Superior: Universidade Estadual do Oeste do Paran\u00e1 (UNIOESTE) Cargo\/Fun\u00e7\u00e3o: Coordenadora do Curso de Direito<\/p><p><strong>COMIT\u00caS TEM\u00c1TICOS ESPECIALIZADOS<\/strong><\/p><p>Comit\u00ea de Diversidade e Combate a Todas as Formas de Discrimina\u00e7\u00e3o<\/p><p>Nome: Lucas Gabriel Santos Costa Institui\u00e7\u00e3o de Ensino Superior: Universidade Estadual de Santa Cruz (UESC) Cargo\/Fun\u00e7\u00e3o: Docente Comit\u00ea de Capta\u00e7\u00e3o de Recursos Nome: Aur\u00e9lio Tomaz da Silva Briltes Institui\u00e7\u00e3o de Ensino Superior: Universidade Federal do Mato Grosso do Sul (UFMS) Cargo\/Fun\u00e7\u00e3o: Coordenador de Extens\u00e3o Comit\u00ea de Rela\u00e7\u00f5es Institucionais Nome: Daniela Marques de Moraes Institui\u00e7\u00e3o de Ensino Superior: Universidade de Bras\u00edlia (UnB) Cargo\/Fun\u00e7\u00e3o: Docente Comit\u00ea de Ensino Nome: Cristiana Menezes Santos Institui\u00e7\u00e3o de Ensino Superior: Universidade Federal da Bahia (UFBA) Cargo\/Fun\u00e7\u00e3o: Coordenadora do Curso de Direito Comit\u00ea de Pesquisa Nome: Larissa Lauda Burmann Institui\u00e7\u00e3o de Ensino Superior: Universidade Federal do Mato Grosso (UFMT) Cargo\/Fun\u00e7\u00e3o: Docente Comit\u00ea de Extens\u00e3o Nome: Cl\u00f3vis dos Santos Ara\u00fajo Institui\u00e7\u00e3o de Ensino Superior: Universidade do Estado da Bahia (UNEB) Cargo\/Fun\u00e7\u00e3o: Docente Comit\u00ea de P\u00f3s-Gradua\u00e7\u00e3o Nome: Luciana Gaspar Melqu\u00edades Duarte Institui\u00e7\u00e3o de Ensino Superior: Universidade Federal de Juiz de Fora (UFJF) Cargo\/Fun\u00e7\u00e3o: Docente CONSELHO FISCAL Membros Titulares Membro Titular 1 Nome: M\u00e1rcia Costa Misi Institui\u00e7\u00e3o de Ensino Superior: Universidade Estadual de Feira de Santana (UEFS) Cargo\/Fun\u00e7\u00e3o: Coordenadora do Colegiado do Curso de Direito Membro Titular 2 Nome: M\u00f4nica Neves Aguiar da Silva Institui\u00e7\u00e3o de Ensino Superior: Universidade Federal da Bahia (UFBA) Cargo\/Fun\u00e7\u00e3o: Vice-Diretora Membro Titular 3 Nome: Matheus Falk Institui\u00e7\u00e3o de Ensino Superior: Universidade Estadual do Paran\u00e1 (UNESPAR) Cargo\/Fun\u00e7\u00e3o: Docente Membros Suplentes Membro Suplente 1 Nome: Cl\u00f3vis dos Santos Ara\u00fajo Institui\u00e7\u00e3o de Ensino Superior: Universidade do Estado da Bahia (UNEB) Cargo\/Fun\u00e7\u00e3o: Docente Membro Suplente 2 Nome: Eunadson Donato de Barros Institui\u00e7\u00e3o de Ensino Superior: Universidade do Estado da Bahia (UNEB) Cargo\/Fun\u00e7\u00e3o: Coordenador do Colegiado de Direito Membro Suplente 3 Nome: Maryny Dyellen Barbosa Alves Brand\u00e3o Institui\u00e7\u00e3o de Ensino Superior: Universidade do Estado de Alagoas (UNEAL) Cargo\/Fun\u00e7\u00e3o: Coordenadora Esta rela\u00e7\u00e3o de membros eleitos \u00e9 parte integrante da ata da Assembleia Geral de Constitui\u00e7\u00e3o da Associa\u00e7\u00e3o do Col\u00e9gio Brasileiro de Faculdades de Direito P\u00fablicas e Gratuitas, realizada na data de 11 de outubro de 2024. Ribeir\u00e3o Preto\/SP, 16 de janeiro de 2025.<\/p>\t\t\t\t\t\t<\/div>\n\t\t\t\t<\/div>\n\t\t\t\t\t<\/div>\n\t\t\t\t<\/div>\n\t\t\t\t<\/div>\n\t\t","protected":false},"excerpt":{"rendered":"<p>RELA\u00c7\u00c3O DE MEMBROS ELEITOS PARA A DIRETORIA E CONSELHO FISCAL ASSOCIA\u00c7\u00c3O DO COL\u00c9GIO BRASILEIRO DE FACULDADES DE DIREITO P\u00daBLICAS E GRATUITAS Abaixo, segue a rela\u00e7\u00e3o dos membros eleitos para o Conselho Diretivo, as Diretorias Regionais, os Comit\u00eas Tem\u00e1ticos Especializados e o Conselho Fiscal da Associa\u00e7\u00e3o do Col\u00e9gio Brasileiro de Faculdades de Direito P\u00fablicas e Gratuitas, &hellip; <\/p>\n<p class=\"link-more\"><a href=\"https:\/\/sites.usp.br\/cbfdpg\/membros-eleitos\/\" class=\"more-link\">Continue lendo<span class=\"screen-reader-text\"> &#8220;Membros eleitos&#8221;<\/span><\/a><\/p>\n","protected":false},"author":24557,"featured_media":0,"parent":0,"menu_order":0,"comment_status":"closed","ping_status":"closed","template":"","meta":{"footnotes":"","_links_to":"","_links_to_target":""},"class_list":["post-1874","page","type-page","status-publish","hentry"],"_links":{"self":[{"href":"https:\/\/sites.usp.br\/cbfdpg\/wp-json\/wp\/v2\/pages\/1874","targetHints":{"allow":["GET"]}}],"collection":[{"href":"https:\/\/sites.usp.br\/cbfdpg\/wp-json\/wp\/v2\/pages"}],"about":[{"href":"https:\/\/sites.usp.br\/cbfdpg\/wp-json\/wp\/v2\/types\/page"}],"author":[{"embeddable":true,"href":"https:\/\/sites.usp.br\/cbfdpg\/wp-json\/wp\/v2\/users\/24557"}],"replies":[{"embeddable":true,"href":"https:\/\/sites.usp.br\/cbfdpg\/wp-json\/wp\/v2\/comments?post=1874"}],"version-history":[{"count":4,"href":"https:\/\/sites.usp.br\/cbfdpg\/wp-json\/wp\/v2\/pages\/1874\/revisions"}],"predecessor-version":[{"id":2023,"href":"https:\/\/sites.usp.br\/cbfdpg\/wp-json\/wp\/v2\/pages\/1874\/revisions\/2023"}],"wp:attachment":[{"href":"https:\/\/sites.usp.br\/cbfdpg\/wp-json\/wp\/v2\/media?parent=1874"}],"curies":[{"name":"wp","href":"https:\/\/api.w.org\/{rel}","templated":true}]}}