{"id":443,"date":"2024-03-19T09:25:21","date_gmt":"2024-03-19T11:25:21","guid":{"rendered":"https:\/\/sites.usp.br\/cbfdpg\/?page_id=443"},"modified":"2025-03-07T12:41:30","modified_gmt":"2025-03-07T14:41:30","slug":"participe-do-convenio-em-rede","status":"publish","type":"page","link":"https:\/\/sites.usp.br\/cbfdpg\/participe-do-convenio-em-rede\/","title":{"rendered":"Participe do Col\u00e9gio"},"content":{"rendered":"\t\t<div data-elementor-type=\"wp-page\" data-elementor-id=\"443\" class=\"elementor elementor-443\" data-elementor-post-type=\"page\">\n\t\t\t\t<div class=\"elementor-element elementor-element-721fb90 e-flex e-con-boxed e-con e-parent\" data-id=\"721fb90\" data-element_type=\"container\">\n\t\t\t\t\t<div class=\"e-con-inner\">\n\t\t\t\t<div class=\"elementor-element elementor-element-d253563 elementor-widget elementor-widget-text-editor\" data-id=\"d253563\" data-element_type=\"widget\" data-widget_type=\"text-editor.default\">\n\t\t\t\t<div class=\"elementor-widget-container\">\n\t\t\t\t\t\t\t<p class=\"MsoNormal\" style=\"margin-bottom: 0cm; text-align: justify; line-height: 150%;\"><span style=\"font-weight: 700; text-align: start;\">COL\u00c9GIO BRASILEIRO DE FACULDADES DE DIREITO P\u00daBLICAS E GRATUITAS<\/span><br><\/p><p class=\"MsoNormal\" style=\"margin-bottom: 0cm; text-align: justify; line-height: 150%;\"><span style=\"font-weight: 700; text-align: start;\"><br><\/span><\/p>\t\t\t\t\t\t<\/div>\n\t\t\t\t<\/div>\n\t\t\t\t\t<\/div>\n\t\t\t\t<\/div>\n\t\t<div class=\"elementor-element elementor-element-22a1edd e-flex e-con-boxed e-con e-parent\" data-id=\"22a1edd\" data-element_type=\"container\">\n\t\t\t\t\t<div class=\"e-con-inner\">\n\t\t\t\t<div class=\"elementor-element elementor-element-603ac45 elementor-widget elementor-widget-text-editor\" data-id=\"603ac45\" data-element_type=\"widget\" data-widget_type=\"text-editor.default\">\n\t\t\t\t<div class=\"elementor-widget-container\">\n\t\t\t\t\t\t\t<p>Estamos felizes em anunciar que o processo de formaliza\u00e7\u00e3o do Col\u00e9gio Brasileiro de Faculdades de Direito P\u00fablicas e Gratuitas est\u00e1 atualmente em andamento, marcando um momento hist\u00f3rico para a educa\u00e7\u00e3o jur\u00eddica no Brasil. Este passo crucial est\u00e1 sendo realizado por meio da cria\u00e7\u00e3o de uma associa\u00e7\u00e3o, uma iniciativa que visa unir dirigentes de Institui\u00e7\u00f5es de Ensino Superior (IES) p\u00fablicas que oferecem cursos na \u00e1rea jur\u00eddica sob uma mesma bandeira.<\/p>\n<p>O Col\u00e9gio n\u00e3o s\u00f3 simboliza a uni\u00e3o e o fortalecimento das Faculdades de Direito p\u00fablicas e gratuitas em todo o pa\u00eds, mas tamb\u00e9m abre as portas para uma colabora\u00e7\u00e3o sem precedentes entre estas institui\u00e7\u00f5es. O objetivo \u00e9 promover uma troca rica de conhecimentos, recursos e melhores pr\u00e1ticas no ensino do Direito, al\u00e9m de fortalecer a pesquisa e a extens\u00e3o universit\u00e1ria no campo jur\u00eddico.<\/p>\n<p>Todas as IES p\u00fablicas que mant\u00eam cursos jur\u00eddicos est\u00e3o cordialmente convidadas a juntar-se a este esfor\u00e7o colaborativo. Ao participar, as institui\u00e7\u00f5es e seus dirigentes ter\u00e3o a oportunidade de contribuir ativamente para a moldagem do futuro da educa\u00e7\u00e3o jur\u00eddica no Brasil, assegurando que ela seja acess\u00edvel, de qualidade e alinhada \u00e0s necessidades da sociedade brasileira.<\/p>\n<p>Al\u00e9m de fortalecer as rela\u00e7\u00f5es institucionais, o Col\u00e9gio visa promover a justi\u00e7a social e a democratiza\u00e7\u00e3o do acesso \u00e0 educa\u00e7\u00e3o jur\u00eddica de qualidade. Esperamos n\u00e3o apenas enfrentar os desafios comuns enfrentados pelas IES p\u00fablicas, mas tamb\u00e9m celebrar e disseminar suas conquistas e inova\u00e7\u00f5es.<\/p>\n<p>O Col\u00e9gio Brasileiro de Faculdades de Direito P\u00fablicas e Gratuitas representa um passo significativo em dire\u00e7\u00e3o a uma colabora\u00e7\u00e3o mais estreita e eficaz entre as Faculdades de Direito p\u00fablicas do Brasil. Encorajamos os dirigentes de todas as institui\u00e7\u00f5es eleg\u00edveis a se engajarem neste projeto pioneiro, contribuindo para a constru\u00e7\u00e3o de uma base s\u00f3lida para o avan\u00e7o da educa\u00e7\u00e3o jur\u00eddica no pa\u00eds. Juntos, podemos fazer uma diferen\u00e7a substancial no desenvolvimento de profissionais do Direito bem-preparados e comprometidos com a promo\u00e7\u00e3o da justi\u00e7a e da igualdade em nossa sociedade.<\/p>\n<div>&nbsp;<\/div>\t\t\t\t\t\t<\/div>\n\t\t\t\t<\/div>\n\t\t\t\t\t<\/div>\n\t\t\t\t<\/div>\n\t\t<div class=\"elementor-element elementor-element-075d3bf e-flex e-con-boxed e-con e-parent\" data-id=\"075d3bf\" data-element_type=\"container\">\n\t\t\t\t\t<div class=\"e-con-inner\">\n\t\t\t\t<div class=\"elementor-element elementor-element-41cd19b elementor-widget elementor-widget-spacer\" data-id=\"41cd19b\" data-element_type=\"widget\" data-widget_type=\"spacer.default\">\n\t\t\t\t<div class=\"elementor-widget-container\">\n\t\t\t\t\t<div class=\"elementor-spacer\">\n\t\t\t<div class=\"elementor-spacer-inner\"><\/div>\n\t\t<\/div>\n\t\t\t\t<\/div>\n\t\t\t\t<\/div>\n\t\t\t\t\t<\/div>\n\t\t\t\t<\/div>\n\t\t<div class=\"elementor-element elementor-element-314fc3d e-flex e-con-boxed e-con e-parent\" data-id=\"314fc3d\" data-element_type=\"container\">\n\t\t\t\t\t<div class=\"e-con-inner\">\n\t\t\t\t<div class=\"elementor-element elementor-element-dad6167 elementor-align-center elementor-widget elementor-widget-button\" data-id=\"dad6167\" data-element_type=\"widget\" data-widget_type=\"button.default\">\n\t\t\t\t<div class=\"elementor-widget-container\">\n\t\t\t\t\t\t\t<div class=\"elementor-button-wrapper\">\n\t\t\t\t\t<a class=\"elementor-button elementor-button-link elementor-size-sm\" href=\"https:\/\/sites.usp.br\/cbfdpg\/\">\n\t\t\t\t\t\t<span class=\"elementor-button-content-wrapper\">\n\t\t\t\t\t\t\t\t\t<span class=\"elementor-button-text\">Voltar ao menu<\/span>\n\t\t\t\t\t<\/span>\n\t\t\t\t\t<\/a>\n\t\t\t\t<\/div>\n\t\t\t\t\t\t<\/div>\n\t\t\t\t<\/div>\n\t\t\t\t\t<\/div>\n\t\t\t\t<\/div>\n\t\t\t\t<\/div>\n\t\t","protected":false},"excerpt":{"rendered":"<p>COL\u00c9GIO BRASILEIRO DE FACULDADES DE DIREITO P\u00daBLICAS E GRATUITAS Estamos felizes em anunciar que o processo de formaliza\u00e7\u00e3o do Col\u00e9gio Brasileiro de Faculdades de Direito P\u00fablicas e Gratuitas est\u00e1 atualmente em andamento, marcando um momento hist\u00f3rico para a educa\u00e7\u00e3o jur\u00eddica no Brasil. Este passo crucial est\u00e1 sendo realizado por meio da cria\u00e7\u00e3o de uma associa\u00e7\u00e3o, &hellip; <\/p>\n<p class=\"link-more\"><a href=\"https:\/\/sites.usp.br\/cbfdpg\/participe-do-convenio-em-rede\/\" class=\"more-link\">Continue lendo<span class=\"screen-reader-text\"> &#8220;Participe do Col\u00e9gio&#8221;<\/span><\/a><\/p>\n","protected":false},"author":23953,"featured_media":0,"parent":0,"menu_order":0,"comment_status":"closed","ping_status":"closed","template":"","meta":{"footnotes":"","_links_to":"","_links_to_target":""},"class_list":["post-443","page","type-page","status-publish","hentry"],"_links":{"self":[{"href":"https:\/\/sites.usp.br\/cbfdpg\/wp-json\/wp\/v2\/pages\/443","targetHints":{"allow":["GET"]}}],"collection":[{"href":"https:\/\/sites.usp.br\/cbfdpg\/wp-json\/wp\/v2\/pages"}],"about":[{"href":"https:\/\/sites.usp.br\/cbfdpg\/wp-json\/wp\/v2\/types\/page"}],"author":[{"embeddable":true,"href":"https:\/\/sites.usp.br\/cbfdpg\/wp-json\/wp\/v2\/users\/23953"}],"replies":[{"embeddable":true,"href":"https:\/\/sites.usp.br\/cbfdpg\/wp-json\/wp\/v2\/comments?post=443"}],"version-history":[{"count":4,"href":"https:\/\/sites.usp.br\/cbfdpg\/wp-json\/wp\/v2\/pages\/443\/revisions"}],"predecessor-version":[{"id":1862,"href":"https:\/\/sites.usp.br\/cbfdpg\/wp-json\/wp\/v2\/pages\/443\/revisions\/1862"}],"wp:attachment":[{"href":"https:\/\/sites.usp.br\/cbfdpg\/wp-json\/wp\/v2\/media?parent=443"}],"curies":[{"name":"wp","href":"https:\/\/api.w.org\/{rel}","templated":true}]}}