{"id":79,"date":"2014-02-24T16:51:20","date_gmt":"2014-02-24T18:51:20","guid":{"rendered":"http:\/\/sites.usp.br\/cbfdpg\/?page_id=79"},"modified":"2025-06-18T17:02:34","modified_gmt":"2025-06-18T19:02:34","slug":"pagina-inicial","status":"publish","type":"page","link":"https:\/\/sites.usp.br\/cbfdpg\/","title":{"rendered":"Home"},"content":{"rendered":"\t\t<div data-elementor-type=\"wp-page\" data-elementor-id=\"79\" class=\"elementor elementor-79\" data-elementor-post-type=\"page\">\n\t\t\t\t<div class=\"elementor-element elementor-element-d47a02f e-flex e-con-boxed e-con e-parent\" data-id=\"d47a02f\" data-element_type=\"container\">\n\t\t\t\t\t<div class=\"e-con-inner\">\n\t\t\t\t<div class=\"elementor-element elementor-element-6324b5b elementor--h-position-center elementor--v-position-middle elementor-arrows-position-inside elementor-pagination-position-inside elementor-widget elementor-widget-slides\" data-id=\"6324b5b\" data-element_type=\"widget\" data-settings=\"{&quot;navigation&quot;:&quot;both&quot;,&quot;autoplay&quot;:&quot;yes&quot;,&quot;pause_on_hover&quot;:&quot;yes&quot;,&quot;pause_on_interaction&quot;:&quot;yes&quot;,&quot;autoplay_speed&quot;:5000,&quot;infinite&quot;:&quot;yes&quot;,&quot;transition&quot;:&quot;slide&quot;,&quot;transition_speed&quot;:500}\" data-widget_type=\"slides.default\">\n\t\t\t\t<div class=\"elementor-widget-container\">\n\t\t\t\t\t<div class=\"elementor-swiper\">\n\t\t\t<div class=\"elementor-slides-wrapper elementor-main-swiper swiper\" dir=\"ltr\" data-animation=\"fadeInUp\">\n\t\t\t\t<div class=\"swiper-wrapper elementor-slides\">\n\t\t\t\t\t\t\t\t\t\t<div class=\"elementor-repeater-item-72e4296 swiper-slide\"><div class=\"swiper-slide-bg\" role=\"img\"><\/div><div class=\"swiper-slide-inner\" ><div class=\"swiper-slide-contents\"><div class=\"elementor-slide-heading\">Formul\u00e1rio de diagn\u00f3stico sobre educa\u00e7\u00e3o jur\u00eddica no Brasil, sua regula\u00e7\u00e3o e avalia\u00e7\u00e3o<\/div><a href=\"https:\/\/sites.usp.br\/cbfdpg\/diagnostico-sobre-educacao-juridica-no-brasil-sua-regulacao-e-avaliacao\/\" class=\"elementor-button elementor-slide-button elementor-size-sm\">Saiba mais<\/a><\/div><\/div><\/div><div class=\"elementor-repeater-item-b22ed2e swiper-slide\"><div class=\"swiper-slide-bg\" role=\"img\"><\/div><a class=\"swiper-slide-inner\" href=\"https:\/\/sites.usp.br\/cbfdpg\/calendario-de-atividades-do-colegio-brasileiro-de-faculdades-de-direito-publicas-e-gratuitas\/\"><div class=\"swiper-slide-contents\"><div class=\"elementor-slide-heading\">Calend\u00e1rio de Atividades do Col\u00e9gio Brasileiro de Faculdades de Direito P\u00fablicas e Gratuitas<\/div><div  class=\"elementor-button elementor-slide-button elementor-size-sm\">Saiba mais<\/div><\/div><\/a><\/div><div class=\"elementor-repeater-item-1c24153 swiper-slide\"><div class=\"swiper-slide-bg\" role=\"img\"><\/div><div class=\"swiper-slide-inner\" ><div class=\"swiper-slide-contents\"><div class=\"elementor-slide-heading\">III Encontro Nacional do Col\u00e9gio Brasileiro de Faculdades de Direito P\u00fablicas e Gratuitas<\/div><a href=\"https:\/\/sites.usp.br\/cbfdpg\/iii-encontro-nacional-dos-cursos-e-das-faculdades-de-direito-publicas-e-gratuitas-2\/\" class=\"elementor-button elementor-slide-button elementor-size-sm\">Saiba mais<\/a><\/div><\/div><\/div><div class=\"elementor-repeater-item-8e313ad swiper-slide\"><div class=\"swiper-slide-bg\" role=\"img\"><\/div><div class=\"swiper-slide-inner\" ><div class=\"swiper-slide-contents\"><div class=\"elementor-slide-heading\">I Encontro Regional Nordeste do Col\u00e9gio Brasileiro de Faculdades de Direito P\u00fablicas e Gratuitas<\/div><a href=\"https:\/\/sites.usp.br\/cbfdpg\/o-i-encontro-regional-nordeste-de-dirigentes-de-faculdades-de-direito-publicas-e-gratuitas\/\" class=\"elementor-button elementor-slide-button elementor-size-sm\">Saiba mais<\/a><\/div><\/div><\/div>\t\t\t\t<\/div>\n\t\t\t\t\t\t\t\t\t\t\t\t\t\t\t<div class=\"swiper-pagination\"><\/div>\n\t\t\t\t\t\t\t\t\t\t\t\t\t\t\t\t<div class=\"elementor-swiper-button elementor-swiper-button-prev\" role=\"button\" tabindex=\"0\">\n\t\t\t\t\t\t\t<svg aria-hidden=\"true\" class=\"e-font-icon-svg e-eicon-chevron-left\" viewBox=\"0 0 1000 1000\" xmlns=\"http:\/\/www.w3.org\/2000\/svg\"><path d=\"M646 125C629 125 613 133 604 142L308 442C296 454 292 471 292 487 292 504 296 521 308 533L604 854C617 867 629 875 646 875 663 875 679 871 692 858 704 846 713 829 713 812 713 796 708 779 692 767L438 487 692 225C700 217 708 204 708 187 708 171 704 154 692 142 675 129 663 125 646 125Z\"><\/path><\/svg>\t\t\t\t\t\t\t<span class=\"elementor-screen-only\">Previous slide<\/span>\n\t\t\t\t\t\t<\/div>\n\t\t\t\t\t\t<div class=\"elementor-swiper-button elementor-swiper-button-next\" role=\"button\" tabindex=\"0\">\n\t\t\t\t\t\t\t<svg aria-hidden=\"true\" class=\"e-font-icon-svg e-eicon-chevron-right\" viewBox=\"0 0 1000 1000\" xmlns=\"http:\/\/www.w3.org\/2000\/svg\"><path d=\"M696 533C708 521 713 504 713 487 713 471 708 454 696 446L400 146C388 133 375 125 354 125 338 125 325 129 313 142 300 154 292 171 292 187 292 204 296 221 308 233L563 492 304 771C292 783 288 800 288 817 288 833 296 850 308 863 321 871 338 875 354 875 371 875 388 867 400 854L696 533Z\"><\/path><\/svg>\t\t\t\t\t\t\t<span class=\"elementor-screen-only\">Next slide<\/span>\n\t\t\t\t\t\t<\/div>\n\t\t\t\t\t\t\t\t\t\t\t\t<\/div>\n\t\t<\/div>\n\t\t\t\t<\/div>\n\t\t\t\t<\/div>\n\t\t\t\t\t<\/div>\n\t\t\t\t<\/div>\n\t\t<div class=\"elementor-element elementor-element-3b75ca4 e-flex e-con-boxed e-con e-parent\" data-id=\"3b75ca4\" data-element_type=\"container\" id=\"topo\">\n\t\t\t\t\t<div class=\"e-con-inner\">\n\t\t\t\t<div class=\"elementor-element elementor-element-8041177 elementor-widget elementor-widget-text-editor\" data-id=\"8041177\" data-element_type=\"widget\" data-widget_type=\"text-editor.default\">\n\t\t\t\t<div class=\"elementor-widget-container\">\n\t\t\t\t\t\t\t<p><b>\u00a0<\/b><\/p><p><b>\u00a0<\/b><\/p><p><b>Bem-vindas e bem-vindos ao Col\u00e9gio Brasileiro de Faculdades de Direito P\u00fablicas e Gratuitas!<\/b><\/p>\t\t\t\t\t\t<\/div>\n\t\t\t\t<\/div>\n\t\t\t\t\t<\/div>\n\t\t\t\t<\/div>\n\t\t<div class=\"elementor-element elementor-element-9238e9c e-flex e-con-boxed e-con e-parent\" data-id=\"9238e9c\" data-element_type=\"container\">\n\t\t\t\t\t<div class=\"e-con-inner\">\n\t\t\t\t<div class=\"elementor-element elementor-element-470e863 elementor-widget elementor-widget-text-editor\" data-id=\"470e863\" data-element_type=\"widget\" data-widget_type=\"text-editor.default\">\n\t\t\t\t<div class=\"elementor-widget-container\">\n\t\t\t\t\t\t\t<p>Criado em 2023, o Col\u00e9gio Brasileiro de Faculdades de Direito P\u00fablicas e Gratuitas abre-se como inst\u00e2ncia de coopera\u00e7\u00e3o e solidariedade entre os Cursos de Direito mantidos por Institui\u00e7\u00f5es P\u00fablicas e Gratuitas de todo o Brasil, unidas no compromisso com a forma\u00e7\u00e3o jur\u00eddica de alta qualidade, acess\u00edvel, plural e democr\u00e1tica.&nbsp;<\/p>\n<p>Este site \u2013 gentilmente hospedado em uma das Universidades P\u00fablicas brasileiras respons\u00e1veis pela cria\u00e7\u00e3o do Col\u00e9gio, a Universidade de S\u00e3o Paulo \u2013 oferece informa\u00e7\u00f5es b\u00e1sicas sobre as atividades do Col\u00e9gio, seus projetos, eventos e discuss\u00f5es.<\/p>\n<p>Damos as boas-vindas a dirigentes de Cursos Jur\u00eddicos de IES p\u00fablicas e gratuitas \u2013 de variados perfis, e presentes nas diversas regi\u00f5es e Estados brasileiros \u2013, a quem agradecemos por todo apoio no fortalecimento desta rede em favor da educa\u00e7\u00e3o jur\u00eddica voltada aos interesses da juventude em forma\u00e7\u00e3o e do Estado Democr\u00e1tico de Direito.<\/p><p>E a todas as pessoas que queiram somar-se a n\u00f3s, no esfor\u00e7o de valorizar e fortalecer o ensino p\u00fablico superior e a educa\u00e7\u00e3o jur\u00eddica de qualidade.<br><\/p>\t\t\t\t\t\t<\/div>\n\t\t\t\t<\/div>\n\t\t\t\t\t<\/div>\n\t\t\t\t<\/div>\n\t\t<div class=\"elementor-element elementor-element-f064d3d e-flex e-con-boxed e-con e-parent\" data-id=\"f064d3d\" data-element_type=\"container\">\n\t\t\t\t\t<div class=\"e-con-inner\">\n\t\t\t\t<div class=\"elementor-element elementor-element-666aba4 elementor-align-center elementor-widget elementor-widget-button\" data-id=\"666aba4\" data-element_type=\"widget\" data-widget_type=\"button.default\">\n\t\t\t\t<div class=\"elementor-widget-container\">\n\t\t\t\t\t\t\t<div class=\"elementor-button-wrapper\">\n\t\t\t\t\t<a class=\"elementor-button elementor-button-link elementor-size-sm\" href=\"https:\/\/sites.usp.br\/cbfdpg\/\">\n\t\t\t\t\t\t<span class=\"elementor-button-content-wrapper\">\n\t\t\t\t\t\t\t\t\t<span class=\"elementor-button-text\">Menu<\/span>\n\t\t\t\t\t<\/span>\n\t\t\t\t\t<\/a>\n\t\t\t\t<\/div>\n\t\t\t\t\t\t<\/div>\n\t\t\t\t<\/div>\n\t\t\t\t\t<\/div>\n\t\t\t\t<\/div>\n\t\t<div class=\"elementor-element elementor-element-0531d5d e-flex e-con-boxed e-con e-parent\" data-id=\"0531d5d\" data-element_type=\"container\">\n\t\t\t\t\t<div class=\"e-con-inner\">\n\t\t\t\t\t<\/div>\n\t\t\t\t<\/div>\n\t\t\t\t<\/div>\n\t\t","protected":false},"excerpt":{"rendered":"<p>Formul\u00e1rio de diagn\u00f3stico sobre educa\u00e7\u00e3o jur\u00eddica no Brasil, sua regula\u00e7\u00e3o e avalia\u00e7\u00e3oSaiba maisCalend\u00e1rio de Atividades do Col\u00e9gio Brasileiro de Faculdades de Direito P\u00fablicas e GratuitasSaiba maisIII Encontro Nacional do Col\u00e9gio Brasileiro de Faculdades de Direito P\u00fablicas e GratuitasSaiba maisI Encontro Regional Nordeste do Col\u00e9gio Brasileiro de Faculdades de Direito P\u00fablicas e GratuitasSaiba mais Anterior Pr\u00f3ximo &hellip; <\/p>\n<p class=\"link-more\"><a href=\"https:\/\/sites.usp.br\/cbfdpg\/\" class=\"more-link\">Continue lendo<span class=\"screen-reader-text\"> &#8220;Home&#8221;<\/span><\/a><\/p>\n","protected":false},"author":1,"featured_media":0,"parent":0,"menu_order":0,"comment_status":"closed","ping_status":"closed","template":"","meta":{"footnotes":"","_links_to":"","_links_to_target":""},"class_list":["post-79","page","type-page","status-publish","hentry"],"_links":{"self":[{"href":"https:\/\/sites.usp.br\/cbfdpg\/wp-json\/wp\/v2\/pages\/79","targetHints":{"allow":["GET"]}}],"collection":[{"href":"https:\/\/sites.usp.br\/cbfdpg\/wp-json\/wp\/v2\/pages"}],"about":[{"href":"https:\/\/sites.usp.br\/cbfdpg\/wp-json\/wp\/v2\/types\/page"}],"author":[{"embeddable":true,"href":"https:\/\/sites.usp.br\/cbfdpg\/wp-json\/wp\/v2\/users\/1"}],"replies":[{"embeddable":true,"href":"https:\/\/sites.usp.br\/cbfdpg\/wp-json\/wp\/v2\/comments?post=79"}],"version-history":[{"count":4,"href":"https:\/\/sites.usp.br\/cbfdpg\/wp-json\/wp\/v2\/pages\/79\/revisions"}],"predecessor-version":[{"id":2352,"href":"https:\/\/sites.usp.br\/cbfdpg\/wp-json\/wp\/v2\/pages\/79\/revisions\/2352"}],"wp:attachment":[{"href":"https:\/\/sites.usp.br\/cbfdpg\/wp-json\/wp\/v2\/media?parent=79"}],"curies":[{"name":"wp","href":"https:\/\/api.w.org\/{rel}","templated":true}]}}