{"id":869,"date":"2024-03-21T15:44:22","date_gmt":"2024-03-21T17:44:22","guid":{"rendered":"https:\/\/sites.usp.br\/cbfdpg\/?page_id=869"},"modified":"2025-03-12T11:05:51","modified_gmt":"2025-03-12T13:05:51","slug":"documentos-de-formacao","status":"publish","type":"page","link":"https:\/\/sites.usp.br\/cbfdpg\/documentos-de-formacao\/","title":{"rendered":"Documentos de forma\u00e7\u00e3o"},"content":{"rendered":"\t\t<div data-elementor-type=\"wp-page\" data-elementor-id=\"869\" class=\"elementor elementor-869\" data-elementor-post-type=\"page\">\n\t\t\t\t<div class=\"elementor-element elementor-element-043e558 e-flex e-con-boxed e-con e-parent\" data-id=\"043e558\" data-element_type=\"container\">\n\t\t\t\t\t<div class=\"e-con-inner\">\n\t\t\t\t<div class=\"elementor-element elementor-element-68016cb elementor-widget elementor-widget-text-editor\" data-id=\"68016cb\" data-element_type=\"widget\" data-widget_type=\"text-editor.default\">\n\t\t\t\t<div class=\"elementor-widget-container\">\n\t\t\t\t\t\t\t<p><span style=\"color: #01070a; font-weight: bold;\">COL\u00c9GIO BRASILEIRO DE FACULDADES DE DIREITO P\u00daBLICAS E GRATUITAS<\/span><\/p>\t\t\t\t\t\t<\/div>\n\t\t\t\t<\/div>\n\t\t\t\t\t<\/div>\n\t\t\t\t<\/div>\n\t\t<div class=\"elementor-element elementor-element-e941315 e-flex e-con-boxed e-con e-parent\" data-id=\"e941315\" data-element_type=\"container\">\n\t\t\t\t\t<div class=\"e-con-inner\">\n\t\t\t\t<div class=\"elementor-element elementor-element-3e87260 elementor-widget elementor-widget-text-editor\" data-id=\"3e87260\" data-element_type=\"widget\" data-widget_type=\"text-editor.default\">\n\t\t\t\t<div class=\"elementor-widget-container\">\n\t\t\t\t\t\t\t<p><strong>I Encontro Nacional dos Cursos e das Faculdades de Direito P\u00fablicas e Gratuitas, realizado nos dias 16 e 17\/10\/2023, na FD\/USP<\/strong><\/p><p style=\"padding-left: 40px;\">Ata da 1\u00aa Reuni\u00e3o Geral de dirigentes &#8211; Sess\u00e3o de 17 de outubro de 2023:\u00a0\u00a0<\/p><p style=\"padding-left: 40px;\"><a style=\"font-family: var( --e-global-typography-text-font-family ), Sans-serif; font-style: var( --e-global-typography-text-font-style ); font-weight: var( --e-global-typography-text-font-weight ); background-color: #ffffff; font-size: 1rem;\" href=\"https:\/\/sites.usp.br\/cbfdpg\/ata-da-1a-reuniao-geral-de-dirigentes\/\" target=\"_blank\" rel=\"noopener\">https:\/\/sites.usp.br\/cbfdpg\/ata-da-1a-reuniao-geral-de-dirigentes\/<\/a><\/p><p style=\"padding-left: 40px;\"><strong>Secretaria Geral que conduziu os trabalhos at\u00e9 a Assembleia de constitui\u00e7\u00e3o: <\/strong><\/p><p style=\"padding-left: 40px;\">1\u00ba Secret\u00e1rio Prof. Dr. Nuno Manuel Morgadinho dos Santos Coelho da FDRP\/USP<\/p><p style=\"padding-left: 40px;\">2\u00aa Secret\u00e1ria Profa. Dra. Daniela Marques de Moraes da FD\/UnB<\/p><p style=\"padding-left: 40px;\"><u>Mandatos dos Secret\u00e1rios:<\/u> de 17\/10\/2023 a 10\/10\/2024<\/p><p><strong>II Encontro Nacional dos Cursos e das Faculdades de Direito P\u00fablicas e Gratuitas, realizado de 9 a 11\/10\/2024, na Universidade Federal da Bahia \u2013 UFBA<\/strong><\/p><p style=\"padding-left: 40px;\"><strong>Ata da Assembleia Geral do Col\u00e9gio Brasileiro de Faculdades de Direito P\u00fablicas e Gratuitas, realizada em 11\/10\/2024 na Universidade Federal da Bahia \u2013 UFBA:<\/strong><\/p><p style=\"padding-left: 40px;\"><a href=\"https:\/\/sites.usp.br\/cbfdpg\/ata-da-assembleia-geral-do-colegio-brasileiro-de-faculdades-de-direito-publicas-e-gratuitas\/\" target=\"_blank\" rel=\"noopener\">https:\/\/sites.usp.br\/cbfdpg\/ata-da-assembleia-geral-do-colegio-brasileiro-de-faculdades-de-direito-publicas-e-gratuitas\/<\/a><\/p><p style=\"padding-left: 40px;\"><strong>Membros eleitos, com mandato de 11\/10\/2024 a 10\/10\/2025 :<\/strong><\/p><p style=\"padding-left: 40px;\"><a href=\"https:\/\/sites.usp.br\/cbfdpg\/membros-eleitos\/\" target=\"_blank\" rel=\"noopener\">https:\/\/sites.usp.br\/cbfdpg\/membros-eleitos\/<\/a><\/p><p style=\"padding-left: 40px;\"><strong>Membros Fundadores do Col\u00e9gio:<\/strong><\/p><p style=\"padding-left: 40px;\"><a style=\"font-family: var( --e-global-typography-text-font-family ), Sans-serif; font-style: var( --e-global-typography-text-font-style ); font-weight: var( --e-global-typography-text-font-weight ); background-color: #ffffff; font-size: 1rem;\" href=\"https:\/\/sites.usp.br\/cbfdpg\/membros-fundadores-do-colegio\/\" target=\"_blank\" rel=\"noopener\">https:\/\/sites.usp.br\/cbfdpg\/membros-fundadores-do-colegio\/<\/a><\/p><p style=\"padding-left: 40px;\"><strong style=\"font-family: var( --e-global-typography-text-font-family ), Sans-serif; font-style: var( --e-global-typography-text-font-style ); font-size: 1rem;\">Estatuto Social do Col\u00e9gio Brasileiro de Faculdades de Direito P\u00fablicas e Gratuitas:<\/strong><\/p><p style=\"padding-left: 40px;\"><a href=\"https:\/\/sites.usp.br\/cbfdpg\/estatuto-social-do-colegio-brasileiro-de-faculdades-de-direito-publicas-e-gratuitas\/\" target=\"_blank\" rel=\"noopener\">https:\/\/sites.usp.br\/cbfdpg\/estatuto-social-do-colegio-brasileiro-de-faculdades-de-direito-publicas-e-gratuitas\/<\/a><\/p>\t\t\t\t\t\t<\/div>\n\t\t\t\t<\/div>\n\t\t\t\t\t<\/div>\n\t\t\t\t<\/div>\n\t\t<div class=\"elementor-element elementor-element-bee11cd e-flex e-con-boxed e-con e-parent\" data-id=\"bee11cd\" data-element_type=\"container\">\n\t\t\t\t\t<div class=\"e-con-inner\">\n\t\t\t\t<div class=\"elementor-element elementor-element-c5a414b elementor-align-center elementor-widget elementor-widget-button\" data-id=\"c5a414b\" data-element_type=\"widget\" data-widget_type=\"button.default\">\n\t\t\t\t<div class=\"elementor-widget-container\">\n\t\t\t\t\t\t\t<div class=\"elementor-button-wrapper\">\n\t\t\t\t\t<a class=\"elementor-button elementor-button-link elementor-size-sm\" href=\"https:\/\/sites.usp.br\/cbfdpg\/\">\n\t\t\t\t\t\t<span class=\"elementor-button-content-wrapper\">\n\t\t\t\t\t\t\t\t\t<span class=\"elementor-button-text\">Voltar ao menu<\/span>\n\t\t\t\t\t<\/span>\n\t\t\t\t\t<\/a>\n\t\t\t\t<\/div>\n\t\t\t\t\t\t<\/div>\n\t\t\t\t<\/div>\n\t\t\t\t\t<\/div>\n\t\t\t\t<\/div>\n\t\t\t\t<\/div>\n\t\t","protected":false},"excerpt":{"rendered":"<p>COL\u00c9GIO BRASILEIRO DE FACULDADES DE DIREITO P\u00daBLICAS E GRATUITAS I Encontro Nacional dos Cursos e das Faculdades de Direito P\u00fablicas e Gratuitas, realizado nos dias 16 e 17\/10\/2023, na FD\/USP Ata da 1\u00aa Reuni\u00e3o Geral de dirigentes &#8211; Sess\u00e3o de 17 de outubro de 2023:\u00a0\u00a0 https:\/\/sites.usp.br\/cbfdpg\/ata-da-1a-reuniao-geral-de-dirigentes\/ Secretaria Geral que conduziu os trabalhos at\u00e9 a Assembleia &hellip; <\/p>\n<p class=\"link-more\"><a href=\"https:\/\/sites.usp.br\/cbfdpg\/documentos-de-formacao\/\" class=\"more-link\">Continue lendo<span class=\"screen-reader-text\"> &#8220;Documentos de forma\u00e7\u00e3o&#8221;<\/span><\/a><\/p>\n","protected":false},"author":23953,"featured_media":0,"parent":0,"menu_order":0,"comment_status":"closed","ping_status":"closed","template":"","meta":{"footnotes":"","_links_to":"","_links_to_target":""},"class_list":["post-869","page","type-page","status-publish","hentry"],"_links":{"self":[{"href":"https:\/\/sites.usp.br\/cbfdpg\/wp-json\/wp\/v2\/pages\/869","targetHints":{"allow":["GET"]}}],"collection":[{"href":"https:\/\/sites.usp.br\/cbfdpg\/wp-json\/wp\/v2\/pages"}],"about":[{"href":"https:\/\/sites.usp.br\/cbfdpg\/wp-json\/wp\/v2\/types\/page"}],"author":[{"embeddable":true,"href":"https:\/\/sites.usp.br\/cbfdpg\/wp-json\/wp\/v2\/users\/23953"}],"replies":[{"embeddable":true,"href":"https:\/\/sites.usp.br\/cbfdpg\/wp-json\/wp\/v2\/comments?post=869"}],"version-history":[{"count":4,"href":"https:\/\/sites.usp.br\/cbfdpg\/wp-json\/wp\/v2\/pages\/869\/revisions"}],"predecessor-version":[{"id":1932,"href":"https:\/\/sites.usp.br\/cbfdpg\/wp-json\/wp\/v2\/pages\/869\/revisions\/1932"}],"wp:attachment":[{"href":"https:\/\/sites.usp.br\/cbfdpg\/wp-json\/wp\/v2\/media?parent=869"}],"curies":[{"name":"wp","href":"https:\/\/api.w.org\/{rel}","templated":true}]}}