{"id":876,"date":"2024-03-21T15:47:01","date_gmt":"2024-03-21T17:47:01","guid":{"rendered":"https:\/\/sites.usp.br\/cbfdpg\/?page_id=876"},"modified":"2024-03-25T17:32:21","modified_gmt":"2024-03-25T19:32:21","slug":"colegio-na-imprensa","status":"publish","type":"page","link":"https:\/\/sites.usp.br\/cbfdpg\/colegio-na-imprensa\/","title":{"rendered":"Col\u00e9gio na Imprensa"},"content":{"rendered":"\t\t<div data-elementor-type=\"wp-page\" data-elementor-id=\"876\" class=\"elementor elementor-876\" data-elementor-post-type=\"page\">\n\t\t\t\t<div class=\"elementor-element elementor-element-9c84a26 e-flex e-con-boxed e-con e-parent\" data-id=\"9c84a26\" data-element_type=\"container\">\n\t\t\t\t\t<div class=\"e-con-inner\">\n\t\t\t\t<div class=\"elementor-element elementor-element-a6481da elementor-widget elementor-widget-text-editor\" data-id=\"a6481da\" data-element_type=\"widget\" data-widget_type=\"text-editor.default\">\n\t\t\t\t<div class=\"elementor-widget-container\">\n\t\t\t\t\t\t\t<p class=\"MsoNormal\" style=\"margin-bottom: 0cm; text-align: justify; line-height: 150%;\"><span style=\"color: rgb(1, 7, 10); font-weight: 700; text-align: start;\">COL\u00c9GIO BRASILEIRO DE FACULDADES DE DIREITO P\u00daBLICAS E GRATUITAS<\/span><br><\/p><p class=\"MsoNormal\" style=\"margin-bottom: 0cm; text-align: justify; line-height: 150%;\"><span style=\"color: rgb(1, 7, 10); font-weight: 700; text-align: start;\"><br><\/span><\/p>\t\t\t\t\t\t<\/div>\n\t\t\t\t<\/div>\n\t\t\t\t<div class=\"elementor-element elementor-element-9518f4b elementor-widget elementor-widget-text-editor\" data-id=\"9518f4b\" data-element_type=\"widget\" data-widget_type=\"text-editor.default\">\n\t\t\t\t<div class=\"elementor-widget-container\">\n\t\t\t\t\t\t\t<p>Confira aqui algumas mat\u00e9rias sobre a cria\u00e7\u00e3o e o funcionamento do Col\u00e9gio Brasileiro de Faculdades de Direito P\u00fablicas e Gratuitas<\/p>\t\t\t\t\t\t<\/div>\n\t\t\t\t<\/div>\n\t\t\t\t\t<\/div>\n\t\t\t\t<\/div>\n\t\t<div class=\"elementor-element elementor-element-0b91846 e-flex e-con-boxed e-con e-parent\" data-id=\"0b91846\" data-element_type=\"container\">\n\t\t\t\t\t<div class=\"e-con-inner\">\n\t\t\t\t<div class=\"elementor-element elementor-element-0bbf97a elementor-align-center elementor-widget__width-inherit elementor-widget elementor-widget-button\" data-id=\"0bbf97a\" data-element_type=\"widget\" data-widget_type=\"button.default\">\n\t\t\t\t<div class=\"elementor-widget-container\">\n\t\t\t\t\t\t\t<div class=\"elementor-button-wrapper\">\n\t\t\t\t\t<a class=\"elementor-button elementor-button-link elementor-size-sm\" href=\"https:\/\/jornal.usp.br\/campus-ribeirao-preto\/criado-o-colegio-brasileiro-de-faculdades-de-direito-para-fortalecer-democracia-e-ensino-juridico\/\" target=\"_blank\">\n\t\t\t\t\t\t<span class=\"elementor-button-content-wrapper\">\n\t\t\t\t\t\t\t\t\t<span class=\"elementor-button-text\">Criado o Col\u00e9gio Brasileiro de Faculdades de Direito para fortalecer democracia e ensino jur\u00eddico<\/span>\n\t\t\t\t\t<\/span>\n\t\t\t\t\t<\/a>\n\t\t\t\t<\/div>\n\t\t\t\t\t\t<\/div>\n\t\t\t\t<\/div>\n\t\t\t\t\t<\/div>\n\t\t\t\t<\/div>\n\t\t<div class=\"elementor-element elementor-element-bc7b50c e-flex e-con-boxed e-con e-parent\" data-id=\"bc7b50c\" data-element_type=\"container\">\n\t\t\t\t\t<div class=\"e-con-inner\">\n\t\t\t\t<div class=\"elementor-element elementor-element-bb44650 elementor-widget__width-inherit elementor-widget elementor-widget-button\" data-id=\"bb44650\" data-element_type=\"widget\" data-widget_type=\"button.default\">\n\t\t\t\t<div class=\"elementor-widget-container\">\n\t\t\t\t\t\t\t<div class=\"elementor-button-wrapper\">\n\t\t\t\t\t<a class=\"elementor-button elementor-button-link elementor-size-sm\" href=\"https:\/\/www.direitorp.usp.br\/criado-o-colegio-brasileiro-de-faculdades-de-direito-para-fortalecer-democracia-e-ensino-juridico\/\" target=\"_blank\">\n\t\t\t\t\t\t<span class=\"elementor-button-content-wrapper\">\n\t\t\t\t\t\t\t\t\t<span class=\"elementor-button-text\">FDRP - Criado o Col\u00e9gio Brasileiro de Faculdades de Direito para fortalecer democracia e ensino jur\u00eddico<\/span>\n\t\t\t\t\t<\/span>\n\t\t\t\t\t<\/a>\n\t\t\t\t<\/div>\n\t\t\t\t\t\t<\/div>\n\t\t\t\t<\/div>\n\t\t\t\t<div class=\"elementor-element elementor-element-c91407e elementor-align-center elementor-widget__width-inherit elementor-widget elementor-widget-button\" data-id=\"c91407e\" data-element_type=\"widget\" data-widget_type=\"button.default\">\n\t\t\t\t<div class=\"elementor-widget-container\">\n\t\t\t\t\t\t\t<div class=\"elementor-button-wrapper\">\n\t\t\t\t\t<a class=\"elementor-button elementor-button-link elementor-size-sm\" href=\"https:\/\/www.ufpb.br\/ufpb\/contents\/noticias\/ccj-da-ufpb-participa-de-encontro-preparatorio-do-201ccolegio-brasileiro-de-faculdades-de-direito-publicas-e-gratuitas201d\" target=\"_blank\">\n\t\t\t\t\t\t<span class=\"elementor-button-content-wrapper\">\n\t\t\t\t\t\t\t\t\t<span class=\"elementor-button-text\">CCJ da UFPB participa de encontro preparat\u00f3rio do \u201cCol\u00e9gio brasileiro de faculdades de direito p\u00fablicas e gratuitas<\/span>\n\t\t\t\t\t<\/span>\n\t\t\t\t\t<\/a>\n\t\t\t\t<\/div>\n\t\t\t\t\t\t<\/div>\n\t\t\t\t<\/div>\n\t\t\t\t\t<\/div>\n\t\t\t\t<\/div>\n\t\t<div class=\"elementor-element elementor-element-5f0bc43 e-flex e-con-boxed e-con e-parent\" data-id=\"5f0bc43\" data-element_type=\"container\">\n\t\t\t\t\t<div class=\"e-con-inner\">\n\t\t\t\t<div class=\"elementor-element elementor-element-b4ff33f elementor-align-center elementor-widget__width-inherit elementor-widget elementor-widget-button\" data-id=\"b4ff33f\" data-element_type=\"widget\" data-widget_type=\"button.default\">\n\t\t\t\t<div class=\"elementor-widget-container\">\n\t\t\t\t\t\t\t<div class=\"elementor-button-wrapper\">\n\t\t\t\t\t<a class=\"elementor-button elementor-button-link elementor-size-sm\" href=\"https:\/\/portal.ufrrj.br\/ufrrj-participa-do-lancamento-do-colegio-brasileiro-de-faculdades-de-direito-publicas-e-gratuitas\/\" target=\"_blank\">\n\t\t\t\t\t\t<span class=\"elementor-button-content-wrapper\">\n\t\t\t\t\t\t\t\t\t<span class=\"elementor-button-text\">UFRRJ participa do lan\u00e7amento do Col\u00e9gio Brasileiro de Faculdades de Direito P\u00fablicas e Gratuitas<\/span>\n\t\t\t\t\t<\/span>\n\t\t\t\t\t<\/a>\n\t\t\t\t<\/div>\n\t\t\t\t\t\t<\/div>\n\t\t\t\t<\/div>\n\t\t\t\t\t<\/div>\n\t\t\t\t<\/div>\n\t\t<div class=\"elementor-element elementor-element-399c9ef e-flex e-con-boxed e-con e-parent\" data-id=\"399c9ef\" data-element_type=\"container\">\n\t\t\t\t\t<div class=\"e-con-inner\">\n\t\t\t\t<div class=\"elementor-element elementor-element-f8cacfd elementor-align-center elementor-widget__width-inherit elementor-widget elementor-widget-button\" data-id=\"f8cacfd\" data-element_type=\"widget\" data-widget_type=\"button.default\">\n\t\t\t\t<div class=\"elementor-widget-container\">\n\t\t\t\t\t\t\t<div class=\"elementor-button-wrapper\">\n\t\t\t\t\t<a class=\"elementor-button elementor-button-link elementor-size-sm\" href=\"https:\/\/sagresonline.com.br\/usp-cria-colegio-para-fortalecer-democracia-e-ensino-juridico\/\" target=\"_blank\">\n\t\t\t\t\t\t<span class=\"elementor-button-content-wrapper\">\n\t\t\t\t\t\t\t\t\t<span class=\"elementor-button-text\">USP cria Col\u00e9gio Brasileiro de Faculdades de Direito para fortalecer democracia e ensino jur\u00eddico<\/span>\n\t\t\t\t\t<\/span>\n\t\t\t\t\t<\/a>\n\t\t\t\t<\/div>\n\t\t\t\t\t\t<\/div>\n\t\t\t\t<\/div>\n\t\t\t\t\t<\/div>\n\t\t\t\t<\/div>\n\t\t<div class=\"elementor-element elementor-element-1773c33 e-flex e-con-boxed e-con e-parent\" data-id=\"1773c33\" data-element_type=\"container\">\n\t\t\t\t\t<div class=\"e-con-inner\">\n\t\t\t\t<div class=\"elementor-element elementor-element-2b2e0c1 elementor-align-center elementor-widget__width-inherit elementor-widget elementor-widget-button\" data-id=\"2b2e0c1\" data-element_type=\"widget\" data-widget_type=\"button.default\">\n\t\t\t\t<div class=\"elementor-widget-container\">\n\t\t\t\t\t\t\t<div class=\"elementor-button-wrapper\">\n\t\t\t\t\t<a class=\"elementor-button elementor-button-link elementor-size-sm\" href=\"https:\/\/ufal.br\/servidor\/noticias\/2023\/10\/ufal-participa-do-lancamento-do-colegio-brasileiro-de-faculdades-de-direito-publicas-e-gratuitas\" target=\"_blank\">\n\t\t\t\t\t\t<span class=\"elementor-button-content-wrapper\">\n\t\t\t\t\t\t\t\t\t<span class=\"elementor-button-text\">Ufal participa do Col\u00e9gio Brasileiro de Faculdades de Direito P\u00fablicas e Gratuitas<\/span>\n\t\t\t\t\t<\/span>\n\t\t\t\t\t<\/a>\n\t\t\t\t<\/div>\n\t\t\t\t\t\t<\/div>\n\t\t\t\t<\/div>\n\t\t\t\t<div class=\"elementor-element elementor-element-1b035b4 elementor-align-center elementor-widget__width-inherit elementor-widget elementor-widget-button\" data-id=\"1b035b4\" data-element_type=\"widget\" data-widget_type=\"button.default\">\n\t\t\t\t<div class=\"elementor-widget-container\">\n\t\t\t\t\t\t\t<div class=\"elementor-button-wrapper\">\n\t\t\t\t\t<a class=\"elementor-button elementor-button-link elementor-size-sm\" href=\"https:\/\/www.conjur.com.br\/2023-dez-25\/a-criacao-do-colegio-brasileiro-de-faculdades-de-direito-publicas\/\" target=\"_blank\">\n\t\t\t\t\t\t<span class=\"elementor-button-content-wrapper\">\n\t\t\t\t\t\t\t\t\t<span class=\"elementor-button-text\">A cria\u00e7\u00e3o do Col\u00e9gio Brasileiro de Faculdades de Direito p\u00fablicas<\/span>\n\t\t\t\t\t<\/span>\n\t\t\t\t\t<\/a>\n\t\t\t\t<\/div>\n\t\t\t\t\t\t<\/div>\n\t\t\t\t<\/div>\n\t\t\t\t<div class=\"elementor-element elementor-element-6cbd769 elementor-align-center elementor-widget__width-inherit elementor-widget elementor-widget-button\" data-id=\"6cbd769\" data-element_type=\"widget\" data-widget_type=\"button.default\">\n\t\t\t\t<div class=\"elementor-widget-container\">\n\t\t\t\t\t\t\t<div class=\"elementor-button-wrapper\">\n\t\t\t\t\t<a class=\"elementor-button elementor-button-link elementor-size-sm\" href=\"https:\/\/www.linkedin.com\/posts\/faculdade-de-direito-universidade-de-s%C3%A3o-paulo_fdusp-direitousp-fdrp-activity-7125840268922138624-b3Gh\/?trk=public_profile_like_view&#038;originalSubdomain=pt\" target=\"_blank\">\n\t\t\t\t\t\t<span class=\"elementor-button-content-wrapper\">\n\t\t\t\t\t\t\t\t\t<span class=\"elementor-button-text\">Linkedln - Faculdade de Direito - Universidade de S\u00e3o Paulo<\/span>\n\t\t\t\t\t<\/span>\n\t\t\t\t\t<\/a>\n\t\t\t\t<\/div>\n\t\t\t\t\t\t<\/div>\n\t\t\t\t<\/div>\n\t\t\t\t\t<\/div>\n\t\t\t\t<\/div>\n\t\t<div class=\"elementor-element elementor-element-86f34b5 e-flex e-con-boxed e-con e-parent\" data-id=\"86f34b5\" data-element_type=\"container\">\n\t\t\t\t\t<div class=\"e-con-inner\">\n\t\t\t\t<div class=\"elementor-element elementor-element-3462899 elementor-align-center elementor-widget__width-inherit elementor-widget elementor-widget-button\" data-id=\"3462899\" data-element_type=\"widget\" data-widget_type=\"button.default\">\n\t\t\t\t<div class=\"elementor-widget-container\">\n\t\t\t\t\t\t\t<div class=\"elementor-button-wrapper\">\n\t\t\t\t\t<a class=\"elementor-button elementor-button-link elementor-size-sm\" href=\"https:\/\/www.linkedin.com\/posts\/uspoficial_criado-o-col%C3%A9gio-brasileiro-de-faculdades-activity-7148260883499053057-Da6B\/?originalSubdomain=pt\" target=\"_blank\">\n\t\t\t\t\t\t<span class=\"elementor-button-content-wrapper\">\n\t\t\t\t\t\t\t\t\t<span class=\"elementor-button-text\">Linkedln - Universidade de S\u00e3o Paulo<\/span>\n\t\t\t\t\t<\/span>\n\t\t\t\t\t<\/a>\n\t\t\t\t<\/div>\n\t\t\t\t\t\t<\/div>\n\t\t\t\t<\/div>\n\t\t\t\t<div class=\"elementor-element elementor-element-b870249 elementor-align-center elementor-widget elementor-widget-button\" data-id=\"b870249\" data-element_type=\"widget\" data-widget_type=\"button.default\">\n\t\t\t\t<div class=\"elementor-widget-container\">\n\t\t\t\t\t\t\t<div class=\"elementor-button-wrapper\">\n\t\t\t\t\t<a class=\"elementor-button elementor-button-link elementor-size-sm\" href=\"https:\/\/sites.usp.br\/cbfdpg\/\">\n\t\t\t\t\t\t<span class=\"elementor-button-content-wrapper\">\n\t\t\t\t\t\t\t\t\t<span class=\"elementor-button-text\">Voltar ao menu<\/span>\n\t\t\t\t\t<\/span>\n\t\t\t\t\t<\/a>\n\t\t\t\t<\/div>\n\t\t\t\t\t\t<\/div>\n\t\t\t\t<\/div>\n\t\t\t\t\t<\/div>\n\t\t\t\t<\/div>\n\t\t\t\t<\/div>\n\t\t","protected":false},"excerpt":{"rendered":"<p>COL\u00c9GIO BRASILEIRO DE FACULDADES DE DIREITO P\u00daBLICAS E GRATUITAS Confira aqui algumas mat\u00e9rias sobre a cria\u00e7\u00e3o e o funcionamento do Col\u00e9gio Brasileiro de Faculdades de Direito P\u00fablicas e Gratuitas Criado o Col\u00e9gio Brasileiro de Faculdades de Direito para fortalecer democracia e ensino jur\u00eddico FDRP &#8211; Criado o Col\u00e9gio Brasileiro de Faculdades de Direito para fortalecer &hellip; <\/p>\n<p class=\"link-more\"><a href=\"https:\/\/sites.usp.br\/cbfdpg\/colegio-na-imprensa\/\" class=\"more-link\">Continue lendo<span class=\"screen-reader-text\"> &#8220;Col\u00e9gio na Imprensa&#8221;<\/span><\/a><\/p>\n","protected":false},"author":23953,"featured_media":0,"parent":0,"menu_order":0,"comment_status":"closed","ping_status":"closed","template":"","meta":{"footnotes":"","_links_to":"","_links_to_target":""},"class_list":["post-876","page","type-page","status-publish","hentry"],"_links":{"self":[{"href":"https:\/\/sites.usp.br\/cbfdpg\/wp-json\/wp\/v2\/pages\/876","targetHints":{"allow":["GET"]}}],"collection":[{"href":"https:\/\/sites.usp.br\/cbfdpg\/wp-json\/wp\/v2\/pages"}],"about":[{"href":"https:\/\/sites.usp.br\/cbfdpg\/wp-json\/wp\/v2\/types\/page"}],"author":[{"embeddable":true,"href":"https:\/\/sites.usp.br\/cbfdpg\/wp-json\/wp\/v2\/users\/23953"}],"replies":[{"embeddable":true,"href":"https:\/\/sites.usp.br\/cbfdpg\/wp-json\/wp\/v2\/comments?post=876"}],"version-history":[{"count":5,"href":"https:\/\/sites.usp.br\/cbfdpg\/wp-json\/wp\/v2\/pages\/876\/revisions"}],"predecessor-version":[{"id":1360,"href":"https:\/\/sites.usp.br\/cbfdpg\/wp-json\/wp\/v2\/pages\/876\/revisions\/1360"}],"wp:attachment":[{"href":"https:\/\/sites.usp.br\/cbfdpg\/wp-json\/wp\/v2\/media?parent=876"}],"curies":[{"name":"wp","href":"https:\/\/api.w.org\/{rel}","templated":true}]}}