{"id":236,"date":"2021-06-10T17:58:18","date_gmt":"2021-06-10T20:58:18","guid":{"rendered":"https:\/\/sites.usp.br\/cbsp\/?page_id=236"},"modified":"2021-09-09T19:12:49","modified_gmt":"2021-09-09T22:12:49","slug":"mascotes","status":"publish","type":"page","link":"https:\/\/sites.usp.br\/cbsp\/sobre-nos\/mascotes\/","title":{"rendered":"Mascotes"},"content":{"rendered":"<p>Os mascotes do CBSP s\u00e3o: &#8220;Menino Brasileiro&#8221;, &#8220;Cientista&#8221;, &#8220;Planetinha&#8221; e &#8220;Capit\u00e3o Terra Plana&#8221; (vil\u00e3o). Eles foram criados pelo ilustrador Pedro de Oliveira Gruppelli e escolhidos por meio de uma vota\u00e7\u00e3o realizada pelo CBSP (25\/02\/2021). A escolha dos mascotes humanos foi baseada na representa\u00e7\u00e3o da diversidade da popula\u00e7\u00e3o brasileira.<\/p>\n<p><a href=\"https:\/\/sites.usp.br\/cbsp\/wp-content\/uploads\/sites\/893\/2021\/06\/Mascotes.jpg\"><img loading=\"lazy\" decoding=\"async\" class=\"wp-image-268 size-full aligncenter\" src=\"https:\/\/sites.usp.br\/cbsp\/wp-content\/uploads\/sites\/893\/2021\/06\/Mascotes.jpg\" alt=\"\" width=\"532\" height=\"298\" srcset=\"https:\/\/sites.usp.br\/cbsp\/wp-content\/uploads\/sites\/893\/2021\/06\/Mascotes.jpg 532w, https:\/\/sites.usp.br\/cbsp\/wp-content\/uploads\/sites\/893\/2021\/06\/Mascotes-300x168.jpg 300w, https:\/\/sites.usp.br\/cbsp\/wp-content\/uploads\/sites\/893\/2021\/06\/Mascotes-310x174.jpg 310w, https:\/\/sites.usp.br\/cbsp\/wp-content\/uploads\/sites\/893\/2021\/06\/Mascotes-400x224.jpg 400w\" sizes=\"auto, (max-width: 532px) 100vw, 532px\" \/><\/a><\/p>\n<p>&nbsp;<\/p>\n","protected":false},"excerpt":{"rendered":"<p>Os mascotes do CBSP s\u00e3o: &#8220;Menino Brasileiro&#8221;, &#8220;Cientista&#8221;, &#8220;Planetinha&#8221; e &#8220;Capit\u00e3o Terra Plana&#8221; (vil\u00e3o). Eles foram criados pelo ilustrador Pedro&#46;&#46;&#46;<\/p>\n","protected":false},"author":22307,"featured_media":0,"parent":151,"menu_order":2,"comment_status":"closed","ping_status":"closed","template":"","meta":{"footnotes":"","_links_to":"","_links_to_target":""},"class_list":["post-236","page","type-page","status-publish","hentry"],"_links":{"self":[{"href":"https:\/\/sites.usp.br\/cbsp\/wp-json\/wp\/v2\/pages\/236","targetHints":{"allow":["GET"]}}],"collection":[{"href":"https:\/\/sites.usp.br\/cbsp\/wp-json\/wp\/v2\/pages"}],"about":[{"href":"https:\/\/sites.usp.br\/cbsp\/wp-json\/wp\/v2\/types\/page"}],"author":[{"embeddable":true,"href":"https:\/\/sites.usp.br\/cbsp\/wp-json\/wp\/v2\/users\/22307"}],"replies":[{"embeddable":true,"href":"https:\/\/sites.usp.br\/cbsp\/wp-json\/wp\/v2\/comments?post=236"}],"version-history":[{"count":4,"href":"https:\/\/sites.usp.br\/cbsp\/wp-json\/wp\/v2\/pages\/236\/revisions"}],"predecessor-version":[{"id":414,"href":"https:\/\/sites.usp.br\/cbsp\/wp-json\/wp\/v2\/pages\/236\/revisions\/414"}],"up":[{"embeddable":true,"href":"https:\/\/sites.usp.br\/cbsp\/wp-json\/wp\/v2\/pages\/151"}],"wp:attachment":[{"href":"https:\/\/sites.usp.br\/cbsp\/wp-json\/wp\/v2\/media?parent=236"}],"curies":[{"name":"wp","href":"https:\/\/api.w.org\/{rel}","templated":true}]}}