{"id":272,"date":"2021-06-22T23:57:11","date_gmt":"2021-06-23T02:57:11","guid":{"rendered":"https:\/\/sites.usp.br\/cbsp\/?page_id=272"},"modified":"2021-11-11T15:50:42","modified_gmt":"2021-11-11T18:50:42","slug":"lives","status":"publish","type":"page","link":"https:\/\/sites.usp.br\/cbsp\/lives\/","title":{"rendered":"Lives"},"content":{"rendered":"<p><strong><a href=\"https:\/\/sites.usp.br\/cbsp\/wp-content\/uploads\/sites\/893\/2021\/09\/Lives-1.jpg\"><img loading=\"lazy\" decoding=\"async\" class=\"alignleft wp-image-429 size-full\" src=\"https:\/\/sites.usp.br\/cbsp\/wp-content\/uploads\/sites\/893\/2021\/09\/Lives-1.jpg\" alt=\"\" width=\"884\" height=\"492\" srcset=\"https:\/\/sites.usp.br\/cbsp\/wp-content\/uploads\/sites\/893\/2021\/09\/Lives-1.jpg 884w, https:\/\/sites.usp.br\/cbsp\/wp-content\/uploads\/sites\/893\/2021\/09\/Lives-1-300x167.jpg 300w, https:\/\/sites.usp.br\/cbsp\/wp-content\/uploads\/sites\/893\/2021\/09\/Lives-1-768x427.jpg 768w, https:\/\/sites.usp.br\/cbsp\/wp-content\/uploads\/sites\/893\/2021\/09\/Lives-1-310x174.jpg 310w, https:\/\/sites.usp.br\/cbsp\/wp-content\/uploads\/sites\/893\/2021\/09\/Lives-1-400x223.jpg 400w\" sizes=\"auto, (max-width: 884px) 100vw, 884px\" \/><\/a><\/strong><\/p>\n<p>&nbsp;<\/p>\n<p>&nbsp;<\/p>\n<p>&nbsp;<\/p>\n<p>&nbsp;<\/p>\n<p>&nbsp;<\/p>\n<p>&nbsp;<\/p>\n<p>&nbsp;<\/p>\n<p>&nbsp;<\/p>\n<p>&nbsp;<\/p>\n<p>&nbsp;<\/p>\n<p>&nbsp;<\/p>\n<p>&nbsp;<\/p>\n<p><strong>Essas foram as lives realizadas pelo CBSP:<\/strong><\/p>\n<p>&nbsp;<\/p>\n<p>Epis\u00f3dio 8: Autocuidado e sua rela\u00e7\u00e3o com a Sa\u00fade Planet\u00e1ria (27\/10\/2021)<\/p>\n<p><iframe loading=\"lazy\" title=\"YouTube video player\" src=\"https:\/\/www.youtube.com\/embed\/T-6VAK2W10o\" width=\"560\" height=\"315\" frameborder=\"0\" allowfullscreen=\"allowfullscreen\"><\/iframe><\/p>\n<p>&nbsp;<\/p>\n<p>Epis\u00f3dio 7: Servi\u00e7os de sa\u00fade o Hospitais sustent\u00e1veis (15\/09\/2021)<\/p>\n<p><iframe loading=\"lazy\" title=\"YouTube video player\" src=\"https:\/\/www.youtube.com\/embed\/pdgyHT2qCiI\" width=\"560\" height=\"315\" frameborder=\"0\" allowfullscreen=\"allowfullscreen\"><\/iframe><\/p>\n<p>&nbsp;<\/p>\n<p>Epis\u00f3dio 6: A sa\u00fade dos habitats bent\u00f4nicos da Am\u00e9rica do Sul e suas implica\u00e7\u00f5es para a sa\u00fade humana (18\/08\/2021)<\/p>\n<p><iframe loading=\"lazy\" title=\"YouTube video player\" src=\"https:\/\/www.youtube.com\/embed\/ygrdK3YsrpU\" width=\"560\" height=\"315\" frameborder=\"0\" allowfullscreen=\"allowfullscreen\"><\/iframe><\/p>\n<p>&nbsp;<\/p>\n<p>Epis\u00f3dio 5: Sa\u00fade Planet\u00e1ria e Polui\u00e7\u00e3o do Ar (16\/06\/2021)<\/p>\n<p><iframe loading=\"lazy\" title=\"YouTube video player\" src=\"https:\/\/www.youtube.com\/embed\/utywU_zZNUg\" width=\"560\" height=\"315\" frameborder=\"0\" allowfullscreen=\"allowfullscreen\"><\/iframe><\/p>\n<p>&nbsp;<\/p>\n<p>Epis\u00f3dio 4: Soberania Alimentar e Uso de Agrot\u00f3xicos (19\/05\/2021)<\/p>\n<p><iframe loading=\"lazy\" title=\"YouTube video player\" src=\"https:\/\/www.youtube.com\/embed\/64KGfF1J8jw\" width=\"560\" height=\"315\" frameborder=\"0\" allowfullscreen=\"allowfullscreen\"><\/iframe><\/p>\n<p>&nbsp;<\/p>\n<p>Epis\u00f3dio 3: Sa\u00fade Planet\u00e1ria e SUS (14\/04\/2021)<\/p>\n<p><iframe loading=\"lazy\" title=\"YouTube video player\" src=\"https:\/\/www.youtube.com\/embed\/5E-sxT66RNU\" width=\"560\" height=\"315\" frameborder=\"0\" allowfullscreen=\"allowfullscreen\"><\/iframe><\/p>\n<p>&nbsp;<\/p>\n<p>Epis\u00f3dio 2: Mudan\u00e7as Clim\u00e1ticas Globais (17\/03\/2021)<\/p>\n<p><iframe loading=\"lazy\" title=\"YouTube video player\" src=\"https:\/\/www.youtube.com\/embed\/nu2bi95yTEc\" width=\"560\" height=\"315\" frameborder=\"0\" allowfullscreen=\"allowfullscreen\"><\/iframe><\/p>\n<p>&nbsp;<\/p>\n<p>Epis\u00f3dio 1: Conceito de Sa\u00fade Planet\u00e1ria e Comunica\u00e7\u00e3o Cient\u00edfica (24\/02\/2021)<\/p>\n<p><iframe loading=\"lazy\" title=\"YouTube video player\" src=\"https:\/\/www.youtube.com\/embed\/6mNpZsmCvwY\" width=\"560\" height=\"315\" frameborder=\"0\" allowfullscreen=\"allowfullscreen\"><\/iframe><\/p>\n","protected":false},"excerpt":{"rendered":"<p>&nbsp; &nbsp; &nbsp; &nbsp; &nbsp; &nbsp; &nbsp; &nbsp; &nbsp; &nbsp; &nbsp; &nbsp; Essas foram as lives realizadas pelo CBSP: &nbsp;&#46;&#46;&#46;<\/p>\n","protected":false},"author":22307,"featured_media":0,"parent":0,"menu_order":0,"comment_status":"closed","ping_status":"closed","template":"","meta":{"footnotes":"","_links_to":"","_links_to_target":""},"class_list":["post-272","page","type-page","status-publish","hentry"],"_links":{"self":[{"href":"https:\/\/sites.usp.br\/cbsp\/wp-json\/wp\/v2\/pages\/272","targetHints":{"allow":["GET"]}}],"collection":[{"href":"https:\/\/sites.usp.br\/cbsp\/wp-json\/wp\/v2\/pages"}],"about":[{"href":"https:\/\/sites.usp.br\/cbsp\/wp-json\/wp\/v2\/types\/page"}],"author":[{"embeddable":true,"href":"https:\/\/sites.usp.br\/cbsp\/wp-json\/wp\/v2\/users\/22307"}],"replies":[{"embeddable":true,"href":"https:\/\/sites.usp.br\/cbsp\/wp-json\/wp\/v2\/comments?post=272"}],"version-history":[{"count":4,"href":"https:\/\/sites.usp.br\/cbsp\/wp-json\/wp\/v2\/pages\/272\/revisions"}],"predecessor-version":[{"id":502,"href":"https:\/\/sites.usp.br\/cbsp\/wp-json\/wp\/v2\/pages\/272\/revisions\/502"}],"wp:attachment":[{"href":"https:\/\/sites.usp.br\/cbsp\/wp-json\/wp\/v2\/media?parent=272"}],"curies":[{"name":"wp","href":"https:\/\/api.w.org\/{rel}","templated":true}]}}