{"id":290,"date":"2021-06-24T16:54:35","date_gmt":"2021-06-24T19:54:35","guid":{"rendered":"https:\/\/sites.usp.br\/cbsp\/?page_id=290"},"modified":"2021-10-13T18:57:25","modified_gmt":"2021-10-13T21:57:25","slug":"historico","status":"publish","type":"page","link":"https:\/\/sites.usp.br\/cbsp\/sobre-nos\/historico\/","title":{"rendered":"Hist\u00f3rico"},"content":{"rendered":"<h1><b>O Plantio do Clube Brasileiro de Sa\u00fade Planet\u00e1ria<\/b><\/h1>\n<p><b><i>Por Fernando Xavier, Tha\u00eds Martins, Lucas Saraiva, <\/i><\/b><b><i><br \/>\n<\/i><\/b><b><i>Lu\u00eds Gustavo Arruda, Andr\u00e9 Luis Acosta, Donovan Humphrey<\/i><\/b><\/p>\n<p>&nbsp;<\/p>\n<p><span style=\"font-weight: 400;\">O Clube Brasileiro de Sa\u00fade Planet\u00e1ria (CBSP) teve a sua primeira reuni\u00e3o em 01 de outubro de 2020, e foi oficialmente lan\u00e7ado em 16 de dezembro do mesmo ano, durante o <\/span><a href=\"http:\/\/saudeplanetaria.iea.usp.br\/pt\/lancamento-do-clube-brasileiro-de-saude-planetaria\/\" target=\"_blank\" rel=\"noopener\"><i><span style=\"font-weight: 400;\">Semin\u00e1rio Internacional Sa\u00fade Planet\u00e1ria na Am\u00e9rica Latina: hora de agir!<\/span><\/i><\/a><i><span style=\"font-weight: 400;\">, <\/span><\/i><span style=\"font-weight: 400;\">organizado pelo <\/span><a href=\"http:\/\/saudeplanetaria.iea.usp.br\/pt\/\" target=\"_blank\" rel=\"noopener\"><span style=\"font-weight: 400;\">Grupo de Estudos em Sa\u00fade Planet\u00e1ria do Instituto de Estudos Avan\u00e7ados da Universidade de S\u00e3o Paulo (GSP-IEA-USP)<\/span><\/a><span style=\"font-weight: 400;\">. A hist\u00f3ria do CBSP est\u00e1 entrela\u00e7ada com as trajet\u00f3rias pessoais e profissionais de cada um dos seus membros fundadores: <\/span><a href=\"http:\/\/buscatextual.cnpq.br\/buscatextual\/visualizacv.do;jsessionid=8BB91FC8EEF58942871C13EAD3E2DE72.buscatextual_3\" target=\"_blank\" rel=\"noopener\"><span style=\"font-weight: 400;\">Alex da Silva Sousa<\/span><\/a><span style=\"font-weight: 400;\">, <\/span><a href=\"http:\/\/lattes.cnpq.br\/5289799037730089\" target=\"_blank\" rel=\"noopener\"><span style=\"font-weight: 400;\">Andr\u00e9 Luis Acosta<\/span><\/a><span style=\"font-weight: 400;\">, <\/span><a href=\"http:\/\/lattes.cnpq.br\/0734141473933294\" target=\"_blank\" rel=\"noopener\"><span style=\"font-weight: 400;\">Beatriz Sinelli Laham<\/span><\/a><span style=\"font-weight: 400;\">, <\/span><a href=\"http:\/\/lattes.cnpq.br\/4472211848481116\" target=\"_blank\" rel=\"noopener\"><span style=\"font-weight: 400;\">Donovan Humphrey de Nardo Baptista Condessa Franco<\/span><\/a><span style=\"font-weight: 400;\">, <\/span><a href=\"http:\/\/lattes.cnpq.br\/2587675313978865\" target=\"_blank\" rel=\"noopener\"><span style=\"font-weight: 400;\">Elis Dionisio da Silva<\/span><\/a><span style=\"font-weight: 400;\">, <\/span><a href=\"http:\/\/lattes.cnpq.br\/6225687160783333\" target=\"_blank\" rel=\"noopener\"><span style=\"font-weight: 400;\">Jailson Nunes Leocadio<\/span><\/a><span style=\"font-weight: 400;\">,<\/span> <a href=\"http:\/\/lattes.cnpq.br\/8372053516860781\" target=\"_blank\" rel=\"noopener\"><span style=\"font-weight: 400;\">Lucas Giampietro Terra Saraiva<\/span><\/a><span style=\"font-weight: 400;\">,<\/span> <a href=\"http:\/\/lattes.cnpq.br\/9038187640203766\" target=\"_blank\" rel=\"noopener\"><span style=\"font-weight: 400;\">Lu\u00eds Gustavo Lopumo Arruda<\/span><\/a><span style=\"font-weight: 400;\">, <\/span><a href=\"http:\/\/lattes.cnpq.br\/9090107411611255\" target=\"_blank\" rel=\"noopener\"><span style=\"font-weight: 400;\">Sheina Koffler<\/span><\/a><span style=\"font-weight: 400;\">, e, em especial, <\/span><a href=\"http:\/\/lattes.cnpq.br\/6644552602614357\" target=\"_blank\" rel=\"noopener\"><span style=\"font-weight: 400;\">Fernando Xavier<\/span><\/a><span style=\"font-weight: 400;\">, que liderou a forma\u00e7\u00e3o do grupo.<\/span><\/p>\n<p><span style=\"font-weight: 400;\">Apesar de seu interesse pela natureza desde crian\u00e7a, Fernando trilhou carreira em escrit\u00f3rios de Ci\u00eancias da Computa\u00e7\u00e3o por anos. Somente em 2016, durante atua\u00e7\u00e3o no Projeto <\/span><a href=\"https:\/\/www.sibbr.gov.br\/cienciacidada\/projetos.html\" target=\"_blank\" rel=\"noopener\"><i><span style=\"font-weight: 400;\">Sistema de Informa\u00e7\u00e3o sobre a Biodiversidade Brasileira<\/span><\/i><\/a><span style=\"font-weight: 400;\"> (SiBBr) \u2014 gerenciado pelo ent\u00e3o Minist\u00e9rio da Ci\u00eancia e Tecnologia (MCT), por contrata\u00e7\u00e3o da Organiza\u00e7\u00e3o das Na\u00e7\u00f5es Unidas (ONU) para o Meio Ambiente \u2014 teve seu primeiro contato profissional com a \u00e1rea ambiental, com \u00f3rg\u00e3os ambientais federais e com colegas bi\u00f3logos, ampliando seus horizontes. Em \u00e2mbito pessoal, fez mudan\u00e7as dos h\u00e1bitos alimentares, tornando-se vegetariano. Desde ent\u00e3o, passou a estudar mais sobre rela\u00e7\u00f5es entre alimenta\u00e7\u00e3o e ambiente. No mesmo per\u00edodo, em fase de conclus\u00e3o do Curso de Mestrado direcionado a recursos h\u00eddricos, pensava sobre como articular computa\u00e7\u00e3o, ambiente, alimenta\u00e7\u00e3o e sa\u00fade no futuro Doutorado. Por influ\u00eancia de seu orientador, o <\/span><a href=\"http:\/\/lattes.cnpq.br\/0725312844547101\" target=\"_blank\" rel=\"noopener\"><span style=\"font-weight: 400;\">Prof. Dr. Antonio Mauro Saraiva<\/span><\/a><span style=\"font-weight: 400;\"> \u2014 Fundador e Coordenador do GSP-IEA-USP \u2014, Fernando foi apresentado ao Relat\u00f3rio <\/span><a href=\"https:\/\/www.thelancet.com\/journals\/lancet\/article\/PIIS0140-6736(15)60901-1\/fulltext\" target=\"_blank\" rel=\"noopener\"><i><span style=\"font-weight: 400;\">Safeguarding human health in the Anthropocene epoch: report of The Rockefeller Foundation\u2013Lancet Commission on planetary health<\/span><\/i><span style=\"font-weight: 400;\"> (WHITMEE et al. 2015)<\/span><\/a><span style=\"font-weight: 400;\">,<\/span><span style=\"font-weight: 400;\"> documento internacional no qual o termo \u201cSa\u00fade Planet\u00e1ria\u201d foi cunhado. A partir dele, conheceu e interessou-se por esse campo e movimento interdisciplinar, integrador e prop\u00edcio aos estudos que gostaria de realizar.\u00a0<\/span><\/p>\n<p><span style=\"font-weight: 400;\">O CBSP foi idealizado por membros do GSP-IEA-USP, citados anteriormente, a fim de fomentar a participa\u00e7\u00e3o de outros discentes brasileiros de Gradua\u00e7\u00e3o, de P\u00f3s-Gradua\u00e7\u00e3o e de P\u00f3s-Doutorado. Uma forte influ\u00eancia para o \u201cplantio\u201d do CBSP foi a participa\u00e7\u00e3o de Xavier, em 2020, como <\/span><a href=\"https:\/\/www.planetaryhealthalliance.org\/phca\" target=\"_blank\" rel=\"noopener\"><span style=\"font-weight: 400;\">Embaixador de Sa\u00fade Planet\u00e1ria pela Planetary Health Alliance<\/span><\/a><span style=\"font-weight: 400;\">, sediada na Universidade de Harvard, tendo por miss\u00e3o central a difus\u00e3o do conceito de Sa\u00fade Planet\u00e1ria pelo campus da USP. A inspira\u00e7\u00e3o para a estrutura\u00e7\u00e3o do Clube foi o Clube Sul Brasileiro de Sa\u00fade Planet\u00e1ria (CSBSP), primeiro sobre o tema na Am\u00e9rica Latina, fundado em Caxias do Sul\/RS, em 2018. O CBSP, inicialmente, foi organizado visando a busca por estudantes de todas as regi\u00f5es brasileiras e de \u00e1reas diversas. Isso foi sendo viabilizado por indica\u00e7\u00f5es de docentes vinculados ao GSP-IEA-USP e pelo agendamento de conversas <\/span><i><span style=\"font-weight: 400;\">online<\/span><\/i><span style=\"font-weight: 400;\"> com os\/as interessados\/as. A partir de outubro de 2020, a estrutura\u00e7\u00e3o do grupo come\u00e7ou a ocorrer em formato completamente <\/span><i><span style=\"font-weight: 400;\">online<\/span><\/i><span style=\"font-weight: 400;\"> \u2014 considerando o cen\u00e1rio pand\u00eamico causado pela COVID-19.<\/span><\/p>\n<p><span style=\"font-weight: 400;\">Uma das quest\u00f5es com a qual Xavier teve de lidar foi: como criar um movimento com participa\u00e7\u00e3o ativa de todas as pessoas que o comp\u00f5em? Naquele primeiro momento, buscou-se a forma\u00e7\u00e3o da identidade do grupo, sobretudo, a partir de discuss\u00f5es sobre os valores compartilhados. Posto isso, floresceram princ\u00edpios comuns, gestando sementes &#8211; que chamamos de objetivos. Esse ciclo criou ra\u00edzes fortes na reda\u00e7\u00e3o coletiva do <a href=\"https:\/\/sites.usp.br\/cbsp\/sobre-nos\/quem-somos\/\" target=\"_blank\" rel=\"noopener\">Manifesto do Clube<\/a> \u2014 um documento um tanto mais informal, mas n\u00e3o menos potente \u2014 que norteou a constru\u00e7\u00e3o do nosso c\u00f3digo de conduta: o Regimento Interno.\u00a0<\/span><\/p>\n<p><span style=\"font-weight: 400;\">O objetivo desses documentos n\u00e3o foi estabelecer prerrogativas para puni\u00e7\u00f5es caso quaisquer regras vissem a ser descumpridas, mas sim criar bases comuns para que cada integrante pudesse agir em nome do CBSP. Na pr\u00e1tica, esse c\u00f3digo de conduta cristalizou uma estrutura de organiza\u00e7\u00e3o horizontal, sem hierarquias, mas com responsabilidades expl\u00edcitas para cada integrante. Como? Na organiza\u00e7\u00e3o das inst\u00e2ncias de a\u00e7\u00e3o: a) as Comiss\u00f5es para o funcionamento b\u00e1sico das atividades, como sele\u00e7\u00e3o de ingressantes, e comunica\u00e7\u00e3o\/divulga\u00e7\u00e3o cient\u00edfica; b) os Grupos de Trabalho (GTs) com a\u00e7\u00f5es diretamente relacionadas aos nossos objetivos e valores compartilhados, como o desenvolvimento de uma cartilha educativa pelo GT Ci\u00eancia Cidad\u00e3; e c) a Reuni\u00e3o Geral, o corol\u00e1rio da democracia direta no nosso grupo, na qual as decis\u00f5es que impactam o CBSP s\u00e3o votadas, assim como s\u00e3o feitos informes das atividades em andamento e pedidos de apoio para a\u00e7\u00f5es futuras.<\/span><\/p>\n<p><span style=\"font-weight: 400;\">Ao longo do primeiro ano de exist\u00eancia do CBSP, as Comiss\u00f5es e os GTs realizaram in\u00fameras atividades de ensino, pesquisa e, sobretudo, de extens\u00e3o universit\u00e1ria; sendo comunica\u00e7\u00e3o e divulga\u00e7\u00e3o cient\u00edfica \u2014 incluindo, educa\u00e7\u00e3o e alfabetiza\u00e7\u00e3o cient\u00edfica \u2014 a\u00e7\u00f5es marcantes. Como exemplos, podemos citar atividades realizadas com o p\u00fablico geral, de modo s\u00edncrono e ass\u00edncrono, com grava\u00e7\u00f5es dispon\u00edveis em <\/span><a href=\"https:\/\/linktr.ee\/clubesaudeplanetaria\" target=\"_blank\" rel=\"noopener\"><span style=\"font-weight: 400;\">nossas redes sociais<\/span><\/a><span style=\"font-weight: 400;\">: a) palestras informativas com palestrantes especialistas sobre diversos temas relacionados \u00e0 Sa\u00fade Planet\u00e1ria, seguida por bate-papo interativo com a audi\u00eancia; b) Lives, promovidas pelo GT Lives, transmitidas pelo <a href=\"https:\/\/www.youtube.com\/channel\/UCCsyt9NVFQAvY49jzkOGs1g\" target=\"_blank\" rel=\"noopener\">Canal do CBSP no YouTube<\/a>; c) Podcasts, realizados pelo GT Podcast, entrevistando especialistas a respeito de temas referentes \u00e0 Sa\u00fade Planet\u00e1ria; d) V\u00eddeos IGTV, organizados pela Comiss\u00e3o de Comunica\u00e7\u00e3o e disponibilizados em <a href=\"https:\/\/www.instagram.com\/clubesaudeplanetariabr\/\" target=\"_blank\" rel=\"noopener\">nosso Instagram<\/a>, com depoimentos dos membros do CBSP sobre suas pesquisas acad\u00eamicas individuais e a\u00e7\u00f5es em prol da Sa\u00fade Planet\u00e1ria; e) Atividades e eventos relacionados ao Programa de <a href=\"https:\/\/sites.usp.br\/cbsp\/embaixadores\/\" target=\"_blank\" rel=\"noopener\">Embaixadores do GSP-IEA-USP<\/a>, do qual alguns integrantes do CBSP fazem parte, que tem como objetivo promover a\u00e7\u00f5es em prol da divulga\u00e7\u00e3o do conceito de Sa\u00fade Planet\u00e1ria no Brasil, tanto no ambiente acad\u00eamico quanto nas escolas e comunidades.<\/span><\/p>\n<p><span style=\"font-weight: 400;\">Os integrantes do Clube, tamb\u00e9m, tiveram importante participa\u00e7\u00e3o na organiza\u00e7\u00e3o, na apresenta\u00e7\u00e3o, na comunica\u00e7\u00e3o, e na realiza\u00e7\u00e3o de importantes eventos internacionais sobre Sa\u00fade Planet\u00e1ria\u00a0 \u2014 o <\/span><a href=\"http:\/\/saudeplanetaria.iea.usp.br\/pt\/seminario-saude-planetaria-na-america-latina-hora-de-agir\/\" target=\"_blank\" rel=\"noopener\"><i><span style=\"font-weight: 400;\">Sa\u00fade Planet\u00e1ria na Am\u00e9rica Latina: hora de agir!<\/span><\/i><\/a><span style=\"font-weight: 400;\">, em 15 e 16 de outubro de 2020, promovido pelo GSP-IEA-USP, e o <\/span><a href=\"https:\/\/www.planetaryhealthannualmeeting.com\/\" target=\"_blank\" rel=\"noopener\"><i><span style=\"font-weight: 400;\">2021 Planetary Health Annual Meeting and Festival<\/span><\/i><\/a><i><span style=\"font-weight: 400;\">, <\/span><\/i><span style=\"font-weight: 400;\">o PHAM 2021, entre 25 e 30 de abril de 2021, organizado pela USP em parceria com a <\/span><a href=\"https:\/\/www.planetaryhealthalliance.org\/planetary-health\" target=\"_blank\" rel=\"noopener\"><span style=\"font-weight: 400;\">Planetary Health Alliance<\/span><\/a><span style=\"font-weight: 400;\">. A quarta edi\u00e7\u00e3o do PHAM foi a maior e a primeira a ser realizada no hemisf\u00e9rio sul do planeta e em formato virtual. A Confer\u00eancia Global de Sa\u00fade Planet\u00e1ria teve mais de cinco mil inscritos de 130 pa\u00edses, permitindo que seu tema central \u201cSa\u00fade Planet\u00e1ria para Todos: unindo comunidades para alcan\u00e7ar a grande transi\u00e7\u00e3o\u201d pudesse se tornar poss\u00edvel. Como resultado pr\u00e1tico do evento, foi lan\u00e7ado o documento internacional <\/span><a href=\"https:\/\/drive.google.com\/file\/d\/1KhsdAHbsKPdupXUow1mimzmW8JYKtbEu\/view\" target=\"_blank\" rel=\"noopener\"><i><span style=\"font-weight: 400;\">Declara\u00e7\u00e3o de S\u00e3o Paulo sobre Sa\u00fade Planet\u00e1ria<\/span><\/i><\/a><i><span style=\"font-weight: 400;\">,<\/span><\/i><span style=\"font-weight: 400;\"> redigido pela Planetary Health Alliance, e assinado por mais de 250 organiza\u00e7\u00f5es de mais de 47 pa\u00edses, que representam todos os setores da sociedade. A Declara\u00e7\u00e3o tem o apoio do Programa das Na\u00e7\u00f5es Unidas para o Desenvolvimento, e afirma que a humanidade deve fazer mudan\u00e7as agora na forma como vivemos para otimizar a sa\u00fade e o bem-estar de todas as pessoas e do planeta do qual dependemos. Ela orienta a sociedade, a partir de sugest\u00f5es de a\u00e7\u00f5es concretas, a dirigir-se a um mundo p\u00f3s-pand\u00eamico mais justo e regenerativo.<\/span><\/p>\n<p><span style=\"font-weight: 400;\">Como desafios futuros, precisamos amadurecer a estrutura do CBSP em termos de representa\u00e7\u00e3o da diversidade das regi\u00f5es brasileiras; fortalecermos e estabelecermos novos pontos de contato com Clubes Regionais e Internacionais de Sa\u00fade Planet\u00e1ria; pensarmos em novos caminhos e formas de engajamento no mundo p\u00f3s-pandemia; tornarmos o clube autossustent\u00e1vel, por meio de fontes de financiamento para possibilitar, melhorar e profissionalizar nossas a\u00e7\u00f5es, e acolhermos novos membros inspiradores, que possam cultivar e frutificar o nosso querido CBSP!<\/span><\/p>\n<p>&nbsp;<\/p>\n<hr \/>\n<p>&nbsp;<\/p>\n<h3><\/h3>\n<h3>Podcast &#8211; Hist\u00f3rico do CBSP<\/h3>\n<p>Como surgiu a ideia de criar o Clube Brasileiro de Sa\u00fade Planet\u00e1ria (CBSP)?<\/p>\n<p>Como ele foi estruturado e quais os principais desafios?<\/p>\n<div class=\"o9v6fnle cxmmr5t8 oygrvhab hcukyx3x c1et5uql ii04i59q\">\n<div dir=\"auto\">Para conversarmos sobre esse tema, tivemos como convidado: Fernando Xavier, doutorando em Engenharia de Computa\u00e7\u00e3o pela Escola Polit\u00e9cnica da Universidade de S\u00e3o Paulo (Poli-USP) e Membro do Grupo de Estudos em Sa\u00fade Planet\u00e1ria (GSP-IEA-USP).<\/div>\n<\/div>\n<div dir=\"auto\"><\/div>\n<div dir=\"auto\"><\/div>\n<div class=\"video-container\"><iframe loading=\"lazy\" title=\"Spotify Embed:  Epis\u00f3dio B\u00f4nus - Como o Clube Brasileiro de Sa\u00fade Planet\u00e1ria foi criado?\" width=\"100%\" height=\"152\" frameborder=\"0\" allowfullscreen allow=\"autoplay; clipboard-write; encrypted-media; fullscreen; picture-in-picture\" src=\"https:\/\/open.spotify.com\/embed\/episode\/302i31umjzNPShLSnqdkmu?si=f990b899df184e01\"><\/iframe><\/div>\n","protected":false},"excerpt":{"rendered":"<p>O Plantio do Clube Brasileiro de Sa\u00fade Planet\u00e1ria Por Fernando Xavier, Tha\u00eds Martins, Lucas Saraiva, Lu\u00eds Gustavo Arruda, Andr\u00e9 Luis&#46;&#46;&#46;<\/p>\n","protected":false},"author":22307,"featured_media":0,"parent":151,"menu_order":0,"comment_status":"closed","ping_status":"closed","template":"","meta":{"footnotes":"","_links_to":"","_links_to_target":""},"class_list":["post-290","page","type-page","status-publish","hentry"],"_links":{"self":[{"href":"https:\/\/sites.usp.br\/cbsp\/wp-json\/wp\/v2\/pages\/290","targetHints":{"allow":["GET"]}}],"collection":[{"href":"https:\/\/sites.usp.br\/cbsp\/wp-json\/wp\/v2\/pages"}],"about":[{"href":"https:\/\/sites.usp.br\/cbsp\/wp-json\/wp\/v2\/types\/page"}],"author":[{"embeddable":true,"href":"https:\/\/sites.usp.br\/cbsp\/wp-json\/wp\/v2\/users\/22307"}],"replies":[{"embeddable":true,"href":"https:\/\/sites.usp.br\/cbsp\/wp-json\/wp\/v2\/comments?post=290"}],"version-history":[{"count":4,"href":"https:\/\/sites.usp.br\/cbsp\/wp-json\/wp\/v2\/pages\/290\/revisions"}],"predecessor-version":[{"id":480,"href":"https:\/\/sites.usp.br\/cbsp\/wp-json\/wp\/v2\/pages\/290\/revisions\/480"}],"up":[{"embeddable":true,"href":"https:\/\/sites.usp.br\/cbsp\/wp-json\/wp\/v2\/pages\/151"}],"wp:attachment":[{"href":"https:\/\/sites.usp.br\/cbsp\/wp-json\/wp\/v2\/media?parent=290"}],"curies":[{"name":"wp","href":"https:\/\/api.w.org\/{rel}","templated":true}]}}