{"id":296,"date":"2021-07-08T10:11:17","date_gmt":"2021-07-08T13:11:17","guid":{"rendered":"https:\/\/sites.usp.br\/cbsp\/?page_id=296"},"modified":"2021-09-23T19:51:24","modified_gmt":"2021-09-23T22:51:24","slug":"quem-somos","status":"publish","type":"page","link":"https:\/\/sites.usp.br\/cbsp\/sobre-nos\/quem-somos\/","title":{"rendered":"Quem somos"},"content":{"rendered":"<p><strong>Sobre quem somos<\/strong><\/p>\n<p><span style=\"font-weight: 400;\">Nossa uni\u00e3o, sob o nome <\/span><i><span style=\"font-weight: 400;\">Clube Brasileiro de Sa\u00fade Planet\u00e1ria<\/span><\/i><span style=\"font-weight: 400;\">, celebra, em primeiro lugar, a articula\u00e7\u00e3o de pessoas interessadas na constru\u00e7\u00e3o de um futuro pautado na\u00a0 melhoria da sa\u00fade humana e do planeta. N\u00e3o s\u00f3 pela nossa geografia, mas tamb\u00e9m pelas nossas hist\u00f3rias, reconhecemos os desafios singulares impostos pelas Mudan\u00e7as Ambientais Globais aos povos e pa\u00edses do Sul Global.<\/span><\/p>\n<p>&nbsp;<\/p>\n<p><strong>Nossos objetivos:<\/strong><\/p>\n<p><span style=\"font-weight: 400;\">1) Fomentar o protagonismo juvenil atrav\u00e9s do empoderamento com a\u00e7\u00f5es que partem das premissas da Sa\u00fade Planet\u00e1ria.<\/span><span style=\"font-weight: 400;\">\u00a0<\/span><\/p>\n<p><span style=\"font-weight: 400;\">2) Gerar maior envolvimento com as atividades de extens\u00e3o universit\u00e1ria atrav\u00e9s das a\u00e7\u00f5es propostas.<\/span><\/p>\n<p><span style=\"font-weight: 400;\">3) Promover a dissemina\u00e7\u00e3o dos conceitos e conhecimentos associados \u00e0 Sa\u00fade Planet\u00e1ria, visando comunica\u00e7\u00e3o cient\u00edfica, democratiza\u00e7\u00e3o do processo cient\u00edfico, educa\u00e7\u00e3o cient\u00edfica e mudan\u00e7a de atitudes e comportamentos em prol da sustentabilidade.<\/span><\/p>\n<p>&nbsp;<\/p>\n<p><strong>Manifesto do Clube Brasileiro de Sa\u00fade Planet\u00e1ria:<\/strong><\/p>\n<p><iframe loading=\"lazy\" title=\"YouTube video player\" src=\"https:\/\/www.youtube.com\/embed\/Lykeznsv8F8\" width=\"560\" height=\"315\" frameborder=\"0\" allowfullscreen=\"allowfullscreen\"><\/iframe><\/p>\n<p>&nbsp;<\/p>\n<p><strong>Uma breve apresenta\u00e7\u00e3o em formato de podcast sobre quem somos e o que faremos:<\/strong><\/p>\n<div class=\"video-container\"><iframe loading=\"lazy\" title=\"Spotify Embed: Podcast Sa\u00fade Planet\u00e1ria - Quem somos? O que faremos?\" width=\"100%\" height=\"152\" frameborder=\"0\" allowfullscreen allow=\"autoplay; clipboard-write; encrypted-media; fullscreen; picture-in-picture\" src=\"https:\/\/open.spotify.com\/embed\/episode\/2j0x6a3mbd8khQef81kosp?si=c8a3cd7a620c4f0d\"><\/iframe><\/div>\n","protected":false},"excerpt":{"rendered":"<p>Sobre quem somos Nossa uni\u00e3o, sob o nome Clube Brasileiro de Sa\u00fade Planet\u00e1ria, celebra, em primeiro lugar, a articula\u00e7\u00e3o de&#46;&#46;&#46;<\/p>\n","protected":false},"author":22307,"featured_media":0,"parent":151,"menu_order":0,"comment_status":"closed","ping_status":"closed","template":"","meta":{"footnotes":"","_links_to":"","_links_to_target":""},"class_list":["post-296","page","type-page","status-publish","hentry"],"_links":{"self":[{"href":"https:\/\/sites.usp.br\/cbsp\/wp-json\/wp\/v2\/pages\/296","targetHints":{"allow":["GET"]}}],"collection":[{"href":"https:\/\/sites.usp.br\/cbsp\/wp-json\/wp\/v2\/pages"}],"about":[{"href":"https:\/\/sites.usp.br\/cbsp\/wp-json\/wp\/v2\/types\/page"}],"author":[{"embeddable":true,"href":"https:\/\/sites.usp.br\/cbsp\/wp-json\/wp\/v2\/users\/22307"}],"replies":[{"embeddable":true,"href":"https:\/\/sites.usp.br\/cbsp\/wp-json\/wp\/v2\/comments?post=296"}],"version-history":[{"count":4,"href":"https:\/\/sites.usp.br\/cbsp\/wp-json\/wp\/v2\/pages\/296\/revisions"}],"predecessor-version":[{"id":445,"href":"https:\/\/sites.usp.br\/cbsp\/wp-json\/wp\/v2\/pages\/296\/revisions\/445"}],"up":[{"embeddable":true,"href":"https:\/\/sites.usp.br\/cbsp\/wp-json\/wp\/v2\/pages\/151"}],"wp:attachment":[{"href":"https:\/\/sites.usp.br\/cbsp\/wp-json\/wp\/v2\/media?parent=296"}],"curies":[{"name":"wp","href":"https:\/\/api.w.org\/{rel}","templated":true}]}}