{"id":303,"date":"2021-07-08T10:25:35","date_gmt":"2021-07-08T13:25:35","guid":{"rendered":"https:\/\/sites.usp.br\/cbsp\/?page_id=303"},"modified":"2021-09-02T12:46:24","modified_gmt":"2021-09-02T15:46:24","slug":"saude-planetaria","status":"publish","type":"page","link":"https:\/\/sites.usp.br\/cbsp\/saude-planetaria\/","title":{"rendered":"Sa\u00fade Planet\u00e1ria"},"content":{"rendered":"<p>O que \u00e9 sa\u00fade planet\u00e1ria?<\/p>\n<p>&#8220;A Sa\u00fade Planet\u00e1ria \u00e9, portanto, um novo esfor\u00e7o para tratar a quest\u00e3o da sustentabilidade e da vida humana no planeta sob \u00f3tica cada vez mais integrativa, transdisciplinar e global, j\u00e1 que os problemas desta crise planet\u00e1ria transpassam fronteiras geopol\u00edticas, delimita\u00e7\u00f5es acad\u00eamicas e afetam a humanidade como um todo.&#8221;<\/p>\n<div class=\"video-container\"><iframe loading=\"lazy\" title=\"Spotify Embed: #1 - Sa\u00fade planet\u00e1ria e Comunica\u00e7\u00e3o cient\u00edfica\" width=\"100%\" height=\"232\" allowtransparency=\"true\" frameborder=\"0\" allow=\"encrypted-media\" src=\"https:\/\/open.spotify.com\/embed\/episode\/2ZnzOvNLviypMygk2EYYoY\"><\/iframe><\/div>\n<p><a href=\"https:\/\/youtu.be\/6mNpZsmCvwY\">https:\/\/youtu.be\/6mNpZsmCvwY<\/a><br \/>\n<iframe loading=\"lazy\" title=\"YouTube video player\" src=\"https:\/\/www.youtube.com\/embed\/6mNpZsmCvwY\" width=\"560\" height=\"315\" frameborder=\"0\" allowfullscreen=\"allowfullscreen\"><\/iframe> &nbsp;<\/p>\n","protected":false},"excerpt":{"rendered":"<p>O que \u00e9 sa\u00fade planet\u00e1ria? &#8220;A Sa\u00fade Planet\u00e1ria \u00e9, portanto, um novo esfor\u00e7o para tratar a quest\u00e3o da sustentabilidade e&#46;&#46;&#46;<\/p>\n","protected":false},"author":22307,"featured_media":0,"parent":0,"menu_order":0,"comment_status":"closed","ping_status":"closed","template":"","meta":{"footnotes":"","_links_to":"","_links_to_target":""},"class_list":["post-303","page","type-page","status-publish","hentry"],"_links":{"self":[{"href":"https:\/\/sites.usp.br\/cbsp\/wp-json\/wp\/v2\/pages\/303","targetHints":{"allow":["GET"]}}],"collection":[{"href":"https:\/\/sites.usp.br\/cbsp\/wp-json\/wp\/v2\/pages"}],"about":[{"href":"https:\/\/sites.usp.br\/cbsp\/wp-json\/wp\/v2\/types\/page"}],"author":[{"embeddable":true,"href":"https:\/\/sites.usp.br\/cbsp\/wp-json\/wp\/v2\/users\/22307"}],"replies":[{"embeddable":true,"href":"https:\/\/sites.usp.br\/cbsp\/wp-json\/wp\/v2\/comments?post=303"}],"version-history":[{"count":4,"href":"https:\/\/sites.usp.br\/cbsp\/wp-json\/wp\/v2\/pages\/303\/revisions"}],"predecessor-version":[{"id":416,"href":"https:\/\/sites.usp.br\/cbsp\/wp-json\/wp\/v2\/pages\/303\/revisions\/416"}],"wp:attachment":[{"href":"https:\/\/sites.usp.br\/cbsp\/wp-json\/wp\/v2\/media?parent=303"}],"curies":[{"name":"wp","href":"https:\/\/api.w.org\/{rel}","templated":true}]}}