{"id":270,"date":"2020-02-06T11:37:11","date_gmt":"2020-02-06T13:37:11","guid":{"rendered":"https:\/\/sites.usp.br\/cdcc40anos\/?page_id=270"},"modified":"2023-05-29T16:28:38","modified_gmt":"2023-05-29T18:28:38","slug":"memoria","status":"publish","type":"page","link":"https:\/\/sites.usp.br\/cdcc40anos\/memoria\/","title":{"rendered":"MEM\u00d3RIA"},"content":{"rendered":"\t\t<div data-elementor-type=\"wp-page\" data-elementor-id=\"270\" class=\"elementor elementor-270\">\n\t\t\t\t\t\t<section class=\"elementor-section elementor-top-section elementor-element elementor-element-7cc35c1a elementor-section-boxed elementor-section-height-default elementor-section-height-default\" data-id=\"7cc35c1a\" data-element_type=\"section\">\n\t\t\t\t\t\t<div class=\"elementor-container elementor-column-gap-default\">\n\t\t\t\t\t<div class=\"elementor-column elementor-col-100 elementor-top-column elementor-element elementor-element-2e719f2d\" data-id=\"2e719f2d\" data-element_type=\"column\">\n\t\t\t<div class=\"elementor-widget-wrap elementor-element-populated\">\n\t\t\t\t\t\t<div class=\"elementor-element elementor-element-5a67bee8 elementor-widget elementor-widget-text-editor\" data-id=\"5a67bee8\" data-element_type=\"widget\" data-widget_type=\"text-editor.default\">\n\t\t\t\t<div class=\"elementor-widget-container\">\n\t\t\t\t\t\t\t<p>O pr\u00e9dio-sede do CDCC foi constru\u00eddo pela Sociedade Italiana Dante Alighieri em 1908, que ali permaneceu at\u00e9 1951. Conhe\u00e7a um pouco da hist\u00f3ria desta Sociedade por meio de seus registros e fotos, navegando na mapoteca e no \u00e1lbum virtuais.<\/p><p><a href=\"http:\/\/200.144.244.96\/lapentor\/1684413772-mapoteca\/\" target=\"_blank\" rel=\"noopener\"><img fetchpriority=\"high\" decoding=\"async\" class=\"alignnone wp-image-343\" src=\"https:\/\/sites.usp.br\/cdcc40anos\/wp-content\/uploads\/sites\/671\/2021\/07\/Apresentacao1-1024x576.jpg\" alt=\"\" width=\"704\" height=\"396\" srcset=\"https:\/\/sites.usp.br\/cdcc40anos\/wp-content\/uploads\/sites\/671\/2021\/07\/Apresentacao1-1024x576.jpg 1024w, https:\/\/sites.usp.br\/cdcc40anos\/wp-content\/uploads\/sites\/671\/2021\/07\/Apresentacao1-300x169.jpg 300w, https:\/\/sites.usp.br\/cdcc40anos\/wp-content\/uploads\/sites\/671\/2021\/07\/Apresentacao1-768x432.jpg 768w, https:\/\/sites.usp.br\/cdcc40anos\/wp-content\/uploads\/sites\/671\/2021\/07\/Apresentacao1-310x174.jpg 310w, https:\/\/sites.usp.br\/cdcc40anos\/wp-content\/uploads\/sites\/671\/2021\/07\/Apresentacao1-400x225.jpg 400w, https:\/\/sites.usp.br\/cdcc40anos\/wp-content\/uploads\/sites\/671\/2021\/07\/Apresentacao1.jpg 1280w\" sizes=\"(max-width: 704px) 100vw, 704px\" \/><\/a><\/p>\t\t\t\t\t\t<\/div>\n\t\t\t\t<\/div>\n\t\t\t\t\t<\/div>\n\t\t<\/div>\n\t\t\t\t\t<\/div>\n\t\t<\/section>\n\t\t\t\t<\/div>\n\t\t","protected":false},"excerpt":{"rendered":"<p>O pr\u00e9dio-sede do CDCC foi constru\u00eddo pela Sociedade Italiana Dante Alighieri em 1908, que ali permaneceu at\u00e9 1951. Conhe\u00e7a um pouco da hist\u00f3ria desta Sociedade por meio de seus registros e fotos, navegando na mapoteca e no \u00e1lbum virtuais.<\/p>\n","protected":false},"author":1281,"featured_media":0,"parent":0,"menu_order":0,"comment_status":"closed","ping_status":"closed","template":"","meta":{"_monsterinsights_skip_tracking":false,"_monsterinsights_sitenote_active":false,"_monsterinsights_sitenote_note":"","_monsterinsights_sitenote_category":0,"footnotes":"","_links_to":"","_links_to_target":""},"class_list":["post-270","page","type-page","status-publish","hentry","post"],"_links":{"self":[{"href":"https:\/\/sites.usp.br\/cdcc40anos\/wp-json\/wp\/v2\/pages\/270","targetHints":{"allow":["GET"]}}],"collection":[{"href":"https:\/\/sites.usp.br\/cdcc40anos\/wp-json\/wp\/v2\/pages"}],"about":[{"href":"https:\/\/sites.usp.br\/cdcc40anos\/wp-json\/wp\/v2\/types\/page"}],"author":[{"embeddable":true,"href":"https:\/\/sites.usp.br\/cdcc40anos\/wp-json\/wp\/v2\/users\/1281"}],"replies":[{"embeddable":true,"href":"https:\/\/sites.usp.br\/cdcc40anos\/wp-json\/wp\/v2\/comments?post=270"}],"version-history":[{"count":4,"href":"https:\/\/sites.usp.br\/cdcc40anos\/wp-json\/wp\/v2\/pages\/270\/revisions"}],"predecessor-version":[{"id":543,"href":"https:\/\/sites.usp.br\/cdcc40anos\/wp-json\/wp\/v2\/pages\/270\/revisions\/543"}],"wp:attachment":[{"href":"https:\/\/sites.usp.br\/cdcc40anos\/wp-json\/wp\/v2\/media?parent=270"}],"curies":[{"name":"wp","href":"https:\/\/api.w.org\/{rel}","templated":true}]}}