{"id":271,"date":"2020-02-06T11:37:11","date_gmt":"2020-02-06T13:37:11","guid":{"rendered":"https:\/\/sites.usp.br\/cdcc40anos\/?page_id=271"},"modified":"2021-08-09T17:00:58","modified_gmt":"2021-08-09T19:00:58","slug":"exposicao","status":"publish","type":"page","link":"https:\/\/sites.usp.br\/cdcc40anos\/exposicao\/","title":{"rendered":"FICHA T\u00c9CNICA"},"content":{"rendered":"<div id=\"pl-271\"  class=\"panel-layout\" ><div id=\"pg-271-0\"  class=\"panel-grid panel-no-style\" ><div id=\"pgc-271-0-0\"  class=\"panel-grid-cell\" ><div id=\"panel-271-0-0-0\" class=\"so-panel widget widget_text panel-first-child\" data-index=\"0\" >\t\t\t<div class=\"textwidget\"><p><strong>CENTRO DE DIVULGA\u00c7\u00c3O CIENT\u00cdFICA E CULTURAL (CDCC-USP)<\/strong><\/p>\n<\/div>\n\t\t<\/div><div id=\"panel-271-0-0-1\" class=\"so-panel widget widget_text\" data-index=\"1\" >\t\t\t<div class=\"textwidget\"><p><strong>Diretora<\/strong><\/p>\n<p>Salete Linhares Queiroz<\/p>\n<p><strong>Vice-Diretora<\/strong><\/p>\n<p>Nelma Regina Segnini Bossolan<\/p>\n<\/div>\n\t\t<\/div><div id=\"panel-271-0-0-2\" class=\"so-panel widget widget_text panel-last-child\" data-index=\"2\" >\t\t\t<div class=\"textwidget\"><p><strong>Comiss\u00e3o dos 40 anos do CDCC<\/strong><\/p>\n<p>Bianca Travaini Xavier Vieira<\/p>\n<p>Douglas Gomes Lima dos Santos<\/p>\n<p>Edna Ricardo de Oliveira Ferreira<\/p>\n<p>Jeanne Alves Vilela<\/p>\n<p>Jos\u00e9 Braz Mania<\/p>\n<p>Mayara Capistrano Costa Fook<\/p>\n<p>Nelma Regina Segnini Bossolan<\/p>\n<p>Salete Linhares Queiroz<\/p>\n<p>Silvelene Pegoraro<\/p>\n<p>Silvia Aparecida Martins dos Santos<\/p>\n<\/div>\n\t\t<\/div><\/div><div id=\"pgc-271-0-1\"  class=\"panel-grid-cell\" ><div id=\"panel-271-0-1-0\" class=\"so-panel widget widget_text panel-first-child\" data-index=\"3\" >\t\t\t<div class=\"textwidget\"><p><strong>EXPOSI\u00c7\u00c3O \u201cCDCC-USP: 40 ANOS DIFUNDINDO A CI\u00caNCIA PARA S\u00c3O CARLOS E REGI\u00c3O\u201d<\/strong><\/p>\n<\/div>\n\t\t<\/div><div id=\"panel-271-0-1-1\" class=\"so-panel widget widget_text\" data-index=\"4\" >\t\t\t<div class=\"textwidget\"><p><strong>Curadoria e Coordena\u00e7\u00e3o<\/strong><\/p>\n<p>Nelma Regina Segnini Bossolan<\/p>\n<\/div>\n\t\t<\/div><div id=\"panel-271-0-1-2\" class=\"so-panel widget widget_text\" data-index=\"5\" >\t\t\t<div class=\"textwidget\"><p><strong>Espa\u00e7o da exposi\u00e7\u00e3o e mobili\u00e1rio<\/strong><\/p>\n<p>Amanda Saba Ruggiero<\/p>\n<p>Bianca Travaini Xavier Vieira<\/p>\n<p>Jeanne Alves Vilela<\/p>\n<p>L\u00edvia Aceto Ferraz dos Santos<\/p>\n<p>Mayara Capistrano Costa Fook<\/p>\n<\/div>\n\t\t<\/div><div id=\"panel-271-0-1-3\" class=\"so-panel widget widget_text\" data-index=\"6\" >\t\t\t<div class=\"textwidget\"><p><strong>Design computacional da exposi\u00e7\u00e3o virtual\u00a0<\/strong><\/p>\n<p>Simone Helena Tanoue Vizioli (coordenadora da equipe de design digital)<\/p>\n<p>Eduardo Galbes Breda de Lima (tour virtual e interfaces)<\/p>\n<p>Francisco Ferreira Peppe (realidade virtual)<\/p>\n<p>Gabriel Pazeti (fotogrametria)<\/p>\n<p>Giovana Alves Ferreira (fotogrametria)<\/p>\n<p>Gisele Martins (interfaces BIM e fotogrametria)<\/p>\n<p>Laura Hiilesmaa (GIF e fotogrametria)<\/p>\n<p>Leonardo Chieppe Carvalho (fotogrametria)<\/p>\n<p>Lucas Italo Cangussu Lima (GIF e capa do site)<\/p>\n<\/div>\n\t\t<\/div><div id=\"panel-271-0-1-4\" class=\"so-panel widget widget_text panel-last-child\" data-index=\"7\" >\t\t\t<div class=\"textwidget\"><p><strong>Texto e Pesquisa<\/strong><\/p>\n<p>Jeanne Alves Vilela<\/p>\n<p>L\u00edvia Aceto Ferraz dos Santos<\/p>\n<p>Mayara Capistrano Costa Fook<\/p>\n<p>Nelma Regina Segnini Bossolan<\/p>\n<\/div>\n\t\t<\/div><\/div><div id=\"pgc-271-0-2\"  class=\"panel-grid-cell\" ><div id=\"panel-271-0-2-0\" class=\"so-panel widget widget_text panel-first-child\" data-index=\"8\" >\t\t\t<div class=\"textwidget\"><p><strong>V\u00eddeos com depoimentos<\/strong><\/p>\n<p>Bianca Travaini Xavier Vieira (assistente de edi\u00e7\u00e3o)<\/p>\n<p>Douglas Gomes Lima dos Santos (imagens\/edi\u00e7\u00e3o)<\/p>\n<p>Jeanne Alves Vilela (assistente geral)<\/p>\n<p>Jos\u00e9 Braz Mania (dire\u00e7\u00e3o\/imagens\/edi\u00e7\u00e3o)<\/p>\n<p>Luis Pedro de Almeida Soquetti (anima\u00e7\u00e3o gr\u00e1fica 3D)<\/p>\n<\/div>\n\t\t<\/div><div id=\"panel-271-0-2-1\" class=\"so-panel widget widget_text\" data-index=\"9\" >\t\t\t<div class=\"textwidget\"><p><strong>Revis\u00e3o de texto dos paineis<\/strong><\/p>\n<p>Andr\u00e9 Luiz da Silva<\/p>\n<p>Angelina Sofia Orlandi<\/p>\n<p>Carolina Coda Machado<\/p>\n<p>Jos\u00e9 Braz Mania<\/p>\n<p>Silvelene Pegoraro<\/p>\n<p>Silvia Aparecida Martins dos Santos<\/p>\n<p>Vanilde de F\u00e1tima Bongiorno<\/p>\n<\/div>\n\t\t<\/div><div id=\"panel-271-0-2-2\" class=\"so-panel widget widget_text\" data-index=\"10\" >\t\t\t<div class=\"textwidget\"><p><strong>Fotos<\/strong><\/p>\n<p>Acervo CDCC<\/p>\n<\/div>\n\t\t<\/div><div id=\"panel-271-0-2-3\" class=\"so-panel widget widget_text\" data-index=\"11\" >\t\t\t<div class=\"textwidget\"><p><strong>Respons\u00e1veis pelo site<\/strong><\/p>\n<p>Carolina Coda Machado<\/p>\n<p>Oct\u00e1vio Augusto Deiroz<\/p>\n<\/div>\n\t\t<\/div><div id=\"panel-271-0-2-4\" class=\"so-panel widget widget_text panel-last-child\" data-index=\"12\" >\t\t\t<div class=\"textwidget\"><p><strong>Apoio<\/strong><\/p>\n<p>Pr\u00f3-Reitoria de Gradua\u00e7\u00e3o da USP (Programa Unificado de Bolsas)<\/p>\n<p>Grupo Coordenador das Atividades de Cultura e Extens\u00e3o do campus USP S\u00e3o Carlos<\/p>\n<p>&nbsp;<\/p>\n<\/div>\n\t\t<\/div><\/div><\/div><\/div>","protected":false},"excerpt":{"rendered":"<p>CENTRO DE DIVULGA\u00c7\u00c3O CIENT\u00cdFICA E CULTURAL (CDCC-USP) Diretora Salete Linhares Queiroz Vice-Diretora Nelma Regina Segnini Bossolan Comiss\u00e3o dos 40 anos do CDCC Bianca Travaini Xavier Vieira Douglas Gomes Lima dos Santos Edna Ricardo de Oliveira Ferreira Jeanne Alves Vilela Jos\u00e9 Braz Mania Mayara Capistrano Costa Fook Nelma Regina Segnini Bossolan Salete Linhares Queiroz Silvelene Pegoraro&hellip;<\/p>\n","protected":false},"author":1281,"featured_media":0,"parent":0,"menu_order":0,"comment_status":"closed","ping_status":"closed","template":"","meta":{"_monsterinsights_skip_tracking":false,"_monsterinsights_sitenote_active":false,"_monsterinsights_sitenote_note":"","_monsterinsights_sitenote_category":0,"footnotes":"","_links_to":"","_links_to_target":""},"class_list":["post-271","page","type-page","status-publish","hentry","post"],"_links":{"self":[{"href":"https:\/\/sites.usp.br\/cdcc40anos\/wp-json\/wp\/v2\/pages\/271","targetHints":{"allow":["GET"]}}],"collection":[{"href":"https:\/\/sites.usp.br\/cdcc40anos\/wp-json\/wp\/v2\/pages"}],"about":[{"href":"https:\/\/sites.usp.br\/cdcc40anos\/wp-json\/wp\/v2\/types\/page"}],"author":[{"embeddable":true,"href":"https:\/\/sites.usp.br\/cdcc40anos\/wp-json\/wp\/v2\/users\/1281"}],"replies":[{"embeddable":true,"href":"https:\/\/sites.usp.br\/cdcc40anos\/wp-json\/wp\/v2\/comments?post=271"}],"version-history":[{"count":3,"href":"https:\/\/sites.usp.br\/cdcc40anos\/wp-json\/wp\/v2\/pages\/271\/revisions"}],"predecessor-version":[{"id":500,"href":"https:\/\/sites.usp.br\/cdcc40anos\/wp-json\/wp\/v2\/pages\/271\/revisions\/500"}],"wp:attachment":[{"href":"https:\/\/sites.usp.br\/cdcc40anos\/wp-json\/wp\/v2\/media?parent=271"}],"curies":[{"name":"wp","href":"https:\/\/api.w.org\/{rel}","templated":true}]}}