{"id":1952,"date":"2019-08-16T12:16:27","date_gmt":"2019-08-16T15:16:27","guid":{"rendered":"https:\/\/sites.usp.br\/cdcc\/?page_id=1952"},"modified":"2019-08-16T12:16:27","modified_gmt":"2019-08-16T15:16:27","slug":"o-sol-e-sua-energia","status":"publish","type":"page","link":"https:\/\/sites.usp.br\/cdccenglish\/o-sol-e-sua-energia\/","title":{"rendered":"O Sol e Sua Energia"},"content":{"rendered":"<table>\n<tbody>\n<tr>\n<td width=\"75\"><strong>T\u00cdTULO<\/strong><\/td>\n<td width=\"675\">Sol e Sua Energia, O<\/td>\n<td><\/td>\n<td><\/td>\n<\/tr>\n<tr>\n<td width=\"66\"><strong>\u00c1REA<\/strong><\/td>\n<td width=\"307\">Astronomia<\/td>\n<td width=\"118\"><b>SUB\u00c1REA<\/b><\/td>\n<td width=\"264\">Sistema Solar-Sol<\/td>\n<\/tr>\n<tr>\n<td width=\"122\"><strong>PRODUTORA<\/strong><\/td>\n<td width=\"628\">Coronet Films<\/td>\n<td><\/td>\n<td><\/td>\n<\/tr>\n<tr>\n<td width=\"75\"><strong>TEMPO<\/strong><\/td>\n<td width=\"70\">11<\/td>\n<td><\/td>\n<td><\/td>\n<\/tr>\n<tr>\n<td width=\"89\"><strong>SINOPSE<\/strong><\/td>\n<td width=\"661\">O Sol \u00e9 uma estrela, uma caldeira nuclear que produz grande quantidade de energia a partir da fus\u00e3o nuclear. Ele \u00e9 o centro do nosso sistema solar. Seu calor e sua luz tornam poss\u00edvel a vida na Terra. Uma simula\u00e7\u00e3o bastante realista, mostra como o foguete coloca em \u00f3rbita um observat\u00f3rio solar, levando uma cientista a bordo. Do laborat\u00f3rio, ela descreve as caracter\u00edsticas f\u00edsicas do Sol, explicando sua import\u00e2ncia e efeitos sobre a Terra: a aurora boreal e a austral, o dia e a noite, as esta\u00e7\u00f5es do ano e as condi\u00e7\u00f5es clim\u00e1ticas. Examina, tamb\u00e9m, como sua energia \u00e9 utilizada hoje, e como poder\u00e1 vir a ser usada no futuro.Obs.: Na verdade o laborat\u00f3rio n\u00e3o \u00e9 lan\u00e7ado como \u00e9 mostrado na simula\u00e7\u00e3o, e os movimentos da Dra. Laura demonstram que ela n\u00e3o se encontra em imponderabilidade (aus\u00eancia de gravidade).<\/td>\n<td><\/td>\n<td><\/td>\n<\/tr>\n<tr>\n<td width=\"93\"><strong>N\u00famero Fita<\/strong><\/td>\n<td width=\"661\">047<\/td>\n<td><\/td>\n<td><\/td>\n<\/tr>\n<\/tbody>\n<\/table>\n","protected":false},"excerpt":{"rendered":"<p>T\u00cdTULO Sol e Sua Energia, O \u00c1REA Astronomia SUB\u00c1REA Sistema Solar-Sol PRODUTORA Coronet Films TEMPO 11 SINOPSE O Sol \u00e9 uma estrela, uma caldeira nuclear que produz grande quantidade de energia a partir da fus\u00e3o nuclear. Ele \u00e9 o centro&hellip;<\/p>\n","protected":false},"author":955,"featured_media":0,"parent":0,"menu_order":0,"comment_status":"closed","ping_status":"closed","template":"","meta":{"_monsterinsights_skip_tracking":false,"_monsterinsights_sitenote_active":false,"_monsterinsights_sitenote_note":"","_monsterinsights_sitenote_category":0,"footnotes":"","_links_to":"","_links_to_target":""},"class_list":["post-1952","page","type-page","status-publish","hentry","post"],"_links":{"self":[{"href":"https:\/\/sites.usp.br\/cdccenglish\/wp-json\/wp\/v2\/pages\/1952","targetHints":{"allow":["GET"]}}],"collection":[{"href":"https:\/\/sites.usp.br\/cdccenglish\/wp-json\/wp\/v2\/pages"}],"about":[{"href":"https:\/\/sites.usp.br\/cdccenglish\/wp-json\/wp\/v2\/types\/page"}],"author":[{"embeddable":true,"href":"https:\/\/sites.usp.br\/cdccenglish\/wp-json\/wp\/v2\/users\/955"}],"replies":[{"embeddable":true,"href":"https:\/\/sites.usp.br\/cdccenglish\/wp-json\/wp\/v2\/comments?post=1952"}],"version-history":[{"count":1,"href":"https:\/\/sites.usp.br\/cdccenglish\/wp-json\/wp\/v2\/pages\/1952\/revisions"}],"predecessor-version":[{"id":1953,"href":"https:\/\/sites.usp.br\/cdccenglish\/wp-json\/wp\/v2\/pages\/1952\/revisions\/1953"}],"wp:attachment":[{"href":"https:\/\/sites.usp.br\/cdccenglish\/wp-json\/wp\/v2\/media?parent=1952"}],"curies":[{"name":"wp","href":"https:\/\/api.w.org\/{rel}","templated":true}]}}