{"id":2049,"date":"2019-08-17T09:12:30","date_gmt":"2019-08-17T12:12:30","guid":{"rendered":"https:\/\/sites.usp.br\/cdcc\/?page_id=2049"},"modified":"2019-08-17T09:12:30","modified_gmt":"2019-08-17T12:12:30","slug":"a-cidade-perdida-de-atlantida","status":"publish","type":"page","link":"https:\/\/sites.usp.br\/cdccenglish\/a-cidade-perdida-de-atlantida\/","title":{"rendered":"A Cidade Perdida de Atl\u00e2ntida"},"content":{"rendered":"<table>\n<tbody>\n<tr>\n<td><strong>T\u00cdTULO<\/strong><\/td>\n<td>A CIDADE PERDIDA DE ATL\u00c2NTIDA<\/td>\n<td><\/td>\n<td><\/td>\n<\/tr>\n<tr>\n<td><strong>\u00c1REA<\/strong><\/td>\n<td>Document\u00e1rio<\/td>\n<td><strong>SUB\u00c1REA<\/strong><\/td>\n<td>Hist\u00f3rico<\/td>\n<\/tr>\n<tr>\n<td><strong>PRODUTORA<\/strong><\/td>\n<td>Discovery Channel<\/td>\n<td><\/td>\n<td><\/td>\n<\/tr>\n<tr>\n<td><strong>TEMPO<\/strong><\/td>\n<td>52<\/td>\n<td><strong>ANO DE PRODU\u00c7\u00c3O<\/strong><\/td>\n<td>1995<\/td>\n<\/tr>\n<tr>\n<td><strong>SINOPSE<\/strong><\/td>\n<td>Desde Plat\u00e3o, o primeiro a descrev\u00ea-la num de seus di\u00e1logos, a cidade perdida de Atl\u00e2ntida tem despertado a Imagina\u00e7\u00e3o de Historiadores, poetas e ca\u00e7adores de tesouros. Extraordinariamente rica, com mandat\u00e1rios de origem divina que dominavam um vasto imp\u00e9rio insular, a lend\u00e1ria cidade teria desaparecido no oceano, v\u00edtima de um cataclismo. Apesar de muitos estudiosos argumentarem que o mito da Atl\u00e2ntida tenha sido inventado para retratar uma sociedade ideal, outros acreditam que o imp\u00e9rio realmente existiu.<\/td>\n<td><\/td>\n<td><\/td>\n<\/tr>\n<tr>\n<td><strong>N\u00famero Fita<\/strong><\/td>\n<td>368<\/td>\n<td><\/td>\n<td><\/td>\n<\/tr>\n<\/tbody>\n<\/table>\n","protected":false},"excerpt":{"rendered":"<p>T\u00cdTULO A CIDADE PERDIDA DE ATL\u00c2NTIDA \u00c1REA Document\u00e1rio SUB\u00c1REA Hist\u00f3rico PRODUTORA Discovery Channel TEMPO 52 ANO DE PRODU\u00c7\u00c3O 1995 SINOPSE Desde Plat\u00e3o, o primeiro a descrev\u00ea-la num de seus di\u00e1logos, a cidade perdida de Atl\u00e2ntida tem despertado a Imagina\u00e7\u00e3o de&hellip;<\/p>\n","protected":false},"author":955,"featured_media":0,"parent":0,"menu_order":0,"comment_status":"closed","ping_status":"closed","template":"","meta":{"_monsterinsights_skip_tracking":false,"_monsterinsights_sitenote_active":false,"_monsterinsights_sitenote_note":"","_monsterinsights_sitenote_category":0,"footnotes":"","_links_to":"","_links_to_target":""},"class_list":["post-2049","page","type-page","status-publish","hentry","post"],"_links":{"self":[{"href":"https:\/\/sites.usp.br\/cdccenglish\/wp-json\/wp\/v2\/pages\/2049","targetHints":{"allow":["GET"]}}],"collection":[{"href":"https:\/\/sites.usp.br\/cdccenglish\/wp-json\/wp\/v2\/pages"}],"about":[{"href":"https:\/\/sites.usp.br\/cdccenglish\/wp-json\/wp\/v2\/types\/page"}],"author":[{"embeddable":true,"href":"https:\/\/sites.usp.br\/cdccenglish\/wp-json\/wp\/v2\/users\/955"}],"replies":[{"embeddable":true,"href":"https:\/\/sites.usp.br\/cdccenglish\/wp-json\/wp\/v2\/comments?post=2049"}],"version-history":[{"count":1,"href":"https:\/\/sites.usp.br\/cdccenglish\/wp-json\/wp\/v2\/pages\/2049\/revisions"}],"predecessor-version":[{"id":2050,"href":"https:\/\/sites.usp.br\/cdccenglish\/wp-json\/wp\/v2\/pages\/2049\/revisions\/2050"}],"wp:attachment":[{"href":"https:\/\/sites.usp.br\/cdccenglish\/wp-json\/wp\/v2\/media?parent=2049"}],"curies":[{"name":"wp","href":"https:\/\/api.w.org\/{rel}","templated":true}]}}