{"id":3132,"date":"2019-09-23T09:01:04","date_gmt":"2019-09-23T12:01:04","guid":{"rendered":"https:\/\/sites.usp.br\/cdcc\/?page_id=3132"},"modified":"2019-09-23T09:01:04","modified_gmt":"2019-09-23T12:01:04","slug":"eletricidade-e-magnetismo","status":"publish","type":"page","link":"https:\/\/sites.usp.br\/cdccenglish\/eletricidade-e-magnetismo\/","title":{"rendered":"Eletricidade e Magnetismo"},"content":{"rendered":"<table>\n<tbody>\n<tr>\n<td><strong>T\u00cdTULO<\/strong><\/td>\n<td>Eletricidade e Magnetismo<\/td>\n<\/tr>\n<tr>\n<td><strong>\u00c1REA<\/strong><\/td>\n<td>F\u00edsica<\/td>\n<\/tr>\n<tr>\n<td><strong>SUB\u00c1REA<\/strong><\/td>\n<td>Eletromagnetismo<\/td>\n<\/tr>\n<tr>\n<td><strong>PRODUTORA<\/strong><\/td>\n<td>Coronet Films<\/td>\n<\/tr>\n<tr>\n<td><strong>TEMPO<\/strong><\/td>\n<td>14<\/td>\n<\/tr>\n<tr>\n<td><strong>ANO DE PRODU\u00c7\u00c3O<\/strong><\/td>\n<td>1985<\/td>\n<\/tr>\n<tr>\n<td><strong>SINOPSE<\/strong><\/td>\n<td>O filme mostra como se consegue movimento atrav\u00e9s de eletricidade e magnetismo. As linhas de for\u00e7a de um campo magn\u00e9tico e a corrente el\u00e9trica s\u00e3o mostradas atrav\u00e9s de anima\u00e7\u00f5es. As for\u00e7as exercidas por cargas el\u00e9tricas em movimento e um \u00edm\u00e3 s\u00e3o relacionadas, mostrando como se consegue movimento pela intera\u00e7\u00e3o dos campos. \u00c9 explicado o funcionamento de uma usina hidroel\u00e9trica e como \u00e9 transportada a energia. Com isso se introduz conceitos b\u00e1sicos de transformador, corrente alternada e corrente cont\u00ednua.Tamb\u00e9m \u00e9 explicado o campo magn\u00e9tico da Terra e sua rela\u00e7\u00e3o com as auroras, boreal e austral, e a no\u00e7\u00e3o de plasma. \u00c9 citada uma das maneiras de se controlar o calor liberado na fus\u00e3o nuclear, e que seria a a\u00e7\u00e3o de campo magn\u00e9tico sobre as part\u00edculas do plasma.<\/td>\n<\/tr>\n<tr>\n<td><strong>N\u00famero Fita<\/strong><\/td>\n<td>27<\/td>\n<\/tr>\n<\/tbody>\n<\/table>\n","protected":false},"excerpt":{"rendered":"<p>T\u00cdTULO Eletricidade e Magnetismo \u00c1REA F\u00edsica SUB\u00c1REA Eletromagnetismo PRODUTORA Coronet Films TEMPO 14 ANO DE PRODU\u00c7\u00c3O 1985 SINOPSE O filme mostra como se consegue movimento atrav\u00e9s de eletricidade e magnetismo. As linhas de for\u00e7a de um campo magn\u00e9tico e a&hellip;<\/p>\n","protected":false},"author":955,"featured_media":0,"parent":0,"menu_order":0,"comment_status":"closed","ping_status":"closed","template":"","meta":{"_monsterinsights_skip_tracking":false,"_monsterinsights_sitenote_active":false,"_monsterinsights_sitenote_note":"","_monsterinsights_sitenote_category":0,"footnotes":"","_links_to":"","_links_to_target":""},"class_list":["post-3132","page","type-page","status-publish","hentry","post"],"_links":{"self":[{"href":"https:\/\/sites.usp.br\/cdccenglish\/wp-json\/wp\/v2\/pages\/3132","targetHints":{"allow":["GET"]}}],"collection":[{"href":"https:\/\/sites.usp.br\/cdccenglish\/wp-json\/wp\/v2\/pages"}],"about":[{"href":"https:\/\/sites.usp.br\/cdccenglish\/wp-json\/wp\/v2\/types\/page"}],"author":[{"embeddable":true,"href":"https:\/\/sites.usp.br\/cdccenglish\/wp-json\/wp\/v2\/users\/955"}],"replies":[{"embeddable":true,"href":"https:\/\/sites.usp.br\/cdccenglish\/wp-json\/wp\/v2\/comments?post=3132"}],"version-history":[{"count":1,"href":"https:\/\/sites.usp.br\/cdccenglish\/wp-json\/wp\/v2\/pages\/3132\/revisions"}],"predecessor-version":[{"id":3134,"href":"https:\/\/sites.usp.br\/cdccenglish\/wp-json\/wp\/v2\/pages\/3132\/revisions\/3134"}],"wp:attachment":[{"href":"https:\/\/sites.usp.br\/cdccenglish\/wp-json\/wp\/v2\/media?parent=3132"}],"curies":[{"name":"wp","href":"https:\/\/api.w.org\/{rel}","templated":true}]}}