{"id":3172,"date":"2019-09-27T14:17:38","date_gmt":"2019-09-27T17:17:38","guid":{"rendered":"https:\/\/sites.usp.br\/cdcc\/?page_id=3172"},"modified":"2019-09-27T14:17:38","modified_gmt":"2019-09-27T17:17:38","slug":"engenhocas","status":"publish","type":"page","link":"https:\/\/sites.usp.br\/cdccenglish\/engenhocas\/","title":{"rendered":"Engenhocas"},"content":{"rendered":"<table>\n<tbody>\n<tr>\n<td><strong>T\u00cdTULO<\/strong><\/td>\n<td>Engenhocas<\/td>\n<\/tr>\n<tr>\n<td><strong>\u00c1REA<\/strong><\/td>\n<td>F\u00edsica<\/td>\n<\/tr>\n<tr>\n<td><strong>SUB\u00c1REA<\/strong><\/td>\n<td>Mec\u00e2nica<\/td>\n<\/tr>\n<tr>\n<td><strong>PRODUTORA<\/strong><\/td>\n<td>National Film Board of Canada<\/td>\n<\/tr>\n<tr>\n<td><strong>TEMPO<\/strong><\/td>\n<td>6<\/td>\n<\/tr>\n<tr>\n<td><strong>ANO DE PRODU\u00c7\u00c3O<\/strong><\/td>\n<td>1976<\/td>\n<\/tr>\n<tr>\n<td><strong>SINOPSE<\/strong><\/td>\n<td>O esp\u00edrito criativo do homem levou-o a inventar m\u00e1quinas \u00fateis e divertidas, como aparelhos voadores, bicicletas, carros anf\u00edbios e tudo mais que a imagina\u00e7\u00e3o possa criar. O filme mostra v\u00e1rias dessas inven\u00e7\u00f5es, podendo contribuir para despertar no telespectador o funcionamento das m\u00e1quinas e tamb\u00e9m incentivar a cria\u00e7\u00e3o de outras.<\/td>\n<\/tr>\n<tr>\n<td><strong>N\u00famero Fita<\/strong><\/td>\n<td>196<\/td>\n<\/tr>\n<\/tbody>\n<\/table>\n","protected":false},"excerpt":{"rendered":"<p>T\u00cdTULO Engenhocas \u00c1REA F\u00edsica SUB\u00c1REA Mec\u00e2nica PRODUTORA National Film Board of Canada TEMPO 6 ANO DE PRODU\u00c7\u00c3O 1976 SINOPSE O esp\u00edrito criativo do homem levou-o a inventar m\u00e1quinas \u00fateis e divertidas, como aparelhos voadores, bicicletas, carros anf\u00edbios e tudo mais&hellip;<\/p>\n","protected":false},"author":955,"featured_media":0,"parent":0,"menu_order":0,"comment_status":"closed","ping_status":"closed","template":"","meta":{"_monsterinsights_skip_tracking":false,"_monsterinsights_sitenote_active":false,"_monsterinsights_sitenote_note":"","_monsterinsights_sitenote_category":0,"footnotes":"","_links_to":"","_links_to_target":""},"class_list":["post-3172","page","type-page","status-publish","hentry","post"],"_links":{"self":[{"href":"https:\/\/sites.usp.br\/cdccenglish\/wp-json\/wp\/v2\/pages\/3172","targetHints":{"allow":["GET"]}}],"collection":[{"href":"https:\/\/sites.usp.br\/cdccenglish\/wp-json\/wp\/v2\/pages"}],"about":[{"href":"https:\/\/sites.usp.br\/cdccenglish\/wp-json\/wp\/v2\/types\/page"}],"author":[{"embeddable":true,"href":"https:\/\/sites.usp.br\/cdccenglish\/wp-json\/wp\/v2\/users\/955"}],"replies":[{"embeddable":true,"href":"https:\/\/sites.usp.br\/cdccenglish\/wp-json\/wp\/v2\/comments?post=3172"}],"version-history":[{"count":1,"href":"https:\/\/sites.usp.br\/cdccenglish\/wp-json\/wp\/v2\/pages\/3172\/revisions"}],"predecessor-version":[{"id":3173,"href":"https:\/\/sites.usp.br\/cdccenglish\/wp-json\/wp\/v2\/pages\/3172\/revisions\/3173"}],"wp:attachment":[{"href":"https:\/\/sites.usp.br\/cdccenglish\/wp-json\/wp\/v2\/media?parent=3172"}],"curies":[{"name":"wp","href":"https:\/\/api.w.org\/{rel}","templated":true}]}}