{"id":3413,"date":"2019-10-05T15:00:23","date_gmt":"2019-10-05T18:00:23","guid":{"rendered":"https:\/\/sites.usp.br\/cdcc\/?page_id=3413"},"modified":"2019-10-05T15:00:23","modified_gmt":"2019-10-05T18:00:23","slug":"transformacoes-na-energia","status":"publish","type":"page","link":"https:\/\/sites.usp.br\/cdccenglish\/transformacoes-na-energia\/","title":{"rendered":"Transforma\u00e7\u00f5es na Energia"},"content":{"rendered":"<table>\n<tbody>\n<tr>\n<td><strong>T\u00cdTULO<\/strong><\/td>\n<td>TRANSFORMA\u00c7\u00d5ES NA ENERGIA<\/td>\n<\/tr>\n<tr>\n<td><strong>\u00c1REA<\/strong><\/td>\n<td>Ci\u00eancias<\/td>\n<\/tr>\n<tr>\n<td><strong>SUB\u00c1REA<\/strong><\/td>\n<td>Mec\u00e2nica<\/td>\n<\/tr>\n<tr>\n<td><strong>PRODUTORA<\/strong><\/td>\n<td>Coronet Films<\/td>\n<\/tr>\n<tr>\n<td><strong>TEMPO<\/strong><\/td>\n<td>10<\/td>\n<\/tr>\n<tr>\n<td><strong>ANO DE PRODU\u00c7\u00c3O<\/strong><\/td>\n<td>1994<\/td>\n<\/tr>\n<tr>\n<td><strong>SINOPSE<\/strong><\/td>\n<td>O homem das cavernas demonstra que algo que transforme uma forma de energia em outra \u00e9 um dispositivo. Ele transforma a energia qu\u00edmica dos alimentos em energia cin\u00e9tica &#8211; movimento. Uma l\u00e2mpada transforma eletricidade em energia luminosa. O aluno descobre como diferentes formas de energia s\u00e3o usadas e adaptadas pelas pessoas.<\/td>\n<\/tr>\n<tr>\n<td><strong>N\u00famero Fita<\/strong><\/td>\n<td>390<\/td>\n<\/tr>\n<\/tbody>\n<\/table>\n","protected":false},"excerpt":{"rendered":"<p>T\u00cdTULO TRANSFORMA\u00c7\u00d5ES NA ENERGIA \u00c1REA Ci\u00eancias SUB\u00c1REA Mec\u00e2nica PRODUTORA Coronet Films TEMPO 10 ANO DE PRODU\u00c7\u00c3O 1994 SINOPSE O homem das cavernas demonstra que algo que transforme uma forma de energia em outra \u00e9 um dispositivo. Ele transforma a energia&hellip;<\/p>\n","protected":false},"author":955,"featured_media":0,"parent":0,"menu_order":0,"comment_status":"closed","ping_status":"closed","template":"","meta":{"_monsterinsights_skip_tracking":false,"_monsterinsights_sitenote_active":false,"_monsterinsights_sitenote_note":"","_monsterinsights_sitenote_category":0,"footnotes":"","_links_to":"","_links_to_target":""},"class_list":["post-3413","page","type-page","status-publish","hentry","post"],"_links":{"self":[{"href":"https:\/\/sites.usp.br\/cdccenglish\/wp-json\/wp\/v2\/pages\/3413","targetHints":{"allow":["GET"]}}],"collection":[{"href":"https:\/\/sites.usp.br\/cdccenglish\/wp-json\/wp\/v2\/pages"}],"about":[{"href":"https:\/\/sites.usp.br\/cdccenglish\/wp-json\/wp\/v2\/types\/page"}],"author":[{"embeddable":true,"href":"https:\/\/sites.usp.br\/cdccenglish\/wp-json\/wp\/v2\/users\/955"}],"replies":[{"embeddable":true,"href":"https:\/\/sites.usp.br\/cdccenglish\/wp-json\/wp\/v2\/comments?post=3413"}],"version-history":[{"count":1,"href":"https:\/\/sites.usp.br\/cdccenglish\/wp-json\/wp\/v2\/pages\/3413\/revisions"}],"predecessor-version":[{"id":3414,"href":"https:\/\/sites.usp.br\/cdccenglish\/wp-json\/wp\/v2\/pages\/3413\/revisions\/3414"}],"wp:attachment":[{"href":"https:\/\/sites.usp.br\/cdccenglish\/wp-json\/wp\/v2\/media?parent=3413"}],"curies":[{"name":"wp","href":"https:\/\/api.w.org\/{rel}","templated":true}]}}