{"id":355,"date":"2019-05-15T10:58:13","date_gmt":"2019-05-15T12:58:13","guid":{"rendered":"https:\/\/sites.usp.br\/cdcc\/?page_id=355"},"modified":"2022-10-04T16:44:50","modified_gmt":"2022-10-04T19:44:50","slug":"sobre","status":"publish","type":"page","link":"https:\/\/sites.usp.br\/cdccenglish\/","title":{"rendered":"The Scientific and Cultural Dissemination Center (CDCC)"},"content":{"rendered":"<p><img fetchpriority=\"high\" decoding=\"async\" class=\"alignnone wp-image-486 size-large\" src=\"https:\/\/sites.usp.br\/cdcc\/wp-content\/uploads\/sites\/512\/2019\/05\/CDCC-2019-1024x680.jpg\" alt=\"\" width=\"1024\" height=\"680\" srcset=\"https:\/\/sites.usp.br\/cdccenglish\/wp-content\/uploads\/sites\/1028\/2019\/05\/CDCC-2019-1024x680.jpg 1024w, https:\/\/sites.usp.br\/cdccenglish\/wp-content\/uploads\/sites\/1028\/2019\/05\/CDCC-2019-300x199.jpg 300w, https:\/\/sites.usp.br\/cdccenglish\/wp-content\/uploads\/sites\/1028\/2019\/05\/CDCC-2019-768x510.jpg 768w, https:\/\/sites.usp.br\/cdccenglish\/wp-content\/uploads\/sites\/1028\/2019\/05\/CDCC-2019-247x163.jpg 247w, https:\/\/sites.usp.br\/cdccenglish\/wp-content\/uploads\/sites\/1028\/2019\/05\/CDCC-2019-354x234.jpg 354w, https:\/\/sites.usp.br\/cdccenglish\/wp-content\/uploads\/sites\/1028\/2019\/05\/CDCC-2019-272x182.jpg 272w, https:\/\/sites.usp.br\/cdccenglish\/wp-content\/uploads\/sites\/1028\/2019\/05\/CDCC-2019-400x266.jpg 400w\" sizes=\"(max-width: 1024px) 100vw, 1024px\" \/><\/p>\n<p>&nbsp;<\/p>\n<p>The Scientific and Cultural Dissemination Center (CDCC in Portuguese) at the University of S\u00e3o Paulo (USP) is located in the city center of S\u00e3o Carlos, housed in a historic building that was inaugurated in 1908 by Societ\u00e0 Dante Alighieri, and acquired in 1985 by the University of S\u00e3o Paulo. It also integrates the CDCC, the Dietrich Schiel Observatory, whose building is installed in Area 1 on the USP campus in S\u00e3o Carlos.<\/p>\n<p>The main objective of the CDCC is to establish a link between USP and the community, facilitating the population&#8217;s access to the facilities and results of the University&#8217;s scientific and cultural production. Considering this, it promotes and guides activities that aim to kindle citizens\u2019 interest in science and culture, especially young people.\u00a0 \u00a0It also collaborates with undergraduate students\u2019 education in Exact Sciences as they can benefit from the knowledge gained from carrying out educational projects at CDCC.<\/p>\n<p>The CDCC provides teaching resources to elementary and high school teachers that can be used in their classes and also offers courses and specific guidance in the areas of Chemistry, Physics, Mathematics, Biology, Environmental Education and Astronomy.<\/p>\n<p>The CDCC is open to the public who drop in and school groups by appointment. Visits include two themed gardens, <em>Jardim da Percep\u00e7\u00e3o<\/em>\u00a0(the Garden of Perception where the headquarters are located) and <em>Jardim do C\u00e9u na Terra<\/em> (the Garden of Heaven on Earth in Area 1 on the USP campus), the Electricity Exhibit and the Observatory.<\/p>\n<p>In addition to visits to the permanent exhibitions, the CDCC offers a program of guieded field visits to a Nature Trail, the S\u00e3o Carlos Municipal Sanitary Landfill and the Agroecological Backyard. Other services offered to the public include:\u00a0 loaning out kits from the <em>Experimentoteca<\/em>, the Library, the <em>Cineclube<\/em> (Cinema Club) and Internet access.<\/p>\n<p>Watch the video on CDCC activities:<\/p>\n<p><iframe title=\"USP CDCC S\u00e3o Carlos (subtitles in English)\" width=\"1140\" height=\"641\" src=\"https:\/\/www.youtube.com\/embed\/6RaznNQ-8vw?feature=oembed\" frameborder=\"0\" allow=\"accelerometer; autoplay; clipboard-write; encrypted-media; gyroscope; picture-in-picture\" allowfullscreen><\/iframe><\/p>\n<h3 class=\"esquerdo\" style=\"text-align: left;\">Associated Units<\/h3>\n<p><a href=\"https:\/\/www2.ifsc.usp.br\/english\/\" target=\"_blank\" rel=\"noopener noreferrer\"><img decoding=\"async\" class=\"alignnone wp-image-707 size-full\" src=\"https:\/\/sites.usp.br\/cdccenglish\/wp-content\/uploads\/sites\/1028\/2019\/06\/ifsc-1-e1560954929193.jpg\" alt=\"\" width=\"100\" height=\"83\" \/><\/a>\u00a0 \u00a0 \u00a0 \u00a0 \u00a0 \u00a0 \u00a0 \u00a0\u00a0<a href=\"https:\/\/www5.iqsc.usp.br\/\" target=\"_blank\" rel=\"noopener noreferrer\"><img decoding=\"async\" class=\"alignnone wp-image-706 size-full\" src=\"https:\/\/sites.usp.br\/cdccenglish\/wp-content\/uploads\/sites\/1028\/2019\/06\/iqsc.png\" alt=\"\" width=\"100\" height=\"100\" srcset=\"https:\/\/sites.usp.br\/cdccenglish\/wp-content\/uploads\/sites\/1028\/2019\/06\/iqsc.png 100w, https:\/\/sites.usp.br\/cdccenglish\/wp-content\/uploads\/sites\/1028\/2019\/06\/iqsc-45x45.png 45w\" sizes=\"(max-width: 100px) 100vw, 100px\" \/><\/a><a href=\"http:\/\/prceu.usp.br\/\" target=\"_blank\" rel=\"noopener noreferrer\">\u00a0 \u00a0 \u00a0 \u00a0 \u00a0 \u00a0 \u00a0 \u00a0\u00a0<\/a><a href=\"https:\/\/prceu.usp.br\/en\/\" target=\"_blank\" rel=\"noopener noreferrer\"><img loading=\"lazy\" decoding=\"async\" class=\"alignnone wp-image-708\" src=\"https:\/\/sites.usp.br\/cdcc\/wp-content\/uploads\/sites\/512\/2019\/06\/marca_vertical_PRCEU-e1560955148126.png\" alt=\"\" width=\"150\" height=\"113\" \/><\/a><\/p>\n","protected":false},"excerpt":{"rendered":"<p>&nbsp; The Scientific and Cultural Dissemination Center (CDCC in Portuguese) at the University of S\u00e3o Paulo (USP) is located in the city center of S\u00e3o Carlos, housed in a historic building that was inaugurated in 1908 by Societ\u00e0 Dante Alighieri,&hellip;<\/p>\n","protected":false},"author":955,"featured_media":0,"parent":0,"menu_order":0,"comment_status":"closed","ping_status":"closed","template":"","meta":{"_monsterinsights_skip_tracking":false,"_monsterinsights_sitenote_active":false,"_monsterinsights_sitenote_note":"","_monsterinsights_sitenote_category":0,"footnotes":"","_links_to":"","_links_to_target":""},"class_list":["post-355","page","type-page","status-publish","hentry","post"],"_links":{"self":[{"href":"https:\/\/sites.usp.br\/cdccenglish\/wp-json\/wp\/v2\/pages\/355","targetHints":{"allow":["GET"]}}],"collection":[{"href":"https:\/\/sites.usp.br\/cdccenglish\/wp-json\/wp\/v2\/pages"}],"about":[{"href":"https:\/\/sites.usp.br\/cdccenglish\/wp-json\/wp\/v2\/types\/page"}],"author":[{"embeddable":true,"href":"https:\/\/sites.usp.br\/cdccenglish\/wp-json\/wp\/v2\/users\/955"}],"replies":[{"embeddable":true,"href":"https:\/\/sites.usp.br\/cdccenglish\/wp-json\/wp\/v2\/comments?post=355"}],"version-history":[{"count":4,"href":"https:\/\/sites.usp.br\/cdccenglish\/wp-json\/wp\/v2\/pages\/355\/revisions"}],"predecessor-version":[{"id":6837,"href":"https:\/\/sites.usp.br\/cdccenglish\/wp-json\/wp\/v2\/pages\/355\/revisions\/6837"}],"wp:attachment":[{"href":"https:\/\/sites.usp.br\/cdccenglish\/wp-json\/wp\/v2\/media?parent=355"}],"curies":[{"name":"wp","href":"https:\/\/api.w.org\/{rel}","templated":true}]}}