{"id":4561,"date":"2020-03-17T10:00:03","date_gmt":"2020-03-17T13:00:03","guid":{"rendered":"http:\/\/sites.usp.br\/cdccenglish\/?page_id=4561"},"modified":"2020-03-17T15:44:23","modified_gmt":"2020-03-17T18:44:23","slug":"pagina-inicial","status":"publish","type":"page","link":"https:\/\/sites.usp.br\/cdccenglish\/pagina-inicial\/","title":{"rendered":"P\u00e1gina Inicial"},"content":{"rendered":"<div id=\"pl-4561\"  class=\"panel-layout\" ><div id=\"pg-4561-0\"  class=\"panel-grid panel-no-style\" ><div id=\"pgc-4561-0-0\"  class=\"panel-grid-cell\" ><div id=\"panel-4561-0-0-0\" class=\"so-panel widget widget_sow-slider panel-first-child panel-last-child\" data-index=\"0\" ><div\n\t\t\t\n\t\t\tclass=\"so-widget-sow-slider so-widget-sow-slider-default-b1f4a13e7574-4561\"\n\t\t\t\n\t\t>\t\t\t\t<div class=\"sow-slider-base\" style=\"display: none\" tabindex=\"0\">\n\t\t\t\t\t<ul\n\t\t\t\t\tclass=\"sow-slider-images\"\n\t\t\t\t\tdata-settings=\"{&quot;pagination&quot;:true,&quot;speed&quot;:800,&quot;timeout&quot;:8000,&quot;paused&quot;:false,&quot;pause_on_hover&quot;:false,&quot;swipe&quot;:true,&quot;nav_always_show_desktop&quot;:&quot;&quot;,&quot;nav_always_show_mobile&quot;:&quot;&quot;,&quot;breakpoint&quot;:&quot;780px&quot;,&quot;unmute&quot;:false,&quot;anchor&quot;:null}\"\n\t\t\t\t\t\t\t\t\t\tdata-anchor-id=\"\"\n\t\t\t\t>\t\t<li class=\"sow-slider-image\" style=\"visibility: visible;\" >\n\t\t\t\t\t\t<div class=\"sow-slider-image-container\">\n\t\t\t\t<div class=\"sow-slider-image-wrapper\" style=\"max-width: 940px\">\n\t\t\t\t\t\t\t\t\t\t<div class=\"sow-slider-image-foreground-wrapper\">\n\t\t\t\t\t\t<img fetchpriority=\"high\" decoding=\"async\" width=\"940\" height=\"788\" src=\"https:\/\/sites.usp.br\/cdccenglish\/wp-content\/uploads\/sites\/1028\/2020\/03\/SUSPENS\u00c3O-DE-ATIVIDADE.png\" class=\"sow-slider-foreground-image\" alt=\"\" style=\"\" srcset=\"https:\/\/sites.usp.br\/cdccenglish\/wp-content\/uploads\/sites\/1028\/2020\/03\/SUSPENS\u00c3O-DE-ATIVIDADE.png 940w, https:\/\/sites.usp.br\/cdccenglish\/wp-content\/uploads\/sites\/1028\/2020\/03\/SUSPENS\u00c3O-DE-ATIVIDADE-300x251.png 300w, https:\/\/sites.usp.br\/cdccenglish\/wp-content\/uploads\/sites\/1028\/2020\/03\/SUSPENS\u00c3O-DE-ATIVIDADE-768x644.png 768w, https:\/\/sites.usp.br\/cdccenglish\/wp-content\/uploads\/sites\/1028\/2020\/03\/SUSPENS\u00c3O-DE-ATIVIDADE-400x335.png 400w\" sizes=\"(max-width: 940px) 100vw, 940px\" \/>\t\t\t\t\t<\/div>\n\t\t\t\t\t\t\t\t\t<\/div>\n\t\t\t<\/div>\n\t\t\t\t\t<\/li>\n\t\t\t\t<li class=\"sow-slider-image\" style=\"visibility: hidden;;cursor: pointer;\" data-url=\"{&quot;url&quot;:&quot;https:\\\/\\\/cdcc.usp.br\\\/loja\\\/&quot;,&quot;new_window&quot;:false}\" >\n\t\t\t\t\t\t<div class=\"sow-slider-image-container\">\n\t\t\t\t<div class=\"sow-slider-image-wrapper\" style=\"max-width: 940px\">\n\t\t\t\t\t\t\t\t\t\t\t<a href=\"https:\/\/cdcc.usp.br\/loja\/\"\n\t\t\t\t\t\t>\n\t\t\t\t\t\t\t\t\t\t<div class=\"sow-slider-image-foreground-wrapper\">\n\t\t\t\t\t\t<img decoding=\"async\" width=\"940\" height=\"788\" src=\"https:\/\/sites.usp.br\/cdccenglish\/wp-content\/uploads\/sites\/1028\/2020\/03\/LOJA-CDCC.png\" class=\"sow-slider-foreground-image\" alt=\"\" style=\"\" srcset=\"https:\/\/sites.usp.br\/cdccenglish\/wp-content\/uploads\/sites\/1028\/2020\/03\/LOJA-CDCC.png 940w, https:\/\/sites.usp.br\/cdccenglish\/wp-content\/uploads\/sites\/1028\/2020\/03\/LOJA-CDCC-300x251.png 300w, https:\/\/sites.usp.br\/cdccenglish\/wp-content\/uploads\/sites\/1028\/2020\/03\/LOJA-CDCC-768x644.png 768w, https:\/\/sites.usp.br\/cdccenglish\/wp-content\/uploads\/sites\/1028\/2020\/03\/LOJA-CDCC-400x335.png 400w\" sizes=\"(max-width: 940px) 100vw, 940px\" \/>\t\t\t\t\t<\/div>\n\t\t\t\t\t\t\t\t\t\t\t<\/a>\n\t\t\t\t\t\t\t\t\t<\/div>\n\t\t\t<\/div>\n\t\t\t\t\t<\/li>\n\t\t\t\t<li class=\"sow-slider-image\" style=\"visibility: hidden;;cursor: pointer;\" data-url=\"{&quot;url&quot;:&quot;https:\\\/\\\/cdcc.usp.br\\\/bolsas-e-estagios\\\/&quot;,&quot;new_window&quot;:false}\" >\n\t\t\t\t\t\t<div class=\"sow-slider-image-container\">\n\t\t\t\t<div class=\"sow-slider-image-wrapper\" style=\"max-width: 940px\">\n\t\t\t\t\t\t\t\t\t\t\t<a href=\"https:\/\/cdcc.usp.br\/bolsas-e-estagios\/\"\n\t\t\t\t\t\t>\n\t\t\t\t\t\t\t\t\t\t<div class=\"sow-slider-image-foreground-wrapper\">\n\t\t\t\t\t\t<img decoding=\"async\" width=\"940\" height=\"788\" src=\"https:\/\/sites.usp.br\/cdccenglish\/wp-content\/uploads\/sites\/1028\/2020\/03\/PROCESSOS-SELETIVOS-EM-ANDAMENTO-1.png\" class=\"sow-slider-foreground-image\" alt=\"\" style=\"\" srcset=\"https:\/\/sites.usp.br\/cdccenglish\/wp-content\/uploads\/sites\/1028\/2020\/03\/PROCESSOS-SELETIVOS-EM-ANDAMENTO-1.png 940w, https:\/\/sites.usp.br\/cdccenglish\/wp-content\/uploads\/sites\/1028\/2020\/03\/PROCESSOS-SELETIVOS-EM-ANDAMENTO-1-300x251.png 300w, https:\/\/sites.usp.br\/cdccenglish\/wp-content\/uploads\/sites\/1028\/2020\/03\/PROCESSOS-SELETIVOS-EM-ANDAMENTO-1-768x644.png 768w, https:\/\/sites.usp.br\/cdccenglish\/wp-content\/uploads\/sites\/1028\/2020\/03\/PROCESSOS-SELETIVOS-EM-ANDAMENTO-1-400x335.png 400w\" sizes=\"(max-width: 940px) 100vw, 940px\" \/>\t\t\t\t\t<\/div>\n\t\t\t\t\t\t\t\t\t\t\t<\/a>\n\t\t\t\t\t\t\t\t\t<\/div>\n\t\t\t<\/div>\n\t\t\t\t\t<\/li>\n\t\t<\/ul>\t\t\t\t<ol class=\"sow-slider-pagination\">\n\t\t\t\t\t\t\t\t\t\t\t<li><a href=\"#\" data-goto=\"0\" aria-label=\"Display slide 1\"><\/a><\/li>\n\t\t\t\t\t\t\t\t\t\t\t<li><a href=\"#\" data-goto=\"1\" aria-label=\"Display slide 2\"><\/a><\/li>\n\t\t\t\t\t\t\t\t\t\t\t<li><a href=\"#\" data-goto=\"2\" aria-label=\"Display slide 3\"><\/a><\/li>\n\t\t\t\t\t\t\t\t\t<\/ol>\n\n\t\t\t\t<div class=\"sow-slide-nav sow-slide-nav-next\">\n\t\t\t\t\t<a href=\"#\" data-goto=\"next\" aria-label=\"Next slide\" data-action=\"next\">\n\t\t\t\t\t\t<em class=\"sow-sld-icon-ultra-thin-right\"><\/em>\n\t\t\t\t\t<\/a>\n\t\t\t\t<\/div>\n\n\t\t\t\t<div class=\"sow-slide-nav sow-slide-nav-prev\">\n\t\t\t\t\t<a href=\"#\" data-goto=\"previous\" aria-label=\"Previous slide\" data-action=\"prev\">\n\t\t\t\t\t\t<em class=\"sow-sld-icon-ultra-thin-left\"><\/em>\n\t\t\t\t\t<\/a>\n\t\t\t\t<\/div>\n\t\t\t\t<\/div><\/div><\/div><\/div><\/div><div id=\"pg-4561-1\"  class=\"panel-grid panel-no-style\" ><div id=\"pgc-4561-1-0\"  class=\"panel-grid-cell\" ><div id=\"panel-4561-1-0-0\" class=\"so-panel widget widget_sow-editor panel-first-child panel-last-child\" data-index=\"1\" ><div\n\t\t\t\n\t\t\tclass=\"so-widget-sow-editor so-widget-sow-editor-base\"\n\t\t\t\n\t\t><h3 class=\"widget-title\">Destaques<\/h3>\n<div class=\"siteorigin-widget-tinymce textwidget\">\n\t<\/div>\n<\/div><\/div><\/div><\/div><div id=\"pg-4561-2\"  class=\"panel-grid panel-no-style\" ><div id=\"pgc-4561-2-0\"  class=\"panel-grid-cell\" ><div id=\"panel-4561-2-0-0\" class=\"so-panel widget widget_sow-image panel-first-child\" data-index=\"2\" ><div\n\t\t\t\n\t\t\tclass=\"so-widget-sow-image so-widget-sow-image-default-8b5b6f678277-4561\"\n\t\t\t\n\t\t>\n<div class=\"sow-image-container\">\n\t\t\t<a href=\"https:\/\/cdcc.usp.br\/comemore-os-40-anos-do-cdcc-conosco\/\"\n\t\t\t\t\t>\n\t\t\t<img loading=\"lazy\" \n\tsrc=\"https:\/\/sites.usp.br\/cdccenglish\/wp-content\/uploads\/sites\/1028\/2020\/01\/exper-x-mulher.jpg\" width=\"834\" height=\"625\" srcset=\"https:\/\/sites.usp.br\/cdccenglish\/wp-content\/uploads\/sites\/1028\/2020\/01\/exper-x-mulher.jpg 834w, https:\/\/sites.usp.br\/cdccenglish\/wp-content\/uploads\/sites\/1028\/2020\/01\/exper-x-mulher-300x225.jpg 300w, https:\/\/sites.usp.br\/cdccenglish\/wp-content\/uploads\/sites\/1028\/2020\/01\/exper-x-mulher-768x576.jpg 768w, https:\/\/sites.usp.br\/cdccenglish\/wp-content\/uploads\/sites\/1028\/2020\/01\/exper-x-mulher-80x60.jpg 80w, https:\/\/sites.usp.br\/cdccenglish\/wp-content\/uploads\/sites\/1028\/2020\/01\/exper-x-mulher-400x300.jpg 400w\" sizes=\"(max-width: 834px) 100vw, 834px\" title=\"exper x mulher\" alt=\"\" \t\tclass=\"so-widget-image\"\/>\n\t\t\t<\/a><\/div>\n\n<\/div><\/div><div id=\"panel-4561-2-0-1\" class=\"so-panel widget widget_sow-editor panel-last-child\" data-index=\"3\" ><div\n\t\t\t\n\t\t\tclass=\"so-widget-sow-editor so-widget-sow-editor-base\"\n\t\t\t\n\t\t><h3 class=\"widget-title\">COMEMORE OS 40 ANOS DO CDCC CONOSCO!<\/h3>\n<div class=\"siteorigin-widget-tinymce textwidget\">\n\t<p>Em maio de 2020, o CDCC-USP estar\u00e1 completando 40 anos da sua funda\u00e7\u00e3o e ficaremos muito felizes em contar com sua participa\u00e7\u00e3o nas comemora\u00e7\u00f5es. <a href=\"https:\/\/cdcc.usp.br\/comemore-os-40-anos-do-cdcc-conosco\/\">Leia mais<\/a><\/p>\n<\/div>\n<\/div><\/div><\/div><div id=\"pgc-4561-2-1\"  class=\"panel-grid-cell\" ><div id=\"panel-4561-2-1-0\" class=\"so-panel widget widget_sow-image panel-first-child\" data-index=\"4\" ><div\n\t\t\t\n\t\t\tclass=\"so-widget-sow-image so-widget-sow-image-default-8b5b6f678277-4561\"\n\t\t\t\n\t\t>\n<div class=\"sow-image-container\">\n\t\t\t<a href=\"https:\/\/cdcc.usp.br\/estagio-no-cdcc-resultado-da-1a-etapa-edital-cdcc-001-2020\/\"\n\t\t\t\t\t>\n\t\t\t<img loading=\"lazy\" \n\tsrc=\"https:\/\/sites.usp.br\/cdccenglish\/wp-content\/uploads\/sites\/1028\/2020\/02\/65667188_2400791176806970_7479567704966299648_o.jpg\" width=\"1600\" height=\"1063\" srcset=\"https:\/\/sites.usp.br\/cdccenglish\/wp-content\/uploads\/sites\/1028\/2020\/02\/65667188_2400791176806970_7479567704966299648_o.jpg 1600w, https:\/\/sites.usp.br\/cdccenglish\/wp-content\/uploads\/sites\/1028\/2020\/02\/65667188_2400791176806970_7479567704966299648_o-300x199.jpg 300w, https:\/\/sites.usp.br\/cdccenglish\/wp-content\/uploads\/sites\/1028\/2020\/02\/65667188_2400791176806970_7479567704966299648_o-1024x680.jpg 1024w, https:\/\/sites.usp.br\/cdccenglish\/wp-content\/uploads\/sites\/1028\/2020\/02\/65667188_2400791176806970_7479567704966299648_o-768x510.jpg 768w, https:\/\/sites.usp.br\/cdccenglish\/wp-content\/uploads\/sites\/1028\/2020\/02\/65667188_2400791176806970_7479567704966299648_o-1536x1020.jpg 1536w, https:\/\/sites.usp.br\/cdccenglish\/wp-content\/uploads\/sites\/1028\/2020\/02\/65667188_2400791176806970_7479567704966299648_o-247x163.jpg 247w, https:\/\/sites.usp.br\/cdccenglish\/wp-content\/uploads\/sites\/1028\/2020\/02\/65667188_2400791176806970_7479567704966299648_o-354x234.jpg 354w, https:\/\/sites.usp.br\/cdccenglish\/wp-content\/uploads\/sites\/1028\/2020\/02\/65667188_2400791176806970_7479567704966299648_o-272x182.jpg 272w, https:\/\/sites.usp.br\/cdccenglish\/wp-content\/uploads\/sites\/1028\/2020\/02\/65667188_2400791176806970_7479567704966299648_o-400x266.jpg 400w\" sizes=\"(max-width: 1600px) 100vw, 1600px\" alt=\"\" \t\tclass=\"so-widget-image\"\/>\n\t\t\t<\/a><\/div>\n\n<\/div><\/div><div id=\"panel-4561-2-1-1\" class=\"so-panel widget widget_sow-editor panel-last-child\" data-index=\"5\" ><div\n\t\t\t\n\t\t\tclass=\"so-widget-sow-editor so-widget-sow-editor-base\"\n\t\t\t\n\t\t><h3 class=\"widget-title\">Est\u00e1gio no CDCC \u2013 resultado da 1a. etapa \u2013 Edital CDCC 001\/2020<\/h3>\n<div class=\"siteorigin-widget-tinymce textwidget\">\n\t<p>Processo Seletivo para est\u00e1gio na Se\u00e7\u00e3o de Divulga\u00e7\u00e3o Cient\u00edfica do CDCC-USP (Edital CDCC 001\/2020) <a href=\"https:\/\/cdcc.usp.br\/estagio-no-cdcc-resultado-da-1a-etapa-edital-cdcc-001-2020\/\">Leia mais<\/a><\/p>\n<\/div>\n<\/div><\/div><\/div><div id=\"pgc-4561-2-2\"  class=\"panel-grid-cell\" ><div id=\"panel-4561-2-2-0\" class=\"so-panel widget widget_sow-image panel-first-child\" data-index=\"6\" ><div\n\t\t\t\n\t\t\tclass=\"so-widget-sow-image so-widget-sow-image-default-8b5b6f678277-4561\"\n\t\t\t\n\t\t>\n<div class=\"sow-image-container\">\n\t\t\t<a href=\"https:\/\/cdcc.usp.br\/predio-do-cdcc-faz-parte-dos-oito-imoveis-historicos-tombados-pelo-condephaat\/\"\n\t\t\t\t\t>\n\t\t\t<img loading=\"lazy\" \n\tsrc=\"https:\/\/sites.usp.br\/cdccenglish\/wp-content\/uploads\/sites\/1028\/2019\/05\/CDCC-2019.jpg\" width=\"4515\" height=\"3000\" srcset=\"https:\/\/sites.usp.br\/cdccenglish\/wp-content\/uploads\/sites\/1028\/2019\/05\/CDCC-2019.jpg 4515w, https:\/\/sites.usp.br\/cdccenglish\/wp-content\/uploads\/sites\/1028\/2019\/05\/CDCC-2019-300x199.jpg 300w, https:\/\/sites.usp.br\/cdccenglish\/wp-content\/uploads\/sites\/1028\/2019\/05\/CDCC-2019-768x510.jpg 768w, https:\/\/sites.usp.br\/cdccenglish\/wp-content\/uploads\/sites\/1028\/2019\/05\/CDCC-2019-1024x680.jpg 1024w, https:\/\/sites.usp.br\/cdccenglish\/wp-content\/uploads\/sites\/1028\/2019\/05\/CDCC-2019-247x163.jpg 247w, https:\/\/sites.usp.br\/cdccenglish\/wp-content\/uploads\/sites\/1028\/2019\/05\/CDCC-2019-354x234.jpg 354w, https:\/\/sites.usp.br\/cdccenglish\/wp-content\/uploads\/sites\/1028\/2019\/05\/CDCC-2019-272x182.jpg 272w, https:\/\/sites.usp.br\/cdccenglish\/wp-content\/uploads\/sites\/1028\/2019\/05\/CDCC-2019-400x266.jpg 400w\" sizes=\"(max-width: 4515px) 100vw, 4515px\" alt=\"\" \t\tclass=\"so-widget-image\"\/>\n\t\t\t<\/a><\/div>\n\n<\/div><\/div><div id=\"panel-4561-2-2-1\" class=\"so-panel widget widget_sow-editor panel-last-child\" data-index=\"7\" ><div\n\t\t\t\n\t\t\tclass=\"so-widget-sow-editor so-widget-sow-editor-base\"\n\t\t\t\n\t\t><h3 class=\"widget-title\">Pr\u00e9dio do CDCC \u00e9 tombado pelo Condephaat<\/h3>\n<div class=\"siteorigin-widget-tinymce textwidget\">\n\t<p>Condephaat (Conselho de Defesa do Patrim\u00f4nio Hist\u00f3rico, Arqueol\u00f3gico, Art\u00edstico e Tur\u00edsico do Estado de S\u00e3o Paulo)\u00a0 tomba oito im\u00f3veis hist\u00f3ricos de S\u00e3o Carlos, entre eles o pr\u00e9dio do CDCC. <a href=\"https:\/\/cdcc.usp.br\/predio-do-cdcc-faz-parte-dos-oito-imoveis-historicos-tombados-pelo-condephaat\/\">Leia mais<\/a><\/p>\n<\/div>\n<\/div><\/div><\/div><\/div><div id=\"pg-4561-3\"  class=\"panel-grid panel-no-style\" ><div id=\"pgc-4561-3-0\"  class=\"panel-grid-cell\" ><div id=\"panel-4561-3-0-0\" class=\"so-panel widget widget_sow-editor panel-first-child panel-last-child\" data-index=\"8\" ><div\n\t\t\t\n\t\t\tclass=\"so-widget-sow-editor so-widget-sow-editor-base\"\n\t\t\t\n\t\t><h3 class=\"widget-title\">Posts Recentes<\/h3>\n<div class=\"siteorigin-widget-tinymce textwidget\">\n\t<\/div>\n<\/div><\/div><\/div><\/div><div id=\"pg-4561-4\"  class=\"panel-grid panel-no-style\" ><div id=\"pgc-4561-4-0\"  class=\"panel-grid-cell\" ><div id=\"panel-4561-4-0-0\" class=\"so-panel widget widget_sow-image panel-first-child\" data-index=\"9\" ><div\n\t\t\t\n\t\t\tclass=\"so-widget-sow-image so-widget-sow-image-default-8b5b6f678277-4561\"\n\t\t\t\n\t\t>\n<div class=\"sow-image-container\">\n\t\t\t<a href=\"https:\/\/cdcc.usp.br\/sabados-de-formacao-no-cdcc-monitores-estagiarios-e-bolsistas-se-reunem\/\"\n\t\t\t\t\t>\n\t\t\t<img loading=\"lazy\" \n\tsrc=\"https:\/\/sites.usp.br\/cdccenglish\/wp-content\/uploads\/sites\/1028\/2020\/03\/IMG_20200307_101054585-scaled.jpg\" width=\"2560\" height=\"1920\" srcset=\"https:\/\/sites.usp.br\/cdccenglish\/wp-content\/uploads\/sites\/1028\/2020\/03\/IMG_20200307_101054585-scaled.jpg 2560w, https:\/\/sites.usp.br\/cdccenglish\/wp-content\/uploads\/sites\/1028\/2020\/03\/IMG_20200307_101054585-300x225.jpg 300w, https:\/\/sites.usp.br\/cdccenglish\/wp-content\/uploads\/sites\/1028\/2020\/03\/IMG_20200307_101054585-1024x768.jpg 1024w, https:\/\/sites.usp.br\/cdccenglish\/wp-content\/uploads\/sites\/1028\/2020\/03\/IMG_20200307_101054585-768x576.jpg 768w, https:\/\/sites.usp.br\/cdccenglish\/wp-content\/uploads\/sites\/1028\/2020\/03\/IMG_20200307_101054585-1536x1152.jpg 1536w, https:\/\/sites.usp.br\/cdccenglish\/wp-content\/uploads\/sites\/1028\/2020\/03\/IMG_20200307_101054585-2048x1536.jpg 2048w, https:\/\/sites.usp.br\/cdccenglish\/wp-content\/uploads\/sites\/1028\/2020\/03\/IMG_20200307_101054585-80x60.jpg 80w, https:\/\/sites.usp.br\/cdccenglish\/wp-content\/uploads\/sites\/1028\/2020\/03\/IMG_20200307_101054585-400x300.jpg 400w\" sizes=\"(max-width: 2560px) 100vw, 2560px\" title=\"IMG_20200307_101054585\" alt=\"\" \t\tclass=\"so-widget-image\"\/>\n\t\t\t<\/a><\/div>\n\n<\/div><\/div><div id=\"panel-4561-4-0-1\" class=\"so-panel widget widget_sow-editor panel-last-child\" data-index=\"10\" ><div\n\t\t\t\n\t\t\tclass=\"so-widget-sow-editor so-widget-sow-editor-base\"\n\t\t\t\n\t\t><h3 class=\"widget-title\">S\u00e1bados de forma\u00e7\u00e3o no CDCC: monitores, estagi\u00e1rios e bolsistas se re\u00fanem<\/h3>\n<div class=\"siteorigin-widget-tinymce textwidget\">\n\t<p>No primeiro s\u00e1bado de cada m\u00eas, das 9h \u00e0s 12h, ocorre um encontro de forma\u00e7\u00e3o para monitores, bolsistas e estagi\u00e1rios que se somam \u00e0 equipe fixa do CDCC. <a href=\"https:\/\/cdcc.usp.br\/sabados-de-formacao-no-cdcc-monitores-estagiarios-e-bolsistas-se-reunem\/\">Leia mais<\/a><\/p>\n<\/div>\n<\/div><\/div><\/div><div id=\"pgc-4561-4-1\"  class=\"panel-grid-cell\" ><div id=\"panel-4561-4-1-0\" class=\"so-panel widget widget_sow-image panel-first-child\" data-index=\"11\" ><div\n\t\t\t\n\t\t\tclass=\"so-widget-sow-image so-widget-sow-image-default-8b5b6f678277-4561\"\n\t\t\t\n\t\t>\n<div class=\"sow-image-container\">\n\t\t\t<a href=\"https:\/\/cdcc.usp.br\/cursos-do-observatorio-comecam-com-auditorio-cheio\/\"\n\t\t\t\t\t>\n\t\t\t<img loading=\"lazy\" \n\tsrc=\"https:\/\/sites.usp.br\/cdccenglish\/wp-content\/uploads\/sites\/1028\/2020\/03\/IMG_20200306_150940983-scaled.jpg\" width=\"2560\" height=\"1920\" srcset=\"https:\/\/sites.usp.br\/cdccenglish\/wp-content\/uploads\/sites\/1028\/2020\/03\/IMG_20200306_150940983-scaled.jpg 2560w, https:\/\/sites.usp.br\/cdccenglish\/wp-content\/uploads\/sites\/1028\/2020\/03\/IMG_20200306_150940983-300x225.jpg 300w, https:\/\/sites.usp.br\/cdccenglish\/wp-content\/uploads\/sites\/1028\/2020\/03\/IMG_20200306_150940983-1024x768.jpg 1024w, https:\/\/sites.usp.br\/cdccenglish\/wp-content\/uploads\/sites\/1028\/2020\/03\/IMG_20200306_150940983-768x576.jpg 768w, https:\/\/sites.usp.br\/cdccenglish\/wp-content\/uploads\/sites\/1028\/2020\/03\/IMG_20200306_150940983-1536x1152.jpg 1536w, https:\/\/sites.usp.br\/cdccenglish\/wp-content\/uploads\/sites\/1028\/2020\/03\/IMG_20200306_150940983-2048x1536.jpg 2048w, https:\/\/sites.usp.br\/cdccenglish\/wp-content\/uploads\/sites\/1028\/2020\/03\/IMG_20200306_150940983-80x60.jpg 80w, https:\/\/sites.usp.br\/cdccenglish\/wp-content\/uploads\/sites\/1028\/2020\/03\/IMG_20200306_150940983-400x300.jpg 400w\" sizes=\"(max-width: 2560px) 100vw, 2560px\" title=\"IMG_20200306_150940983\" alt=\"\" \t\tclass=\"so-widget-image\"\/>\n\t\t\t<\/a><\/div>\n\n<\/div><\/div><div id=\"panel-4561-4-1-1\" class=\"so-panel widget widget_sow-editor panel-last-child\" data-index=\"12\" ><div\n\t\t\t\n\t\t\tclass=\"so-widget-sow-editor so-widget-sow-editor-base\"\n\t\t\t\n\t\t><h3 class=\"widget-title\">Cursos do Observat\u00f3rio come\u00e7am com audit\u00f3rio cheio<\/h3>\n<div class=\"siteorigin-widget-tinymce textwidget\">\n\t<p>A demanda por conhecimento em Astronomia est\u00e1 em alta. Na primeira semana de mar\u00e7o, dois cursos ofertados pelo Observat\u00f3rio do CDCC tiveram in\u00edcio e o p\u00fablico lotou o audit\u00f3rio. <a href=\"https:\/\/cdcc.usp.br\/cursos-do-observatorio-comecam-com-auditorio-cheio\/\">Leia mais<\/a><\/p>\n<\/div>\n<\/div><\/div><\/div><div id=\"pgc-4561-4-2\"  class=\"panel-grid-cell\" ><div id=\"panel-4561-4-2-0\" class=\"so-panel widget widget_sow-image panel-first-child\" data-index=\"13\" ><div\n\t\t\t\n\t\t\tclass=\"so-widget-sow-image so-widget-sow-image-default-8b5b6f678277-4561\"\n\t\t\t\n\t\t>\n<div class=\"sow-image-container\">\n\t\t\t<a href=\"https:\/\/cdcc.usp.br\/dante-alighieri-volta-ao-predio-do-cdcc-na-comemoracao-dos-40-anos\/\"\n\t\t\t\t\t>\n\t\t\t<img loading=\"lazy\" \n\tsrc=\"https:\/\/sites.usp.br\/cdccenglish\/wp-content\/uploads\/sites\/1028\/2020\/03\/DSC07102.jpg\" width=\"1600\" height=\"1063\" srcset=\"https:\/\/sites.usp.br\/cdccenglish\/wp-content\/uploads\/sites\/1028\/2020\/03\/DSC07102.jpg 1600w, https:\/\/sites.usp.br\/cdccenglish\/wp-content\/uploads\/sites\/1028\/2020\/03\/DSC07102-300x199.jpg 300w, https:\/\/sites.usp.br\/cdccenglish\/wp-content\/uploads\/sites\/1028\/2020\/03\/DSC07102-1024x680.jpg 1024w, https:\/\/sites.usp.br\/cdccenglish\/wp-content\/uploads\/sites\/1028\/2020\/03\/DSC07102-768x510.jpg 768w, https:\/\/sites.usp.br\/cdccenglish\/wp-content\/uploads\/sites\/1028\/2020\/03\/DSC07102-1536x1020.jpg 1536w, https:\/\/sites.usp.br\/cdccenglish\/wp-content\/uploads\/sites\/1028\/2020\/03\/DSC07102-247x163.jpg 247w, https:\/\/sites.usp.br\/cdccenglish\/wp-content\/uploads\/sites\/1028\/2020\/03\/DSC07102-354x234.jpg 354w, https:\/\/sites.usp.br\/cdccenglish\/wp-content\/uploads\/sites\/1028\/2020\/03\/DSC07102-272x182.jpg 272w, https:\/\/sites.usp.br\/cdccenglish\/wp-content\/uploads\/sites\/1028\/2020\/03\/DSC07102-400x266.jpg 400w\" sizes=\"(max-width: 1600px) 100vw, 1600px\" alt=\"\" \t\tclass=\"so-widget-image\"\/>\n\t\t\t<\/a><\/div>\n\n<\/div><\/div><div id=\"panel-4561-4-2-1\" class=\"so-panel widget widget_sow-editor panel-last-child\" data-index=\"14\" ><div\n\t\t\t\n\t\t\tclass=\"so-widget-sow-editor so-widget-sow-editor-base\"\n\t\t\t\n\t\t><h3 class=\"widget-title\">\u2018Dante Alighieri\u2019 volta ao pr\u00e9dio do CDCC na comemora\u00e7\u00e3o dos 40 anos<\/h3>\n<div class=\"siteorigin-widget-tinymce textwidget\">\n\t<p>No ano em que o CDCC completa 40 anos de sua cria\u00e7\u00e3o, o busto de Dante Alighieri volta ao pr\u00e9dio onde era originalmente exposto quando ainda sediava a\u00a0<i>Sociedade Italiana Dante Alighieri<\/i>. <a href=\"https:\/\/cdcc.usp.br\/dante-alighieri-volta-ao-predio-do-cdcc-na-comemoracao-dos-40-anos\/\">Leia mais<\/a><\/p>\n<\/div>\n<\/div><\/div><\/div><\/div><\/div>","protected":false},"excerpt":{"rendered":"<p>Destaques COMEMORE OS 40 ANOS DO CDCC CONOSCO! Em maio de 2020, o CDCC-USP estar\u00e1 completando 40 anos da sua funda\u00e7\u00e3o e ficaremos muito felizes em contar com sua participa\u00e7\u00e3o nas comemora\u00e7\u00f5es. Leia mais Est\u00e1gio no CDCC \u2013 resultado da&hellip;<\/p>\n","protected":false},"author":955,"featured_media":0,"parent":0,"menu_order":0,"comment_status":"closed","ping_status":"closed","template":"","meta":{"_monsterinsights_skip_tracking":false,"_monsterinsights_sitenote_active":false,"_monsterinsights_sitenote_note":"","_monsterinsights_sitenote_category":0,"footnotes":"","_links_to":"","_links_to_target":""},"class_list":["post-4561","page","type-page","status-publish","hentry","post"],"_links":{"self":[{"href":"https:\/\/sites.usp.br\/cdccenglish\/wp-json\/wp\/v2\/pages\/4561","targetHints":{"allow":["GET"]}}],"collection":[{"href":"https:\/\/sites.usp.br\/cdccenglish\/wp-json\/wp\/v2\/pages"}],"about":[{"href":"https:\/\/sites.usp.br\/cdccenglish\/wp-json\/wp\/v2\/types\/page"}],"author":[{"embeddable":true,"href":"https:\/\/sites.usp.br\/cdccenglish\/wp-json\/wp\/v2\/users\/955"}],"replies":[{"embeddable":true,"href":"https:\/\/sites.usp.br\/cdccenglish\/wp-json\/wp\/v2\/comments?post=4561"}],"version-history":[{"count":4,"href":"https:\/\/sites.usp.br\/cdccenglish\/wp-json\/wp\/v2\/pages\/4561\/revisions"}],"predecessor-version":[{"id":4576,"href":"https:\/\/sites.usp.br\/cdccenglish\/wp-json\/wp\/v2\/pages\/4561\/revisions\/4576"}],"wp:attachment":[{"href":"https:\/\/sites.usp.br\/cdccenglish\/wp-json\/wp\/v2\/media?parent=4561"}],"curies":[{"name":"wp","href":"https:\/\/api.w.org\/{rel}","templated":true}]}}