{"id":5071,"date":"2020-11-16T09:54:36","date_gmt":"2020-11-16T12:54:36","guid":{"rendered":"http:\/\/cdcc.usp.br\/?page_id=5071"},"modified":"2023-03-17T16:41:18","modified_gmt":"2023-03-17T19:41:18","slug":"publicacoes","status":"publish","type":"page","link":"https:\/\/sites.usp.br\/cdccenglish\/publicacoes\/","title":{"rendered":"Publications for Download (all in Portuguese)"},"content":{"rendered":"<div id=\"pl-5071\"  class=\"panel-layout\" ><div id=\"pg-5071-0\"  class=\"panel-grid panel-no-style\" ><div id=\"pgc-5071-0-0\"  class=\"panel-grid-cell\" ><div id=\"panel-5071-0-0-0\" class=\"so-panel widget widget_text panel-first-child panel-last-child\" data-index=\"0\" >\t\t\t<div class=\"textwidget\"><p>Check out the publications produced by CDCC and partners. All are available for free download.<\/p>\n<p>To download the file, click on the image or on the title of the publication.<\/p>\n<\/div>\n\t\t<\/div><\/div><\/div><div id=\"pg-5071-1\"  class=\"panel-grid panel-no-style\" ><div id=\"pgc-5071-1-0\"  class=\"panel-grid-cell\" ><div id=\"panel-5071-1-0-0\" class=\"so-panel widget widget_media_image panel-first-child panel-last-child\" data-index=\"1\" ><a href=\"https:\/\/cdcc.usp.br\/wp-content\/uploads\/sites\/512\/2021\/09\/Roteiro-Visita-Exposicao-Bichos-SITE.pdf\"><img fetchpriority=\"high\" decoding=\"async\" width=\"211\" height=\"300\" src=\"https:\/\/sites.usp.br\/cdccenglish\/wp-content\/uploads\/sites\/1028\/2021\/09\/CAPA-Roteiro-Visita-Exposicao-Bichos-211x300.jpg\" class=\"image wp-image-6675  attachment-medium size-medium\" alt=\"\" style=\"max-width: 100%; height: auto;\" srcset=\"https:\/\/sites.usp.br\/cdccenglish\/wp-content\/uploads\/sites\/1028\/2021\/09\/CAPA-Roteiro-Visita-Exposicao-Bichos-211x300.jpg 211w, https:\/\/sites.usp.br\/cdccenglish\/wp-content\/uploads\/sites\/1028\/2021\/09\/CAPA-Roteiro-Visita-Exposicao-Bichos-400x568.jpg 400w, https:\/\/sites.usp.br\/cdccenglish\/wp-content\/uploads\/sites\/1028\/2021\/09\/CAPA-Roteiro-Visita-Exposicao-Bichos.jpg 437w\" sizes=\"(max-width: 211px) 100vw, 211px\" \/><\/a><\/div><\/div><div id=\"pgc-5071-1-1\"  class=\"panel-grid-cell\" ><div id=\"panel-5071-1-1-0\" class=\"so-panel widget widget_text panel-first-child panel-last-child\" data-index=\"2\" >\t\t\t<div class=\"textwidget\"><h3 class=\"alignnone\"><a href=\"https:\/\/cdcc.usp.br\/wp-content\/uploads\/sites\/512\/2021\/09\/Roteiro-Visita-Exposicao-Bichos-SITE.pdf\" target=\"_blank\" rel=\"noopener\">Exposi\u00e7\u00e3o: &#8220;Bicho: quem te viu, quem te v\u00ea&#8221;<\/a><\/h3>\n<p>Alisson Cleiton de Oliveira<br \/>\nSilvia Aparecida Martins dos Santos<br \/>\nSalete Linhares Queiroz<br \/>\n(Autores)<\/p>\n<\/div>\n\t\t<\/div><\/div><\/div><div id=\"pg-5071-2\"  class=\"panel-grid panel-no-style\" ><div id=\"pgc-5071-2-0\"  class=\"panel-grid-cell\" ><div id=\"panel-5071-2-0-0\" class=\"so-panel widget widget_media_image panel-first-child panel-last-child\" data-index=\"3\" ><a href=\"http:\/\/cdcc.usp.br\/wp-content\/uploads\/sites\/512\/2020\/12\/Roteiro-Visita-Trilha-VS3-ISBN-CPg7.pdf\"><img decoding=\"async\" width=\"211\" height=\"300\" src=\"https:\/\/sites.usp.br\/cdccenglish\/wp-content\/uploads\/sites\/1028\/2020\/12\/Capa-final-1-211x300.jpg\" class=\"image wp-image-5167  attachment-medium size-medium\" alt=\"\" style=\"max-width: 100%; height: auto;\" srcset=\"https:\/\/sites.usp.br\/cdccenglish\/wp-content\/uploads\/sites\/1028\/2020\/12\/Capa-final-1-211x300.jpg 211w, https:\/\/sites.usp.br\/cdccenglish\/wp-content\/uploads\/sites\/1028\/2020\/12\/Capa-final-1-400x567.jpg 400w, https:\/\/sites.usp.br\/cdccenglish\/wp-content\/uploads\/sites\/1028\/2020\/12\/Capa-final-1.jpg 559w\" sizes=\"(max-width: 211px) 100vw, 211px\" \/><\/a><\/div><\/div><div id=\"pgc-5071-2-1\"  class=\"panel-grid-cell\" ><div id=\"panel-5071-2-1-0\" class=\"so-panel widget widget_text panel-first-child panel-last-child\" data-index=\"4\" >\t\t\t<div class=\"textwidget\"><h3 class=\"alignnone\"><a href=\"http:\/\/cdcc.usp.br\/wp-content\/uploads\/sites\/512\/2020\/12\/Roteiro-Visita-Trilha-VS3-ISBN-CPg7.pdf\" target=\"_blank\" rel=\"noopener\">Trilha da Natureza da UFSCar<\/a><\/h3>\n<p>Silvia Aparecida Martins dos Santos<br \/>\nSalete Linhares Queiroz<br \/>\n(Organizadoras)<\/p>\n<\/div>\n\t\t<\/div><\/div><\/div><div id=\"pg-5071-3\"  class=\"panel-grid panel-no-style\" ><div id=\"pgc-5071-3-0\"  class=\"panel-grid-cell\" ><div id=\"panel-5071-3-0-0\" class=\"so-panel widget widget_media_image panel-first-child panel-last-child\" data-index=\"5\" ><a href=\"http:\/\/cdcc.usp.br\/wp-content\/uploads\/sites\/512\/2020\/12\/Roteiro-Visita-Bosque-PUB-1.pdf\"><img decoding=\"async\" width=\"211\" height=\"300\" src=\"https:\/\/sites.usp.br\/cdccenglish\/wp-content\/uploads\/sites\/1028\/2020\/12\/capa-bosque-211x300.jpeg\" class=\"image wp-image-5294  attachment-medium size-medium\" alt=\"\" style=\"max-width: 100%; height: auto;\" srcset=\"https:\/\/sites.usp.br\/cdccenglish\/wp-content\/uploads\/sites\/1028\/2020\/12\/capa-bosque-211x300.jpeg 211w, https:\/\/sites.usp.br\/cdccenglish\/wp-content\/uploads\/sites\/1028\/2020\/12\/capa-bosque.jpeg 350w\" sizes=\"(max-width: 211px) 100vw, 211px\" \/><\/a><\/div><\/div><div id=\"pgc-5071-3-1\"  class=\"panel-grid-cell\" ><div id=\"panel-5071-3-1-0\" class=\"so-panel widget widget_text panel-first-child panel-last-child\" data-index=\"6\" >\t\t\t<div class=\"textwidget\"><h3 class=\"alignnone\"><a href=\"http:\/\/cdcc.usp.br\/wp-content\/uploads\/sites\/512\/2020\/12\/Roteiro-Visita-Bosque-PUB-1.pdf\" target=\"_blank\" rel=\"noopener\">Bosque Santa Marta<\/a><\/h3>\n<p>Silvia Aparecida Martins dos Santos<br \/>\nSalete Linhares Queiroz<br \/>\n(Organizadoras)<\/p>\n<\/div>\n\t\t<\/div><\/div><\/div><div id=\"pg-5071-4\"  class=\"panel-grid panel-no-style\" ><div id=\"pgc-5071-4-0\"  class=\"panel-grid-cell\" ><div id=\"panel-5071-4-0-0\" class=\"so-panel widget widget_media_image panel-first-child panel-last-child\" data-index=\"7\" ><a href=\"http:\/\/cdcc.usp.br\/wp-content\/uploads\/sites\/512\/2020\/12\/Roteiro-Visita-Quintal-PUB-1.pdf\"><img loading=\"lazy\" decoding=\"async\" width=\"211\" height=\"300\" src=\"https:\/\/sites.usp.br\/cdccenglish\/wp-content\/uploads\/sites\/1028\/2020\/12\/Roteiro-Visita-Quintal-capa-1-211x300.jpg\" class=\"image wp-image-5301  attachment-medium size-medium\" alt=\"\" style=\"max-width: 100%; height: auto;\" srcset=\"https:\/\/sites.usp.br\/cdccenglish\/wp-content\/uploads\/sites\/1028\/2020\/12\/Roteiro-Visita-Quintal-capa-1-211x300.jpg 211w, https:\/\/sites.usp.br\/cdccenglish\/wp-content\/uploads\/sites\/1028\/2020\/12\/Roteiro-Visita-Quintal-capa-1.jpg 350w\" sizes=\"(max-width: 211px) 100vw, 211px\" \/><\/a><\/div><\/div><div id=\"pgc-5071-4-1\"  class=\"panel-grid-cell\" ><div id=\"panel-5071-4-1-0\" class=\"so-panel widget widget_text panel-first-child panel-last-child\" data-index=\"8\" >\t\t\t<div class=\"textwidget\"><h3 class=\"alignnone\"><a href=\"http:\/\/cdcc.usp.br\/wp-content\/uploads\/sites\/512\/2020\/12\/Roteiro-Visita-Quintal-PUB-1.pdf\" target=\"_blank\" rel=\"noopener\">Quintal Agroecol\u00f3gico<\/a><\/h3>\n<p>Alisson Cleiton de Oliveira<br \/>\nSalete Linhares Queiroz<br \/>\n(Autores)<\/p>\n<\/div>\n\t\t<\/div><\/div><\/div><div id=\"pg-5071-5\"  class=\"panel-grid panel-no-style\" ><div id=\"pgc-5071-5-0\"  class=\"panel-grid-cell\" ><div id=\"panel-5071-5-0-0\" class=\"so-panel widget widget_media_image panel-first-child panel-last-child\" data-index=\"9\" ><a href=\"https:\/\/cdcc.usp.br\/wp-content\/uploads\/sites\/512\/2021\/01\/17-estudo-de-caso-ebook-2.pdf\"><img loading=\"lazy\" decoding=\"async\" width=\"208\" height=\"300\" src=\"https:\/\/sites.usp.br\/cdccenglish\/wp-content\/uploads\/sites\/1028\/2020\/12\/estudo-de-caso-capa-1-208x300.jpg\" class=\"image wp-image-5186  attachment-medium size-medium\" alt=\"\" style=\"max-width: 100%; height: auto;\" srcset=\"https:\/\/sites.usp.br\/cdccenglish\/wp-content\/uploads\/sites\/1028\/2020\/12\/estudo-de-caso-capa-1-208x300.jpg 208w, https:\/\/sites.usp.br\/cdccenglish\/wp-content\/uploads\/sites\/1028\/2020\/12\/estudo-de-caso-capa-1-708x1024.jpg 708w, https:\/\/sites.usp.br\/cdccenglish\/wp-content\/uploads\/sites\/1028\/2020\/12\/estudo-de-caso-capa-1-768x1110.jpg 768w, https:\/\/sites.usp.br\/cdccenglish\/wp-content\/uploads\/sites\/1028\/2020\/12\/estudo-de-caso-capa-1-400x578.jpg 400w, https:\/\/sites.usp.br\/cdccenglish\/wp-content\/uploads\/sites\/1028\/2020\/12\/estudo-de-caso-capa-1.jpg 830w\" sizes=\"(max-width: 208px) 100vw, 208px\" \/><\/a><\/div><\/div><div id=\"pgc-5071-5-1\"  class=\"panel-grid-cell\" ><div id=\"panel-5071-5-1-0\" class=\"so-panel widget widget_text panel-first-child panel-last-child\" data-index=\"10\" >\t\t\t<div class=\"textwidget\"><h3 class=\"alignnone\"><a href=\"https:\/\/cdcc.usp.br\/wp-content\/uploads\/sites\/512\/2021\/01\/17-estudo-de-caso-ebook-2.pdf\" target=\"_blank\" rel=\"noopener\">Estudos de Caso no Ensino de Ci\u00eancias Naturais e na Educa\u00e7\u00e3o Ambiental<\/a><\/h3>\n<p>Salete Linhares Queiroz<br \/>\nFl\u00e1via Gabriele Sacchi<br \/>\n(Organizadoras)<\/p>\n<\/div>\n\t\t<\/div><\/div><\/div><div id=\"pg-5071-6\"  class=\"panel-grid panel-no-style\" ><div id=\"pgc-5071-6-0\"  class=\"panel-grid-cell\" ><div id=\"panel-5071-6-0-0\" class=\"so-panel widget widget_media_image panel-first-child panel-last-child\" data-index=\"11\" ><a href=\"https:\/\/sites.usp.br\/cdccenglish\/wp-content\/uploads\/sites\/1028\/2023\/03\/atlas-compactado.pdf\"><img loading=\"lazy\" decoding=\"async\" width=\"300\" height=\"216\" src=\"https:\/\/sites.usp.br\/cdccenglish\/wp-content\/uploads\/sites\/1028\/2020\/04\/atlas-300x216.png\" class=\"image wp-image-4647  attachment-medium size-medium\" alt=\"\" style=\"max-width: 100%; height: auto;\" srcset=\"https:\/\/sites.usp.br\/cdccenglish\/wp-content\/uploads\/sites\/1028\/2020\/04\/atlas-300x216.png 300w, https:\/\/sites.usp.br\/cdccenglish\/wp-content\/uploads\/sites\/1028\/2020\/04\/atlas-768x552.png 768w, https:\/\/sites.usp.br\/cdccenglish\/wp-content\/uploads\/sites\/1028\/2020\/04\/atlas-400x288.png 400w, https:\/\/sites.usp.br\/cdccenglish\/wp-content\/uploads\/sites\/1028\/2020\/04\/atlas.png 793w\" sizes=\"(max-width: 300px) 100vw, 300px\" \/><\/a><\/div><\/div><div id=\"pgc-5071-6-1\"  class=\"panel-grid-cell\" ><div id=\"panel-5071-6-1-0\" class=\"so-panel widget widget_text panel-first-child panel-last-child\" data-index=\"12\" >\t\t\t<div class=\"textwidget\"><h3 class=\"alignnone\"><a href=\"https:\/\/cdcc.usp.br\/wp-content\/uploads\/sites\/512\/2021\/01\/05-atlas-final.pdf\" target=\"_blank\" rel=\"noopener\">Atlas Hist\u00f3rico das Regi\u00f5es Hidrogr\u00e1ficas de S\u00e3o Carlos &#8211; SP<\/a><\/h3>\n<p class=\"autores\">Denise de Freitas<br \/>\nSilvia Aparecida Martins dos Santos<br \/>\n(Organizadoras)<\/p>\n<\/div>\n\t\t<\/div><\/div><\/div><div id=\"pg-5071-7\"  class=\"panel-grid panel-no-style\" ><div id=\"pgc-5071-7-0\"  class=\"panel-grid-cell\" ><div id=\"panel-5071-7-0-0\" class=\"so-panel widget widget_media_image panel-first-child panel-last-child\" data-index=\"13\" ><a href=\"https:\/\/sites.usp.br\/cdcc\/wp-content\/uploads\/sites\/512\/2019\/06\/2016-Memorias_do_CDCC.pdf\" rel=\"httpssitesuspbrcdccwp-contentuploadssites5122019062016-Memorias_do_CDCCpdf\" target=\"_blank\"><img loading=\"lazy\" decoding=\"async\" width=\"235\" height=\"300\" src=\"https:\/\/sites.usp.br\/cdccenglish\/wp-content\/uploads\/sites\/1028\/2019\/06\/2016-Memorias_do_CDCC-e1559746491773-235x300.png\" class=\"image wp-image-600  attachment-medium size-medium\" alt=\"\" style=\"max-width: 100%; height: auto;\" srcset=\"https:\/\/sites.usp.br\/cdccenglish\/wp-content\/uploads\/sites\/1028\/2019\/06\/2016-Memorias_do_CDCC-e1559746491773-235x300.png 235w, https:\/\/sites.usp.br\/cdccenglish\/wp-content\/uploads\/sites\/1028\/2019\/06\/2016-Memorias_do_CDCC-e1559746491773-400x512.png 400w, https:\/\/sites.usp.br\/cdccenglish\/wp-content\/uploads\/sites\/1028\/2019\/06\/2016-Memorias_do_CDCC-e1559746491773.png 674w\" sizes=\"(max-width: 235px) 100vw, 235px\" \/><\/a><\/div><\/div><div id=\"pgc-5071-7-1\"  class=\"panel-grid-cell\" ><div id=\"panel-5071-7-1-0\" class=\"so-panel widget widget_text panel-first-child panel-last-child\" data-index=\"14\" >\t\t\t<div class=\"textwidget\"><h3><a href=\"https:\/\/sites.usp.br\/cdcc\/wp-content\/uploads\/sites\/512\/2019\/06\/2016-Memorias_do_CDCC.pdf\" target=\"_blank\" rel=\"noopener\">Mem\u00f3rias do CDCC<\/a><\/h3>\n<p><strong>Centro de Divulga\u00e7\u00e3o Cient\u00edfica e Cultural da Universidade de S\u00e3o Paulo<\/strong><br \/>\n<strong>1980-2015<\/strong><\/p>\n<p class=\"autores\">Edna Ricardo de Oliveira Ferreira<br \/>\nS\u00edlvia Martins dos Santos<br \/>\n(Organizadoras)<\/p>\n<p>&nbsp;<\/p>\n<\/div>\n\t\t<\/div><\/div><\/div><div id=\"pg-5071-8\"  class=\"panel-grid panel-no-style\" ><div id=\"pgc-5071-8-0\"  class=\"panel-grid-cell\" ><div id=\"panel-5071-8-0-0\" class=\"so-panel widget widget_media_image panel-first-child panel-last-child\" data-index=\"15\" ><a href=\"https:\/\/sites.usp.br\/cdcc\/wp-content\/uploads\/sites\/512\/2019\/06\/2016-Estudos_de_Caso.pdf\"><img loading=\"lazy\" decoding=\"async\" width=\"225\" height=\"300\" src=\"https:\/\/sites.usp.br\/cdccenglish\/wp-content\/uploads\/sites\/1028\/2019\/06\/2016-Estudos_de_Caso-225x300.jpg\" class=\"image wp-image-603  attachment-medium size-medium\" alt=\"\" style=\"max-width: 100%; height: auto;\" srcset=\"https:\/\/sites.usp.br\/cdccenglish\/wp-content\/uploads\/sites\/1028\/2019\/06\/2016-Estudos_de_Caso-225x300.jpg 225w, https:\/\/sites.usp.br\/cdccenglish\/wp-content\/uploads\/sites\/1028\/2019\/06\/2016-Estudos_de_Caso.jpg 375w\" sizes=\"(max-width: 225px) 100vw, 225px\" \/><\/a><\/div><\/div><div id=\"pgc-5071-8-1\"  class=\"panel-grid-cell\" ><div id=\"panel-5071-8-1-0\" class=\"so-panel widget widget_text panel-first-child panel-last-child\" data-index=\"16\" >\t\t\t<div class=\"textwidget\"><h3><a href=\"https:\/\/sites.usp.br\/cdcc\/wp-content\/uploads\/sites\/512\/2019\/06\/2016-Estudos_de_Caso.pdf\" target=\"_blank\" rel=\"noopener\">Estudos de Caso no Ensino de Ci\u00eancias Naturais<\/a><\/h3>\n<p class=\"autores\">Salete Linhares Queiroz<br \/>\nPatr\u00edcia Fernanda de Oliveira<br \/>\n(Organizadoras)<\/p>\n<p>&nbsp;<\/p>\n<\/div>\n\t\t<\/div><\/div><\/div><div id=\"pg-5071-9\"  class=\"panel-grid panel-no-style\" ><div id=\"pgc-5071-9-0\"  class=\"panel-grid-cell\" ><div id=\"panel-5071-9-0-0\" class=\"so-panel widget widget_media_image panel-first-child panel-last-child\" data-index=\"17\" ><a href=\"https:\/\/sites.usp.br\/cdcc\/wp-content\/uploads\/sites\/512\/2019\/07\/Manual-bicho-quem-te-viu.pdf\"><img loading=\"lazy\" decoding=\"async\" width=\"212\" height=\"300\" src=\"https:\/\/sites.usp.br\/cdccenglish\/wp-content\/uploads\/sites\/1028\/2021\/07\/Capa-manual-Bicho-212x300.jpg\" class=\"image wp-image-6293  attachment-medium size-medium\" alt=\"\" style=\"max-width: 100%; height: auto;\" srcset=\"https:\/\/sites.usp.br\/cdccenglish\/wp-content\/uploads\/sites\/1028\/2021\/07\/Capa-manual-Bicho-212x300.jpg 212w, https:\/\/sites.usp.br\/cdccenglish\/wp-content\/uploads\/sites\/1028\/2021\/07\/Capa-manual-Bicho-724x1024.jpg 724w, https:\/\/sites.usp.br\/cdccenglish\/wp-content\/uploads\/sites\/1028\/2021\/07\/Capa-manual-Bicho-768x1087.jpg 768w, https:\/\/sites.usp.br\/cdccenglish\/wp-content\/uploads\/sites\/1028\/2021\/07\/Capa-manual-Bicho-1085x1536.jpg 1085w, https:\/\/sites.usp.br\/cdccenglish\/wp-content\/uploads\/sites\/1028\/2021\/07\/Capa-manual-Bicho-1447x2048.jpg 1447w, https:\/\/sites.usp.br\/cdccenglish\/wp-content\/uploads\/sites\/1028\/2021\/07\/Capa-manual-Bicho-400x566.jpg 400w, https:\/\/sites.usp.br\/cdccenglish\/wp-content\/uploads\/sites\/1028\/2021\/07\/Capa-manual-Bicho-scaled.jpg 1809w\" sizes=\"(max-width: 212px) 100vw, 212px\" \/><\/a><\/div><\/div><div id=\"pgc-5071-9-1\"  class=\"panel-grid-cell\" ><div id=\"panel-5071-9-1-0\" class=\"so-panel widget widget_text panel-first-child panel-last-child\" data-index=\"18\" >\t\t\t<div class=\"textwidget\"><h3 class=\"alignnone\"><a href=\"https:\/\/sites.usp.br\/cdcc\/wp-content\/uploads\/sites\/512\/2019\/07\/Manual-bicho-quem-te-viu.pdf\" target=\"_blank\" rel=\"noopener\">Bicho: Quem te viu, quem te v\u00ea! &#8211; Exposi\u00e7\u00e3o Itinerante<\/a><\/h3>\n<p>Instituto Florestal &#8211; Secretaria de Estado do Meio Ambiente<br \/>\nCentro de Divulga\u00e7\u00e3o Cient\u00edfica e Cultural &#8211; Pr\u00f3-reitoria de Cultura e Extens\u00e3o Universit\u00e1ria &#8211; Universidade de S\u00e3o Paulo<\/p>\n<\/div>\n\t\t<\/div><\/div><\/div><div id=\"pg-5071-10\"  class=\"panel-grid panel-no-style\" ><div id=\"pgc-5071-10-0\"  class=\"panel-grid-cell\" ><div id=\"panel-5071-10-0-0\" class=\"so-panel widget widget_media_image panel-first-child panel-last-child\" data-index=\"19\" ><a href=\"https:\/\/sites.usp.br\/cdcc\/wp-content\/uploads\/sites\/512\/2019\/06\/2016-Conserva%C3%A7%C3%A3oBiodiversidadeAnimaisTopoCadeia.pdf\"><img loading=\"lazy\" decoding=\"async\" width=\"212\" height=\"300\" src=\"https:\/\/sites.usp.br\/cdccenglish\/wp-content\/uploads\/sites\/1028\/2019\/06\/2016-Conserva\u00e7\u00e3oBiodiversidadeAnimaisTopoCadeia-212x300.png\" class=\"image wp-image-609  attachment-medium size-medium\" alt=\"\" style=\"max-width: 100%; height: auto;\" srcset=\"https:\/\/sites.usp.br\/cdccenglish\/wp-content\/uploads\/sites\/1028\/2019\/06\/2016-Conserva\u00e7\u00e3oBiodiversidadeAnimaisTopoCadeia-212x300.png 212w, https:\/\/sites.usp.br\/cdccenglish\/wp-content\/uploads\/sites\/1028\/2019\/06\/2016-Conserva\u00e7\u00e3oBiodiversidadeAnimaisTopoCadeia.png 226w\" sizes=\"(max-width: 212px) 100vw, 212px\" \/><\/a><\/div><\/div><div id=\"pgc-5071-10-1\"  class=\"panel-grid-cell\" ><div id=\"panel-5071-10-1-0\" class=\"so-panel widget widget_text panel-first-child panel-last-child\" data-index=\"20\" >\t\t\t<div class=\"textwidget\"><h3><a href=\"https:\/\/sites.usp.br\/cdcc\/wp-content\/uploads\/sites\/512\/2019\/06\/2016-Conserva%C3%A7%C3%A3oBiodiversidadeAnimaisTopoCadeia.pdf\">Educa\u00e7\u00e3o Ambiental para a Conserva\u00e7\u00e3o da Biodiversidade<\/a><\/h3>\n<p class=\"autores\"><b>Animais Topo de Cadeia<\/b><\/p>\n<p class=\"autores\">Hayd\u00e9e Torres de Oliveira et al.<br \/>\n(Organizadoras)<\/p>\n<p>&nbsp;<\/p>\n<\/div>\n\t\t<\/div><\/div><\/div><div id=\"pg-5071-11\"  class=\"panel-grid panel-no-style\" ><div id=\"pgc-5071-11-0\"  class=\"panel-grid-cell\" ><div id=\"panel-5071-11-0-0\" class=\"so-panel widget widget_media_image panel-first-child panel-last-child\" data-index=\"21\" ><a href=\"https:\/\/cdcc.usp.br\/cadernos-cescar-educacao-ambiental\/\"><img loading=\"lazy\" decoding=\"async\" width=\"576\" height=\"761\" src=\"https:\/\/sites.usp.br\/cdccenglish\/wp-content\/uploads\/sites\/1028\/2019\/06\/imagem41-e1560342064401.png\" class=\"image wp-image-658  attachment-full size-full\" alt=\"\" style=\"max-width: 100%; height: auto;\" srcset=\"https:\/\/sites.usp.br\/cdccenglish\/wp-content\/uploads\/sites\/1028\/2019\/06\/imagem41-e1560342064401.png 576w, https:\/\/sites.usp.br\/cdccenglish\/wp-content\/uploads\/sites\/1028\/2019\/06\/imagem41-e1560342064401-227x300.png 227w, https:\/\/sites.usp.br\/cdccenglish\/wp-content\/uploads\/sites\/1028\/2019\/06\/imagem41-e1560342064401-400x528.png 400w\" sizes=\"(max-width: 576px) 100vw, 576px\" \/><\/a><\/div><\/div><div id=\"pgc-5071-11-1\"  class=\"panel-grid-cell\" ><div id=\"panel-5071-11-1-0\" class=\"so-panel widget widget_text panel-first-child panel-last-child\" data-index=\"22\" >\t\t\t<div class=\"textwidget\"><h3><a href=\"https:\/\/cdcc.usp.br\/cadernos-cescar-educacao-ambiental\/\" target=\"_blank\" rel=\"noopener\">Cadernos Cescar<\/a><\/h3>\n<p><b>Educa\u00e7\u00e3o Ambiental<\/b><\/p>\n<p>Hayd\u00e9e Torres de Oliveira<br \/>\nSilvia Ap. Martins dos Santos<br \/>\nIsabel Georgina Patronis Dominguez<br \/>\nEdna Kunieda<br \/>\n(Organizadoras)<\/p>\n<\/div>\n\t\t<\/div><\/div><\/div><div id=\"pg-5071-12\"  class=\"panel-grid panel-no-style\" ><div id=\"pgc-5071-12-0\"  class=\"panel-grid-cell\" ><div id=\"panel-5071-12-0-0\" class=\"so-panel widget widget_media_image panel-first-child panel-last-child\" data-index=\"23\" ><a href=\"https:\/\/sites.usp.br\/cdcc\/wp-content\/uploads\/sites\/512\/2019\/06\/2010-ExploracoesCienciasEducacaoInfantil.pdf\"><img loading=\"lazy\" decoding=\"async\" width=\"200\" height=\"283\" src=\"https:\/\/sites.usp.br\/cdccenglish\/wp-content\/uploads\/sites\/1028\/2019\/06\/2010-ExploracoesCienciasEducacaoInfantil.jpg\" class=\"image wp-image-614  attachment-full size-full\" alt=\"\" style=\"max-width: 100%; height: auto;\" \/><\/a><\/div><\/div><div id=\"pgc-5071-12-1\"  class=\"panel-grid-cell\" ><div id=\"panel-5071-12-1-0\" class=\"so-panel widget widget_text panel-first-child panel-last-child\" data-index=\"24\" >\t\t\t<div class=\"textwidget\"><h3><a href=\"https:\/\/sites.usp.br\/cdcc\/wp-content\/uploads\/sites\/512\/2019\/06\/2010-ExploracoesCienciasEducacaoInfantil.pdf\" target=\"_blank\" rel=\"noopener\">Explora\u00e7\u00f5es em Ci\u00eancias na Educa\u00e7\u00e3o Infantil<\/a><\/h3>\n<p class=\"autores\">Dietrich Schiel<br \/>\nAngelina Sofia Orland<br \/>\nSandra Fagionato-Ruffino<br \/>\n(Organizadores)<\/p>\n<p>&nbsp;<\/p>\n<\/div>\n\t\t<\/div><\/div><\/div><div id=\"pg-5071-13\"  class=\"panel-grid panel-no-style\" ><div id=\"pgc-5071-13-0\"  class=\"panel-grid-cell\" ><div id=\"panel-5071-13-0-0\" class=\"so-panel widget widget_media_image panel-first-child panel-last-child\" data-index=\"25\" ><a href=\"https:\/\/sites.usp.br\/cdcc\/wp-content\/uploads\/sites\/512\/2019\/06\/2009-EnsinoCienciasInvestigacao.pdf\"><img loading=\"lazy\" decoding=\"async\" width=\"200\" height=\"269\" src=\"https:\/\/sites.usp.br\/cdccenglish\/wp-content\/uploads\/sites\/1028\/2019\/06\/2009-EnsinoCienciasInvestigacao.jpg\" class=\"image wp-image-615  attachment-full size-full\" alt=\"\" style=\"max-width: 100%; height: auto;\" \/><\/a><\/div><\/div><div id=\"pgc-5071-13-1\"  class=\"panel-grid-cell\" ><div id=\"panel-5071-13-1-0\" class=\"so-panel widget widget_text panel-first-child panel-last-child\" data-index=\"26\" >\t\t\t<div class=\"textwidget\"><h3><a href=\"https:\/\/sites.usp.br\/cdcc\/wp-content\/uploads\/sites\/512\/2019\/06\/2009-EnsinoCienciasInvestigacao.pdf\" target=\"_blank\" rel=\"noopener\">Ensino de Ci\u00eancias por Investiga\u00e7\u00e3o<\/a><\/h3>\n<p class=\"autores\">Dietrich Schiel<br \/>\nAngelina Sofia Orlandi<br \/>\n(Organizadores)<\/p>\n<\/div>\n\t\t<\/div><\/div><\/div><div id=\"pg-5071-14\"  class=\"panel-grid panel-no-style\" ><div id=\"pgc-5071-14-0\"  class=\"panel-grid-cell\" ><div id=\"panel-5071-14-0-0\" class=\"so-panel widget widget_media_image panel-first-child panel-last-child\" data-index=\"27\" ><a href=\"https:\/\/cdcc.usp.br\/wp-content\/uploads\/sites\/512\/2019\/06\/Bilingue.pdf\"><img loading=\"lazy\" decoding=\"async\" width=\"200\" height=\"288\" src=\"https:\/\/sites.usp.br\/cdccenglish\/wp-content\/uploads\/sites\/1028\/2019\/06\/capa.png\" class=\"image wp-image-616  attachment-full size-full\" alt=\"\" style=\"max-width: 100%; height: auto;\" \/><\/a><\/div><\/div><div id=\"pgc-5071-14-1\"  class=\"panel-grid-cell\" ><div id=\"panel-5071-14-1-0\" class=\"so-panel widget widget_text panel-first-child panel-last-child\" data-index=\"28\" >\t\t\t<div class=\"textwidget\"><h3><a href=\"https:\/\/cdcc.usp.br\/wp-content\/uploads\/sites\/512\/2019\/06\/Portugues.pdf\" target=\"_blank\" rel=\"noopener noreferrer\">O Estudo de Bacias Hidrogr\u00e1ficas<\/a><\/h3>\n<p><a href=\"https:\/\/cdcc.usp.br\/wp-content\/uploads\/sites\/512\/2019\/06\/Castelhano.pdf\" target=\"_blank\" rel=\"noopener noreferrer\">El Estudio de Cuencas Hidrogr\u00e1ficas<\/a><\/p>\n<p class=\"autores\">Dietrich Schiel<br \/>\nS\u00e9rgio Mascarenhas<br \/>\nNora Valeiras<br \/>\nS\u00edlvia A. M. dos Santos<br \/>\n(Organizadores\/Editores)<\/p>\n<\/div>\n\t\t<\/div><\/div><\/div><div id=\"pg-5071-15\"  class=\"panel-grid panel-no-style\" ><div id=\"pgc-5071-15-0\"  class=\"panel-grid-cell\" ><div id=\"panel-5071-15-0-0\" class=\"so-panel widget widget_media_image panel-first-child panel-last-child\" data-index=\"29\" ><a href=\"https:\/\/sites.usp.br\/cdcc\/wp-content\/uploads\/sites\/512\/2019\/06\/2000-OLivrodaExperimentoteca-tex.pdf\"><img loading=\"lazy\" decoding=\"async\" width=\"200\" height=\"277\" src=\"https:\/\/sites.usp.br\/cdccenglish\/wp-content\/uploads\/sites\/1028\/2019\/06\/2000-OLivrodaExperimentoteca-VolumeUm.png\" class=\"image wp-image-617  attachment-full size-full\" alt=\"\" style=\"max-width: 100%; height: auto;\" \/><\/a><\/div><\/div><div id=\"pgc-5071-15-1\"  class=\"panel-grid-cell\" ><div id=\"panel-5071-15-1-0\" class=\"so-panel widget widget_text panel-first-child panel-last-child\" data-index=\"30\" >\t\t\t<div class=\"textwidget\"><h3 class=\"alignnone\"><a href=\"https:\/\/sites.usp.br\/cdcc\/wp-content\/uploads\/sites\/512\/2019\/06\/2000-OLivrodaExperimentoteca-tex.pdf\" target=\"_blank\" rel=\"noopener\">O Livro da Experimentoteca<\/a><\/h3>\n<p class=\"autores\"><b>Educa\u00e7\u00e3o para as Ci\u00eancias da Natureza atrav\u00e9s de pr\u00e1ticas experimentais<\/b><\/p>\n<p class=\"autores\">Maria Guiomar Carneiro Tomazello<br \/>\nDietrich Schiel<br \/>\n(Organizadores)<\/p>\n<\/div>\n\t\t<\/div><\/div><\/div><\/div>","protected":false},"excerpt":{"rendered":"<p>Check out the publications produced by CDCC and partners. All are available for free download. To download the file, click on the image or on the title of the publication. Exposi\u00e7\u00e3o: &#8220;Bicho: quem te viu, quem te v\u00ea&#8221; Alisson Cleiton&hellip;<\/p>\n","protected":false},"author":955,"featured_media":0,"parent":0,"menu_order":0,"comment_status":"closed","ping_status":"closed","template":"","meta":{"_monsterinsights_skip_tracking":false,"_monsterinsights_sitenote_active":false,"_monsterinsights_sitenote_note":"","_monsterinsights_sitenote_category":0,"footnotes":"","_links_to":"","_links_to_target":""},"class_list":["post-5071","page","type-page","status-publish","hentry","post"],"_links":{"self":[{"href":"https:\/\/sites.usp.br\/cdccenglish\/wp-json\/wp\/v2\/pages\/5071","targetHints":{"allow":["GET"]}}],"collection":[{"href":"https:\/\/sites.usp.br\/cdccenglish\/wp-json\/wp\/v2\/pages"}],"about":[{"href":"https:\/\/sites.usp.br\/cdccenglish\/wp-json\/wp\/v2\/types\/page"}],"author":[{"embeddable":true,"href":"https:\/\/sites.usp.br\/cdccenglish\/wp-json\/wp\/v2\/users\/955"}],"replies":[{"embeddable":true,"href":"https:\/\/sites.usp.br\/cdccenglish\/wp-json\/wp\/v2\/comments?post=5071"}],"version-history":[{"count":4,"href":"https:\/\/sites.usp.br\/cdccenglish\/wp-json\/wp\/v2\/pages\/5071\/revisions"}],"predecessor-version":[{"id":6842,"href":"https:\/\/sites.usp.br\/cdccenglish\/wp-json\/wp\/v2\/pages\/5071\/revisions\/6842"}],"wp:attachment":[{"href":"https:\/\/sites.usp.br\/cdccenglish\/wp-json\/wp\/v2\/media?parent=5071"}],"curies":[{"name":"wp","href":"https:\/\/api.w.org\/{rel}","templated":true}]}}