{"id":571,"date":"2019-06-03T10:38:40","date_gmt":"2019-06-03T13:38:40","guid":{"rendered":"https:\/\/sites.usp.br\/cdcc\/?page_id=571"},"modified":"2022-04-13T17:46:47","modified_gmt":"2022-04-13T20:46:47","slug":"trabalhos-academicos","status":"publish","type":"page","link":"https:\/\/sites.usp.br\/cdccenglish\/trabalhos-academicos\/","title":{"rendered":"Researcher"},"content":{"rendered":"<p>The CDCC is an important place for developing research related to different areas. Examples of this type of research are:<\/p>\n<p><strong><a href=\"http:\/\/www.teses.usp.br\/teses\/disponiveis\/75\/75134\/tde-02022015-153941\/pt-br.php\" target=\"_blank\" rel=\"noopener noreferrer\">\u201cExperimenta\u00e7\u00e3o no ensino de qu\u00edmica: contribui\u00e7\u00f5es do projeto Experimentoteca para a pr\u00e1tica e para a forma\u00e7\u00e3o docente\u201d<\/a>.<\/strong><br \/>\n(Experiments in chemistry teaching contributions of the Experimentoteca: contributions of the Projeto Experimentoteca to teaching practice and teacher education)<\/p>\n<p><strong><a href=\"http:\/\/www.teses.usp.br\/teses\/disponiveis\/76\/76132\/tde-25042019-135935\/pt-br.php\" target=\"_blank\" rel=\"noopener noreferrer\">\u201cO uso de abordagens hist\u00f3rica-investigativa na reelabora\u00e7\u00e3o de roteiros da Experimentoteca do CDCC-USP\u201d.<\/a><\/strong><br \/>\n(The use of historical-investigative approach in redesigning guides of the Experimentoteca of CDCC-USP)<\/p>\n<p><strong><a href=\"http:\/\/www.teses.usp.br\/teses\/disponiveis\/76\/76131\/tde-13032009-100501\/pt-br.php\" target=\"_blank\" rel=\"noopener noreferrer\">\u201cEnsino de f\u00edsica solar em um espa\u00e7o n\u00e3o formal de educa\u00e7\u00e3o&#8221;.<\/a><\/strong><br \/>\n(Teaching solar physics in an informal educational space)<\/p>\n<p><a href=\"https:\/\/teses.usp.br\/teses\/disponiveis\/81\/81131\/tde-04122014-141004\/pt-br.php\"><strong>&#8220;Inova\u00e7\u00f5es curriculares em ensino de f\u00edsica moderna: investigando uma parceria entre professores e centro de ci\u00eancias&#8221;.<\/strong><\/a><br \/>\n(Curricular innovations in teaching modern physics: investigating a partnership between teachers and science center)<\/p>\n<p>If you are interested in developing your investigation at the CDCC, please contact us at\u00a0<a href=\"mailto:diretoria@cdcc.usp.br\" target=\"_blank\" rel=\"noopener\">diretoria@cdcc.usp.br<\/a><\/p>\n<p>Upon receiving your e-mail, we will contact you.<\/p>\n<p>&nbsp;<\/p>\n","protected":false},"excerpt":{"rendered":"<p>The CDCC is an important place for developing research related to different areas. Examples of this type of research are: \u201cExperimenta\u00e7\u00e3o no ensino de qu\u00edmica: contribui\u00e7\u00f5es do projeto Experimentoteca para a pr\u00e1tica e para a forma\u00e7\u00e3o docente\u201d. (Experiments in chemistry&hellip;<\/p>\n","protected":false},"author":955,"featured_media":0,"parent":0,"menu_order":0,"comment_status":"closed","ping_status":"closed","template":"","meta":{"_monsterinsights_skip_tracking":false,"_monsterinsights_sitenote_active":false,"_monsterinsights_sitenote_note":"","_monsterinsights_sitenote_category":0,"footnotes":"","_links_to":"","_links_to_target":""},"class_list":["post-571","page","type-page","status-publish","hentry","post"],"_links":{"self":[{"href":"https:\/\/sites.usp.br\/cdccenglish\/wp-json\/wp\/v2\/pages\/571","targetHints":{"allow":["GET"]}}],"collection":[{"href":"https:\/\/sites.usp.br\/cdccenglish\/wp-json\/wp\/v2\/pages"}],"about":[{"href":"https:\/\/sites.usp.br\/cdccenglish\/wp-json\/wp\/v2\/types\/page"}],"author":[{"embeddable":true,"href":"https:\/\/sites.usp.br\/cdccenglish\/wp-json\/wp\/v2\/users\/955"}],"replies":[{"embeddable":true,"href":"https:\/\/sites.usp.br\/cdccenglish\/wp-json\/wp\/v2\/comments?post=571"}],"version-history":[{"count":5,"href":"https:\/\/sites.usp.br\/cdccenglish\/wp-json\/wp\/v2\/pages\/571\/revisions"}],"predecessor-version":[{"id":6797,"href":"https:\/\/sites.usp.br\/cdccenglish\/wp-json\/wp\/v2\/pages\/571\/revisions\/6797"}],"wp:attachment":[{"href":"https:\/\/sites.usp.br\/cdccenglish\/wp-json\/wp\/v2\/media?parent=571"}],"curies":[{"name":"wp","href":"https:\/\/api.w.org\/{rel}","templated":true}]}}