{"id":6192,"date":"2021-06-18T10:10:50","date_gmt":"2021-06-18T13:10:50","guid":{"rendered":"http:\/\/sites.usp.br\/cdccenglish\/?page_id=6192"},"modified":"2021-06-18T10:15:24","modified_gmt":"2021-06-18T13:15:24","slug":"pacto-de-sangue","status":"publish","type":"page","link":"https:\/\/sites.usp.br\/cdccenglish\/pacto-de-sangue\/","title":{"rendered":"PACTO DE SANGUE"},"content":{"rendered":"<p><em><img fetchpriority=\"high\" decoding=\"async\" class=\" wp-image-6193 alignright\" src=\"http:\/\/sites.usp.br\/cdccenglish\/wp-content\/uploads\/sites\/512\/2021\/06\/pacto-de-sangue-2.jpg\" alt=\"\" width=\"367\" height=\"498\" srcset=\"https:\/\/sites.usp.br\/cdccenglish\/wp-content\/uploads\/sites\/1028\/2021\/06\/pacto-de-sangue-2.jpg 310w, https:\/\/sites.usp.br\/cdccenglish\/wp-content\/uploads\/sites\/1028\/2021\/06\/pacto-de-sangue-2-221x300.jpg 221w\" sizes=\"(max-width: 367px) 100vw, 367px\" \/><strong>Double Indemnity,<\/strong><\/em><strong> EUA, 1944, Drama, 107 minutos<\/strong><\/p>\n<p><strong>Dire\u00e7\u00e3o: Billy Wilder<\/strong><\/p>\n<p><strong>Elenco: Fred MacMurray, Barbara Stanwyck, Edward G. Robinson, Porter Hall e Jean Heather<\/strong><\/p>\n<p><strong>CLASSIFICA\u00c7\u00c3O INDICATIVA: 14 anos<\/strong><\/p>\n<p><strong>Cont\u00e9m: Viol\u00eancia<\/strong><\/p>\n<p><strong>Onde encontrar: tudohd<\/strong><\/p>\n<p>\u00cdcone do cinema Noir Americano, essa obra se apresenta como fiel representante deste movimento cinematogr\u00e1fico, em raz\u00e3o da inteligente composi\u00e7\u00e3o de seu roteiro e da magn\u00edfica dire\u00e7\u00e3o do conhecido diretor Billy Wilder. Produzido em 1944, possui grande influ\u00eancia indireta da Segunda Guerra Mundial, a qual deixou o p\u00fablico americano bem mais resistente a fantasias, proporcionando assim uma procura e uma movimenta\u00e7\u00e3o geral para obras que abordam mais a realidade de seu povo. Ent\u00e3o, em 1944, \u00e9 lan\u00e7ado este filme, ambientado em Los Angeles, tendo como protagonista um vendedor de seguros.<\/p>\n<p>Em princ\u00edpio, o filme se introduz com o relato de seu protagonista Walter Neff, relato este sendo o meio pelo qual toda hist\u00f3ria \u00e9 contada. Neff confessa de imediato ter assassinado um cliente para a obten\u00e7\u00e3o de uma boa quantia e para se relacionar com a esposa da v\u00edtima, a mulher fatal desta obra, a bela Phyllis Dietrichson. O filme inverte a ordem das coisas nesse sentido de apresentar de cara a pessoa que cometeu a atrocidade, e ainda por cima t\u00ea-la como protagonista, em raz\u00e3o de procurar dar enfoque principal para dois elementos que est\u00e3o intimamente interligados na obra: as motiva\u00e7\u00f5es que levaram ele a cometer tal atrocidade e os meios pelos quais ele conseguiu fazer a fa\u00e7anha e sair da situa\u00e7\u00e3o sem ser descoberto. Dessa maneira, a narra\u00e7\u00e3o da hist\u00f3ria come\u00e7a mostrando Ness indo visitar a casa de seu cliente e sendo recebido pela esposa deste, tendo em seguida, um di\u00e1logo bem delicado e recheado de sugest\u00f5es e entrelinhas, e aos poucos, a trama vai se encaminhando.<\/p>\n<p>Assim, o filme se desenvolve com esta peculiaridade de apresentar primeiramente a pessoa que cometeu o crime, mas o espectador em nada perde por isso, j\u00e1 que o restante dos fatos \u00e9 apresentado por Ness com a devida ordem cronol\u00f3gica, de maneira bastante clara e linear. Talvez, haja dificuldade de absor\u00e7\u00e3o da obra em alguns dos longos e perspicazes di\u00e1logos que ocorrem na obra, j\u00e1 que para sua compreens\u00e3o total do filme, \u00e9 necess\u00e1rio a plena compreens\u00e3o deles.<\/p>\n<p>Trata-se de uma obra que nos surpreende em muito com suas reviravoltas dram\u00e1ticas e suas sequ\u00eancias de cenas chocantes e apreensivas em alguns momentos. Dessa forma, o filme foi bastante reconhecido pela academia em seu lan\u00e7amento, sendo indicado ao Oscar de 1945 nas categorias de melhor filme, melhor diretor, melhor atriz, melhor som, melhor fotografia, melhor trilha sonora e melhor roteiro.<\/p>\n<p style=\"text-align: right;\"><em>Thiago Freire Nascimento<\/em><\/p>\n","protected":false},"excerpt":{"rendered":"<p>Double Indemnity, EUA, 1944, Drama, 107 minutos Dire\u00e7\u00e3o: Billy Wilder Elenco: Fred MacMurray, Barbara Stanwyck, Edward G. Robinson, Porter Hall e Jean Heather CLASSIFICA\u00c7\u00c3O INDICATIVA: 14 anos Cont\u00e9m: Viol\u00eancia Onde encontrar: tudohd \u00cdcone do cinema Noir Americano, essa obra se&hellip;<\/p>\n","protected":false},"author":955,"featured_media":0,"parent":0,"menu_order":0,"comment_status":"closed","ping_status":"closed","template":"","meta":{"_monsterinsights_skip_tracking":false,"_monsterinsights_sitenote_active":false,"_monsterinsights_sitenote_note":"","_monsterinsights_sitenote_category":0,"footnotes":"","_links_to":"","_links_to_target":""},"class_list":["post-6192","page","type-page","status-publish","hentry","post"],"_links":{"self":[{"href":"https:\/\/sites.usp.br\/cdccenglish\/wp-json\/wp\/v2\/pages\/6192","targetHints":{"allow":["GET"]}}],"collection":[{"href":"https:\/\/sites.usp.br\/cdccenglish\/wp-json\/wp\/v2\/pages"}],"about":[{"href":"https:\/\/sites.usp.br\/cdccenglish\/wp-json\/wp\/v2\/types\/page"}],"author":[{"embeddable":true,"href":"https:\/\/sites.usp.br\/cdccenglish\/wp-json\/wp\/v2\/users\/955"}],"replies":[{"embeddable":true,"href":"https:\/\/sites.usp.br\/cdccenglish\/wp-json\/wp\/v2\/comments?post=6192"}],"version-history":[{"count":4,"href":"https:\/\/sites.usp.br\/cdccenglish\/wp-json\/wp\/v2\/pages\/6192\/revisions"}],"predecessor-version":[{"id":6197,"href":"https:\/\/sites.usp.br\/cdccenglish\/wp-json\/wp\/v2\/pages\/6192\/revisions\/6197"}],"wp:attachment":[{"href":"https:\/\/sites.usp.br\/cdccenglish\/wp-json\/wp\/v2\/media?parent=6192"}],"curies":[{"name":"wp","href":"https:\/\/api.w.org\/{rel}","templated":true}]}}